{"id":24623,"date":"2026-03-18T06:07:49","date_gmt":"2026-03-18T04:07:49","guid":{"rendered":"https:\/\/colligatum.com\/?page_id=24623"},"modified":"2026-03-18T13:12:07","modified_gmt":"2026-03-18T11:12:07","slug":"pagrindinis-parduotuves-puslapis","status":"publish","type":"page","link":"https:\/\/colligatum.com\/en\/pagrindinis-parduotuves-puslapis\/","title":{"rendered":"Packages by country"},"content":{"rendered":"<div data-elementor-type=\"wp-page\" data-elementor-id=\"24623\" class=\"elementor elementor-24623\">\n\t\t\t\t<div class=\"elementor-element elementor-element-5a19692 e-flex e-con-boxed e-con e-parent\" data-id=\"5a19692\" data-element_type=\"container\" data-e-type=\"container\" data-settings=\"{&quot;background_background&quot;:&quot;classic&quot;}\">\n\t\t\t\t\t<div class=\"e-con-inner\">\n\t\t\t\t<div class=\"elementor-element elementor-element-dbbdccb elementor-widget elementor-widget-html\" data-id=\"dbbdccb\" data-element_type=\"widget\" data-e-type=\"widget\" data-widget_type=\"html.default\">\n\t\t\t\t<div class=\"elementor-widget-container\">\n\t\t\t\t\t<div class=\"colligatum-region-hero\">\r\n    <div class=\"colligatum-region-hero-inner\">\r\n        <h1 class=\"colligatum-region-title\">Collection by country<\/h1>\r\n\r\n        <p class=\"colligatum-region-text\">\r\n            Browse the world's collection of vintage cigarette packs by continent and discover unique regional designs.\r\n        <\/p>\r\n    <\/div>\r\n<\/div>\t\t\t\t<\/div>\n\t\t\t\t<\/div>\n\t\t\t\t\t<\/div>\n\t\t\t\t<\/div>\n\t\t<div class=\"elementor-element elementor-element-83f681e e-con-full e-flex e-con e-parent\" data-id=\"83f681e\" data-element_type=\"container\" data-e-type=\"container\" data-settings=\"{&quot;background_background&quot;:&quot;classic&quot;}\">\n\t\t<div class=\"elementor-element elementor-element-cb47a28 e-flex e-con-boxed e-con e-child\" data-id=\"cb47a28\" data-element_type=\"container\" data-e-type=\"container\" data-settings=\"{&quot;background_background&quot;:&quot;classic&quot;}\">\n\t\t\t\t\t<div class=\"e-con-inner\">\n\t\t\t\t<div class=\"elementor-element elementor-element-3820921 elementor-widget elementor-widget-shortcode\" data-id=\"3820921\" data-element_type=\"widget\" data-e-type=\"widget\" data-widget_type=\"shortcode.default\">\n\t\t\t\t<div class=\"elementor-widget-container\">\n\t\t\t\t\t\t\t<div class=\"elementor-shortcode\"><div class=\"woocommerce columns-3\"><ul class=\"products columns-3\">\n<li class=\"product-category product first\">\n\t<a aria-label=\"Visit product category AFRICA\" href=\"https:\/\/colligatum.com\/en\/product-category\/afrika\/\" data-no-translation-aria-label=\"\"><img fetchpriority=\"high\" decoding=\"async\" src=\"https:\/\/colligatum.com\/wp-content\/uploads\/2026\/03\/afrika2-300x300.png\" alt=\"AFRICA\" width=\"300\" height=\"300\" srcset=\"https:\/\/colligatum.com\/wp-content\/uploads\/2026\/03\/afrika2-300x300.png 300w, https:\/\/colligatum.com\/wp-content\/uploads\/2026\/03\/afrika2-150x150.png 150w, https:\/\/colligatum.com\/wp-content\/uploads\/2026\/03\/afrika2-100x100.png 100w\" sizes=\"(max-width: 300px) 100vw, 300px\" \/>\t\t<h2 class=\"woocommerce-loop-category__title\">\n\t\t\tAFRICA<mark class=\"count\">237 Products<\/mark>\t\t<\/h2>\n\t\t<\/a><\/li>\n<li class=\"product-category product\">\n\t<a aria-label=\"Visit product category ASIA\" href=\"https:\/\/colligatum.com\/en\/product-category\/azija\/\" data-no-translation-aria-label=\"\"><img decoding=\"async\" src=\"https:\/\/colligatum.com\/wp-content\/uploads\/2026\/03\/Azija-300x300.png\" alt=\"ASIA\" width=\"300\" height=\"300\" srcset=\"https:\/\/colligatum.com\/wp-content\/uploads\/2026\/03\/Azija-300x300.png 300w, https:\/\/colligatum.com\/wp-content\/uploads\/2026\/03\/Azija-150x150.png 150w, https:\/\/colligatum.com\/wp-content\/uploads\/2026\/03\/Azija-100x100.png 100w\" sizes=\"(max-width: 300px) 100vw, 300px\" \/>\t\t<h2 class=\"woocommerce-loop-category__title\">\n\t\t\tASIA<mark class=\"count\">998 Products<\/mark>\t\t<\/h2>\n\t\t<\/a><\/li>\n<li class=\"product-category product last\">\n\t<a aria-label=\"Visit product category EUROPE\" href=\"https:\/\/colligatum.com\/en\/product-category\/europa\/\" data-no-translation-aria-label=\"\"><img decoding=\"async\" src=\"https:\/\/colligatum.com\/wp-content\/uploads\/2026\/03\/Europa-2-300x300.png\" alt=\"EUROPE\" width=\"300\" height=\"300\" srcset=\"https:\/\/colligatum.com\/wp-content\/uploads\/2026\/03\/Europa-2-300x300.png 300w, https:\/\/colligatum.com\/wp-content\/uploads\/2026\/03\/Europa-2-150x150.png 150w, https:\/\/colligatum.com\/wp-content\/uploads\/2026\/03\/Europa-2-100x100.png 100w\" sizes=\"(max-width: 300px) 100vw, 300px\" \/>\t\t<h2 class=\"woocommerce-loop-category__title\">\n\t\t\tEUROPE<mark class=\"count\">2,898 Products<\/mark>\t\t<\/h2>\n\t\t<\/a><\/li>\n<li class=\"product-category product first\">\n\t<a aria-label=\"Visit product category NORTH AMERICA\" href=\"https:\/\/colligatum.com\/en\/product-category\/siaures-amerika\/\" data-no-translation-aria-label=\"\"><img loading=\"lazy\" decoding=\"async\" src=\"https:\/\/colligatum.com\/wp-content\/uploads\/2026\/03\/Siaures-Amerika-300x300.png\" alt=\"NORTH AMERICA\" width=\"300\" height=\"300\" srcset=\"https:\/\/colligatum.com\/wp-content\/uploads\/2026\/03\/Siaures-Amerika-300x300.png 300w, https:\/\/colligatum.com\/wp-content\/uploads\/2026\/03\/Siaures-Amerika-150x150.png 150w, https:\/\/colligatum.com\/wp-content\/uploads\/2026\/03\/Siaures-Amerika-100x100.png 100w\" sizes=\"(max-width: 300px) 100vw, 300px\" \/>\t\t<h2 class=\"woocommerce-loop-category__title\">\n\t\t\tNORTH AMERICA<mark class=\"count\">385 Products<\/mark>\t\t<\/h2>\n\t\t<\/a><\/li>\n<li class=\"product-category product\">\n\t<a aria-label=\"Visit product category OCEANIA\" href=\"https:\/\/colligatum.com\/en\/product-category\/kontinentas-australia\/\" data-no-translation-aria-label=\"\"><img loading=\"lazy\" decoding=\"async\" src=\"https:\/\/colligatum.com\/wp-content\/uploads\/2026\/03\/ociania-300x300.png\" alt=\"OCEANIA\" width=\"300\" height=\"300\" srcset=\"https:\/\/colligatum.com\/wp-content\/uploads\/2026\/03\/ociania-300x300.png 300w, https:\/\/colligatum.com\/wp-content\/uploads\/2026\/03\/ociania-150x150.png 150w, https:\/\/colligatum.com\/wp-content\/uploads\/2026\/03\/ociania-100x100.png 100w\" sizes=\"(max-width: 300px) 100vw, 300px\" \/>\t\t<h2 class=\"woocommerce-loop-category__title\">\n\t\t\tOCEANIA<mark class=\"count\">15 Products<\/mark>\t\t<\/h2>\n\t\t<\/a><\/li>\n<li class=\"product-category product last\">\n\t<a aria-label=\"Visit product category SOUTH AMERICA\" href=\"https:\/\/colligatum.com\/en\/product-category\/pietu-amerika\/\" data-no-translation-aria-label=\"\"><img loading=\"lazy\" decoding=\"async\" src=\"https:\/\/colligatum.com\/wp-content\/uploads\/2026\/03\/Pietu-amerika-300x300.png\" alt=\"SOUTH AMERICA\" width=\"300\" height=\"300\" srcset=\"https:\/\/colligatum.com\/wp-content\/uploads\/2026\/03\/Pietu-amerika-300x300.png 300w, https:\/\/colligatum.com\/wp-content\/uploads\/2026\/03\/Pietu-amerika-150x150.png 150w, https:\/\/colligatum.com\/wp-content\/uploads\/2026\/03\/Pietu-amerika-100x100.png 100w\" sizes=\"(max-width: 300px) 100vw, 300px\" \/>\t\t<h2 class=\"woocommerce-loop-category__title\">\n\t\t\tSOUTH AMERICA<mark class=\"count\">375 Products<\/mark>\t\t<\/h2>\n\t\t<\/a><\/li>\n<\/ul>\n<\/div><\/div>\n\t\t\t\t\t\t<\/div>\n\t\t\t\t<\/div>\n\t\t\t\t\t<\/div>\n\t\t\t\t<\/div>\n\t\t\t\t<\/div>\n\t\t\t\t<\/div>","protected":false},"excerpt":{"rendered":"<p>Kolekcija pagal \u0161alis Nar\u0161ykite pasaulio vinta\u017eini\u0173 cigare\u010di\u0173 pakeli\u0173 kolekcij\u0105 pagal \u017eemynus ir atraskite unikalius regioninius dizainus.<\/p>","protected":false},"author":1,"featured_media":0,"parent":0,"menu_order":0,"comment_status":"closed","ping_status":"closed","template":"","meta":{"_surecart_dashboard_logo_width":"180px","_surecart_dashboard_show_logo":true,"_surecart_dashboard_navigation_orders":true,"_surecart_dashboard_navigation_invoices":true,"_surecart_dashboard_navigation_subscriptions":true,"_surecart_dashboard_navigation_downloads":true,"_surecart_dashboard_navigation_billing":true,"_surecart_dashboard_navigation_account":true,"site-sidebar-layout":"no-sidebar","site-content-layout":"page-builder","ast-site-content-layout":"full-width-container","site-content-style":"default","site-sidebar-style":"default","ast-global-header-display":"","ast-banner-title-visibility":"disabled","ast-main-header-display":"","ast-hfb-above-header-display":"","ast-hfb-below-header-display":"","ast-hfb-mobile-header-display":"","site-post-title":"","ast-breadcrumbs-content":"","ast-featured-img":"disabled","footer-sml-layout":"disabled","ast-disable-related-posts":"","theme-transparent-header-meta":"","adv-header-id-meta":"","stick-header-meta":"","header-above-stick-meta":"","header-main-stick-meta":"","header-below-stick-meta":"","astra-migrate-meta-layouts":"set","ast-page-background-enabled":"default","ast-page-background-meta":{"desktop":{"background-color":"","background-image":"","background-repeat":"repeat","background-position":"center center","background-size":"auto","background-attachment":"scroll","background-type":"","background-media":"","overlay-type":"","overlay-color":"","overlay-opacity":"","overlay-gradient":""},"tablet":{"background-color":"","background-image":"","background-repeat":"repeat","background-position":"center center","background-size":"auto","background-attachment":"scroll","background-type":"","background-media":"","overlay-type":"","overlay-color":"","overlay-opacity":"","overlay-gradient":""},"mobile":{"background-color":"","background-image":"","background-repeat":"repeat","background-position":"center center","background-size":"auto","background-attachment":"scroll","background-type":"","background-media":"","overlay-type":"","overlay-color":"","overlay-opacity":"","overlay-gradient":""}},"ast-content-background-meta":{"desktop":{"background-color":"var(--ast-global-color-5)","background-image":"","background-repeat":"repeat","background-position":"center center","background-size":"auto","background-attachment":"scroll","background-type":"","background-media":"","overlay-type":"","overlay-color":"","overlay-opacity":"","overlay-gradient":""},"tablet":{"background-color":"var(--ast-global-color-5)","background-image":"","background-repeat":"repeat","background-position":"center center","background-size":"auto","background-attachment":"scroll","background-type":"","background-media":"","overlay-type":"","overlay-color":"","overlay-opacity":"","overlay-gradient":""},"mobile":{"background-color":"var(--ast-global-color-5)","background-image":"","background-repeat":"repeat","background-position":"center center","background-size":"auto","background-attachment":"scroll","background-type":"","background-media":"","overlay-type":"","overlay-color":"","overlay-opacity":"","overlay-gradient":""}},"footnotes":""},"class_list":["post-24623","page","type-page","status-publish","hentry"],"_links":{"self":[{"href":"https:\/\/colligatum.com\/en\/wp-json\/wp\/v2\/pages\/24623","targetHints":{"allow":["GET"]}}],"collection":[{"href":"https:\/\/colligatum.com\/en\/wp-json\/wp\/v2\/pages"}],"about":[{"href":"https:\/\/colligatum.com\/en\/wp-json\/wp\/v2\/types\/page"}],"author":[{"embeddable":true,"href":"https:\/\/colligatum.com\/en\/wp-json\/wp\/v2\/users\/1"}],"replies":[{"embeddable":true,"href":"https:\/\/colligatum.com\/en\/wp-json\/wp\/v2\/comments?post=24623"}],"version-history":[{"count":30,"href":"https:\/\/colligatum.com\/en\/wp-json\/wp\/v2\/pages\/24623\/revisions"}],"predecessor-version":[{"id":24678,"href":"https:\/\/colligatum.com\/en\/wp-json\/wp\/v2\/pages\/24623\/revisions\/24678"}],"wp:attachment":[{"href":"https:\/\/colligatum.com\/en\/wp-json\/wp\/v2\/media?parent=24623"}],"curies":[{"name":"wp","href":"https:\/\/api.w.org\/{rel}","templated":true}]}}