{"id":26182,"date":"2026-04-07T04:48:05","date_gmt":"2026-04-07T02:48:05","guid":{"rendered":"https:\/\/colligatum.com\/?page_id=26182"},"modified":"2026-04-07T06:35:05","modified_gmt":"2026-04-07T04:35:05","slug":"sets","status":"publish","type":"page","link":"https:\/\/colligatum.com\/en\/sets\/","title":{"rendered":"Sets"},"content":{"rendered":"<div data-elementor-type=\"wp-page\" data-elementor-id=\"26182\" class=\"elementor elementor-26182\">\n\t\t\t\t<div class=\"elementor-element elementor-element-dc84726 e-flex e-con-boxed e-con e-parent\" data-id=\"dc84726\" data-element_type=\"container\" data-e-type=\"container\">\n\t\t\t\t\t<div class=\"e-con-inner\">\n\t\t<div class=\"elementor-element elementor-element-e46859e e-con-full e-flex e-con e-child\" data-id=\"e46859e\" data-element_type=\"container\" data-e-type=\"container\">\n\t\t\t\t<div class=\"elementor-element elementor-element-c271a3b elementor-widget elementor-widget-eael-woo-product-list\" data-id=\"c271a3b\" data-element_type=\"widget\" data-e-type=\"widget\" data-widget_type=\"eael-woo-product-list.default\">\n\t\t\t\t<div class=\"elementor-widget-container\">\n\t\t\t\t\t\n        <div class=\"eael-product-list-wrapper preset-3\">\n            <div class=\"eael-product-list-body woocommerce\">\n                <div class=\"eael-product-list-container\">\n                    <div class=\"eael-post-appender\">\n                        <div class=\"product post-26198 type-product status-publish has-post-thumbnail product_cat-lithuania product_cat-sets desktop-align-left tablet-align-left mobile-align-left first instock sale shipping-taxable purchasable product-type-woosb add-to-wishlist-before_image\">\n    <div class=\"eael-product-list-item\">\n        \n        <div class=\"eael-product-list-image-wrap\">\n                                                <div class=\"eael-product-list-badge-wrap badge-preset-1 badge-alignment-left is-on-sale\">\n                        <div class=\"eael-product-list-badge-bg\">\n                            <svg xmlns=\"http:\/\/www.w3.org\/2000\/svg\" width=\"100\" height=\"100\" viewbox=\"0 0 100 100\" fill=\"none\">\n                                <path d=\"M50 0L59.861 13.1982L75 6.69873L76.9408 23.0592L93.3013 25L86.8018 40.139L100 50L86.8018 59.861L93.3013 75L76.9408 76.9408L75 93.3013L59.861 86.8018L50 100L40.139 86.8018L25 93.3013L23.0592 76.9408L6.69873 75L13.1982 59.861L0 50L13.1982 40.139L6.69873 25L23.0592 23.0592L25 6.69873L40.139 13.1982L50 0Z\" fill=\"#DBEC73\"\/>\n                                <\/svg>\n                        <\/div>\n                        <p><strong>Sale<\/strong><\/p>\n                    <\/div>\n                                            \n                                            \n            <a href=\"https:\/\/colligatum.com\/en\/product\/marlboro-lights-adventure\/\" class=\"woocommerce-LoopProduct-link woocommerce-loop-product__link\" >\n            \n                <img fetchpriority=\"high\" decoding=\"async\" width=\"300\" height=\"200\" src=\"https:\/\/colligatum.com\/wp-content\/uploads\/2026\/04\/bundle_compressed-300x200.jpg\" class=\"attachment-medium size-medium\" alt=\"Marlboro Lights Adventure\" loading=\"eager\" \/>            \n                               \n            <\/a>\n            \n                    <\/div>\n\n        <div class=\"eael-product-list-content-wrap\">\n                        <h2 class=\"eael-product-list-title\">\n                                <a href=\"https:\/\/colligatum.com\/en\/product\/marlboro-lights-adventure\/\" class=\"woocommerce-LoopProduct-link woocommerce-loop-product__link\" target=\"_blank\">\n                    Marlboro Lights Adventure                <\/a>\n                            <\/h2>\n                    \n            <div class=\"eael-product-list-content-header\" >\n                            <\/div>\n            <div class=\"eael-product-list-content-body\">\n                \n                                <div class=\"eael-product-list-excerpt\">\n                    Rinkin\u012f sudaro: 5 pakeliaiGamybos \u0161alis: LietuvaGamybos laikotarpis: Apytiksliai 2005\u20132015 m.Pakeli\u0173 tipas: Kietas pakelis                 <\/div>\n                \n                                <h3 class=\"eael-product-list-price\">\n                    <del aria-hidden=\"true\"><span class=\"woocommerce-Price-amount amount\">125,00&nbsp;<span class=\"woocommerce-Price-currencySymbol\">\u20ac<\/span><\/span><\/del> <span class=\"screen-reader-text\" data-no-translation=\"\" data-trp-gettext=\"\">Original price was: 125,00&nbsp;&euro;.<\/span><ins aria-hidden=\"true\"><span class=\"woocommerce-Price-amount amount\">75,00&nbsp;<span class=\"woocommerce-Price-currencySymbol\">\u20ac<\/span><\/span><\/ins><span class=\"screen-reader-text\" data-no-translation=\"\" data-trp-gettext=\"\">Current price is: 75,00&nbsp;&euro;.<\/span>                <\/h3>\n                            <\/div>\n            <div class=\"eael-product-list-content-footer\">\n                                <div class=\"eael-product-list-buttons\">\n                                        <p class=\"eael-product-list-add-to-cart-button eael-m-0\"><a href=\"\/en\/wp-json\/wp\/v2\/pages\/26182?add-to-cart=26198\" aria-describedby=\"woocommerce_loop_add_to_cart_link_describedby_26198\" data-quantity=\"1\" class=\"button product_type_woosb add_to_cart_button ajax_add_to_cart\" data-product_id=\"26198\" data-product_sku=\"00001\" aria-label=\"Read more about \u201cMarlboro Lights Adventure\u201d\" rel=\"nofollow\" role=\"button\" data-no-translation-aria-label=\"\">Add to Inquiry<\/a>\t<span id=\"woocommerce_loop_add_to_cart_link_describedby_26198\" class=\"screen-reader-text\">\n\t\t\t<\/span>\n<\/p>\n                    \n                    \n                    <div class=\"eael-product-list-notice eael-product-list-notice-shiping-free\">\n                         \n                        <p>\n                            <i class=\"fas fa-box\"><\/i>\n                            Lithuania                        <\/p>\n                                            <\/div>\n                <\/div>\n                            <\/div>\n        <\/div>\n    <\/div>\n<\/div>                    <\/div>\n\n                    \n                <\/div>\n            <\/div>\n        <\/div>\n\n\t\t\t\t\t\t<\/div>\n\t\t\t\t<\/div>\n\t\t\t\t<\/div>\n\t\t\t\t\t<\/div>\n\t\t\t\t<\/div>\n\t\t\t\t<\/div>","protected":false},"excerpt":{"rendered":"<p>Sale Marlboro Lights Adventure Rinkin\u012f sudaro: 5 pakeliaiGamybos \u0161alis: LietuvaGamybos laikotarpis: Apytiksliai 2005\u20132015 m.Pakeli\u0173 tipas: Kietas pakelis 125,00&nbsp;&euro; Original price was: 125,00&nbsp;&euro;.75,00&nbsp;&euro;Current price is: 75,00&nbsp;&euro;. Prid\u0117ti \u012f u\u017eklaus\u0105 Lithuania<\/p>","protected":false},"author":1,"featured_media":0,"parent":0,"menu_order":0,"comment_status":"closed","ping_status":"closed","template":"","meta":{"_surecart_dashboard_logo_width":"180px","_surecart_dashboard_show_logo":true,"_surecart_dashboard_navigation_orders":true,"_surecart_dashboard_navigation_invoices":true,"_surecart_dashboard_navigation_subscriptions":true,"_surecart_dashboard_navigation_downloads":true,"_surecart_dashboard_navigation_billing":true,"_surecart_dashboard_navigation_account":true,"site-sidebar-layout":"no-sidebar","site-content-layout":"page-builder","ast-site-content-layout":"full-width-container","site-content-style":"default","site-sidebar-style":"default","ast-global-header-display":"","ast-banner-title-visibility":"","ast-main-header-display":"","ast-hfb-above-header-display":"","ast-hfb-below-header-display":"","ast-hfb-mobile-header-display":"","site-post-title":"","ast-breadcrumbs-content":"","ast-featured-img":"disabled","footer-sml-layout":"","theme-transparent-header-meta":"","adv-header-id-meta":"","stick-header-meta":"","header-above-stick-meta":"","header-main-stick-meta":"","header-below-stick-meta":"","astra-migrate-meta-layouts":"set","ast-page-background-enabled":"default","ast-page-background-meta":{"desktop":{"background-color":"","background-image":"","background-repeat":"repeat","background-position":"center center","background-size":"auto","background-attachment":"scroll","background-type":"","background-media":"","overlay-type":"","overlay-color":"","overlay-opacity":"","overlay-gradient":""},"tablet":{"background-color":"","background-image":"","background-repeat":"repeat","background-position":"center center","background-size":"auto","background-attachment":"scroll","background-type":"","background-media":"","overlay-type":"","overlay-color":"","overlay-opacity":"","overlay-gradient":""},"mobile":{"background-color":"","background-image":"","background-repeat":"repeat","background-position":"center center","background-size":"auto","background-attachment":"scroll","background-type":"","background-media":"","overlay-type":"","overlay-color":"","overlay-opacity":"","overlay-gradient":""}},"ast-content-background-meta":{"desktop":{"background-color":"var(--ast-global-color-5)","background-image":"","background-repeat":"repeat","background-position":"center center","background-size":"auto","background-attachment":"scroll","background-type":"","background-media":"","overlay-type":"","overlay-color":"","overlay-opacity":"","overlay-gradient":""},"tablet":{"background-color":"var(--ast-global-color-5)","background-image":"","background-repeat":"repeat","background-position":"center center","background-size":"auto","background-attachment":"scroll","background-type":"","background-media":"","overlay-type":"","overlay-color":"","overlay-opacity":"","overlay-gradient":""},"mobile":{"background-color":"var(--ast-global-color-5)","background-image":"","background-repeat":"repeat","background-position":"center center","background-size":"auto","background-attachment":"scroll","background-type":"","background-media":"","overlay-type":"","overlay-color":"","overlay-opacity":"","overlay-gradient":""}},"footnotes":""},"class_list":["post-26182","page","type-page","status-publish","hentry","desktop-align-left","tablet-align-left","mobile-align-left"],"_links":{"self":[{"href":"https:\/\/colligatum.com\/en\/wp-json\/wp\/v2\/pages\/26182","targetHints":{"allow":["GET"]}}],"collection":[{"href":"https:\/\/colligatum.com\/en\/wp-json\/wp\/v2\/pages"}],"about":[{"href":"https:\/\/colligatum.com\/en\/wp-json\/wp\/v2\/types\/page"}],"author":[{"embeddable":true,"href":"https:\/\/colligatum.com\/en\/wp-json\/wp\/v2\/users\/1"}],"replies":[{"embeddable":true,"href":"https:\/\/colligatum.com\/en\/wp-json\/wp\/v2\/comments?post=26182"}],"version-history":[{"count":16,"href":"https:\/\/colligatum.com\/en\/wp-json\/wp\/v2\/pages\/26182\/revisions"}],"predecessor-version":[{"id":26210,"href":"https:\/\/colligatum.com\/en\/wp-json\/wp\/v2\/pages\/26182\/revisions\/26210"}],"wp:attachment":[{"href":"https:\/\/colligatum.com\/en\/wp-json\/wp\/v2\/media?parent=26182"}],"curies":[{"name":"wp","href":"https:\/\/api.w.org\/{rel}","templated":true}]}}