{"id":10064,"date":"2025-05-31T11:08:36","date_gmt":"2025-05-31T09:08:36","guid":{"rendered":"https:\/\/colligatum.com\/?post_type=product&#038;p=10064"},"modified":"2026-03-20T09:49:00","modified_gmt":"2026-03-20T07:49:00","slug":"polo-king-size","status":"publish","type":"product","link":"https:\/\/colligatum.com\/en\/product\/polo-king-size\/","title":{"rendered":"Polo King Size"},"content":{"rendered":"<h3 data-start=\"246\" data-end=\"259\">Description<\/h3>\n<p data-start=\"261\" data-end=\"408\">This <strong data-start=\"265\" data-end=\"283\">Polo King Size<\/strong> cigare\u010di\u0173 pakelis, kuris i\u0161siskiria raudonai balta spalv\u0173 schema su diagonalia dizaino linija. Pakuot\u0117s priekyje nurodyta:<\/p>\n<ul data-start=\"409\" data-end=\"550\">\n<li data-start=\"409\" data-end=\"486\">\n<p data-start=\"411\" data-end=\"486\"><strong data-start=\"411\" data-end=\"449\">20 papieros\u00f3w z filtrem acetatowym<\/strong> \u2013 20 cigare\u010di\u0173 su acetatiniu filtru.<\/p>\n<\/li>\n<li data-start=\"487\" data-end=\"550\">\n<p data-start=\"489\" data-end=\"550\">Auksinis herbas su li\u016btu suteikia pakeliui klasikini\u0173 bruo\u017e\u0173.<\/p>\n<\/li>\n<\/ul>\n<p data-start=\"552\" data-end=\"846\">U\u017era\u0161ai ant \u0161on\u0173 nurodo gamintoj\u0105 i\u0161 Lenkijos. I\u0161 dizaino ir \u012fsp\u0117jim\u0173 nebuvimo galima spr\u0119sti, kad pakelis buvo gamintas iki \u012fsigaliojant ES direktyvoms d\u0117l sveikatos persp\u0117jim\u0173 (prie\u0161 2003\u20132004 m.). Vizualiai pakelis primena pigesn\u0117s klas\u0117s gaminius, kurie buvo platinami Ryt\u0173 Europos rinkoje.<\/p>","protected":false},"excerpt":{"rendered":"<p><strong data-start=\"31\" data-end=\"65\">Brand and name:<\/strong> Polo King Size<br data-start=\"80\" data-end=\"83\" \/><strong data-start=\"83\" data-end=\"93\">Size:<\/strong> King Size<br data-start=\"103\" data-end=\"106\" \/><strong data-start=\"106\" data-end=\"123\">Country of origin:<\/strong> Poland<br data-start=\"131\" data-end=\"134\" \/><strong data-start=\"134\" data-end=\"158\">Production period:<\/strong> End of the 20th century \u2013 beginning of the 21st century<br data-start=\"189\" data-end=\"192\" \/><strong data-start=\"192\" data-end=\"210\">Package type:<\/strong> Soft pack<\/p>","protected":false},"featured_media":9896,"template":"","meta":{"_surecart_dashboard_logo_width":"180px","_surecart_dashboard_show_logo":true,"_surecart_dashboard_navigation_orders":true,"_surecart_dashboard_navigation_invoices":true,"_surecart_dashboard_navigation_subscriptions":true,"_surecart_dashboard_navigation_downloads":true,"_surecart_dashboard_navigation_billing":true,"_surecart_dashboard_navigation_account":true,"site-sidebar-layout":"default","site-content-layout":"","ast-site-content-layout":"default","site-content-style":"default","site-sidebar-style":"default","ast-global-header-display":"","ast-banner-title-visibility":"","ast-main-header-display":"","ast-hfb-above-header-display":"","ast-hfb-below-header-display":"","ast-hfb-mobile-header-display":"","site-post-title":"","ast-breadcrumbs-content":"","ast-featured-img":"","footer-sml-layout":"","theme-transparent-header-meta":"default","adv-header-id-meta":"","stick-header-meta":"","header-above-stick-meta":"","header-main-stick-meta":"","header-below-stick-meta":"","astra-migrate-meta-layouts":"set","ast-page-background-enabled":"default","ast-page-background-meta":{"desktop":{"background-color":"","background-image":"","background-repeat":"repeat","background-position":"center center","background-size":"auto","background-attachment":"scroll","background-type":"","background-media":"","overlay-type":"","overlay-color":"","overlay-opacity":"","overlay-gradient":""},"tablet":{"background-color":"","background-image":"","background-repeat":"repeat","background-position":"center center","background-size":"auto","background-attachment":"scroll","background-type":"","background-media":"","overlay-type":"","overlay-color":"","overlay-opacity":"","overlay-gradient":""},"mobile":{"background-color":"","background-image":"","background-repeat":"repeat","background-position":"center center","background-size":"auto","background-attachment":"scroll","background-type":"","background-media":"","overlay-type":"","overlay-color":"","overlay-opacity":"","overlay-gradient":""}},"ast-content-background-meta":{"desktop":{"background-color":"var(--ast-global-color-5)","background-image":"","background-repeat":"repeat","background-position":"center center","background-size":"auto","background-attachment":"scroll","background-type":"","background-media":"","overlay-type":"","overlay-color":"","overlay-opacity":"","overlay-gradient":""},"tablet":{"background-color":"var(--ast-global-color-5)","background-image":"","background-repeat":"repeat","background-position":"center center","background-size":"auto","background-attachment":"scroll","background-type":"","background-media":"","overlay-type":"","overlay-color":"","overlay-opacity":"","overlay-gradient":""},"mobile":{"background-color":"var(--ast-global-color-5)","background-image":"","background-repeat":"repeat","background-position":"center center","background-size":"auto","background-attachment":"scroll","background-type":"","background-media":"","overlay-type":"","overlay-color":"","overlay-opacity":"","overlay-gradient":""}}},"product_brand":[],"product_cat":[182],"product_tag":[],"class_list":{"0":"post-10064","1":"product","2":"type-product","3":"status-publish","4":"has-post-thumbnail","6":"product_cat-poland","7":"desktop-align-left","8":"tablet-align-left","9":"mobile-align-left","11":"first","12":"outofstock","13":"sale","14":"shipping-taxable","15":"purchasable","16":"product-type-simple","17":"add-to-wishlist-before_image"},"_links":{"self":[{"href":"https:\/\/colligatum.com\/en\/wp-json\/wp\/v2\/product\/10064","targetHints":{"allow":["GET"]}}],"collection":[{"href":"https:\/\/colligatum.com\/en\/wp-json\/wp\/v2\/product"}],"about":[{"href":"https:\/\/colligatum.com\/en\/wp-json\/wp\/v2\/types\/product"}],"version-history":[{"count":1,"href":"https:\/\/colligatum.com\/en\/wp-json\/wp\/v2\/product\/10064\/revisions"}],"predecessor-version":[{"id":10065,"href":"https:\/\/colligatum.com\/en\/wp-json\/wp\/v2\/product\/10064\/revisions\/10065"}],"wp:featuredmedia":[{"embeddable":true,"href":"https:\/\/colligatum.com\/en\/wp-json\/wp\/v2\/media\/9896"}],"wp:attachment":[{"href":"https:\/\/colligatum.com\/en\/wp-json\/wp\/v2\/media?parent=10064"}],"wp:term":[{"taxonomy":"product_brand","embeddable":true,"href":"https:\/\/colligatum.com\/en\/wp-json\/wp\/v2\/product_brand?post=10064"},{"taxonomy":"product_cat","embeddable":true,"href":"https:\/\/colligatum.com\/en\/wp-json\/wp\/v2\/product_cat?post=10064"},{"taxonomy":"product_tag","embeddable":true,"href":"https:\/\/colligatum.com\/en\/wp-json\/wp\/v2\/product_tag?post=10064"}],"curies":[{"name":"wp","href":"https:\/\/api.w.org\/{rel}","templated":true}]}}