{"id":10072,"date":"2025-05-31T11:25:52","date_gmt":"2025-05-31T09:25:52","guid":{"rendered":"https:\/\/colligatum.com\/?post_type=product&#038;p=10072"},"modified":"2026-03-20T09:49:00","modified_gmt":"2026-03-20T07:49:00","slug":"tiger-selected-quality-tobacco","status":"publish","type":"product","link":"https:\/\/colligatum.com\/en\/product\/tiger-selected-quality-tobacco\/","title":{"rendered":"Tiger &quot;Selected Quality Tobacco&quot;\u201e"},"content":{"rendered":"<p data-start=\"360\" data-end=\"762\"><strong data-start=\"360\" data-end=\"374\">Description:<\/strong><br data-start=\"374\" data-end=\"377\" \/>\u201eTiger Selected\u201c cigare\u010di\u0173 pakelis pasi\u017eymi tamsiai m\u0117lynu fonu su baltomis raid\u0117mis, perteikian\u010diomis stipr\u0173, vyri\u0161k\u0105 \u012fvaizd\u012f. Vir\u0161utin\u0117je dalyje pavaizduotas tigro galvos simbolis, simbolizuojantis stiprum\u0105 ir kokyb\u0119. Apatin\u0117 dalis pa\u017eym\u0117ta u\u017era\u0161u \u201eQuality Tobacco\u201c. \u012esp\u0117jimai apie r\u016bkymo \u017eal\u0105 pateikti lenk\u0173 kalba, o akcizo lipdukas taip pat rodo, kad tai yra Lenkijos vidaus rinka.<\/p>\n<hr data-start=\"764\" data-end=\"767\" \/>\n<h3 data-start=\"769\" data-end=\"796\"><strong data-start=\"773\" data-end=\"796\">Value assessment:<\/strong><\/h3>\n<ul data-start=\"798\" data-end=\"1428\">\n<li data-start=\"798\" data-end=\"1125\">\n<p data-start=\"800\" data-end=\"1125\"><strong data-start=\"800\" data-end=\"820\">Collectible value:<\/strong> \u017dema\u2013vidutin\u0117. \u201eTiger\u201c cigaret\u0117s n\u0117ra pla\u010diai \u017einomas ar populiarus prek\u0117s \u017eenklas kolekcinink\u0173 bendruomen\u0117je, ta\u010diau d\u0117l nepriekai\u0161tingos b\u016bkl\u0117s (neatidarytas, su celofanu) ir to, kad pakelis yra senesnio leidimo, jis gali b\u016bti vertingas ni\u0161iniams kolekcininkams, ypa\u010d besidomintiems Ryt\u0173 Europos rinka.<\/p>\n<\/li>\n<li data-start=\"1129\" data-end=\"1207\">\n<p data-start=\"1131\" data-end=\"1207\"><strong data-start=\"1131\" data-end=\"1153\">Condition assessment:<\/strong> Unopened, original cellophane, very good condition.<\/p>\n<\/li>\n<li data-start=\"1211\" data-end=\"1428\">\n<p data-start=\"1213\" data-end=\"1428\"><strong data-start=\"1213\" data-end=\"1253\">Historical data and popularity:<\/strong> Tai labiau buitinio lygio prek\u0117s \u017eenklas, buv\u0119s populiarus ma\u017eesn\u0117se rinkose, ta\u010diau d\u0117l riboto \u017einomumo tarptautin\u0117je kolekcinink\u0173 bendruomen\u0117je \u2013 paklausa i\u0161lieka nedidel\u0117.<\/p>\n<\/li>\n<\/ul>","protected":false},"excerpt":{"rendered":"<p data-start=\"100\" data-end=\"167\"><strong data-start=\"100\" data-end=\"134\">Brand and name:<\/strong> Tiger &quot;Selected Quality Tobacco&quot;\u201e<\/p>\n<p data-start=\"169\" data-end=\"192\"><strong data-start=\"169\" data-end=\"179\">Size:<\/strong> 20 cigarettes<\/p>\n<p data-start=\"194\" data-end=\"220\"><strong data-start=\"194\" data-end=\"212\">Country of manufacture:<\/strong> Poland<\/p>\n<p data-start=\"222\" data-end=\"323\"><strong data-start=\"222\" data-end=\"246\">Production period:<\/strong> Apie 2000\u20132010 m. (remiantis dizainu, \u012fsp\u0117jim\u0173 stilistika ir akcizo lipduku)<\/p>\n<p data-start=\"325\" data-end=\"358\"><strong data-start=\"325\" data-end=\"343\">Package type:<\/strong> Hard pack<\/p>","protected":false},"featured_media":9904,"template":"","meta":{"_surecart_dashboard_logo_width":"180px","_surecart_dashboard_show_logo":true,"_surecart_dashboard_navigation_orders":true,"_surecart_dashboard_navigation_invoices":true,"_surecart_dashboard_navigation_subscriptions":true,"_surecart_dashboard_navigation_downloads":true,"_surecart_dashboard_navigation_billing":true,"_surecart_dashboard_navigation_account":true,"site-sidebar-layout":"default","site-content-layout":"","ast-site-content-layout":"default","site-content-style":"default","site-sidebar-style":"default","ast-global-header-display":"","ast-banner-title-visibility":"","ast-main-header-display":"","ast-hfb-above-header-display":"","ast-hfb-below-header-display":"","ast-hfb-mobile-header-display":"","site-post-title":"","ast-breadcrumbs-content":"","ast-featured-img":"","footer-sml-layout":"","theme-transparent-header-meta":"default","adv-header-id-meta":"","stick-header-meta":"","header-above-stick-meta":"","header-main-stick-meta":"","header-below-stick-meta":"","astra-migrate-meta-layouts":"set","ast-page-background-enabled":"default","ast-page-background-meta":{"desktop":{"background-color":"","background-image":"","background-repeat":"repeat","background-position":"center center","background-size":"auto","background-attachment":"scroll","background-type":"","background-media":"","overlay-type":"","overlay-color":"","overlay-opacity":"","overlay-gradient":""},"tablet":{"background-color":"","background-image":"","background-repeat":"repeat","background-position":"center center","background-size":"auto","background-attachment":"scroll","background-type":"","background-media":"","overlay-type":"","overlay-color":"","overlay-opacity":"","overlay-gradient":""},"mobile":{"background-color":"","background-image":"","background-repeat":"repeat","background-position":"center center","background-size":"auto","background-attachment":"scroll","background-type":"","background-media":"","overlay-type":"","overlay-color":"","overlay-opacity":"","overlay-gradient":""}},"ast-content-background-meta":{"desktop":{"background-color":"var(--ast-global-color-5)","background-image":"","background-repeat":"repeat","background-position":"center center","background-size":"auto","background-attachment":"scroll","background-type":"","background-media":"","overlay-type":"","overlay-color":"","overlay-opacity":"","overlay-gradient":""},"tablet":{"background-color":"var(--ast-global-color-5)","background-image":"","background-repeat":"repeat","background-position":"center center","background-size":"auto","background-attachment":"scroll","background-type":"","background-media":"","overlay-type":"","overlay-color":"","overlay-opacity":"","overlay-gradient":""},"mobile":{"background-color":"var(--ast-global-color-5)","background-image":"","background-repeat":"repeat","background-position":"center center","background-size":"auto","background-attachment":"scroll","background-type":"","background-media":"","overlay-type":"","overlay-color":"","overlay-opacity":"","overlay-gradient":""}}},"product_brand":[],"product_cat":[182],"product_tag":[],"class_list":{"0":"post-10072","1":"product","2":"type-product","3":"status-publish","4":"has-post-thumbnail","6":"product_cat-poland","7":"desktop-align-left","8":"tablet-align-left","9":"mobile-align-left","11":"first","12":"outofstock","13":"sale","14":"shipping-taxable","15":"purchasable","16":"product-type-simple","17":"add-to-wishlist-before_image"},"_links":{"self":[{"href":"https:\/\/colligatum.com\/en\/wp-json\/wp\/v2\/product\/10072","targetHints":{"allow":["GET"]}}],"collection":[{"href":"https:\/\/colligatum.com\/en\/wp-json\/wp\/v2\/product"}],"about":[{"href":"https:\/\/colligatum.com\/en\/wp-json\/wp\/v2\/types\/product"}],"version-history":[{"count":1,"href":"https:\/\/colligatum.com\/en\/wp-json\/wp\/v2\/product\/10072\/revisions"}],"predecessor-version":[{"id":10073,"href":"https:\/\/colligatum.com\/en\/wp-json\/wp\/v2\/product\/10072\/revisions\/10073"}],"wp:featuredmedia":[{"embeddable":true,"href":"https:\/\/colligatum.com\/en\/wp-json\/wp\/v2\/media\/9904"}],"wp:attachment":[{"href":"https:\/\/colligatum.com\/en\/wp-json\/wp\/v2\/media?parent=10072"}],"wp:term":[{"taxonomy":"product_brand","embeddable":true,"href":"https:\/\/colligatum.com\/en\/wp-json\/wp\/v2\/product_brand?post=10072"},{"taxonomy":"product_cat","embeddable":true,"href":"https:\/\/colligatum.com\/en\/wp-json\/wp\/v2\/product_cat?post=10072"},{"taxonomy":"product_tag","embeddable":true,"href":"https:\/\/colligatum.com\/en\/wp-json\/wp\/v2\/product_tag?post=10072"}],"curies":[{"name":"wp","href":"https:\/\/api.w.org\/{rel}","templated":true}]}}