{"id":10144,"date":"2025-06-03T12:52:35","date_gmt":"2025-06-03T10:52:35","guid":{"rendered":"https:\/\/colligatum.com\/?post_type=product&#038;p=10144"},"modified":"2025-06-03T12:52:35","modified_gmt":"2025-06-03T10:52:35","slug":"marlboro-filter-cigarettes","status":"publish","type":"product","link":"https:\/\/colligatum.com\/en\/product\/marlboro-filter-cigarettes\/","title":{"rendered":"Marlboro &quot;Filter Cigarettes&quot;\u201e"},"content":{"rendered":"<p data-start=\"513\" data-end=\"929\"><strong data-start=\"513\" data-end=\"527\">Description:<\/strong><br data-start=\"527\" data-end=\"530\" \/>Tai Marlboro prek\u0117s \u017eenklo \u201eFilter Cigarettes\u201c leidimas, i\u0161siskiriantis m\u0117lynos ir auksin\u0117s spalvos dizainu su klasikine vir\u0161\u016bn\u0117s forma, b\u016bdinga senesniems Marlboro pakeliams. \u012esp\u0117jimai apie r\u016bkymo \u017eal\u0105 pateikti lietuvi\u0173 kalba rodo, kad tai vietinei rinkai skirtas produktas. Pakelis yra nei\u0161pakuotas, puikios b\u016bkl\u0117s, su i\u0161likusia originalia banderole, tod\u0117l jis \u012fgauna papildomos kolekcin\u0117s vert\u0117s.<\/p>\n<hr data-start=\"931\" data-end=\"934\" \/>\n<h3 data-start=\"936\" data-end=\"963\"><strong data-start=\"940\" data-end=\"963\">Value assessment:<\/strong><\/h3>\n<ul data-start=\"965\" data-end=\"1548\">\n<li data-start=\"965\" data-end=\"1227\">\n<p data-start=\"967\" data-end=\"1227\"><strong data-start=\"967\" data-end=\"987\">Collectible value:<\/strong> Medium\u2013high<br data-start=\"1003\" data-end=\"1006\" \/>D\u0117l Marlboro prekinio \u017eenklo \u017einomumo, geros pakelio b\u016bkl\u0117s ir jo priklausymo laikotarpiui iki euro \u012fvedimo, \u0161is pakelis turi nemenk\u0105 kolekcin\u0119 reik\u0161m\u0119, ypa\u010d tarp regionini\u0173 kolekcinink\u0173 (Ryt\u0173 Europa ir Baltijos \u0161alys).<\/p>\n<\/li>\n<li data-start=\"1229\" data-end=\"1312\">\n<p data-start=\"1231\" data-end=\"1312\"><strong data-start=\"1231\" data-end=\"1253\">Condition assessment:<\/strong> Neatidarytas, su banderole, puikios b\u016bkl\u0117s \u2013 auk\u0161ta vert\u0117.<\/p>\n<\/li>\n<li data-start=\"1314\" data-end=\"1548\">\n<p data-start=\"1316\" data-end=\"1548\"><strong data-start=\"1316\" data-end=\"1356\">Historical data and popularity:<\/strong><br data-start=\"1356\" data-end=\"1359\" \/>Marlboro yra vienas \u017einomiausi\u0173 cigare\u010di\u0173 preki\u0173 \u017eenkl\u0173 pasaulyje. \u0160is leidimas (senasis dizainas su \u201eFILTER CIGARETTES\u201c auksine kortele) yra vis re\u010diau pasitaikantis kolekcin\u0117se rinkose.<\/p>\n<\/li>\n<\/ul>","protected":false},"excerpt":{"rendered":"<p data-start=\"110\" data-end=\"192\"><strong data-start=\"110\" data-end=\"144\">Brand and name:<\/strong> Marlboro &#8222;Filter Cigarettes&#8221; (m\u0117lynas dizainas)<\/p>\n<p data-start=\"194\" data-end=\"217\"><strong data-start=\"194\" data-end=\"204\">Size:<\/strong> 20 cigarettes<\/p>\n<p data-start=\"219\" data-end=\"281\"><strong data-start=\"219\" data-end=\"237\">Country of manufacture:<\/strong> Lietuva (pagal LT banderol\u0119, kaina 4,40 Lt)<\/p>\n<p data-start=\"283\" data-end=\"476\"><strong data-start=\"283\" data-end=\"307\">Production period:<\/strong> Around 2004\u20132008.<br data-start=\"325\" data-end=\"328\" \/>(Pagal kain\u0105 \u2013 4,40 Lt \u2013 galima daryti i\u0161vad\u0105, kad pakelis buvo pardavin\u0117jamas laikotarpiu iki euro \u012fvedimo ir prie\u0161 \u017eenkl\u0173 kain\u0173 \u0161uol\u012f nuo 2009 m.)<\/p>\n<p data-start=\"478\" data-end=\"511\"><strong data-start=\"478\" data-end=\"496\">Package type:<\/strong> Hard pack<\/p>","protected":false},"featured_media":9977,"template":"","meta":{"_surecart_dashboard_logo_width":"180px","_surecart_dashboard_show_logo":true,"_surecart_dashboard_navigation_orders":true,"_surecart_dashboard_navigation_invoices":true,"_surecart_dashboard_navigation_subscriptions":true,"_surecart_dashboard_navigation_downloads":true,"_surecart_dashboard_navigation_billing":true,"_surecart_dashboard_navigation_account":true,"site-sidebar-layout":"default","site-content-layout":"","ast-site-content-layout":"default","site-content-style":"default","site-sidebar-style":"default","ast-global-header-display":"","ast-banner-title-visibility":"","ast-main-header-display":"","ast-hfb-above-header-display":"","ast-hfb-below-header-display":"","ast-hfb-mobile-header-display":"","site-post-title":"","ast-breadcrumbs-content":"","ast-featured-img":"","footer-sml-layout":"","theme-transparent-header-meta":"default","adv-header-id-meta":"","stick-header-meta":"","header-above-stick-meta":"","header-main-stick-meta":"","header-below-stick-meta":"","astra-migrate-meta-layouts":"set","ast-page-background-enabled":"default","ast-page-background-meta":{"desktop":{"background-color":"","background-image":"","background-repeat":"repeat","background-position":"center center","background-size":"auto","background-attachment":"scroll","background-type":"","background-media":"","overlay-type":"","overlay-color":"","overlay-opacity":"","overlay-gradient":""},"tablet":{"background-color":"","background-image":"","background-repeat":"repeat","background-position":"center center","background-size":"auto","background-attachment":"scroll","background-type":"","background-media":"","overlay-type":"","overlay-color":"","overlay-opacity":"","overlay-gradient":""},"mobile":{"background-color":"","background-image":"","background-repeat":"repeat","background-position":"center center","background-size":"auto","background-attachment":"scroll","background-type":"","background-media":"","overlay-type":"","overlay-color":"","overlay-opacity":"","overlay-gradient":""}},"ast-content-background-meta":{"desktop":{"background-color":"var(--ast-global-color-5)","background-image":"","background-repeat":"repeat","background-position":"center center","background-size":"auto","background-attachment":"scroll","background-type":"","background-media":"","overlay-type":"","overlay-color":"","overlay-opacity":"","overlay-gradient":""},"tablet":{"background-color":"var(--ast-global-color-5)","background-image":"","background-repeat":"repeat","background-position":"center center","background-size":"auto","background-attachment":"scroll","background-type":"","background-media":"","overlay-type":"","overlay-color":"","overlay-opacity":"","overlay-gradient":""},"mobile":{"background-color":"var(--ast-global-color-5)","background-image":"","background-repeat":"repeat","background-position":"center center","background-size":"auto","background-attachment":"scroll","background-type":"","background-media":"","overlay-type":"","overlay-color":"","overlay-opacity":"","overlay-gradient":""}}},"product_brand":[],"product_cat":[85],"product_tag":[],"class_list":{"0":"post-10144","1":"product","2":"type-product","3":"status-publish","4":"has-post-thumbnail","6":"product_cat-lithuania","7":"desktop-align-left","8":"tablet-align-left","9":"mobile-align-left","11":"first","12":"instock","13":"sale","14":"shipping-taxable","15":"purchasable","16":"product-type-simple","17":"add-to-wishlist-before_image"},"_links":{"self":[{"href":"https:\/\/colligatum.com\/en\/wp-json\/wp\/v2\/product\/10144","targetHints":{"allow":["GET"]}}],"collection":[{"href":"https:\/\/colligatum.com\/en\/wp-json\/wp\/v2\/product"}],"about":[{"href":"https:\/\/colligatum.com\/en\/wp-json\/wp\/v2\/types\/product"}],"version-history":[{"count":1,"href":"https:\/\/colligatum.com\/en\/wp-json\/wp\/v2\/product\/10144\/revisions"}],"predecessor-version":[{"id":10145,"href":"https:\/\/colligatum.com\/en\/wp-json\/wp\/v2\/product\/10144\/revisions\/10145"}],"wp:featuredmedia":[{"embeddable":true,"href":"https:\/\/colligatum.com\/en\/wp-json\/wp\/v2\/media\/9977"}],"wp:attachment":[{"href":"https:\/\/colligatum.com\/en\/wp-json\/wp\/v2\/media?parent=10144"}],"wp:term":[{"taxonomy":"product_brand","embeddable":true,"href":"https:\/\/colligatum.com\/en\/wp-json\/wp\/v2\/product_brand?post=10144"},{"taxonomy":"product_cat","embeddable":true,"href":"https:\/\/colligatum.com\/en\/wp-json\/wp\/v2\/product_cat?post=10144"},{"taxonomy":"product_tag","embeddable":true,"href":"https:\/\/colligatum.com\/en\/wp-json\/wp\/v2\/product_tag?post=10144"}],"curies":[{"name":"wp","href":"https:\/\/api.w.org\/{rel}","templated":true}]}}