{"id":10166,"date":"2025-06-03T13:18:49","date_gmt":"2025-06-03T11:18:49","guid":{"rendered":"https:\/\/colligatum.com\/?post_type=product&#038;p=10166"},"modified":"2026-03-20T09:49:00","modified_gmt":"2026-03-20T07:49:00","slug":"mewa-menthol","status":"publish","type":"product","link":"https:\/\/colligatum.com\/en\/product\/mewa-menthol\/","title":{"rendered":"Menthol"},"content":{"rendered":"<p data-start=\"339\" data-end=\"733\"><strong data-start=\"339\" data-end=\"353\">Description:<\/strong><br data-start=\"353\" data-end=\"356\" \/>\u201eMewa Menthol\u201c yra minimalistinio dizaino cigare\u010di\u0173 pakelis, pasi\u017eymintis baltu fonu, \u017ealsvai melsvu logotipu su j\u016bros pauk\u0161\u010dio siluetu (mewa \u2013 rei\u0161kia \u201ekir\u0105\u201c lenk\u0173 kalba). U\u017era\u0161as \u201eQuality Service\u201c ir \u0161varus \u012fvaizdis nurodo, kad tai buvo biud\u017eetin\u0117s klas\u0117s mentolin\u0117s cigaret\u0117s, skirtos Lenkijos vidaus rinkai. Pakelis yra nei\u0161pakuotas, su 2008 m. akcizo \u017eyma, puikios b\u016bkl\u0117s.<\/p>\n<hr data-start=\"735\" data-end=\"738\" \/>\n<h3 data-start=\"740\" data-end=\"767\"><strong data-start=\"744\" data-end=\"767\">Value assessment:<\/strong><\/h3>\n<ul data-start=\"769\" data-end=\"1406\">\n<li data-start=\"769\" data-end=\"1023\">\n<p data-start=\"771\" data-end=\"897\"><strong data-start=\"771\" data-end=\"791\">Collectible value:<\/strong> Medium<br data-start=\"800\" data-end=\"803\" \/>Nors Mewa n\u0117ra pla\u010diai \u017einomas ar labai ie\u0161komas prekinis \u017eenklas, \u0161io pakelio vert\u0119 didina:<\/p>\n<ul data-start=\"900\" data-end=\"1023\">\n<li data-start=\"900\" data-end=\"945\">\n<p data-start=\"902\" data-end=\"945\">menthol type (banned in the EU from 2020),<\/p>\n<\/li>\n<li data-start=\"948\" data-end=\"968\">\n<p data-start=\"950\" data-end=\"968\">nei\u0161pakuota b\u016bkl\u0117,<\/p>\n<\/li>\n<li data-start=\"971\" data-end=\"1023\">\n<p data-start=\"973\" data-end=\"1023\">pakankamai senas leidimas, kurio gamyba nutraukta.<\/p>\n<\/li>\n<\/ul>\n<\/li>\n<li data-start=\"1025\" data-end=\"1112\">\n<p data-start=\"1027\" data-end=\"1112\"><strong data-start=\"1027\" data-end=\"1049\">Condition assessment:<\/strong> Unopened, with excise stamp, no defects - very good condition.<\/p>\n<\/li>\n<li data-start=\"1114\" data-end=\"1406\">\n<p data-start=\"1116\" data-end=\"1406\"><strong data-start=\"1116\" data-end=\"1156\">Historical data and popularity:<\/strong><br data-start=\"1156\" data-end=\"1159\" \/>Mewa buvo si\u016bloma kaip ekonomin\u0117s klas\u0117s prek\u0117s \u017eenklas, skirtas kasdieniam vartojimui. \u0160iandien tokie ma\u017eai \u017einomi ir trumpai gyvav\u0119 \u017eenklai tampa \u012fdom\u016bs kolekcininkams, kurie specializuojasi b\u016btent ryt\u0173 Europos ar mentolini\u0173 cigare\u010di\u0173 srityse.<\/p>\n<\/li>\n<\/ul>","protected":false},"excerpt":{"rendered":"<p data-start=\"90\" data-end=\"137\"><strong data-start=\"90\" data-end=\"124\">Brand and name:<\/strong> Menthol<\/p>\n<p data-start=\"139\" data-end=\"162\"><strong data-start=\"139\" data-end=\"149\">Size:<\/strong> 20 cigarettes<\/p>\n<p data-start=\"164\" data-end=\"263\"><strong data-start=\"164\" data-end=\"182\">Country of manufacture:<\/strong> Poland<br data-start=\"190\" data-end=\"193\" \/>(Pagal u\u017era\u0161us lenk\u0173 kalba ir akcizo banderol\u0119 su \u012fra\u0161u \u201eKRAJ \u2013 2008\u201c)<\/p>\n<p data-start=\"265\" data-end=\"297\"><strong data-start=\"265\" data-end=\"289\">Production period:<\/strong> 2008.<\/p>\n<p data-start=\"299\" data-end=\"332\"><strong data-start=\"299\" data-end=\"317\">Package type:<\/strong> Hard pack<\/p>","protected":false},"featured_media":9998,"template":"","meta":{"_surecart_dashboard_logo_width":"180px","_surecart_dashboard_show_logo":true,"_surecart_dashboard_navigation_orders":true,"_surecart_dashboard_navigation_invoices":true,"_surecart_dashboard_navigation_subscriptions":true,"_surecart_dashboard_navigation_downloads":true,"_surecart_dashboard_navigation_billing":true,"_surecart_dashboard_navigation_account":true,"site-sidebar-layout":"default","site-content-layout":"","ast-site-content-layout":"default","site-content-style":"default","site-sidebar-style":"default","ast-global-header-display":"","ast-banner-title-visibility":"","ast-main-header-display":"","ast-hfb-above-header-display":"","ast-hfb-below-header-display":"","ast-hfb-mobile-header-display":"","site-post-title":"","ast-breadcrumbs-content":"","ast-featured-img":"","footer-sml-layout":"","theme-transparent-header-meta":"default","adv-header-id-meta":"","stick-header-meta":"","header-above-stick-meta":"","header-main-stick-meta":"","header-below-stick-meta":"","astra-migrate-meta-layouts":"set","ast-page-background-enabled":"default","ast-page-background-meta":{"desktop":{"background-color":"","background-image":"","background-repeat":"repeat","background-position":"center center","background-size":"auto","background-attachment":"scroll","background-type":"","background-media":"","overlay-type":"","overlay-color":"","overlay-opacity":"","overlay-gradient":""},"tablet":{"background-color":"","background-image":"","background-repeat":"repeat","background-position":"center center","background-size":"auto","background-attachment":"scroll","background-type":"","background-media":"","overlay-type":"","overlay-color":"","overlay-opacity":"","overlay-gradient":""},"mobile":{"background-color":"","background-image":"","background-repeat":"repeat","background-position":"center center","background-size":"auto","background-attachment":"scroll","background-type":"","background-media":"","overlay-type":"","overlay-color":"","overlay-opacity":"","overlay-gradient":""}},"ast-content-background-meta":{"desktop":{"background-color":"var(--ast-global-color-5)","background-image":"","background-repeat":"repeat","background-position":"center center","background-size":"auto","background-attachment":"scroll","background-type":"","background-media":"","overlay-type":"","overlay-color":"","overlay-opacity":"","overlay-gradient":""},"tablet":{"background-color":"var(--ast-global-color-5)","background-image":"","background-repeat":"repeat","background-position":"center center","background-size":"auto","background-attachment":"scroll","background-type":"","background-media":"","overlay-type":"","overlay-color":"","overlay-opacity":"","overlay-gradient":""},"mobile":{"background-color":"var(--ast-global-color-5)","background-image":"","background-repeat":"repeat","background-position":"center center","background-size":"auto","background-attachment":"scroll","background-type":"","background-media":"","overlay-type":"","overlay-color":"","overlay-opacity":"","overlay-gradient":""}}},"product_brand":[],"product_cat":[182],"product_tag":[],"class_list":{"0":"post-10166","1":"product","2":"type-product","3":"status-publish","4":"has-post-thumbnail","6":"product_cat-poland","7":"desktop-align-left","8":"tablet-align-left","9":"mobile-align-left","11":"first","12":"outofstock","13":"sale","14":"shipping-taxable","15":"purchasable","16":"product-type-simple","17":"add-to-wishlist-before_image"},"_links":{"self":[{"href":"https:\/\/colligatum.com\/en\/wp-json\/wp\/v2\/product\/10166","targetHints":{"allow":["GET"]}}],"collection":[{"href":"https:\/\/colligatum.com\/en\/wp-json\/wp\/v2\/product"}],"about":[{"href":"https:\/\/colligatum.com\/en\/wp-json\/wp\/v2\/types\/product"}],"version-history":[{"count":1,"href":"https:\/\/colligatum.com\/en\/wp-json\/wp\/v2\/product\/10166\/revisions"}],"predecessor-version":[{"id":10167,"href":"https:\/\/colligatum.com\/en\/wp-json\/wp\/v2\/product\/10166\/revisions\/10167"}],"wp:featuredmedia":[{"embeddable":true,"href":"https:\/\/colligatum.com\/en\/wp-json\/wp\/v2\/media\/9998"}],"wp:attachment":[{"href":"https:\/\/colligatum.com\/en\/wp-json\/wp\/v2\/media?parent=10166"}],"wp:term":[{"taxonomy":"product_brand","embeddable":true,"href":"https:\/\/colligatum.com\/en\/wp-json\/wp\/v2\/product_brand?post=10166"},{"taxonomy":"product_cat","embeddable":true,"href":"https:\/\/colligatum.com\/en\/wp-json\/wp\/v2\/product_cat?post=10166"},{"taxonomy":"product_tag","embeddable":true,"href":"https:\/\/colligatum.com\/en\/wp-json\/wp\/v2\/product_tag?post=10166"}],"curies":[{"name":"wp","href":"https:\/\/api.w.org\/{rel}","templated":true}]}}