{"id":10201,"date":"2025-06-03T13:51:37","date_gmt":"2025-06-03T11:51:37","guid":{"rendered":"https:\/\/colligatum.com\/?post_type=product&#038;p=10201"},"modified":"2026-03-20T09:48:59","modified_gmt":"2026-03-20T07:48:59","slug":"poker-king-size-aromatyzowane","status":"publish","type":"product","link":"https:\/\/colligatum.com\/en\/product\/poker-king-size-aromatyzowane\/","title":{"rendered":"POKER King Size Flavored"},"content":{"rendered":"<p data-start=\"455\" data-end=\"928\"><strong data-start=\"455\" data-end=\"469\">Description:<\/strong><br data-start=\"469\" data-end=\"472\" \/>\u201ePOKER\u201c \u2013 tai Lenkijos vidaus rinkai skirtas prek\u0117s \u017eenklas, kurio pavadinimas ir dizainas tiesiogiai siejasi su lo\u0161im\u0173 tema. Pakelio apa\u010dioje i\u0161d\u0117styti keturi kort\u0173 simboliai (\u0161irdis, vynas, kry\u017eius, b\u016bgnas), o dominuoja raudonai rudas fonas su m\u0117lynu logotipu ir u\u017era\u0161u <em data-start=\"744\" data-end=\"761\">\u201cAromatyzowane\u201d<\/em>, rei\u0161kian\u010diu kvapi\u0105sias cigaretes. Pakelis paprastas, be moderni\u0173 sveikatos \u012fsp\u0117jim\u0173 \u2013 tai tipi\u0161kas 9-ojo de\u0161imtme\u010dio pabaigos ar 10-ojo de\u0161imtme\u010dio prad\u017eios gaminys.<\/p>\n<hr data-start=\"930\" data-end=\"933\" \/>\n<h3 data-start=\"935\" data-end=\"962\"><strong data-start=\"939\" data-end=\"962\">Value assessment:<\/strong><\/h3>\n<ul data-start=\"964\" data-end=\"1744\">\n<li data-start=\"964\" data-end=\"1292\">\n<p data-start=\"966\" data-end=\"1292\"><strong data-start=\"966\" data-end=\"986\">Collectible value:<\/strong> Vidutin\u0117\u2013auk\u0161ta. Nors tai n\u0117ra \u017einomas tarptautinis \u017eenklas, pakelis turi savit\u0105 vert\u0119 d\u0117l <strong data-start=\"1078\" data-end=\"1114\">teminio dizaino (kort\u0173 tematika)<\/strong> and <strong data-start=\"1118\" data-end=\"1147\">seno aromatizuoto formato<\/strong>, kuris \u0161iuo metu u\u017edraustas ES. Be to, tai <strong data-start=\"1191\" data-end=\"1211\">soft pack<\/strong>, kuris re\u010diau i\u0161silaiko puikioje b\u016bkl\u0117je \u2013 \u0161is yra i\u0161skirtinai gerai i\u0161saugotas.<\/p>\n<\/li>\n<li data-start=\"1294\" data-end=\"1485\">\n<p data-start=\"1296\" data-end=\"1485\"><strong data-start=\"1296\" data-end=\"1318\">Condition assessment:<\/strong> Neatidarytas, su originalia pl\u0117vele. Matomi nedideli spaudimo ir laikymo \u017eym\u0117s, ta\u010diau bendrai \u2013 labai gera b\u016bkl\u0117, ypa\u010d kaip mink\u0161tam pakeliui, senesniam nei 20 met\u0173.<\/p>\n<\/li>\n<li data-start=\"1487\" data-end=\"1744\">\n<p data-start=\"1489\" data-end=\"1744\"><strong data-start=\"1489\" data-end=\"1529\">Historical data and popularity:<\/strong> Poker \u2013 vienas i\u0161 daugelio ekonomin\u0117s klas\u0117s lenki\u0161k\u0173 preki\u0173 \u017eenkl\u0173, kurie egzistavo pereinamuoju laikotarpiu. Dabar tokie gaminiai turi savo viet\u0105 kolekcijose, ypa\u010d kai atspindi unikal\u0173 dizaino stili\u0173 ar tematik\u0105.<\/p>\n<\/li>\n<\/ul>","protected":false},"excerpt":{"rendered":"<p data-start=\"113\" data-end=\"177\"><strong data-start=\"113\" data-end=\"147\">Brand and name:<\/strong> POKER King Size Flavored<\/p>\n<p data-start=\"179\" data-end=\"202\"><strong data-start=\"179\" data-end=\"189\">Size:<\/strong> 20 cigarettes<\/p>\n<p data-start=\"204\" data-end=\"230\"><strong data-start=\"204\" data-end=\"222\">Country of manufacture:<\/strong> Poland<\/p>\n<p data-start=\"232\" data-end=\"416\"><strong data-start=\"232\" data-end=\"256\">Production period:<\/strong> Approximately 1990-2000.<br data-start=\"280\" data-end=\"283\" \/>(ant pakelio n\u0117ra moderni\u0173 \u012fsp\u0117jim\u0173 ar banderoli\u0173 su data, dizainas atitinka pereinamojo laikotarpio produkcij\u0105 po komunizmo \u017elugimo)<\/p>\n<p data-start=\"418\" data-end=\"453\"><strong data-start=\"418\" data-end=\"436\">Package type:<\/strong> Soft pack<\/p>","protected":false},"featured_media":10033,"template":"","meta":{"_surecart_dashboard_logo_width":"180px","_surecart_dashboard_show_logo":true,"_surecart_dashboard_navigation_orders":true,"_surecart_dashboard_navigation_invoices":true,"_surecart_dashboard_navigation_subscriptions":true,"_surecart_dashboard_navigation_downloads":true,"_surecart_dashboard_navigation_billing":true,"_surecart_dashboard_navigation_account":true,"site-sidebar-layout":"default","site-content-layout":"","ast-site-content-layout":"default","site-content-style":"default","site-sidebar-style":"default","ast-global-header-display":"","ast-banner-title-visibility":"","ast-main-header-display":"","ast-hfb-above-header-display":"","ast-hfb-below-header-display":"","ast-hfb-mobile-header-display":"","site-post-title":"","ast-breadcrumbs-content":"","ast-featured-img":"","footer-sml-layout":"","theme-transparent-header-meta":"default","adv-header-id-meta":"","stick-header-meta":"","header-above-stick-meta":"","header-main-stick-meta":"","header-below-stick-meta":"","astra-migrate-meta-layouts":"set","ast-page-background-enabled":"default","ast-page-background-meta":{"desktop":{"background-color":"","background-image":"","background-repeat":"repeat","background-position":"center center","background-size":"auto","background-attachment":"scroll","background-type":"","background-media":"","overlay-type":"","overlay-color":"","overlay-opacity":"","overlay-gradient":""},"tablet":{"background-color":"","background-image":"","background-repeat":"repeat","background-position":"center center","background-size":"auto","background-attachment":"scroll","background-type":"","background-media":"","overlay-type":"","overlay-color":"","overlay-opacity":"","overlay-gradient":""},"mobile":{"background-color":"","background-image":"","background-repeat":"repeat","background-position":"center center","background-size":"auto","background-attachment":"scroll","background-type":"","background-media":"","overlay-type":"","overlay-color":"","overlay-opacity":"","overlay-gradient":""}},"ast-content-background-meta":{"desktop":{"background-color":"var(--ast-global-color-5)","background-image":"","background-repeat":"repeat","background-position":"center center","background-size":"auto","background-attachment":"scroll","background-type":"","background-media":"","overlay-type":"","overlay-color":"","overlay-opacity":"","overlay-gradient":""},"tablet":{"background-color":"var(--ast-global-color-5)","background-image":"","background-repeat":"repeat","background-position":"center center","background-size":"auto","background-attachment":"scroll","background-type":"","background-media":"","overlay-type":"","overlay-color":"","overlay-opacity":"","overlay-gradient":""},"mobile":{"background-color":"var(--ast-global-color-5)","background-image":"","background-repeat":"repeat","background-position":"center center","background-size":"auto","background-attachment":"scroll","background-type":"","background-media":"","overlay-type":"","overlay-color":"","overlay-opacity":"","overlay-gradient":""}}},"product_brand":[],"product_cat":[182],"product_tag":[],"class_list":{"0":"post-10201","1":"product","2":"type-product","3":"status-publish","4":"has-post-thumbnail","6":"product_cat-poland","7":"desktop-align-left","8":"tablet-align-left","9":"mobile-align-left","11":"first","12":"outofstock","13":"sale","14":"shipping-taxable","15":"purchasable","16":"product-type-simple","17":"add-to-wishlist-before_image"},"_links":{"self":[{"href":"https:\/\/colligatum.com\/en\/wp-json\/wp\/v2\/product\/10201","targetHints":{"allow":["GET"]}}],"collection":[{"href":"https:\/\/colligatum.com\/en\/wp-json\/wp\/v2\/product"}],"about":[{"href":"https:\/\/colligatum.com\/en\/wp-json\/wp\/v2\/types\/product"}],"version-history":[{"count":1,"href":"https:\/\/colligatum.com\/en\/wp-json\/wp\/v2\/product\/10201\/revisions"}],"predecessor-version":[{"id":10202,"href":"https:\/\/colligatum.com\/en\/wp-json\/wp\/v2\/product\/10201\/revisions\/10202"}],"wp:featuredmedia":[{"embeddable":true,"href":"https:\/\/colligatum.com\/en\/wp-json\/wp\/v2\/media\/10033"}],"wp:attachment":[{"href":"https:\/\/colligatum.com\/en\/wp-json\/wp\/v2\/media?parent=10201"}],"wp:term":[{"taxonomy":"product_brand","embeddable":true,"href":"https:\/\/colligatum.com\/en\/wp-json\/wp\/v2\/product_brand?post=10201"},{"taxonomy":"product_cat","embeddable":true,"href":"https:\/\/colligatum.com\/en\/wp-json\/wp\/v2\/product_cat?post=10201"},{"taxonomy":"product_tag","embeddable":true,"href":"https:\/\/colligatum.com\/en\/wp-json\/wp\/v2\/product_tag?post=10201"}],"curies":[{"name":"wp","href":"https:\/\/api.w.org\/{rel}","templated":true}]}}