{"id":10403,"date":"2025-06-04T14:57:36","date_gmt":"2025-06-04T12:57:36","guid":{"rendered":"https:\/\/colligatum.com\/?post_type=product&#038;p=10403"},"modified":"2025-06-04T14:58:16","modified_gmt":"2025-06-04T12:58:16","slug":"%d1%81%d0%bb%d1%8a%d0%bd%d1%86%d0%b5-slance","status":"publish","type":"product","link":"https:\/\/colligatum.com\/en\/product\/%d1%81%d0%bb%d1%8a%d0%bd%d1%86%d0%b5-slance\/","title":{"rendered":"Sun (Sl\u00e2nce)"},"content":{"rendered":"<p data-start=\"584\" data-end=\"677\"><strong data-start=\"584\" data-end=\"598\">Apra\u0161ymas:<\/strong> <span class=\"relative -mx-px my-[-0.2rem] rounded px-px py-[0.2rem] transition-colors duration-100 ease-in-out\">\u201e\u0421\u043b\u044a\u043d\u0446\u0435\u201c (liet. \u201eSaul\u0117\u201c) \u2013 tai bulgari\u0161kas cigare\u010di\u0173 pakelis, pasi\u017eymintis ry\u0161kiu, saul\u0117s motyvuotu dizainu. Pakuot\u0117s priekyje dominuoja geltonos ir oran\u017ein\u0117s spalvos, simbolizuojan\u010dios saul\u0119 ir \u0161ilum\u0105. Vir\u0161utin\u0117je dalyje matomas prek\u0117s \u017eenklo pavadinimas kirilica, o apa\u010dioje \u2013 gamintojo logotipas. Pakelio dizainas atspindi 8-ojo de\u0161imtme\u010dio pabaigos \u2013 9-ojo de\u0161imtme\u010dio prad\u017eios estetik\u0105, b\u016bding\u0105 Bulgarijos tabako gaminiams.<\/span><\/p>\n<hr data-start=\"679\" data-end=\"682\" \/>\n<p data-start=\"684\" data-end=\"707\"><strong data-start=\"684\" data-end=\"707\">Vert\u0117s \u012fvertinimas:<\/strong><\/p>\n<ul data-start=\"709\" data-end=\"958\">\n<li data-start=\"709\" data-end=\"771\">\n<p data-start=\"711\" data-end=\"771\"><strong data-start=\"711\" data-end=\"731\">Kolekcin\u0117 vert\u0117:<\/strong> <span class=\"relative -mx-px my-[-0.2rem] rounded px-px py-[0.2rem] transition-colors duration-100 ease-in-out\">Vidutin\u0117. Nors pakelis n\u0117ra riboto leidimo ar jubiliejinis, jis gali b\u016bti \u012fdomus kolekcininkams d\u0117l savo b\u016bkl\u0117s ir regioninio identiteto.<\/span><\/p>\n<\/li>\n<li data-start=\"772\" data-end=\"836\">\n<p data-start=\"774\" data-end=\"836\"><strong data-start=\"774\" data-end=\"796\">B\u016bkl\u0117s vertinimas:<\/strong> <span class=\"relative -mx-px my-[-0.2rem] rounded px-px py-[0.2rem] transition-colors duration-100 ease-in-out\">Neatidarytas, puikios b\u016bkl\u0117s.<\/span><\/p>\n<\/li>\n<li data-start=\"837\" data-end=\"958\">\n<p data-start=\"839\" data-end=\"958\"><strong data-start=\"839\" data-end=\"879\">Istoriniai duomenys ir populiarumas:<\/strong> <span class=\"relative -mx-px my-[-0.2rem] rounded px-px py-[0.2rem] transition-colors duration-100 ease-in-out\">\u201e\u0421\u043b\u044a\u043d\u0446\u0435\u201c buvo vienas i\u0161 populiari\u0173 Bulgarijos tabako gamini\u0173, skirt\u0173 vidaus rinkai. \u0160io laikotarpio pakeliai su ry\u0161kiais dizainais yra vertinami kolekcinink\u0173, besidomin\u010di\u0173 Ryt\u0173 Europos tabako istorija.<\/span><\/p>\n<\/li>\n<\/ul>\n","protected":false},"excerpt":{"rendered":"<p data-start=\"81\" data-end=\"190\"><strong data-start=\"81\" data-end=\"115\">Prek\u0117s \u017eenklas ir pavadinimas:<\/strong> <span class=\"relative -mx-px my-[-0.2rem] rounded px-px py-[0.2rem] transition-colors duration-100 ease-in-out\">\u0421\u043b\u044a\u043d\u0446\u0435 (Sl\u0103nce)<\/span><\/p>\n<p data-start=\"192\" data-end=\"279\"><strong data-start=\"192\" data-end=\"202\">Dydis:<\/strong> <span class=\"relative -mx-px my-[-0.2rem] rounded px-px py-[0.2rem] transition-colors duration-100 ease-in-out\">20 cigare\u010di\u0173<\/span><\/p>\n<p data-start=\"281\" data-end=\"378\"><strong data-start=\"281\" data-end=\"299\">Gamybos \u0161alis:<\/strong> <span class=\"relative -mx-px my-[-0.2rem] rounded px-px py-[0.2rem] transition-colors duration-100 ease-in-out\">Bulgarija<\/span><\/p>\n<p data-start=\"380\" data-end=\"483\"><strong data-start=\"380\" data-end=\"404\">Gamybos laikotarpis:<\/strong> <span class=\"relative -mx-px my-[-0.2rem] rounded px-px py-[0.2rem] transition-colors duration-100 ease-in-out\">Apytiksliai 1980\u20131990 m.<\/span><\/p>\n<p data-start=\"485\" data-end=\"582\"><strong data-start=\"485\" data-end=\"503\">Pakeli\u0173 tipas:<\/strong> <span class=\"relative -mx-px my-[-0.2rem] rounded px-px py-[0.2rem] transition-colors duration-100 ease-in-out\">Mink\u0161tas pakelis<\/span><\/p>\n","protected":false},"featured_media":10315,"template":"","meta":{"_surecart_dashboard_logo_width":"180px","_surecart_dashboard_show_logo":true,"_surecart_dashboard_navigation_orders":true,"_surecart_dashboard_navigation_invoices":true,"_surecart_dashboard_navigation_subscriptions":true,"_surecart_dashboard_navigation_downloads":true,"_surecart_dashboard_navigation_billing":true,"_surecart_dashboard_navigation_account":true,"site-sidebar-layout":"default","site-content-layout":"","ast-site-content-layout":"default","site-content-style":"default","site-sidebar-style":"default","ast-global-header-display":"","ast-banner-title-visibility":"","ast-main-header-display":"","ast-hfb-above-header-display":"","ast-hfb-below-header-display":"","ast-hfb-mobile-header-display":"","site-post-title":"","ast-breadcrumbs-content":"","ast-featured-img":"","footer-sml-layout":"","theme-transparent-header-meta":"default","adv-header-id-meta":"","stick-header-meta":"","header-above-stick-meta":"","header-main-stick-meta":"","header-below-stick-meta":"","astra-migrate-meta-layouts":"set","ast-page-background-enabled":"default","ast-page-background-meta":{"desktop":{"background-color":"","background-image":"","background-repeat":"repeat","background-position":"center center","background-size":"auto","background-attachment":"scroll","background-type":"","background-media":"","overlay-type":"","overlay-color":"","overlay-opacity":"","overlay-gradient":""},"tablet":{"background-color":"","background-image":"","background-repeat":"repeat","background-position":"center center","background-size":"auto","background-attachment":"scroll","background-type":"","background-media":"","overlay-type":"","overlay-color":"","overlay-opacity":"","overlay-gradient":""},"mobile":{"background-color":"","background-image":"","background-repeat":"repeat","background-position":"center center","background-size":"auto","background-attachment":"scroll","background-type":"","background-media":"","overlay-type":"","overlay-color":"","overlay-opacity":"","overlay-gradient":""}},"ast-content-background-meta":{"desktop":{"background-color":"var(--ast-global-color-5)","background-image":"","background-repeat":"repeat","background-position":"center center","background-size":"auto","background-attachment":"scroll","background-type":"","background-media":"","overlay-type":"","overlay-color":"","overlay-opacity":"","overlay-gradient":""},"tablet":{"background-color":"var(--ast-global-color-5)","background-image":"","background-repeat":"repeat","background-position":"center center","background-size":"auto","background-attachment":"scroll","background-type":"","background-media":"","overlay-type":"","overlay-color":"","overlay-opacity":"","overlay-gradient":""},"mobile":{"background-color":"var(--ast-global-color-5)","background-image":"","background-repeat":"repeat","background-position":"center center","background-size":"auto","background-attachment":"scroll","background-type":"","background-media":"","overlay-type":"","overlay-color":"","overlay-opacity":"","overlay-gradient":""}}},"product_brand":[],"product_cat":[135],"product_tag":[],"class_list":{"0":"post-10403","1":"product","2":"type-product","3":"status-publish","4":"has-post-thumbnail","6":"product_cat-bulgaria","7":"desktop-align-left","8":"tablet-align-left","9":"mobile-align-left","11":"first","12":"instock","13":"sale","14":"shipping-taxable","15":"purchasable","16":"product-type-simple","17":"add-to-wishlist-before_image"},"_links":{"self":[{"href":"https:\/\/colligatum.com\/en\/wp-json\/wp\/v2\/product\/10403","targetHints":{"allow":["GET"]}}],"collection":[{"href":"https:\/\/colligatum.com\/en\/wp-json\/wp\/v2\/product"}],"about":[{"href":"https:\/\/colligatum.com\/en\/wp-json\/wp\/v2\/types\/product"}],"version-history":[{"count":1,"href":"https:\/\/colligatum.com\/en\/wp-json\/wp\/v2\/product\/10403\/revisions"}],"predecessor-version":[{"id":10404,"href":"https:\/\/colligatum.com\/en\/wp-json\/wp\/v2\/product\/10403\/revisions\/10404"}],"wp:featuredmedia":[{"embeddable":true,"href":"https:\/\/colligatum.com\/en\/wp-json\/wp\/v2\/media\/10315"}],"wp:attachment":[{"href":"https:\/\/colligatum.com\/en\/wp-json\/wp\/v2\/media?parent=10403"}],"wp:term":[{"taxonomy":"product_brand","embeddable":true,"href":"https:\/\/colligatum.com\/en\/wp-json\/wp\/v2\/product_brand?post=10403"},{"taxonomy":"product_cat","embeddable":true,"href":"https:\/\/colligatum.com\/en\/wp-json\/wp\/v2\/product_cat?post=10403"},{"taxonomy":"product_tag","embeddable":true,"href":"https:\/\/colligatum.com\/en\/wp-json\/wp\/v2\/product_tag?post=10403"}],"curies":[{"name":"wp","href":"https:\/\/api.w.org\/{rel}","templated":true}]}}