{"id":10509,"date":"2025-06-06T05:36:05","date_gmt":"2025-06-06T03:36:05","guid":{"rendered":"https:\/\/colligatum.com\/?post_type=product&#038;p=10509"},"modified":"2026-03-20T09:48:59","modified_gmt":"2026-03-20T07:48:59","slug":"templeton-filter-2","status":"publish","type":"product","link":"https:\/\/colligatum.com\/en\/product\/templeton-filter-2\/","title":{"rendered":"Templeton Filter"},"content":{"rendered":"<p data-start=\"441\" data-end=\"949\"><strong data-start=\"441\" data-end=\"455\">Description:<\/strong><br data-start=\"455\" data-end=\"458\" \/>Templeton Filter \u2013 tai ma\u017eai \u017einomas cigare\u010di\u0173 prek\u0117s \u017eenklas, kurio pakelis pasi\u017eymi m\u0117lynos ir aukso spalvos deriniu. Priekin\u0117je pus\u0117je pateiktas u\u017era\u0161as \u201e25 Finest Quality Cigarettes\u201c, kuris sufleruoja bandym\u0105 pozicionuoti produkt\u0105 kaip auk\u0161tesn\u0117s kokyb\u0117s. Ant pakelio matyti lenk\u0173 kalba pateikti \u012fsp\u0117jimai (\u201ePalenie zabija\u201c ir \u201ePalenie tytoniu mo\u017ce spowodowa\u0107 powoln\u0105 i bolesn\u0105 \u015bmier\u0107\u201c) \u2013 tai rodo, kad pakelis buvo skirtas Lenkijos rinkai. Pakuot\u0117 u\u017eklijuota oficialiu akciziniu \u017eenklu.<\/p>\n<hr data-start=\"951\" data-end=\"954\" \/>\n<p data-start=\"956\" data-end=\"979\"><strong data-start=\"956\" data-end=\"979\">Value assessment:<\/strong><\/p>\n<ul data-start=\"981\" data-end=\"1700\">\n<li data-start=\"981\" data-end=\"1302\">\n<p data-start=\"983\" data-end=\"1302\"><strong data-start=\"983\" data-end=\"1003\">Collectible value:<\/strong> Vidutin\u0117. \u0160is pakelis priklauso ma\u017eai \u017einomam prek\u0117s \u017eenklui, kuris nebuvo pla\u010diai paplit\u0119s. Kolekcininkams tokie pakeliai gali b\u016bti \u012fdom\u016bs d\u0117l egzoti\u0161kumo ar reti pasitaikan\u010dio dizaino. 25 cigare\u010di\u0173 formatas taip pat yra ma\u017eiau paplit\u0119s, o tai gali padidinti pakelio patrauklum\u0105 tarp kolekcinink\u0173.<\/p>\n<\/li>\n<li data-start=\"1304\" data-end=\"1419\">\n<p data-start=\"1306\" data-end=\"1419\"><strong data-start=\"1306\" data-end=\"1328\">Condition assessment:<\/strong> Neatidarytas, labai geros b\u016bkl\u0117s. Pakuot\u0117 \u0161vari, kampai nesusilamdyti, pl\u0117vel\u0117 nepa\u017eeista.<\/p>\n<\/li>\n<li data-start=\"1421\" data-end=\"1700\">\n<p data-start=\"1423\" data-end=\"1700\"><strong data-start=\"1423\" data-end=\"1463\">Historical data and popularity:<\/strong> \u201eTempleton\u201c cigaret\u0117s n\u0117ra priskiriamos prie klasikini\u0173 ar pla\u010diai \u017einom\u0173 preki\u0173 \u017eenkl\u0173, tod\u0117l tarp kolekcinink\u0173 jos n\u0117ra aktyviai ie\u0161komos. Vis d\u0117lto, d\u0117l savo reti pasitaikan\u010dio formato ir b\u016bkl\u0117s gali sudominti ni\u0161inius kolekcininkus.<\/p>\n<\/li>\n<\/ul>","protected":false},"excerpt":{"rendered":"<p data-start=\"82\" data-end=\"133\"><strong data-start=\"82\" data-end=\"116\">Brand and name:<\/strong> Templeton Filter<\/p>\n<p data-start=\"135\" data-end=\"158\"><strong data-start=\"135\" data-end=\"145\">Size:<\/strong> 25 cigarettes<\/p>\n<p data-start=\"160\" data-end=\"300\"><strong data-start=\"160\" data-end=\"178\">Country of manufacture:<\/strong> Europos S\u0105junga (etiket\u0117je nurodyta \u201eMade in the EU\u201c, ta\u010diau konkretus gamintojas \u2013 <strong data-start=\"263\" data-end=\"288\">LDK Tobacconists GmbH<\/strong>, Vokietija)<\/p>\n<p data-start=\"302\" data-end=\"404\"><strong data-start=\"302\" data-end=\"326\">Production period:<\/strong> Apie 2000\u20132010 m. (atsi\u017evelgiant \u012f dizain\u0105, lenki\u0161kus \u012fsp\u0117jimus ir strukt\u016br\u0105)<\/p>\n<p data-start=\"406\" data-end=\"439\"><strong data-start=\"406\" data-end=\"424\">Package type:<\/strong> Hard pack<\/p>","protected":false},"featured_media":10452,"template":"","meta":{"_surecart_dashboard_logo_width":"180px","_surecart_dashboard_show_logo":true,"_surecart_dashboard_navigation_orders":true,"_surecart_dashboard_navigation_invoices":true,"_surecart_dashboard_navigation_subscriptions":true,"_surecart_dashboard_navigation_downloads":true,"_surecart_dashboard_navigation_billing":true,"_surecart_dashboard_navigation_account":true,"site-sidebar-layout":"default","site-content-layout":"","ast-site-content-layout":"default","site-content-style":"default","site-sidebar-style":"default","ast-global-header-display":"","ast-banner-title-visibility":"","ast-main-header-display":"","ast-hfb-above-header-display":"","ast-hfb-below-header-display":"","ast-hfb-mobile-header-display":"","site-post-title":"","ast-breadcrumbs-content":"","ast-featured-img":"","footer-sml-layout":"","theme-transparent-header-meta":"default","adv-header-id-meta":"","stick-header-meta":"","header-above-stick-meta":"","header-main-stick-meta":"","header-below-stick-meta":"","astra-migrate-meta-layouts":"set","ast-page-background-enabled":"default","ast-page-background-meta":{"desktop":{"background-color":"","background-image":"","background-repeat":"repeat","background-position":"center center","background-size":"auto","background-attachment":"scroll","background-type":"","background-media":"","overlay-type":"","overlay-color":"","overlay-opacity":"","overlay-gradient":""},"tablet":{"background-color":"","background-image":"","background-repeat":"repeat","background-position":"center center","background-size":"auto","background-attachment":"scroll","background-type":"","background-media":"","overlay-type":"","overlay-color":"","overlay-opacity":"","overlay-gradient":""},"mobile":{"background-color":"","background-image":"","background-repeat":"repeat","background-position":"center center","background-size":"auto","background-attachment":"scroll","background-type":"","background-media":"","overlay-type":"","overlay-color":"","overlay-opacity":"","overlay-gradient":""}},"ast-content-background-meta":{"desktop":{"background-color":"var(--ast-global-color-5)","background-image":"","background-repeat":"repeat","background-position":"center center","background-size":"auto","background-attachment":"scroll","background-type":"","background-media":"","overlay-type":"","overlay-color":"","overlay-opacity":"","overlay-gradient":""},"tablet":{"background-color":"var(--ast-global-color-5)","background-image":"","background-repeat":"repeat","background-position":"center center","background-size":"auto","background-attachment":"scroll","background-type":"","background-media":"","overlay-type":"","overlay-color":"","overlay-opacity":"","overlay-gradient":""},"mobile":{"background-color":"var(--ast-global-color-5)","background-image":"","background-repeat":"repeat","background-position":"center center","background-size":"auto","background-attachment":"scroll","background-type":"","background-media":"","overlay-type":"","overlay-color":"","overlay-opacity":"","overlay-gradient":""}}},"product_brand":[],"product_cat":[151],"product_tag":[],"class_list":{"0":"post-10509","1":"product","2":"type-product","3":"status-publish","4":"has-post-thumbnail","6":"product_cat-germany","7":"desktop-align-left","8":"tablet-align-left","9":"mobile-align-left","11":"first","12":"outofstock","13":"sale","14":"shipping-taxable","15":"purchasable","16":"product-type-simple","17":"add-to-wishlist-before_image"},"_links":{"self":[{"href":"https:\/\/colligatum.com\/en\/wp-json\/wp\/v2\/product\/10509","targetHints":{"allow":["GET"]}}],"collection":[{"href":"https:\/\/colligatum.com\/en\/wp-json\/wp\/v2\/product"}],"about":[{"href":"https:\/\/colligatum.com\/en\/wp-json\/wp\/v2\/types\/product"}],"version-history":[{"count":1,"href":"https:\/\/colligatum.com\/en\/wp-json\/wp\/v2\/product\/10509\/revisions"}],"predecessor-version":[{"id":10510,"href":"https:\/\/colligatum.com\/en\/wp-json\/wp\/v2\/product\/10509\/revisions\/10510"}],"wp:featuredmedia":[{"embeddable":true,"href":"https:\/\/colligatum.com\/en\/wp-json\/wp\/v2\/media\/10452"}],"wp:attachment":[{"href":"https:\/\/colligatum.com\/en\/wp-json\/wp\/v2\/media?parent=10509"}],"wp:term":[{"taxonomy":"product_brand","embeddable":true,"href":"https:\/\/colligatum.com\/en\/wp-json\/wp\/v2\/product_brand?post=10509"},{"taxonomy":"product_cat","embeddable":true,"href":"https:\/\/colligatum.com\/en\/wp-json\/wp\/v2\/product_cat?post=10509"},{"taxonomy":"product_tag","embeddable":true,"href":"https:\/\/colligatum.com\/en\/wp-json\/wp\/v2\/product_tag?post=10509"}],"curies":[{"name":"wp","href":"https:\/\/api.w.org\/{rel}","templated":true}]}}