{"id":10600,"date":"2025-06-06T06:17:18","date_gmt":"2025-06-06T04:17:18","guid":{"rendered":"https:\/\/colligatum.com\/?post_type=product&#038;p=10600"},"modified":"2026-03-20T09:48:59","modified_gmt":"2026-03-20T07:48:59","slug":"mohawk-red","status":"publish","type":"product","link":"https:\/\/colligatum.com\/en\/product\/mohawk-red\/","title":{"rendered":"Mohawk Red"},"content":{"rendered":"<p data-start=\"299\" data-end=\"752\"><strong data-start=\"299\" data-end=\"313\">Description:<\/strong><br data-start=\"313\" data-end=\"316\" \/>\u201eMohawk Red\u201c \u2013 tai cigare\u010di\u0173 pakelis, i\u0161siskiriantis ind\u0117no simbolika ir kaln\u0173 bei mi\u0161ko motyvais, kurie pabr\u0117\u017eia nat\u016bralaus tabako \u012fvaizd\u012f. Vir\u0161uje pa\u017eym\u0117ta, kad cigaret\u0117s pagamintos i\u0161 100% nat\u016bralaus tabako. \u012esp\u0117jimai pateikti lenk\u0173 kalba (<em data-start=\"559\" data-end=\"588\">Palenie powa\u017cnie szkodzi&#8230;<\/em>), o tai leid\u017eia daryti prielaid\u0105, kad \u0161is pakelis skirtas Lenkijos rinkai. Dizainas yra tipi\u0161kas laikotarpiui iki ES grafini\u0173 \u012fsp\u0117jim\u0173 \u012fvedimo 2016 m. gegu\u017e\u0117s m\u0117n.<\/p>\n<hr data-start=\"754\" data-end=\"757\" \/>\n<p data-start=\"759\" data-end=\"782\"><strong data-start=\"759\" data-end=\"782\">Value assessment:<\/strong><\/p>\n<ul data-start=\"784\" data-end=\"1430\">\n<li data-start=\"784\" data-end=\"1044\">\n<p data-start=\"786\" data-end=\"1044\"><strong data-start=\"786\" data-end=\"806\">Collectible value:<\/strong> Vidutin\u0117. Nors \u201eMohawk\u201c n\u0117ra presti\u017einis prek\u0117s \u017eenklas, jis patrauklus d\u0117l savo temin\u0117s i\u0161vaizdos (ind\u0117n\u0173 simbolika), gamybos \u0161alyje (Vokietija) populiarumo ir fakto, kad \u0161ios cigaret\u0117s neb\u0117ra pla\u010diai prieinamos su tokio tipo pakeliais.<\/p>\n<\/li>\n<li data-start=\"1046\" data-end=\"1187\">\n<p data-start=\"1048\" data-end=\"1187\"><strong data-start=\"1048\" data-end=\"1070\">Condition assessment:<\/strong> Puikios b\u016bkl\u0117s, nepa\u017eeistas, originali pl\u0117vel\u0117, su nepa\u017eeistu akcizo \u017eenklu. Kampai nei\u0161lankstyti, pavir\u0161ius \u0161varus.<\/p>\n<\/li>\n<li data-start=\"1189\" data-end=\"1430\">\n<p data-start=\"1191\" data-end=\"1430\"><strong data-start=\"1191\" data-end=\"1231\">Historical data and popularity:<\/strong> \u201eMohawk\u201c tapo \u017einomas d\u0117l savo pozicionavimo kaip cigare\u010di\u0173 i\u0161 nat\u016bralaus tabako be pried\u0173. Tai suteikia papildom\u0105 vert\u0119 kolekcionieriams, kurie renka \u201eekologinius\u201c ar alternatyvaus dizaino \u017eenklus.<\/p>\n<\/li>\n<\/ul>","protected":false},"excerpt":{"rendered":"<p data-start=\"82\" data-end=\"127\"><strong data-start=\"82\" data-end=\"116\">Brand and name:<\/strong> Mohawk Red<\/p>\n<p data-start=\"129\" data-end=\"152\"><strong data-start=\"129\" data-end=\"139\">Size:<\/strong> 20 cigarettes<\/p>\n<p data-start=\"154\" data-end=\"211\"><strong data-start=\"154\" data-end=\"172\">Country of manufacture:<\/strong> Germany (marked &quot;Made in Germany&quot;)<\/p>\n<p data-start=\"213\" data-end=\"262\"><strong data-start=\"213\" data-end=\"237\">Production period:<\/strong> Apytiksliai 2010\u20132016 m.<\/p>\n<p data-start=\"264\" data-end=\"297\"><strong data-start=\"264\" data-end=\"282\">Package type:<\/strong> Hard pack<\/p>","protected":false},"featured_media":10545,"template":"","meta":{"_surecart_dashboard_logo_width":"180px","_surecart_dashboard_show_logo":true,"_surecart_dashboard_navigation_orders":true,"_surecart_dashboard_navigation_invoices":true,"_surecart_dashboard_navigation_subscriptions":true,"_surecart_dashboard_navigation_downloads":true,"_surecart_dashboard_navigation_billing":true,"_surecart_dashboard_navigation_account":true,"site-sidebar-layout":"default","site-content-layout":"","ast-site-content-layout":"default","site-content-style":"default","site-sidebar-style":"default","ast-global-header-display":"","ast-banner-title-visibility":"","ast-main-header-display":"","ast-hfb-above-header-display":"","ast-hfb-below-header-display":"","ast-hfb-mobile-header-display":"","site-post-title":"","ast-breadcrumbs-content":"","ast-featured-img":"","footer-sml-layout":"","theme-transparent-header-meta":"default","adv-header-id-meta":"","stick-header-meta":"","header-above-stick-meta":"","header-main-stick-meta":"","header-below-stick-meta":"","astra-migrate-meta-layouts":"set","ast-page-background-enabled":"default","ast-page-background-meta":{"desktop":{"background-color":"","background-image":"","background-repeat":"repeat","background-position":"center center","background-size":"auto","background-attachment":"scroll","background-type":"","background-media":"","overlay-type":"","overlay-color":"","overlay-opacity":"","overlay-gradient":""},"tablet":{"background-color":"","background-image":"","background-repeat":"repeat","background-position":"center center","background-size":"auto","background-attachment":"scroll","background-type":"","background-media":"","overlay-type":"","overlay-color":"","overlay-opacity":"","overlay-gradient":""},"mobile":{"background-color":"","background-image":"","background-repeat":"repeat","background-position":"center center","background-size":"auto","background-attachment":"scroll","background-type":"","background-media":"","overlay-type":"","overlay-color":"","overlay-opacity":"","overlay-gradient":""}},"ast-content-background-meta":{"desktop":{"background-color":"var(--ast-global-color-5)","background-image":"","background-repeat":"repeat","background-position":"center center","background-size":"auto","background-attachment":"scroll","background-type":"","background-media":"","overlay-type":"","overlay-color":"","overlay-opacity":"","overlay-gradient":""},"tablet":{"background-color":"var(--ast-global-color-5)","background-image":"","background-repeat":"repeat","background-position":"center center","background-size":"auto","background-attachment":"scroll","background-type":"","background-media":"","overlay-type":"","overlay-color":"","overlay-opacity":"","overlay-gradient":""},"mobile":{"background-color":"var(--ast-global-color-5)","background-image":"","background-repeat":"repeat","background-position":"center center","background-size":"auto","background-attachment":"scroll","background-type":"","background-media":"","overlay-type":"","overlay-color":"","overlay-opacity":"","overlay-gradient":""}}},"product_brand":[],"product_cat":[151],"product_tag":[],"class_list":{"0":"post-10600","1":"product","2":"type-product","3":"status-publish","4":"has-post-thumbnail","6":"product_cat-germany","7":"desktop-align-left","8":"tablet-align-left","9":"mobile-align-left","11":"first","12":"outofstock","13":"sale","14":"shipping-taxable","15":"purchasable","16":"product-type-simple","17":"add-to-wishlist-before_image"},"_links":{"self":[{"href":"https:\/\/colligatum.com\/en\/wp-json\/wp\/v2\/product\/10600","targetHints":{"allow":["GET"]}}],"collection":[{"href":"https:\/\/colligatum.com\/en\/wp-json\/wp\/v2\/product"}],"about":[{"href":"https:\/\/colligatum.com\/en\/wp-json\/wp\/v2\/types\/product"}],"version-history":[{"count":1,"href":"https:\/\/colligatum.com\/en\/wp-json\/wp\/v2\/product\/10600\/revisions"}],"predecessor-version":[{"id":10601,"href":"https:\/\/colligatum.com\/en\/wp-json\/wp\/v2\/product\/10600\/revisions\/10601"}],"wp:featuredmedia":[{"embeddable":true,"href":"https:\/\/colligatum.com\/en\/wp-json\/wp\/v2\/media\/10545"}],"wp:attachment":[{"href":"https:\/\/colligatum.com\/en\/wp-json\/wp\/v2\/media?parent=10600"}],"wp:term":[{"taxonomy":"product_brand","embeddable":true,"href":"https:\/\/colligatum.com\/en\/wp-json\/wp\/v2\/product_brand?post=10600"},{"taxonomy":"product_cat","embeddable":true,"href":"https:\/\/colligatum.com\/en\/wp-json\/wp\/v2\/product_cat?post=10600"},{"taxonomy":"product_tag","embeddable":true,"href":"https:\/\/colligatum.com\/en\/wp-json\/wp\/v2\/product_tag?post=10600"}],"curies":[{"name":"wp","href":"https:\/\/api.w.org\/{rel}","templated":true}]}}