{"id":10909,"date":"2025-06-07T18:12:08","date_gmt":"2025-06-07T16:12:08","guid":{"rendered":"https:\/\/colligatum.com\/?post_type=product&#038;p=10909"},"modified":"2026-03-20T09:48:59","modified_gmt":"2026-03-20T07:48:59","slug":"cristal-blend-menthol","status":"publish","type":"product","link":"https:\/\/colligatum.com\/en\/product\/cristal-blend-menthol\/","title":{"rendered":"Cristal Blend Menthol"},"content":{"rendered":"<p data-start=\"281\" data-end=\"836\"><strong data-start=\"281\" data-end=\"295\">Description:<\/strong><br data-start=\"295\" data-end=\"298\" \/>\u201eCristal Blend Menthol\u201c \u2013 tai lenki\u0161kos mentolio skonio cigaret\u0117s, pateikiamos ry\u0161kiai \u017ealiame pakelyje su m\u0117t\u0173 lap\u0173 motyvu. Vizualiai pakuot\u0117 perteikia gaivumo \u012fsp\u016bd\u012f, o vir\u0161uje nurodytas tekstas \u201eEdycja limitowana\u201c rei\u0161kia, kad tai buvo riboto leidimo versija. Ant pakelio yra standartiniai tuo metu Lenkijoje naudoti \u012fsp\u0117jimai apie r\u016bkymo \u017eal\u0105 lenk\u0173 kalba. Pakelis pa\u017eym\u0117tas akcizo lipduku, kuriame nurodyti metai \u2013 2004 m. Cigare\u010di\u0173 gamintojas nurodytas kaip <em data-start=\"761\" data-end=\"774\">Assan Tabak<\/em>, tai buvo nedidelis Lenkijos gamintojas, veik\u0119s 2000-aisiais.<\/p>\n<hr data-start=\"838\" data-end=\"841\" \/>\n<h3 data-start=\"843\" data-end=\"870\"><strong data-start=\"847\" data-end=\"870\">Value assessment:<\/strong><\/h3>\n<ul data-start=\"872\" data-end=\"1460\">\n<li data-start=\"872\" data-end=\"1116\">\n<p data-start=\"874\" data-end=\"1116\"><strong data-start=\"874\" data-end=\"894\">Collectible value:<\/strong> Vidutin\u0117 \u012f auk\u0161tesn\u0119 \u2013 d\u0117l to, kad tai riboto leidimo (\u201eEdycja limitowana\u201c) mentolio skonio versija. Po ES draudimo pardavin\u0117ti mentolio cigaretes (nuo 2020 m.), toki\u0173 senesni\u0173 leidim\u0173 paklausa tarp kolekcinink\u0173 padid\u0117jo.<\/p>\n<\/li>\n<li data-start=\"1117\" data-end=\"1209\">\n<p data-start=\"1119\" data-end=\"1209\"><strong data-start=\"1119\" data-end=\"1141\">Condition assessment:<\/strong> Neatidarytas, originali apsaugin\u0117 pl\u0117vel\u0117 \u2013 ideali kolekcin\u0117 b\u016bkl\u0117.<\/p>\n<\/li>\n<li data-start=\"1210\" data-end=\"1460\">\n<p data-start=\"1212\" data-end=\"1460\"><strong data-start=\"1212\" data-end=\"1252\">Historical data and popularity:<\/strong><br data-start=\"1252\" data-end=\"1255\" \/>Mentolio cigaret\u0117s i\u0161 Ryt\u0173 Europos rink\u0173 prie\u0161 j\u0173 ribojimus yra aktyviai ie\u0161komos tam tikruose kolekcionavimo sluoksniuose. \u201eCristal\u201c n\u0117ra pla\u010diai \u017einomas \u017eenklas, bet tai padidina retenyb\u0119 ir unikalum\u0105.<\/p>\n<\/li>\n<\/ul>","protected":false},"excerpt":{"rendered":"<p data-start=\"65\" data-end=\"121\"><strong data-start=\"65\" data-end=\"99\">Brand and name:<\/strong> Cristal Blend Menthol<\/p>\n<p data-start=\"123\" data-end=\"146\"><strong data-start=\"123\" data-end=\"133\">Size:<\/strong> 20 cigarettes<\/p>\n<p data-start=\"148\" data-end=\"174\"><strong data-start=\"148\" data-end=\"166\">Country of manufacture:<\/strong> Poland<\/p>\n<p data-start=\"176\" data-end=\"244\"><strong data-start=\"176\" data-end=\"200\">Production period:<\/strong> 2004 m. (pagal akcizo \u017eenkl\u0105 \u201eKRAJ \u2013 2004\u201c)<\/p>\n<p data-start=\"246\" data-end=\"279\"><strong data-start=\"246\" data-end=\"264\">Package type:<\/strong> Hard pack<\/p>","protected":false},"featured_media":10904,"template":"","meta":{"_surecart_dashboard_logo_width":"180px","_surecart_dashboard_show_logo":true,"_surecart_dashboard_navigation_orders":true,"_surecart_dashboard_navigation_invoices":true,"_surecart_dashboard_navigation_subscriptions":true,"_surecart_dashboard_navigation_downloads":true,"_surecart_dashboard_navigation_billing":true,"_surecart_dashboard_navigation_account":true,"site-sidebar-layout":"default","site-content-layout":"","ast-site-content-layout":"default","site-content-style":"default","site-sidebar-style":"default","ast-global-header-display":"","ast-banner-title-visibility":"","ast-main-header-display":"","ast-hfb-above-header-display":"","ast-hfb-below-header-display":"","ast-hfb-mobile-header-display":"","site-post-title":"","ast-breadcrumbs-content":"","ast-featured-img":"","footer-sml-layout":"","ast-disable-related-posts":"","theme-transparent-header-meta":"default","adv-header-id-meta":"","stick-header-meta":"","header-above-stick-meta":"","header-main-stick-meta":"","header-below-stick-meta":"","astra-migrate-meta-layouts":"set","ast-page-background-enabled":"default","ast-page-background-meta":{"desktop":{"background-color":"","background-image":"","background-repeat":"repeat","background-position":"center center","background-size":"auto","background-attachment":"scroll","background-type":"","background-media":"","overlay-type":"","overlay-color":"","overlay-opacity":"","overlay-gradient":""},"tablet":{"background-color":"","background-image":"","background-repeat":"repeat","background-position":"center center","background-size":"auto","background-attachment":"scroll","background-type":"","background-media":"","overlay-type":"","overlay-color":"","overlay-opacity":"","overlay-gradient":""},"mobile":{"background-color":"","background-image":"","background-repeat":"repeat","background-position":"center center","background-size":"auto","background-attachment":"scroll","background-type":"","background-media":"","overlay-type":"","overlay-color":"","overlay-opacity":"","overlay-gradient":""}},"ast-content-background-meta":{"desktop":{"background-color":"var(--ast-global-color-5)","background-image":"","background-repeat":"repeat","background-position":"center center","background-size":"auto","background-attachment":"scroll","background-type":"","background-media":"","overlay-type":"","overlay-color":"","overlay-opacity":"","overlay-gradient":""},"tablet":{"background-color":"var(--ast-global-color-5)","background-image":"","background-repeat":"repeat","background-position":"center center","background-size":"auto","background-attachment":"scroll","background-type":"","background-media":"","overlay-type":"","overlay-color":"","overlay-opacity":"","overlay-gradient":""},"mobile":{"background-color":"var(--ast-global-color-5)","background-image":"","background-repeat":"repeat","background-position":"center center","background-size":"auto","background-attachment":"scroll","background-type":"","background-media":"","overlay-type":"","overlay-color":"","overlay-opacity":"","overlay-gradient":""}}},"product_brand":[],"product_cat":[182],"product_tag":[],"class_list":{"0":"post-10909","1":"product","2":"type-product","3":"status-publish","4":"has-post-thumbnail","6":"product_cat-poland","7":"desktop-align-left","8":"tablet-align-left","9":"mobile-align-left","11":"first","12":"outofstock","13":"shipping-taxable","14":"purchasable","15":"product-type-simple","16":"add-to-wishlist-before_image"},"_links":{"self":[{"href":"https:\/\/colligatum.com\/en\/wp-json\/wp\/v2\/product\/10909","targetHints":{"allow":["GET"]}}],"collection":[{"href":"https:\/\/colligatum.com\/en\/wp-json\/wp\/v2\/product"}],"about":[{"href":"https:\/\/colligatum.com\/en\/wp-json\/wp\/v2\/types\/product"}],"version-history":[{"count":1,"href":"https:\/\/colligatum.com\/en\/wp-json\/wp\/v2\/product\/10909\/revisions"}],"predecessor-version":[{"id":10910,"href":"https:\/\/colligatum.com\/en\/wp-json\/wp\/v2\/product\/10909\/revisions\/10910"}],"wp:featuredmedia":[{"embeddable":true,"href":"https:\/\/colligatum.com\/en\/wp-json\/wp\/v2\/media\/10904"}],"wp:attachment":[{"href":"https:\/\/colligatum.com\/en\/wp-json\/wp\/v2\/media?parent=10909"}],"wp:term":[{"taxonomy":"product_brand","embeddable":true,"href":"https:\/\/colligatum.com\/en\/wp-json\/wp\/v2\/product_brand?post=10909"},{"taxonomy":"product_cat","embeddable":true,"href":"https:\/\/colligatum.com\/en\/wp-json\/wp\/v2\/product_cat?post=10909"},{"taxonomy":"product_tag","embeddable":true,"href":"https:\/\/colligatum.com\/en\/wp-json\/wp\/v2\/product_tag?post=10909"}],"curies":[{"name":"wp","href":"https:\/\/api.w.org\/{rel}","templated":true}]}}