{"id":11017,"date":"2025-06-08T06:05:24","date_gmt":"2025-06-08T04:05:24","guid":{"rendered":"https:\/\/colligatum.com\/?post_type=product&#038;p=11017"},"modified":"2025-06-08T06:05:24","modified_gmt":"2025-06-08T04:05:24","slug":"alba-%d0%bb%d0%b5%d0%b3%d0%ba%d0%b0%d1%8f","status":"publish","type":"product","link":"https:\/\/colligatum.com\/en\/product\/alba-%d0%bb%d0%b5%d0%b3%d0%ba%d0%b0%d1%8f\/","title":{"rendered":"Alba Light"},"content":{"rendered":"<p data-start=\"274\" data-end=\"762\"><strong data-start=\"274\" data-end=\"288\">Description:<\/strong><br data-start=\"288\" data-end=\"291\" \/>\u201eAlba\u201c \u2013 tai rusi\u0161kas cigare\u010di\u0173 \u017eenklas, kuris, kaip nurodyta ant pakelio, gaminamas pagal \u201eBAT Russia\u201c (British American Tobacco) licencij\u0105. \u0160i \u201e\u041b\u0435\u0433\u043a\u0430\u044f\u201c (lengvo stiprumo) versija turi \u0161var\u0173, balt\u0105 dizain\u0105 su m\u0117lynu logotipu centre. Minimalistin\u0117 pakuot\u0117 i\u0161siskiria sant\u016brumu ir \u0161varia tipografija \u2013 tai b\u016bdinga produktams, orientuotiems \u012f platesn\u0119 vartotoj\u0173 grup\u0119. Pakuot\u0117je taip pat matomas rusi\u0161kas akcizo \u017eenklas, kuris patvirtina teis\u0117t\u0105 platinim\u0105 vietin\u0117je rinkoje.<\/p>\n<hr data-start=\"764\" data-end=\"767\" \/>\n<p data-start=\"769\" data-end=\"792\"><strong data-start=\"769\" data-end=\"792\">Value assessment:<\/strong><\/p>\n<ul data-start=\"794\" data-end=\"1367\">\n<li data-start=\"794\" data-end=\"1029\">\n<p data-start=\"796\" data-end=\"1029\"><strong data-start=\"796\" data-end=\"816\">Collectible value:<\/strong> Medium<br data-start=\"825\" data-end=\"828\" \/>Nors tai n\u0117ra ypatingas ar teminis leidimas, \u201eAlba\u201c pakeliai yra \u012fdom\u016bs kaip regioninis produktas i\u0161 Rusijos laikotarpio, kai licencijuoti vietiniai \u017eenklai buvo paplit\u0119, bet v\u0117liau i\u0161nyko i\u0161 rinkos.<\/p>\n<\/li>\n<li data-start=\"1031\" data-end=\"1118\">\n<p data-start=\"1033\" data-end=\"1118\"><strong data-start=\"1033\" data-end=\"1055\">Condition assessment:<\/strong> Neatidarytas, puikios b\u016bkl\u0117s, su originalia pl\u0117vele ir akcizu.<\/p>\n<\/li>\n<li data-start=\"1120\" data-end=\"1367\">\n<p data-start=\"1122\" data-end=\"1367\"><strong data-start=\"1122\" data-end=\"1162\">Historical data and popularity:<\/strong><br data-start=\"1162\" data-end=\"1165\" \/>\u201eAlba\u201c cigaret\u0117s buvo nebrangios, gamintos kaip prieinamas vietinis produktas pagal tarptautini\u0173 kompanij\u0173 licencij\u0105. \u0160iuo metu tokie pakeliai laikomi kolekciniais vienetais d\u0117l j\u0173 i\u0161nykimo i\u0161 rinkos.<\/p>\n<\/li>\n<\/ul>","protected":false},"excerpt":{"rendered":"<p data-start=\"76\" data-end=\"131\"><strong data-start=\"76\" data-end=\"110\">Brand and name:<\/strong> Alba \u041b\u0435\u0433\u043a\u0430\u044f (Lengva)<\/p>\n<p data-start=\"133\" data-end=\"156\"><strong data-start=\"133\" data-end=\"143\">Size:<\/strong> 20 cigarettes<\/p>\n<p data-start=\"158\" data-end=\"183\"><strong data-start=\"158\" data-end=\"176\">Country of manufacture:<\/strong> Russia<\/p>\n<p data-start=\"185\" data-end=\"237\"><strong data-start=\"185\" data-end=\"209\">Production period:<\/strong> Approximately 2005\u20132012<\/p>\n<p data-start=\"239\" data-end=\"272\"><strong data-start=\"239\" data-end=\"257\">Package type:<\/strong> Hard pack<\/p>","protected":false},"featured_media":10953,"template":"","meta":{"_surecart_dashboard_logo_width":"180px","_surecart_dashboard_show_logo":true,"_surecart_dashboard_navigation_orders":true,"_surecart_dashboard_navigation_invoices":true,"_surecart_dashboard_navigation_subscriptions":true,"_surecart_dashboard_navigation_downloads":true,"_surecart_dashboard_navigation_billing":true,"_surecart_dashboard_navigation_account":true,"site-sidebar-layout":"default","site-content-layout":"","ast-site-content-layout":"default","site-content-style":"default","site-sidebar-style":"default","ast-global-header-display":"","ast-banner-title-visibility":"","ast-main-header-display":"","ast-hfb-above-header-display":"","ast-hfb-below-header-display":"","ast-hfb-mobile-header-display":"","site-post-title":"","ast-breadcrumbs-content":"","ast-featured-img":"","footer-sml-layout":"","theme-transparent-header-meta":"default","adv-header-id-meta":"","stick-header-meta":"","header-above-stick-meta":"","header-main-stick-meta":"","header-below-stick-meta":"","astra-migrate-meta-layouts":"set","ast-page-background-enabled":"default","ast-page-background-meta":{"desktop":{"background-color":"","background-image":"","background-repeat":"repeat","background-position":"center center","background-size":"auto","background-attachment":"scroll","background-type":"","background-media":"","overlay-type":"","overlay-color":"","overlay-opacity":"","overlay-gradient":""},"tablet":{"background-color":"","background-image":"","background-repeat":"repeat","background-position":"center center","background-size":"auto","background-attachment":"scroll","background-type":"","background-media":"","overlay-type":"","overlay-color":"","overlay-opacity":"","overlay-gradient":""},"mobile":{"background-color":"","background-image":"","background-repeat":"repeat","background-position":"center center","background-size":"auto","background-attachment":"scroll","background-type":"","background-media":"","overlay-type":"","overlay-color":"","overlay-opacity":"","overlay-gradient":""}},"ast-content-background-meta":{"desktop":{"background-color":"var(--ast-global-color-5)","background-image":"","background-repeat":"repeat","background-position":"center center","background-size":"auto","background-attachment":"scroll","background-type":"","background-media":"","overlay-type":"","overlay-color":"","overlay-opacity":"","overlay-gradient":""},"tablet":{"background-color":"var(--ast-global-color-5)","background-image":"","background-repeat":"repeat","background-position":"center center","background-size":"auto","background-attachment":"scroll","background-type":"","background-media":"","overlay-type":"","overlay-color":"","overlay-opacity":"","overlay-gradient":""},"mobile":{"background-color":"var(--ast-global-color-5)","background-image":"","background-repeat":"repeat","background-position":"center center","background-size":"auto","background-attachment":"scroll","background-type":"","background-media":"","overlay-type":"","overlay-color":"","overlay-opacity":"","overlay-gradient":""}}},"product_brand":[],"product_cat":[183],"product_tag":[],"class_list":{"0":"post-11017","1":"product","2":"type-product","3":"status-publish","4":"has-post-thumbnail","6":"product_cat-russia","7":"desktop-align-left","8":"tablet-align-left","9":"mobile-align-left","11":"first","12":"instock","13":"sale","14":"shipping-taxable","15":"purchasable","16":"product-type-simple","17":"add-to-wishlist-before_image"},"_links":{"self":[{"href":"https:\/\/colligatum.com\/en\/wp-json\/wp\/v2\/product\/11017","targetHints":{"allow":["GET"]}}],"collection":[{"href":"https:\/\/colligatum.com\/en\/wp-json\/wp\/v2\/product"}],"about":[{"href":"https:\/\/colligatum.com\/en\/wp-json\/wp\/v2\/types\/product"}],"version-history":[{"count":1,"href":"https:\/\/colligatum.com\/en\/wp-json\/wp\/v2\/product\/11017\/revisions"}],"predecessor-version":[{"id":11018,"href":"https:\/\/colligatum.com\/en\/wp-json\/wp\/v2\/product\/11017\/revisions\/11018"}],"wp:featuredmedia":[{"embeddable":true,"href":"https:\/\/colligatum.com\/en\/wp-json\/wp\/v2\/media\/10953"}],"wp:attachment":[{"href":"https:\/\/colligatum.com\/en\/wp-json\/wp\/v2\/media?parent=11017"}],"wp:term":[{"taxonomy":"product_brand","embeddable":true,"href":"https:\/\/colligatum.com\/en\/wp-json\/wp\/v2\/product_brand?post=11017"},{"taxonomy":"product_cat","embeddable":true,"href":"https:\/\/colligatum.com\/en\/wp-json\/wp\/v2\/product_cat?post=11017"},{"taxonomy":"product_tag","embeddable":true,"href":"https:\/\/colligatum.com\/en\/wp-json\/wp\/v2\/product_tag?post=11017"}],"curies":[{"name":"wp","href":"https:\/\/api.w.org\/{rel}","templated":true}]}}