{"id":11647,"date":"2025-06-27T06:49:09","date_gmt":"2025-06-27T04:49:09","guid":{"rendered":"https:\/\/colligatum.com\/?post_type=product&#038;p=11647"},"modified":"2025-06-27T06:49:09","modified_gmt":"2025-06-27T04:49:09","slug":"gudang-garam-surya-16","status":"publish","type":"product","link":"https:\/\/colligatum.com\/en\/product\/gudang-garam-surya-16\/","title":{"rendered":"Gudang Garam Surya 16"},"content":{"rendered":"<p data-start=\"278\" data-end=\"719\"><strong data-start=\"278\" data-end=\"292\">Description:<\/strong><br data-start=\"292\" data-end=\"295\" \/>\u201eGudang Garam\u201c yra vienas \u017eymiausi\u0173 Indonezijos kretek (gvazdikini\u0173) cigare\u010di\u0173 prek\u0117s \u017eenkl\u0173, o \u201eSurya 16\u201c yra viena i\u0161 populiariausi\u0173 linij\u0173. \u0160i versija turi prabang\u0173 dizain\u0105 \u2013 tamsiai rudos spalvos fonas, auksin\u0117s raid\u0117s ir r\u0117meliai, taip pat tradicin\u0117s indonezieti\u0161kos architekt\u016bros simbolis logotipe. \u012esp\u0117jimai nurodyti indonezie\u010di\u0173 kalba, o pakuot\u0117 pagaminta vidinei rinkai \u2013 tai patvirtina ir vietinis akcizo lipdukas.<\/p>\n<hr data-start=\"721\" data-end=\"724\" \/>\n<h3 data-start=\"726\" data-end=\"749\">Value assessment:<\/h3>\n<ul data-start=\"751\" data-end=\"1381\">\n<li data-start=\"751\" data-end=\"1056\">\n<p data-start=\"753\" data-end=\"1056\"><strong data-start=\"753\" data-end=\"773\">Collectible value:<\/strong> Vidutin\u0117. Gudang Garam yra pla\u010diai \u017einomas prekinis \u017eenklas Azijoje, ta\u010diau \u201eSurya 16\u201c versija, skirta vidaus rinkai ir nepritaikyta eksportui, yra paklausesn\u0117 kolekcionieri\u0173 tarpe. D\u0117l i\u0161skirtinio formato (16 vietoj \u012fprast\u0173 20 cigare\u010di\u0173) ir dizaino pakelis \u012fgyja papildomos vert\u0117s.<\/p>\n<\/li>\n<li data-start=\"1058\" data-end=\"1160\">\n<p data-start=\"1060\" data-end=\"1160\"><strong data-start=\"1060\" data-end=\"1082\">Condition assessment:<\/strong> Neatidarytas, labai gera b\u016bkl\u0117, i\u0161saugota pl\u0117vel\u0117, auksin\u0117 spauda nepa\u017eeista.<\/p>\n<\/li>\n<li data-start=\"1162\" data-end=\"1381\">\n<p data-start=\"1164\" data-end=\"1381\"><strong data-start=\"1164\" data-end=\"1204\">Historical data and popularity:<\/strong> Kretek tipo cigaret\u0117s turi unikali\u0105 viet\u0105 pasaulin\u0117je tabako kult\u016broje. Gudang Garam yra vienas i\u0161 pagrindini\u0173 gamintoj\u0173, o \u201eSurya 16\u201c yra laikoma viena presti\u017ei\u0161kesni\u0173 linij\u0173.<\/p>\n<\/li>\n<\/ul>","protected":false},"excerpt":{"rendered":"<p data-start=\"85\" data-end=\"141\"><strong data-start=\"85\" data-end=\"119\">Brand and name:<\/strong> Gudang Garam Surya 16<\/p>\n<p data-start=\"143\" data-end=\"166\"><strong data-start=\"143\" data-end=\"153\">Size:<\/strong> 16 cigarettes<\/p>\n<p data-start=\"168\" data-end=\"197\"><strong data-start=\"168\" data-end=\"186\">Country of manufacture:<\/strong> Indonesia<\/p>\n<p data-start=\"199\" data-end=\"241\"><strong data-start=\"199\" data-end=\"223\">Production period:<\/strong> Around 2010\u20132020.<\/p>\n<p data-start=\"243\" data-end=\"276\"><strong data-start=\"243\" data-end=\"261\">Package type:<\/strong> Hard pack<\/p>","protected":false},"featured_media":11594,"template":"","meta":{"_surecart_dashboard_logo_width":"180px","_surecart_dashboard_show_logo":true,"_surecart_dashboard_navigation_orders":true,"_surecart_dashboard_navigation_invoices":true,"_surecart_dashboard_navigation_subscriptions":true,"_surecart_dashboard_navigation_downloads":true,"_surecart_dashboard_navigation_billing":true,"_surecart_dashboard_navigation_account":true,"site-sidebar-layout":"default","site-content-layout":"","ast-site-content-layout":"default","site-content-style":"default","site-sidebar-style":"default","ast-global-header-display":"","ast-banner-title-visibility":"","ast-main-header-display":"","ast-hfb-above-header-display":"","ast-hfb-below-header-display":"","ast-hfb-mobile-header-display":"","site-post-title":"","ast-breadcrumbs-content":"","ast-featured-img":"","footer-sml-layout":"","theme-transparent-header-meta":"default","adv-header-id-meta":"","stick-header-meta":"","header-above-stick-meta":"","header-main-stick-meta":"","header-below-stick-meta":"","astra-migrate-meta-layouts":"set","ast-page-background-enabled":"default","ast-page-background-meta":{"desktop":{"background-color":"","background-image":"","background-repeat":"repeat","background-position":"center center","background-size":"auto","background-attachment":"scroll","background-type":"","background-media":"","overlay-type":"","overlay-color":"","overlay-opacity":"","overlay-gradient":""},"tablet":{"background-color":"","background-image":"","background-repeat":"repeat","background-position":"center center","background-size":"auto","background-attachment":"scroll","background-type":"","background-media":"","overlay-type":"","overlay-color":"","overlay-opacity":"","overlay-gradient":""},"mobile":{"background-color":"","background-image":"","background-repeat":"repeat","background-position":"center center","background-size":"auto","background-attachment":"scroll","background-type":"","background-media":"","overlay-type":"","overlay-color":"","overlay-opacity":"","overlay-gradient":""}},"ast-content-background-meta":{"desktop":{"background-color":"var(--ast-global-color-5)","background-image":"","background-repeat":"repeat","background-position":"center center","background-size":"auto","background-attachment":"scroll","background-type":"","background-media":"","overlay-type":"","overlay-color":"","overlay-opacity":"","overlay-gradient":""},"tablet":{"background-color":"var(--ast-global-color-5)","background-image":"","background-repeat":"repeat","background-position":"center center","background-size":"auto","background-attachment":"scroll","background-type":"","background-media":"","overlay-type":"","overlay-color":"","overlay-opacity":"","overlay-gradient":""},"mobile":{"background-color":"var(--ast-global-color-5)","background-image":"","background-repeat":"repeat","background-position":"center center","background-size":"auto","background-attachment":"scroll","background-type":"","background-media":"","overlay-type":"","overlay-color":"","overlay-opacity":"","overlay-gradient":""}}},"product_brand":[],"product_cat":[207],"product_tag":[],"class_list":{"0":"post-11647","1":"product","2":"type-product","3":"status-publish","4":"has-post-thumbnail","6":"product_cat-indonesia","7":"desktop-align-left","8":"tablet-align-left","9":"mobile-align-left","11":"first","12":"instock","13":"sale","14":"shipping-taxable","15":"purchasable","16":"product-type-simple","17":"add-to-wishlist-before_image"},"_links":{"self":[{"href":"https:\/\/colligatum.com\/en\/wp-json\/wp\/v2\/product\/11647","targetHints":{"allow":["GET"]}}],"collection":[{"href":"https:\/\/colligatum.com\/en\/wp-json\/wp\/v2\/product"}],"about":[{"href":"https:\/\/colligatum.com\/en\/wp-json\/wp\/v2\/types\/product"}],"version-history":[{"count":1,"href":"https:\/\/colligatum.com\/en\/wp-json\/wp\/v2\/product\/11647\/revisions"}],"predecessor-version":[{"id":11648,"href":"https:\/\/colligatum.com\/en\/wp-json\/wp\/v2\/product\/11647\/revisions\/11648"}],"wp:featuredmedia":[{"embeddable":true,"href":"https:\/\/colligatum.com\/en\/wp-json\/wp\/v2\/media\/11594"}],"wp:attachment":[{"href":"https:\/\/colligatum.com\/en\/wp-json\/wp\/v2\/media?parent=11647"}],"wp:term":[{"taxonomy":"product_brand","embeddable":true,"href":"https:\/\/colligatum.com\/en\/wp-json\/wp\/v2\/product_brand?post=11647"},{"taxonomy":"product_cat","embeddable":true,"href":"https:\/\/colligatum.com\/en\/wp-json\/wp\/v2\/product_cat?post=11647"},{"taxonomy":"product_tag","embeddable":true,"href":"https:\/\/colligatum.com\/en\/wp-json\/wp\/v2\/product_tag?post=11647"}],"curies":[{"name":"wp","href":"https:\/\/api.w.org\/{rel}","templated":true}]}}