{"id":11663,"date":"2025-06-27T08:55:10","date_gmt":"2025-06-27T06:55:10","guid":{"rendered":"https:\/\/colligatum.com\/?post_type=product&#038;p=11663"},"modified":"2026-04-04T10:03:13","modified_gmt":"2026-04-04T08:03:13","slug":"bt-export-filter","status":"publish","type":"product","link":"https:\/\/colligatum.com\/en\/product\/bt-export-filter\/","title":{"rendered":"BT Export (Filter)"},"content":{"rendered":"<p data-start=\"485\" data-end=\"539\"><strong data-start=\"485\" data-end=\"499\">Apra\u0161ymas:<\/strong><br data-start=\"499\" data-end=\"502\" \/><span class=\"relative -mx-px my-[-0.2rem] rounded px-px py-[0.2rem] transition-colors duration-100 ease-in-out\">BT (\u201e\u0411\u0422\u201c) \u2013 vienas i\u0161 Bulgartabac koncerno klasikini\u0173 \u017eenkl\u0173, gamintas ir skirtas tiek vidaus rinkai, tiek eksportui. Pakuot\u0117 minimalistin\u0117 \u2013 balta su horizontaliais dry\u017eiais ir paprastu, masyviai st\u016bksan\u010diu logotipu \u201eBT\u201c, \u017eemiau \u2013 raudonu mai\u0161u su u\u017era\u0161u \u201eExport\u201c. Pakuot\u0117s dugne \u2013 \u012fsp\u0117jimas rus\u0173 kalba \u201e\u041a\u0443\u0440\u0435\u043d\u0438\u0435 \u0432\u0440\u0435\u0434\u0438\u0442 \u0432\u0430\u0448\u0435\u043c\u0443 \u0437\u0434\u043e\u0440\u043e\u0432\u044c\u044e\u201c, rodo, jog pakelis buvo skirtas eksporto rinkoms. Ant \u0161ono matyti u\u017era\u0161as \u201eMade in Bulgaria\u201c.<\/span><\/p>\n<hr data-start=\"541\" data-end=\"544\" \/>\n<h3 data-start=\"546\" data-end=\"571\">Vert\u0117s \u012fvertinimas \ud83d\udce6<\/h3>\n<ul data-start=\"573\" data-end=\"733\">\n<li data-start=\"573\" data-end=\"612\">\n<p data-start=\"575\" data-end=\"612\"><span class=\"relative -mx-px my-[-0.2rem] rounded px-px py-[0.2rem] transition-colors duration-100 ease-in-out\"><strong data-start=\"0\" data-end=\"20\" data-is-only-node=\"\">Kolekcin\u0117 vert\u0117:<\/strong> Vidutin\u0117. BT pakeliai yra gerai \u017einomi tarp kolekcinink\u0173, ypa\u010d sen\u0105sias eksportines versijas m\u0117gsta Ryt\u0173 Europos ir buvusios SSRS kolekcininkai. Ta\u010diau esmin\u012f skirtum\u0105 padaro b\u016bkl\u0117 ir specifin\u0117 versija.<\/span><\/p>\n<\/li>\n<li data-start=\"614\" data-end=\"653\">\n<p data-start=\"616\" data-end=\"653\"><span class=\"relative -mx-px my-[-0.2rem] rounded px-px py-[0.2rem] transition-colors duration-100 ease-in-out\"><strong data-start=\"0\" data-end=\"22\" data-is-only-node=\"\">B\u016bkl\u0117s vertinimas:<\/strong> Neatidarytas, ta\u010diau stebimi pavir\u0161iaus d\u0117m\u0117jimai ir pl\u0117vel\u0117s d\u0117v\u0117jimas \u2013 apibendrintai <strong data-start=\"111\" data-end=\"134\">vidutin\u0117\u2013\u017eema b\u016bkl\u0117<\/strong>.<\/span><\/p>\n<\/li>\n<li data-start=\"655\" data-end=\"733\">\n<p data-start=\"657\" data-end=\"733\"><span class=\"relative -mx-px my-[-0.2rem] rounded px-px py-[0.2rem] transition-colors duration-100 ease-in-out\"><strong data-start=\"0\" data-end=\"40\" data-is-only-node=\"\">Istoriniai duomenys ir populiarumas:<\/strong> BT (\u201eBulgarian Tobacco\u201c) buvo viena pagrindini\u0173 Bulgarijos tabako produkt\u0173 marki\u0173 nuo 1950 m. iki privatinimo ir Bulgarijos naryst\u0117s ES. Eksportin\u0117s versijos buvo pla\u010diai platinamos Soviet\u0173 bloko \u0161alyse ir kitur Ryt\u0173 Europoje<\/span><\/p>\n<\/li>\n<\/ul>\n","protected":false},"excerpt":{"rendered":"<p data-start=\"44\" data-end=\"97\"><strong data-start=\"44\" data-end=\"78\">Prek\u0117s \u017eenklas ir pavadinimas:<\/strong> BT Export (Filter)<\/p>\n<p data-start=\"99\" data-end=\"122\"><strong data-start=\"99\" data-end=\"109\">Dydis:<\/strong> 20 cigare\u010di\u0173<\/p>\n<p data-start=\"124\" data-end=\"224\"><strong data-start=\"124\" data-end=\"142\">Gamybos \u0161alis:<\/strong> Bulgarija (pagaminta Bulgartabac gamyklose) <span class=\"\" data-state=\"closed\"><span class=\"ms-1 inline-flex max-w-full items-center relative top-[-0.094rem] animate-[show_150ms_ease-in]\"><a class=\"flex h-4.5 overflow-hidden rounded-xl px-2 text-[9px] font-medium text-token-text-secondary! bg-[#F4F4F4]! dark:bg-[#303030]! transition-colors duration-150 ease-in-out\" href=\"https:\/\/www.cigarettespedia.com\/index.php\/BT_%28Filter_Export%29_KS-20-S_-_Bulgaria?utm_source=chatgpt.com\" target=\"_blank\" rel=\"noopener\"><span class=\"relative start-0 bottom-0 flex h-full w-full items-center\"><span class=\"flex h-4 w-full items-center justify-between\"><span class=\"max-w-full grow truncate overflow-hidden text-center\">cigarettespedia.com<\/span><span class=\"-me-1 flex h-full items-center rounded-full px-1 text-[#8F8F8F]\">+1<\/span><\/span><span class=\"flex h-4 w-full items-center justify-between absolute\"><span class=\"max-w-full grow truncate overflow-hidden text-center\">ebay.com<\/span><span class=\"-me-1 flex h-full items-center rounded-full px-1 text-[#8F8F8F]\">+1<\/span><\/span><\/span><\/a><\/span><\/span><\/p>\n<p data-start=\"226\" data-end=\"376\"><strong data-start=\"226\" data-end=\"250\">Gamybos laikotarpis:<\/strong> Apytiksliai 1970\u20131990 m.; BT prek\u0117s \u017eenklas dominuoja Bulgarijos gamyboje nuo 1950\u2013\u0173j\u0173 .<\/p>\n<p data-start=\"378\" data-end=\"483\"><strong data-start=\"378\" data-end=\"396\">Pakeli\u0173 tipas:<\/strong> Mink\u0161tas arba kietas pakelis (nuo pakuot\u0117s matosi \u2013 grei\u010diausiai mink\u0161tas su filtrais)<\/p>\n","protected":false},"featured_media":11610,"template":"","meta":{"_surecart_dashboard_logo_width":"180px","_surecart_dashboard_show_logo":true,"_surecart_dashboard_navigation_orders":true,"_surecart_dashboard_navigation_invoices":true,"_surecart_dashboard_navigation_subscriptions":true,"_surecart_dashboard_navigation_downloads":true,"_surecart_dashboard_navigation_billing":true,"_surecart_dashboard_navigation_account":true,"site-sidebar-layout":"default","site-content-layout":"","ast-site-content-layout":"default","site-content-style":"default","site-sidebar-style":"default","ast-global-header-display":"","ast-banner-title-visibility":"","ast-main-header-display":"","ast-hfb-above-header-display":"","ast-hfb-below-header-display":"","ast-hfb-mobile-header-display":"","site-post-title":"","ast-breadcrumbs-content":"","ast-featured-img":"","footer-sml-layout":"","theme-transparent-header-meta":"default","adv-header-id-meta":"","stick-header-meta":"","header-above-stick-meta":"","header-main-stick-meta":"","header-below-stick-meta":"","astra-migrate-meta-layouts":"set","ast-page-background-enabled":"default","ast-page-background-meta":{"desktop":{"background-color":"","background-image":"","background-repeat":"repeat","background-position":"center center","background-size":"auto","background-attachment":"scroll","background-type":"","background-media":"","overlay-type":"","overlay-color":"","overlay-opacity":"","overlay-gradient":""},"tablet":{"background-color":"","background-image":"","background-repeat":"repeat","background-position":"center center","background-size":"auto","background-attachment":"scroll","background-type":"","background-media":"","overlay-type":"","overlay-color":"","overlay-opacity":"","overlay-gradient":""},"mobile":{"background-color":"","background-image":"","background-repeat":"repeat","background-position":"center center","background-size":"auto","background-attachment":"scroll","background-type":"","background-media":"","overlay-type":"","overlay-color":"","overlay-opacity":"","overlay-gradient":""}},"ast-content-background-meta":{"desktop":{"background-color":"var(--ast-global-color-5)","background-image":"","background-repeat":"repeat","background-position":"center center","background-size":"auto","background-attachment":"scroll","background-type":"","background-media":"","overlay-type":"","overlay-color":"","overlay-opacity":"","overlay-gradient":""},"tablet":{"background-color":"var(--ast-global-color-5)","background-image":"","background-repeat":"repeat","background-position":"center center","background-size":"auto","background-attachment":"scroll","background-type":"","background-media":"","overlay-type":"","overlay-color":"","overlay-opacity":"","overlay-gradient":""},"mobile":{"background-color":"var(--ast-global-color-5)","background-image":"","background-repeat":"repeat","background-position":"center center","background-size":"auto","background-attachment":"scroll","background-type":"","background-media":"","overlay-type":"","overlay-color":"","overlay-opacity":"","overlay-gradient":""}}},"product_brand":[],"product_cat":[135],"product_tag":[],"class_list":{"0":"post-11663","1":"product","2":"type-product","3":"status-publish","4":"has-post-thumbnail","6":"product_cat-bulgaria","7":"desktop-align-left","8":"tablet-align-left","9":"mobile-align-left","11":"first","12":"outofstock","13":"sale","14":"shipping-taxable","15":"purchasable","16":"product-type-simple","17":"add-to-wishlist-before_image"},"_links":{"self":[{"href":"https:\/\/colligatum.com\/en\/wp-json\/wp\/v2\/product\/11663","targetHints":{"allow":["GET"]}}],"collection":[{"href":"https:\/\/colligatum.com\/en\/wp-json\/wp\/v2\/product"}],"about":[{"href":"https:\/\/colligatum.com\/en\/wp-json\/wp\/v2\/types\/product"}],"version-history":[{"count":1,"href":"https:\/\/colligatum.com\/en\/wp-json\/wp\/v2\/product\/11663\/revisions"}],"predecessor-version":[{"id":11664,"href":"https:\/\/colligatum.com\/en\/wp-json\/wp\/v2\/product\/11663\/revisions\/11664"}],"wp:featuredmedia":[{"embeddable":true,"href":"https:\/\/colligatum.com\/en\/wp-json\/wp\/v2\/media\/11610"}],"wp:attachment":[{"href":"https:\/\/colligatum.com\/en\/wp-json\/wp\/v2\/media?parent=11663"}],"wp:term":[{"taxonomy":"product_brand","embeddable":true,"href":"https:\/\/colligatum.com\/en\/wp-json\/wp\/v2\/product_brand?post=11663"},{"taxonomy":"product_cat","embeddable":true,"href":"https:\/\/colligatum.com\/en\/wp-json\/wp\/v2\/product_cat?post=11663"},{"taxonomy":"product_tag","embeddable":true,"href":"https:\/\/colligatum.com\/en\/wp-json\/wp\/v2\/product_tag?post=11663"}],"curies":[{"name":"wp","href":"https:\/\/api.w.org\/{rel}","templated":true}]}}