{"id":11671,"date":"2025-06-27T09:31:18","date_gmt":"2025-06-27T07:31:18","guid":{"rendered":"https:\/\/colligatum.com\/?post_type=product&#038;p=11671"},"modified":"2025-10-02T12:40:30","modified_gmt":"2025-10-02T10:40:30","slug":"select-maryland-fin","status":"publish","type":"product","link":"https:\/\/colligatum.com\/en\/product\/select-maryland-fin\/","title":{"rendered":"Select &quot;Maryland Fin&quot;\u201e"},"content":{"rendered":"<p data-start=\"314\" data-end=\"897\"><strong data-start=\"314\" data-end=\"328\">Description:<\/strong><br data-start=\"328\" data-end=\"331\" \/>\u201eSelect Maryland Fin\u201c cigare\u010di\u0173 pakelis i\u0161siskiria eleganti\u0161ku, klasikiniu dizainu su trispalve vertikalia juostele (raudona, auksine, oran\u017eine), centre i\u0161d\u0117stytu prek\u0117s \u017eenklu \u201eSelect\u201c ir herbu su inicialais \u201eJB\u201c. U\u017era\u0161ai pranc\u016bz\u0173 kalba, tokie kaip \u201eFiltre Exclusif\u201c, rodo \u0161io pakelio europin\u0119 kilm\u0119 ir akcentuoja i\u0161skirtin\u0119 filtro kokyb\u0119. Terminas \u201eMaryland Fin\u201c nurodo naudojamo tabako tip\u0105 \u2013 \u0161viesesn\u012f, \u0161velnesn\u012f tabak\u0105, kuris buvo populiarus kontinentin\u0117je Europoje. Dizainas minimalistinis, bet solidus, atspindintis 8\u20139 de\u0161imtme\u010di\u0173 cigare\u010di\u0173 pakeli\u0173 estetik\u0105.<\/p>\n<hr data-start=\"899\" data-end=\"902\" \/>\n<p data-start=\"904\" data-end=\"927\"><strong data-start=\"904\" data-end=\"927\">Value assessment:<\/strong><\/p>\n<ul data-start=\"929\" data-end=\"1616\">\n<li data-start=\"929\" data-end=\"1133\">\n<p data-start=\"931\" data-end=\"1133\"><strong data-start=\"931\" data-end=\"951\">Collectible value:<\/strong> Vidutin\u0117. Nors \u0161is pakelis n\u0117ra i\u0161 \u017einomo ar presti\u017einio preki\u0173 \u017eenklo, jo geografin\u0117 kilm\u0117 (Pranc\u016bzija), unikalus dizainas ir nei\u0161pakuota b\u016bsena suteikia tam tikr\u0105 kolekcin\u0119 vert\u0119.<\/p>\n<\/li>\n<li data-start=\"1135\" data-end=\"1310\">\n<p data-start=\"1137\" data-end=\"1310\"><strong data-start=\"1137\" data-end=\"1159\">Condition assessment:<\/strong> Neatidarytas, kietas pakelis, ta\u010diau yra matom\u0173 deformacij\u0173, \u012flinkim\u0173 ir galim\u0173 spaudimo \u017eymi\u0173. Bendra vertinimo kategorija: <strong data-start=\"1285\" data-end=\"1293\">good<\/strong> (bet ne ideali).<\/p>\n<\/li>\n<li data-start=\"1312\" data-end=\"1616\">\n<p data-start=\"1314\" data-end=\"1616\"><strong data-start=\"1314\" data-end=\"1354\">Historical data and popularity:<\/strong><br data-start=\"1354\" data-end=\"1357\" \/>\u0160is pakelis n\u0117ra pla\u010diai \u017einomas tarptautiniu mastu, ta\u010diau tokio tipo pranc\u016bzi\u0161ki leidimai yra ie\u0161komi tarp kolekcinink\u0173, kurie specializuojasi europiniuose ar 1980\u20131990 m. pakeliuose. Ma\u017eas gamybos kiekis ir ribotas eksportas didina egzemplioriaus retum\u0105.<\/p>\n<\/li>\n<\/ul>","protected":false},"excerpt":{"rendered":"<p data-start=\"114\" data-end=\"170\"><strong data-start=\"114\" data-end=\"148\">Brand and name:<\/strong> Select &quot;Maryland Fin&quot;\u201e<\/p>\n<p data-start=\"172\" data-end=\"195\"><strong data-start=\"172\" data-end=\"182\">Size:<\/strong> 20 cigarettes<\/p>\n<p data-start=\"197\" data-end=\"226\"><strong data-start=\"197\" data-end=\"215\">Country of manufacture:<\/strong> France<\/p>\n<p data-start=\"228\" data-end=\"277\"><strong data-start=\"228\" data-end=\"252\">Production period:<\/strong> Approximately 1980-1990.<\/p>\n<p data-start=\"279\" data-end=\"312\"><strong data-start=\"279\" data-end=\"297\">Package type:<\/strong> Hard pack<\/p>","protected":false},"featured_media":11618,"template":"","meta":{"_surecart_dashboard_logo_width":"180px","_surecart_dashboard_show_logo":true,"_surecart_dashboard_navigation_orders":true,"_surecart_dashboard_navigation_invoices":true,"_surecart_dashboard_navigation_subscriptions":true,"_surecart_dashboard_navigation_downloads":true,"_surecart_dashboard_navigation_billing":true,"_surecart_dashboard_navigation_account":true,"site-sidebar-layout":"default","site-content-layout":"","ast-site-content-layout":"default","site-content-style":"default","site-sidebar-style":"default","ast-global-header-display":"","ast-banner-title-visibility":"","ast-main-header-display":"","ast-hfb-above-header-display":"","ast-hfb-below-header-display":"","ast-hfb-mobile-header-display":"","site-post-title":"","ast-breadcrumbs-content":"","ast-featured-img":"","footer-sml-layout":"","theme-transparent-header-meta":"default","adv-header-id-meta":"","stick-header-meta":"","header-above-stick-meta":"","header-main-stick-meta":"","header-below-stick-meta":"","astra-migrate-meta-layouts":"set","ast-page-background-enabled":"default","ast-page-background-meta":{"desktop":{"background-color":"","background-image":"","background-repeat":"repeat","background-position":"center center","background-size":"auto","background-attachment":"scroll","background-type":"","background-media":"","overlay-type":"","overlay-color":"","overlay-opacity":"","overlay-gradient":""},"tablet":{"background-color":"","background-image":"","background-repeat":"repeat","background-position":"center center","background-size":"auto","background-attachment":"scroll","background-type":"","background-media":"","overlay-type":"","overlay-color":"","overlay-opacity":"","overlay-gradient":""},"mobile":{"background-color":"","background-image":"","background-repeat":"repeat","background-position":"center center","background-size":"auto","background-attachment":"scroll","background-type":"","background-media":"","overlay-type":"","overlay-color":"","overlay-opacity":"","overlay-gradient":""}},"ast-content-background-meta":{"desktop":{"background-color":"var(--ast-global-color-5)","background-image":"","background-repeat":"repeat","background-position":"center center","background-size":"auto","background-attachment":"scroll","background-type":"","background-media":"","overlay-type":"","overlay-color":"","overlay-opacity":"","overlay-gradient":""},"tablet":{"background-color":"var(--ast-global-color-5)","background-image":"","background-repeat":"repeat","background-position":"center center","background-size":"auto","background-attachment":"scroll","background-type":"","background-media":"","overlay-type":"","overlay-color":"","overlay-opacity":"","overlay-gradient":""},"mobile":{"background-color":"var(--ast-global-color-5)","background-image":"","background-repeat":"repeat","background-position":"center center","background-size":"auto","background-attachment":"scroll","background-type":"","background-media":"","overlay-type":"","overlay-color":"","overlay-opacity":"","overlay-gradient":""}}},"product_brand":[],"product_cat":[149],"product_tag":[],"class_list":{"0":"post-11671","1":"product","2":"type-product","3":"status-publish","4":"has-post-thumbnail","6":"product_cat-france","7":"desktop-align-left","8":"tablet-align-left","9":"mobile-align-left","11":"first","12":"instock","13":"sale","14":"shipping-taxable","15":"purchasable","16":"product-type-simple","17":"add-to-wishlist-before_image"},"_links":{"self":[{"href":"https:\/\/colligatum.com\/en\/wp-json\/wp\/v2\/product\/11671","targetHints":{"allow":["GET"]}}],"collection":[{"href":"https:\/\/colligatum.com\/en\/wp-json\/wp\/v2\/product"}],"about":[{"href":"https:\/\/colligatum.com\/en\/wp-json\/wp\/v2\/types\/product"}],"version-history":[{"count":1,"href":"https:\/\/colligatum.com\/en\/wp-json\/wp\/v2\/product\/11671\/revisions"}],"predecessor-version":[{"id":11672,"href":"https:\/\/colligatum.com\/en\/wp-json\/wp\/v2\/product\/11671\/revisions\/11672"}],"wp:featuredmedia":[{"embeddable":true,"href":"https:\/\/colligatum.com\/en\/wp-json\/wp\/v2\/media\/11618"}],"wp:attachment":[{"href":"https:\/\/colligatum.com\/en\/wp-json\/wp\/v2\/media?parent=11671"}],"wp:term":[{"taxonomy":"product_brand","embeddable":true,"href":"https:\/\/colligatum.com\/en\/wp-json\/wp\/v2\/product_brand?post=11671"},{"taxonomy":"product_cat","embeddable":true,"href":"https:\/\/colligatum.com\/en\/wp-json\/wp\/v2\/product_cat?post=11671"},{"taxonomy":"product_tag","embeddable":true,"href":"https:\/\/colligatum.com\/en\/wp-json\/wp\/v2\/product_tag?post=11671"}],"curies":[{"name":"wp","href":"https:\/\/api.w.org\/{rel}","templated":true}]}}