{"id":11905,"date":"2025-07-03T05:54:11","date_gmt":"2025-07-03T03:54:11","guid":{"rendered":"https:\/\/colligatum.com\/?post_type=product&#038;p=11905"},"modified":"2025-07-03T05:54:11","modified_gmt":"2025-07-03T03:54:11","slug":"rotec-10-sigaret-kretek","status":"publish","type":"product","link":"https:\/\/colligatum.com\/en\/product\/rotec-10-sigaret-kretek\/","title":{"rendered":"ROTEC (10 Kretek Cigarettes)"},"content":{"rendered":"<p data-start=\"268\" data-end=\"768\"><strong data-start=\"268\" data-end=\"282\">Description:<\/strong><br data-start=\"282\" data-end=\"285\" \/>ROTEC \u2013 tai ma\u017eai \u017einomas, regioninis Indonezijos kretek\u0173 (gvazdik\u0117li\u0173 cigare\u010di\u0173) prek\u0117s \u017eenklas. Pakelis pasi\u017eymi \u017ealsva spalv\u0173 gama su sidabriniu logotipu, minimalistiniu dizainu ir tradicine \u012fsp\u0117jim\u0173 sistema (indonezie\u010di\u0173 kalba). Galin\u0117je pus\u0117je nurodyta, kad gamintojas yra <strong data-start=\"563\" data-end=\"583\">CV. Pusaka Hidup<\/strong>, \u012fsik\u016brusi Semarango mieste. \u0160is gamintojas n\u0117ra tarp pagrindini\u0173 kretek rinkos \u017eaid\u0117j\u0173, kaip Djarum ar Gudang Garam, tod\u0117l prek\u0117s \u017eenklas laikomas ni\u0161iniu ir retu u\u017e Indonezijos rib\u0173.<\/p>\n<hr data-start=\"770\" data-end=\"773\" \/>\n<p data-start=\"775\" data-end=\"798\"><strong data-start=\"775\" data-end=\"798\">Value assessment:<\/strong><\/p>\n<ul data-start=\"800\" data-end=\"1368\">\n<li data-start=\"800\" data-end=\"1004\">\n<p data-start=\"802\" data-end=\"1004\"><strong data-start=\"802\" data-end=\"822\">Collectible value:<\/strong> Vidutin\u0117. Kadangi ROTEC yra labai riboto paplitimo ir vietin\u0117s rinkos prek\u0117s \u017eenklas, jis turi vert\u0119 d\u0117l retumo ir egzotikos, ypa\u010d tarp kolekcinink\u0173, renkan\u010di\u0173 Indonezijos kretekus.<\/p>\n<\/li>\n<li data-start=\"1005\" data-end=\"1117\">\n<p data-start=\"1007\" data-end=\"1117\"><strong data-start=\"1007\" data-end=\"1029\">Condition assessment:<\/strong> Neatidarytas, puikiai i\u0161silaik\u0119s pakelis. Pl\u0117vel\u0117 nepa\u017eeista, \u012fsp\u0117jimai ai\u0161kiai matomi.<\/p>\n<\/li>\n<li data-start=\"1118\" data-end=\"1368\">\n<p data-start=\"1120\" data-end=\"1368\"><strong data-start=\"1120\" data-end=\"1160\">Historical data and popularity:<\/strong> ROTEC cigaret\u0117s nepatenka \u012f pla\u010diai \u017einom\u0173 prek\u0117s \u017eenkl\u0173 kategorij\u0105, bet b\u016btent d\u0117l to yra \u012fdomios kolekcininkams, kurie siekia u\u017epildyti ma\u017eesni\u0173 gamintoj\u0173 ni\u0161\u0105 ar rinkti ma\u017eus leidimus i\u0161 Pietry\u010di\u0173 Azijos.<\/p>\n<\/li>\n<\/ul>","protected":false},"excerpt":{"rendered":"<p data-start=\"64\" data-end=\"124\"><strong data-start=\"64\" data-end=\"98\">Brand and name:<\/strong> ROTEC (10 Kretek Cigarettes)<\/p>\n<p data-start=\"126\" data-end=\"156\"><strong data-start=\"126\" data-end=\"136\">Size:<\/strong> 10 kretek cigare\u010di\u0173<\/p>\n<p data-start=\"158\" data-end=\"187\"><strong data-start=\"158\" data-end=\"176\">Country of manufacture:<\/strong> Indonesia<\/p>\n<p data-start=\"189\" data-end=\"231\"><strong data-start=\"189\" data-end=\"213\">Production period:<\/strong> Around 2005\u20132015.<\/p>\n<p data-start=\"233\" data-end=\"266\"><strong data-start=\"233\" data-end=\"251\">Package type:<\/strong> Hard pack<\/p>","protected":false},"featured_media":11847,"template":"","meta":{"_surecart_dashboard_logo_width":"180px","_surecart_dashboard_show_logo":true,"_surecart_dashboard_navigation_orders":true,"_surecart_dashboard_navigation_invoices":true,"_surecart_dashboard_navigation_subscriptions":true,"_surecart_dashboard_navigation_downloads":true,"_surecart_dashboard_navigation_billing":true,"_surecart_dashboard_navigation_account":true,"site-sidebar-layout":"default","site-content-layout":"","ast-site-content-layout":"default","site-content-style":"default","site-sidebar-style":"default","ast-global-header-display":"","ast-banner-title-visibility":"","ast-main-header-display":"","ast-hfb-above-header-display":"","ast-hfb-below-header-display":"","ast-hfb-mobile-header-display":"","site-post-title":"","ast-breadcrumbs-content":"","ast-featured-img":"","footer-sml-layout":"","ast-disable-related-posts":"","theme-transparent-header-meta":"default","adv-header-id-meta":"","stick-header-meta":"","header-above-stick-meta":"","header-main-stick-meta":"","header-below-stick-meta":"","astra-migrate-meta-layouts":"set","ast-page-background-enabled":"default","ast-page-background-meta":{"desktop":{"background-color":"","background-image":"","background-repeat":"repeat","background-position":"center center","background-size":"auto","background-attachment":"scroll","background-type":"","background-media":"","overlay-type":"","overlay-color":"","overlay-opacity":"","overlay-gradient":""},"tablet":{"background-color":"","background-image":"","background-repeat":"repeat","background-position":"center center","background-size":"auto","background-attachment":"scroll","background-type":"","background-media":"","overlay-type":"","overlay-color":"","overlay-opacity":"","overlay-gradient":""},"mobile":{"background-color":"","background-image":"","background-repeat":"repeat","background-position":"center center","background-size":"auto","background-attachment":"scroll","background-type":"","background-media":"","overlay-type":"","overlay-color":"","overlay-opacity":"","overlay-gradient":""}},"ast-content-background-meta":{"desktop":{"background-color":"var(--ast-global-color-5)","background-image":"","background-repeat":"repeat","background-position":"center center","background-size":"auto","background-attachment":"scroll","background-type":"","background-media":"","overlay-type":"","overlay-color":"","overlay-opacity":"","overlay-gradient":""},"tablet":{"background-color":"var(--ast-global-color-5)","background-image":"","background-repeat":"repeat","background-position":"center center","background-size":"auto","background-attachment":"scroll","background-type":"","background-media":"","overlay-type":"","overlay-color":"","overlay-opacity":"","overlay-gradient":""},"mobile":{"background-color":"var(--ast-global-color-5)","background-image":"","background-repeat":"repeat","background-position":"center center","background-size":"auto","background-attachment":"scroll","background-type":"","background-media":"","overlay-type":"","overlay-color":"","overlay-opacity":"","overlay-gradient":""}}},"product_brand":[],"product_cat":[207],"product_tag":[],"class_list":{"0":"post-11905","1":"product","2":"type-product","3":"status-publish","4":"has-post-thumbnail","6":"product_cat-indonesia","7":"desktop-align-left","8":"tablet-align-left","9":"mobile-align-left","11":"first","12":"instock","13":"sale","14":"shipping-taxable","15":"purchasable","16":"product-type-simple","17":"add-to-wishlist-before_image"},"_links":{"self":[{"href":"https:\/\/colligatum.com\/en\/wp-json\/wp\/v2\/product\/11905","targetHints":{"allow":["GET"]}}],"collection":[{"href":"https:\/\/colligatum.com\/en\/wp-json\/wp\/v2\/product"}],"about":[{"href":"https:\/\/colligatum.com\/en\/wp-json\/wp\/v2\/types\/product"}],"version-history":[{"count":1,"href":"https:\/\/colligatum.com\/en\/wp-json\/wp\/v2\/product\/11905\/revisions"}],"predecessor-version":[{"id":11906,"href":"https:\/\/colligatum.com\/en\/wp-json\/wp\/v2\/product\/11905\/revisions\/11906"}],"wp:featuredmedia":[{"embeddable":true,"href":"https:\/\/colligatum.com\/en\/wp-json\/wp\/v2\/media\/11847"}],"wp:attachment":[{"href":"https:\/\/colligatum.com\/en\/wp-json\/wp\/v2\/media?parent=11905"}],"wp:term":[{"taxonomy":"product_brand","embeddable":true,"href":"https:\/\/colligatum.com\/en\/wp-json\/wp\/v2\/product_brand?post=11905"},{"taxonomy":"product_cat","embeddable":true,"href":"https:\/\/colligatum.com\/en\/wp-json\/wp\/v2\/product_cat?post=11905"},{"taxonomy":"product_tag","embeddable":true,"href":"https:\/\/colligatum.com\/en\/wp-json\/wp\/v2\/product_tag?post=11905"}],"curies":[{"name":"wp","href":"https:\/\/api.w.org\/{rel}","templated":true}]}}