{"id":11909,"date":"2025-07-03T05:58:30","date_gmt":"2025-07-03T03:58:30","guid":{"rendered":"https:\/\/colligatum.com\/?post_type=product&#038;p=11909"},"modified":"2025-07-03T05:59:34","modified_gmt":"2025-07-03T03:59:34","slug":"jati-emas-super","status":"publish","type":"product","link":"https:\/\/colligatum.com\/en\/product\/jati-emas-super\/","title":{"rendered":"Jati Emas Super"},"content":{"rendered":"<p data-start=\"262\" data-end=\"843\"><strong data-start=\"262\" data-end=\"276\">Description:<\/strong><br data-start=\"276\" data-end=\"279\" \/>Jati Emas Super yra tradicinis indonezieti\u0161kas kretek\u0173 prek\u0117s \u017eenklas, pasi\u017eymintis unikaliu dizainu su med\u017eio tekst\u016bros imitacija, raudonais ir juodais akcentais. Pavadinimas \u201eJati Emas\u201c rei\u0161kia \u201eAuksinis Tikas\u201c \u2013 nuoroda \u012f tvirt\u0105 tikmed\u017eio (jati) med\u012f ir auk\u0161t\u0105 kokyb\u0119. \u0160is pakelis si\u016blo 21 kretek cigaret\u0119, o tai n\u0117ra \u012fprastas kiekis \u2013 dauguma pakeli\u0173 turi 12, 16 ar 20 vienet\u0173, tad tai jau savaime padidina unikalum\u0105. Nugarin\u0117je pus\u0117je pateiktas \u012fsp\u0117jimas apie r\u016bkymo \u017eal\u0105 indonezie\u010di\u0173 kalba, o vir\u0161uje matomas akcizo \u017eenklas su u\u017era\u0161u <em data-start=\"819\" data-end=\"842\">&#8222;Jati Emas Indonesia&#8221;<\/em>.<\/p>\n<hr data-start=\"845\" data-end=\"848\" \/>\n<p data-start=\"850\" data-end=\"873\"><strong data-start=\"850\" data-end=\"873\">Value assessment:<\/strong><\/p>\n<ul data-start=\"875\" data-end=\"1405\">\n<li data-start=\"875\" data-end=\"1111\">\n<p data-start=\"877\" data-end=\"1111\"><strong data-start=\"877\" data-end=\"897\">Collectible value:<\/strong> Vidutin\u0117\u2013auk\u0161ta. Jati Emas n\u0117ra masin\u0117s tarptautin\u0117s distribucijos \u017eenklas kaip Djarum ar Gudang Garam, tod\u0117l jis retesnis. Taip pat 21 kretek formatas yra netipi\u0161kas ir ie\u0161komas tarp ni\u0161ini\u0173 kretek\u0173 kolekcinink\u0173.<\/p>\n<\/li>\n<li data-start=\"1112\" data-end=\"1183\">\n<p data-start=\"1114\" data-end=\"1183\"><strong data-start=\"1114\" data-end=\"1136\">Condition assessment:<\/strong> Neatidarytas, pl\u0117vel\u0117 nepa\u017eeista, puiki b\u016bkl\u0117.<\/p>\n<\/li>\n<li data-start=\"1184\" data-end=\"1405\">\n<p data-start=\"1186\" data-end=\"1405\"><strong data-start=\"1186\" data-end=\"1226\">Historical data and popularity:<\/strong> Jati Emas buvo gaminamas vietin\u0117ms Indonezijos rinkoms ir nebuvo eksportuojamas masi\u0161kai, tod\u0117l pakeliai ma\u017eai \u017einomi u\u017e \u0161alies rib\u0173, kas padidina j\u0173 egzoti\u0161k\u0105 vert\u0119 kolekcijose.<\/p>\n<\/li>\n<\/ul>","protected":false},"excerpt":{"rendered":"<p data-start=\"57\" data-end=\"107\"><strong data-start=\"57\" data-end=\"91\">Brand and name:<\/strong> Jati Emas Super<\/p>\n<p data-start=\"109\" data-end=\"150\"><strong data-start=\"109\" data-end=\"119\">Size:<\/strong> 21 kretek cigaret\u0117 (su filtru)<\/p>\n<p data-start=\"152\" data-end=\"181\"><strong data-start=\"152\" data-end=\"170\">Country of manufacture:<\/strong> Indonesia<\/p>\n<p data-start=\"183\" data-end=\"225\"><strong data-start=\"183\" data-end=\"207\">Production period:<\/strong> Around 2005\u20132015.<\/p>\n<p data-start=\"227\" data-end=\"260\"><strong data-start=\"227\" data-end=\"245\">Package type:<\/strong> Hard pack<\/p>","protected":false},"featured_media":11850,"template":"","meta":{"_surecart_dashboard_logo_width":"180px","_surecart_dashboard_show_logo":true,"_surecart_dashboard_navigation_orders":true,"_surecart_dashboard_navigation_invoices":true,"_surecart_dashboard_navigation_subscriptions":true,"_surecart_dashboard_navigation_downloads":true,"_surecart_dashboard_navigation_billing":true,"_surecart_dashboard_navigation_account":true,"site-sidebar-layout":"default","site-content-layout":"","ast-site-content-layout":"default","site-content-style":"default","site-sidebar-style":"default","ast-global-header-display":"","ast-banner-title-visibility":"","ast-main-header-display":"","ast-hfb-above-header-display":"","ast-hfb-below-header-display":"","ast-hfb-mobile-header-display":"","site-post-title":"","ast-breadcrumbs-content":"","ast-featured-img":"","footer-sml-layout":"","ast-disable-related-posts":"","theme-transparent-header-meta":"default","adv-header-id-meta":"","stick-header-meta":"","header-above-stick-meta":"","header-main-stick-meta":"","header-below-stick-meta":"","astra-migrate-meta-layouts":"set","ast-page-background-enabled":"default","ast-page-background-meta":{"desktop":{"background-color":"","background-image":"","background-repeat":"repeat","background-position":"center center","background-size":"auto","background-attachment":"scroll","background-type":"","background-media":"","overlay-type":"","overlay-color":"","overlay-opacity":"","overlay-gradient":""},"tablet":{"background-color":"","background-image":"","background-repeat":"repeat","background-position":"center center","background-size":"auto","background-attachment":"scroll","background-type":"","background-media":"","overlay-type":"","overlay-color":"","overlay-opacity":"","overlay-gradient":""},"mobile":{"background-color":"","background-image":"","background-repeat":"repeat","background-position":"center center","background-size":"auto","background-attachment":"scroll","background-type":"","background-media":"","overlay-type":"","overlay-color":"","overlay-opacity":"","overlay-gradient":""}},"ast-content-background-meta":{"desktop":{"background-color":"var(--ast-global-color-5)","background-image":"","background-repeat":"repeat","background-position":"center center","background-size":"auto","background-attachment":"scroll","background-type":"","background-media":"","overlay-type":"","overlay-color":"","overlay-opacity":"","overlay-gradient":""},"tablet":{"background-color":"var(--ast-global-color-5)","background-image":"","background-repeat":"repeat","background-position":"center center","background-size":"auto","background-attachment":"scroll","background-type":"","background-media":"","overlay-type":"","overlay-color":"","overlay-opacity":"","overlay-gradient":""},"mobile":{"background-color":"var(--ast-global-color-5)","background-image":"","background-repeat":"repeat","background-position":"center center","background-size":"auto","background-attachment":"scroll","background-type":"","background-media":"","overlay-type":"","overlay-color":"","overlay-opacity":"","overlay-gradient":""}}},"product_brand":[],"product_cat":[207],"product_tag":[],"class_list":{"0":"post-11909","1":"product","2":"type-product","3":"status-publish","4":"has-post-thumbnail","6":"product_cat-indonesia","7":"desktop-align-left","8":"tablet-align-left","9":"mobile-align-left","11":"first","12":"instock","13":"sale","14":"shipping-taxable","15":"purchasable","16":"product-type-simple","17":"add-to-wishlist-before_image"},"_links":{"self":[{"href":"https:\/\/colligatum.com\/en\/wp-json\/wp\/v2\/product\/11909","targetHints":{"allow":["GET"]}}],"collection":[{"href":"https:\/\/colligatum.com\/en\/wp-json\/wp\/v2\/product"}],"about":[{"href":"https:\/\/colligatum.com\/en\/wp-json\/wp\/v2\/types\/product"}],"version-history":[{"count":1,"href":"https:\/\/colligatum.com\/en\/wp-json\/wp\/v2\/product\/11909\/revisions"}],"predecessor-version":[{"id":11910,"href":"https:\/\/colligatum.com\/en\/wp-json\/wp\/v2\/product\/11909\/revisions\/11910"}],"wp:featuredmedia":[{"embeddable":true,"href":"https:\/\/colligatum.com\/en\/wp-json\/wp\/v2\/media\/11850"}],"wp:attachment":[{"href":"https:\/\/colligatum.com\/en\/wp-json\/wp\/v2\/media?parent=11909"}],"wp:term":[{"taxonomy":"product_brand","embeddable":true,"href":"https:\/\/colligatum.com\/en\/wp-json\/wp\/v2\/product_brand?post=11909"},{"taxonomy":"product_cat","embeddable":true,"href":"https:\/\/colligatum.com\/en\/wp-json\/wp\/v2\/product_cat?post=11909"},{"taxonomy":"product_tag","embeddable":true,"href":"https:\/\/colligatum.com\/en\/wp-json\/wp\/v2\/product_tag?post=11909"}],"curies":[{"name":"wp","href":"https:\/\/api.w.org\/{rel}","templated":true}]}}