{"id":11925,"date":"2025-07-03T07:59:25","date_gmt":"2025-07-03T05:59:25","guid":{"rendered":"https:\/\/colligatum.com\/?post_type=product&#038;p=11925"},"modified":"2025-07-03T07:59:25","modified_gmt":"2025-07-03T05:59:25","slug":"laskar-special","status":"publish","type":"product","link":"https:\/\/colligatum.com\/en\/product\/laskar-special\/","title":{"rendered":"Laskar Special"},"content":{"rendered":"<p data-start=\"284\" data-end=\"800\"><strong data-start=\"284\" data-end=\"298\">Description:<\/strong><br data-start=\"298\" data-end=\"301\" \/>Laskar Special yra tradicin\u0117s indonezieti\u0161kos <em data-start=\"347\" data-end=\"355\">kretek<\/em> tipo cigaret\u0117s \u2013 tai tabako ir gvazdik\u0117li\u0173 mi\u0161inys, populiarus visoje Indonezijoje. \u0160is pakelis, pagamintas \u201ePT. NUGO MULYO\u201c gamintojo, i\u0161siskiria auksiniu fonu, \u017evaig\u017ed\u0117s simboliu ir ai\u0161kia tipografika. Ant nugar\u0117l\u0117s pateiktas apra\u0161ymas apie sud\u0117t\u012f: tabakas, gvazdik\u0117liai bei \u201esaus\u201c \u2013 specialus saldus aromatizatorius, b\u016bdingas <em data-start=\"685\" data-end=\"693\">kretek<\/em> cigaret\u0117ms. \u012esp\u0117jimas apa\u010dioje pateiktas indonezie\u010di\u0173 kalba \u2013 tai rodo, kad pakelis skirtas vidaus rinkai.<\/p>\n<hr data-start=\"802\" data-end=\"805\" \/>\n<h3 data-start=\"807\" data-end=\"834\"><strong data-start=\"811\" data-end=\"834\">Value assessment:<\/strong><\/h3>\n<ul data-start=\"836\" data-end=\"1418\">\n<li data-start=\"836\" data-end=\"1033\">\n<p data-start=\"838\" data-end=\"1033\"><strong data-start=\"838\" data-end=\"858\">Collectible value:<\/strong> Nema\u017ea, ypa\u010d <em data-start=\"872\" data-end=\"880\">kretek<\/em> kolekcijose. Tokie pakeliai retesni Europoje, o d\u0117l ma\u017eo tira\u017eo (10 cigare\u010di\u0173) ir tipi\u0161kai vietinio platinimo jie tampa \u012fdomiais kolekciniais vienetais.<\/p>\n<\/li>\n<li data-start=\"1034\" data-end=\"1116\">\n<p data-start=\"1036\" data-end=\"1116\"><strong data-start=\"1036\" data-end=\"1058\">Condition assessment:<\/strong> Neatidarytas, labai gera b\u016bkl\u0117, minimal\u016bs susilankstymai.<\/p>\n<\/li>\n<li data-start=\"1117\" data-end=\"1418\">\n<p data-start=\"1119\" data-end=\"1418\"><strong data-start=\"1119\" data-end=\"1159\">Historical data and popularity:<\/strong> Laskar n\u0117ra vienas \u017eymiausi\u0173 Indonezijos <em data-start=\"1201\" data-end=\"1209\">kretek<\/em> gamintoj\u0173 (pvz., Djarum ar Gudang Garam), ta\u010diau vis dar atstovauja klasikin\u0119 <em data-start=\"1288\" data-end=\"1296\">kretek<\/em> cigare\u010di\u0173 linij\u0105. D\u0117l to tai laikoma labiau ni\u0161iniu kolekciniu objektu, kuris \u012fdomus b\u016btent <em data-start=\"1389\" data-end=\"1397\">kretek<\/em> kolekcij\u0173 kontekste.<\/p>\n<\/li>\n<\/ul>","protected":false},"excerpt":{"rendered":"<p data-start=\"81\" data-end=\"130\"><strong data-start=\"81\" data-end=\"115\">Brand and name:<\/strong> Laskar Special<\/p>\n<p data-start=\"132\" data-end=\"155\"><strong data-start=\"132\" data-end=\"142\">Size:<\/strong> 10 cigarettes<\/p>\n<p data-start=\"157\" data-end=\"186\"><strong data-start=\"157\" data-end=\"175\">Country of manufacture:<\/strong> Indonesia<\/p>\n<p data-start=\"188\" data-end=\"245\"><strong data-start=\"188\" data-end=\"212\">Production period:<\/strong> Ne\u017einomas, tik\u0117tina 2000\u20132010 m.<\/p>\n<p data-start=\"247\" data-end=\"282\"><strong data-start=\"247\" data-end=\"265\">Package type:<\/strong> Soft pack<\/p>","protected":false},"featured_media":11868,"template":"","meta":{"_surecart_dashboard_logo_width":"180px","_surecart_dashboard_show_logo":true,"_surecart_dashboard_navigation_orders":true,"_surecart_dashboard_navigation_invoices":true,"_surecart_dashboard_navigation_subscriptions":true,"_surecart_dashboard_navigation_downloads":true,"_surecart_dashboard_navigation_billing":true,"_surecart_dashboard_navigation_account":true,"site-sidebar-layout":"default","site-content-layout":"","ast-site-content-layout":"default","site-content-style":"default","site-sidebar-style":"default","ast-global-header-display":"","ast-banner-title-visibility":"","ast-main-header-display":"","ast-hfb-above-header-display":"","ast-hfb-below-header-display":"","ast-hfb-mobile-header-display":"","site-post-title":"","ast-breadcrumbs-content":"","ast-featured-img":"","footer-sml-layout":"","theme-transparent-header-meta":"default","adv-header-id-meta":"","stick-header-meta":"","header-above-stick-meta":"","header-main-stick-meta":"","header-below-stick-meta":"","astra-migrate-meta-layouts":"set","ast-page-background-enabled":"default","ast-page-background-meta":{"desktop":{"background-color":"","background-image":"","background-repeat":"repeat","background-position":"center center","background-size":"auto","background-attachment":"scroll","background-type":"","background-media":"","overlay-type":"","overlay-color":"","overlay-opacity":"","overlay-gradient":""},"tablet":{"background-color":"","background-image":"","background-repeat":"repeat","background-position":"center center","background-size":"auto","background-attachment":"scroll","background-type":"","background-media":"","overlay-type":"","overlay-color":"","overlay-opacity":"","overlay-gradient":""},"mobile":{"background-color":"","background-image":"","background-repeat":"repeat","background-position":"center center","background-size":"auto","background-attachment":"scroll","background-type":"","background-media":"","overlay-type":"","overlay-color":"","overlay-opacity":"","overlay-gradient":""}},"ast-content-background-meta":{"desktop":{"background-color":"var(--ast-global-color-5)","background-image":"","background-repeat":"repeat","background-position":"center center","background-size":"auto","background-attachment":"scroll","background-type":"","background-media":"","overlay-type":"","overlay-color":"","overlay-opacity":"","overlay-gradient":""},"tablet":{"background-color":"var(--ast-global-color-5)","background-image":"","background-repeat":"repeat","background-position":"center center","background-size":"auto","background-attachment":"scroll","background-type":"","background-media":"","overlay-type":"","overlay-color":"","overlay-opacity":"","overlay-gradient":""},"mobile":{"background-color":"var(--ast-global-color-5)","background-image":"","background-repeat":"repeat","background-position":"center center","background-size":"auto","background-attachment":"scroll","background-type":"","background-media":"","overlay-type":"","overlay-color":"","overlay-opacity":"","overlay-gradient":""}}},"product_brand":[],"product_cat":[207],"product_tag":[],"class_list":{"0":"post-11925","1":"product","2":"type-product","3":"status-publish","4":"has-post-thumbnail","6":"product_cat-indonesia","7":"desktop-align-left","8":"tablet-align-left","9":"mobile-align-left","11":"first","12":"instock","13":"sale","14":"shipping-taxable","15":"purchasable","16":"product-type-simple","17":"add-to-wishlist-before_image"},"_links":{"self":[{"href":"https:\/\/colligatum.com\/en\/wp-json\/wp\/v2\/product\/11925","targetHints":{"allow":["GET"]}}],"collection":[{"href":"https:\/\/colligatum.com\/en\/wp-json\/wp\/v2\/product"}],"about":[{"href":"https:\/\/colligatum.com\/en\/wp-json\/wp\/v2\/types\/product"}],"version-history":[{"count":1,"href":"https:\/\/colligatum.com\/en\/wp-json\/wp\/v2\/product\/11925\/revisions"}],"predecessor-version":[{"id":11926,"href":"https:\/\/colligatum.com\/en\/wp-json\/wp\/v2\/product\/11925\/revisions\/11926"}],"wp:featuredmedia":[{"embeddable":true,"href":"https:\/\/colligatum.com\/en\/wp-json\/wp\/v2\/media\/11868"}],"wp:attachment":[{"href":"https:\/\/colligatum.com\/en\/wp-json\/wp\/v2\/media?parent=11925"}],"wp:term":[{"taxonomy":"product_brand","embeddable":true,"href":"https:\/\/colligatum.com\/en\/wp-json\/wp\/v2\/product_brand?post=11925"},{"taxonomy":"product_cat","embeddable":true,"href":"https:\/\/colligatum.com\/en\/wp-json\/wp\/v2\/product_cat?post=11925"},{"taxonomy":"product_tag","embeddable":true,"href":"https:\/\/colligatum.com\/en\/wp-json\/wp\/v2\/product_tag?post=11925"}],"curies":[{"name":"wp","href":"https:\/\/api.w.org\/{rel}","templated":true}]}}