{"id":11927,"date":"2025-07-03T08:01:27","date_gmt":"2025-07-03T06:01:27","guid":{"rendered":"https:\/\/colligatum.com\/?post_type=product&#038;p=11927"},"modified":"2025-07-03T08:01:28","modified_gmt":"2025-07-03T06:01:28","slug":"zinc-kretek","status":"publish","type":"product","link":"https:\/\/colligatum.com\/en\/product\/zinc-kretek\/","title":{"rendered":"ZINC Kretek"},"content":{"rendered":"<p data-start=\"258\" data-end=\"789\"><strong data-start=\"258\" data-end=\"272\">Description:<\/strong><br data-start=\"272\" data-end=\"275\" \/>ZINC yra viena i\u0161 ma\u017eesni\u0173, bet stiling\u0173 <em data-start=\"316\" data-end=\"324\">kretek<\/em> cigare\u010di\u0173 preki\u0173 \u017eenkl\u0173 i\u0161 Indonezijos. \u0160is pakelis i\u0161siskiria eleganti\u0161ku juodu dizainu su auksiniu \u201eZn\u201c logotipu ir minimalistine tipografika. Tekstas nugar\u0117l\u0117je pabr\u0117\u017eia tarptautin\u012f pripa\u017einim\u0105 d\u0117l auk\u0161tos kokyb\u0117s tabako ir gvazdik\u0117li\u0173 mi\u0161inio bei unikalios juodos pakuot\u0117s. Tai 12 vienet\u0173 pakelis, skirtas rinkai, kuri vertina i\u0161skirtin\u012f skon\u012f ir vizualin\u012f rafinuotum\u0105. \u012esp\u0117jimai pateikti indonezie\u010di\u0173 kalba, tod\u0117l ai\u0161ku, kad pakelis skirtas vietinei rinkai.<\/p>\n<hr data-start=\"791\" data-end=\"794\" \/>\n<h3 data-start=\"796\" data-end=\"823\"><strong data-start=\"800\" data-end=\"823\">Value assessment:<\/strong><\/h3>\n<ul data-start=\"825\" data-end=\"1404\">\n<li data-start=\"825\" data-end=\"1030\">\n<p data-start=\"827\" data-end=\"1030\"><strong data-start=\"827\" data-end=\"847\">Collectible value:<\/strong> Vidutin\u0117\u2013auk\u0161ta. D\u0117l ne\u012fprasto dizaino, ma\u017eo tira\u017eo ir to, kad tai 12 cigare\u010di\u0173 <em data-start=\"928\" data-end=\"936\">kretek<\/em> variantas (retas formatas), pakelis yra paklausus tarp egzotini\u0173 tabako gamini\u0173 kolekcinink\u0173.<\/p>\n<\/li>\n<li data-start=\"1031\" data-end=\"1164\">\n<p data-start=\"1033\" data-end=\"1164\"><strong data-start=\"1033\" data-end=\"1055\">Condition assessment:<\/strong> Neatidarytas, originali pl\u0117vel\u0117 nepa\u017eeista. B\u016bkl\u0117 \u2013 labai gera, nors yra ne\u017eymi\u0173 nusitrynim\u0173 ant pavir\u0161iaus.<\/p>\n<\/li>\n<li data-start=\"1165\" data-end=\"1404\">\n<p data-start=\"1167\" data-end=\"1404\"><strong data-start=\"1167\" data-end=\"1207\">Historical data and popularity:<\/strong> ZINC n\u0117ra did\u017eiosios Indonezijos tabako pramon\u0117s atstovas, tod\u0117l yra laikomas ni\u0161iniu prek\u0117s \u017eenklu. D\u0117l savo vizualinio i\u0161skirtinumo da\u017enai patenka \u012f kolekcionieri\u0173 s\u0105ra\u0161us kaip dizaino pavyzdys.<\/p>\n<\/li>\n<\/ul>","protected":false},"excerpt":{"rendered":"<p data-start=\"66\" data-end=\"112\"><strong data-start=\"66\" data-end=\"100\">Brand and name:<\/strong> ZINC Kretek<\/p>\n<p data-start=\"114\" data-end=\"137\"><strong data-start=\"114\" data-end=\"124\">Size:<\/strong> 12 cigarettes<\/p>\n<p data-start=\"139\" data-end=\"168\"><strong data-start=\"139\" data-end=\"157\">Country of manufacture:<\/strong> Indonesia<\/p>\n<p data-start=\"170\" data-end=\"219\"><strong data-start=\"170\" data-end=\"194\">Production period:<\/strong> Approximately 2000-2010.<\/p>\n<p data-start=\"221\" data-end=\"256\"><strong data-start=\"221\" data-end=\"239\">Package type:<\/strong> Soft pack<\/p>","protected":false},"featured_media":11870,"template":"","meta":{"_surecart_dashboard_logo_width":"180px","_surecart_dashboard_show_logo":true,"_surecart_dashboard_navigation_orders":true,"_surecart_dashboard_navigation_invoices":true,"_surecart_dashboard_navigation_subscriptions":true,"_surecart_dashboard_navigation_downloads":true,"_surecart_dashboard_navigation_billing":true,"_surecart_dashboard_navigation_account":true,"site-sidebar-layout":"default","site-content-layout":"","ast-site-content-layout":"default","site-content-style":"default","site-sidebar-style":"default","ast-global-header-display":"","ast-banner-title-visibility":"","ast-main-header-display":"","ast-hfb-above-header-display":"","ast-hfb-below-header-display":"","ast-hfb-mobile-header-display":"","site-post-title":"","ast-breadcrumbs-content":"","ast-featured-img":"","footer-sml-layout":"","theme-transparent-header-meta":"default","adv-header-id-meta":"","stick-header-meta":"","header-above-stick-meta":"","header-main-stick-meta":"","header-below-stick-meta":"","astra-migrate-meta-layouts":"set","ast-page-background-enabled":"default","ast-page-background-meta":{"desktop":{"background-color":"","background-image":"","background-repeat":"repeat","background-position":"center center","background-size":"auto","background-attachment":"scroll","background-type":"","background-media":"","overlay-type":"","overlay-color":"","overlay-opacity":"","overlay-gradient":""},"tablet":{"background-color":"","background-image":"","background-repeat":"repeat","background-position":"center center","background-size":"auto","background-attachment":"scroll","background-type":"","background-media":"","overlay-type":"","overlay-color":"","overlay-opacity":"","overlay-gradient":""},"mobile":{"background-color":"","background-image":"","background-repeat":"repeat","background-position":"center center","background-size":"auto","background-attachment":"scroll","background-type":"","background-media":"","overlay-type":"","overlay-color":"","overlay-opacity":"","overlay-gradient":""}},"ast-content-background-meta":{"desktop":{"background-color":"var(--ast-global-color-5)","background-image":"","background-repeat":"repeat","background-position":"center center","background-size":"auto","background-attachment":"scroll","background-type":"","background-media":"","overlay-type":"","overlay-color":"","overlay-opacity":"","overlay-gradient":""},"tablet":{"background-color":"var(--ast-global-color-5)","background-image":"","background-repeat":"repeat","background-position":"center center","background-size":"auto","background-attachment":"scroll","background-type":"","background-media":"","overlay-type":"","overlay-color":"","overlay-opacity":"","overlay-gradient":""},"mobile":{"background-color":"var(--ast-global-color-5)","background-image":"","background-repeat":"repeat","background-position":"center center","background-size":"auto","background-attachment":"scroll","background-type":"","background-media":"","overlay-type":"","overlay-color":"","overlay-opacity":"","overlay-gradient":""}}},"product_brand":[],"product_cat":[207],"product_tag":[],"class_list":{"0":"post-11927","1":"product","2":"type-product","3":"status-publish","4":"has-post-thumbnail","6":"product_cat-indonesia","7":"desktop-align-left","8":"tablet-align-left","9":"mobile-align-left","11":"first","12":"instock","13":"sale","14":"shipping-taxable","15":"purchasable","16":"product-type-simple","17":"add-to-wishlist-before_image"},"_links":{"self":[{"href":"https:\/\/colligatum.com\/en\/wp-json\/wp\/v2\/product\/11927","targetHints":{"allow":["GET"]}}],"collection":[{"href":"https:\/\/colligatum.com\/en\/wp-json\/wp\/v2\/product"}],"about":[{"href":"https:\/\/colligatum.com\/en\/wp-json\/wp\/v2\/types\/product"}],"version-history":[{"count":1,"href":"https:\/\/colligatum.com\/en\/wp-json\/wp\/v2\/product\/11927\/revisions"}],"predecessor-version":[{"id":11928,"href":"https:\/\/colligatum.com\/en\/wp-json\/wp\/v2\/product\/11927\/revisions\/11928"}],"wp:featuredmedia":[{"embeddable":true,"href":"https:\/\/colligatum.com\/en\/wp-json\/wp\/v2\/media\/11870"}],"wp:attachment":[{"href":"https:\/\/colligatum.com\/en\/wp-json\/wp\/v2\/media?parent=11927"}],"wp:term":[{"taxonomy":"product_brand","embeddable":true,"href":"https:\/\/colligatum.com\/en\/wp-json\/wp\/v2\/product_brand?post=11927"},{"taxonomy":"product_cat","embeddable":true,"href":"https:\/\/colligatum.com\/en\/wp-json\/wp\/v2\/product_cat?post=11927"},{"taxonomy":"product_tag","embeddable":true,"href":"https:\/\/colligatum.com\/en\/wp-json\/wp\/v2\/product_tag?post=11927"}],"curies":[{"name":"wp","href":"https:\/\/api.w.org\/{rel}","templated":true}]}}