{"id":12165,"date":"2025-07-07T12:23:37","date_gmt":"2025-07-07T10:23:37","guid":{"rendered":"https:\/\/colligatum.com\/?post_type=product&#038;p=12165"},"modified":"2026-03-20T09:48:58","modified_gmt":"2026-03-20T07:48:58","slug":"alliance-international-walet","status":"publish","type":"product","link":"https:\/\/colligatum.com\/en\/product\/alliance-international-walet\/","title":{"rendered":"Alliance International Wallet"},"content":{"rendered":"<p data-start=\"376\" data-end=\"900\"><strong data-start=\"376\" data-end=\"390\">Description:<\/strong><br data-start=\"390\" data-end=\"393\" \/>\u201eWalet\u201c (lenk. valet \u2013 valetas) \u2013 tai ne\u012fprastas ir labai \u012fsimintinas cigare\u010di\u0173 pakelis, i\u0161siskiriantis \u017eaismingu \u017eaidimo kortos motyvu: valeto (\u0161ird\u017ei\u0173) atvaizdu apa\u010dioje. Pakuot\u0117 dvispalv\u0117 \u2013 vir\u0161utin\u0117 sidabrin\u0117 dalis su ry\u0161kiu juodu \u0161riftu, apatin\u0117 \u2013 intensyviai m\u0117lyna. Ant vir\u0161aus \u2013 senasis lenki\u0161kas akcizo \u017eenklas su tabako simbolika. \u017denklas \u201eAlliance International\u201c rodo, kad tai buvo bendrov\u0117s bandymas pateikti produkcij\u0105 tiek vietinei, tiek tarptautinei rinkai. Filtras pa\u017eym\u0117tas kaip acetatinis.<\/p>\n<hr data-start=\"902\" data-end=\"905\" \/>\n<h3 data-start=\"907\" data-end=\"934\"><strong data-start=\"911\" data-end=\"934\">Value assessment:<\/strong><\/h3>\n<ul data-start=\"936\" data-end=\"1563\">\n<li data-start=\"936\" data-end=\"1185\">\n<p data-start=\"938\" data-end=\"1185\"><strong data-start=\"938\" data-end=\"958\">Collectible value:<\/strong> Auk\u0161ta. D\u0117l ry\u0161kaus dizaino, ne\u012fprasto pavadinimo ir ai\u0161kiai datuoto leidimo i\u0161 1982 m., \u0161is pakelis tampa i\u0161skirtiniu eksponatu Ryt\u0173 Europos cigare\u010di\u0173 kolekcijose. Mink\u0161tas pakelis dar labiau i\u0161ry\u0161kina senovi\u0161k\u0105 autenti\u0161kum\u0105.<\/p>\n<\/li>\n<li data-start=\"1187\" data-end=\"1302\">\n<p data-start=\"1189\" data-end=\"1302\"><strong data-start=\"1189\" data-end=\"1211\">Condition assessment:<\/strong> Nepa\u017eeistas, sandariai u\u017eklijuotas akcizo \u017eenklu, puikios b\u016bkl\u0117s kaip tokiam laikotarpiui.<\/p>\n<\/li>\n<li data-start=\"1304\" data-end=\"1563\">\n<p data-start=\"1306\" data-end=\"1563\"><strong data-start=\"1306\" data-end=\"1346\">Historical data and popularity:<\/strong><br data-start=\"1346\" data-end=\"1349\" \/>\u0160io tipo pakeliai Lenkijoje buvo populiar\u016bs 8\u20139 de\u0161imtme\u010diuose. \u201eWalet\u201c n\u0117ra pla\u010diai \u017einomas u\u017e Lenkijos rib\u0173, tod\u0117l da\u017enai vertinamas kolekcinink\u0173 kaip ni\u0161inis, ta\u010diau labai vizualiai i\u0161rai\u0161kingas egzempliorius.<\/p>\n<\/li>\n<\/ul>","protected":false},"excerpt":{"rendered":"<p data-start=\"128\" data-end=\"191\"><strong data-start=\"128\" data-end=\"162\">Brand and name:<\/strong> Alliance International Wallet<\/p>\n<p data-start=\"193\" data-end=\"216\"><strong data-start=\"193\" data-end=\"203\">Size:<\/strong> 20 cigarettes<\/p>\n<p data-start=\"218\" data-end=\"244\"><strong data-start=\"218\" data-end=\"236\">Country of manufacture:<\/strong> Poland<\/p>\n<p data-start=\"246\" data-end=\"337\"><strong data-start=\"246\" data-end=\"270\">Production period:<\/strong> 1980\u20131990 m. (remiantis dizainu ir akcizo \u017eenklu su data 15.08.82)<\/p>\n<p data-start=\"339\" data-end=\"374\"><strong data-start=\"339\" data-end=\"357\">Package type:<\/strong> Soft pack<\/p>","protected":false},"featured_media":12112,"template":"","meta":{"_surecart_dashboard_logo_width":"180px","_surecart_dashboard_show_logo":true,"_surecart_dashboard_navigation_orders":true,"_surecart_dashboard_navigation_invoices":true,"_surecart_dashboard_navigation_subscriptions":true,"_surecart_dashboard_navigation_downloads":true,"_surecart_dashboard_navigation_billing":true,"_surecart_dashboard_navigation_account":true,"site-sidebar-layout":"default","site-content-layout":"","ast-site-content-layout":"default","site-content-style":"default","site-sidebar-style":"default","ast-global-header-display":"","ast-banner-title-visibility":"","ast-main-header-display":"","ast-hfb-above-header-display":"","ast-hfb-below-header-display":"","ast-hfb-mobile-header-display":"","site-post-title":"","ast-breadcrumbs-content":"","ast-featured-img":"","footer-sml-layout":"","theme-transparent-header-meta":"default","adv-header-id-meta":"","stick-header-meta":"","header-above-stick-meta":"","header-main-stick-meta":"","header-below-stick-meta":"","astra-migrate-meta-layouts":"set","ast-page-background-enabled":"default","ast-page-background-meta":{"desktop":{"background-color":"","background-image":"","background-repeat":"repeat","background-position":"center center","background-size":"auto","background-attachment":"scroll","background-type":"","background-media":"","overlay-type":"","overlay-color":"","overlay-opacity":"","overlay-gradient":""},"tablet":{"background-color":"","background-image":"","background-repeat":"repeat","background-position":"center center","background-size":"auto","background-attachment":"scroll","background-type":"","background-media":"","overlay-type":"","overlay-color":"","overlay-opacity":"","overlay-gradient":""},"mobile":{"background-color":"","background-image":"","background-repeat":"repeat","background-position":"center center","background-size":"auto","background-attachment":"scroll","background-type":"","background-media":"","overlay-type":"","overlay-color":"","overlay-opacity":"","overlay-gradient":""}},"ast-content-background-meta":{"desktop":{"background-color":"var(--ast-global-color-5)","background-image":"","background-repeat":"repeat","background-position":"center center","background-size":"auto","background-attachment":"scroll","background-type":"","background-media":"","overlay-type":"","overlay-color":"","overlay-opacity":"","overlay-gradient":""},"tablet":{"background-color":"var(--ast-global-color-5)","background-image":"","background-repeat":"repeat","background-position":"center center","background-size":"auto","background-attachment":"scroll","background-type":"","background-media":"","overlay-type":"","overlay-color":"","overlay-opacity":"","overlay-gradient":""},"mobile":{"background-color":"var(--ast-global-color-5)","background-image":"","background-repeat":"repeat","background-position":"center center","background-size":"auto","background-attachment":"scroll","background-type":"","background-media":"","overlay-type":"","overlay-color":"","overlay-opacity":"","overlay-gradient":""}}},"product_brand":[],"product_cat":[182],"product_tag":[],"class_list":{"0":"post-12165","1":"product","2":"type-product","3":"status-publish","4":"has-post-thumbnail","6":"product_cat-poland","7":"desktop-align-left","8":"tablet-align-left","9":"mobile-align-left","11":"first","12":"outofstock","13":"sale","14":"shipping-taxable","15":"purchasable","16":"product-type-simple","17":"add-to-wishlist-before_image"},"_links":{"self":[{"href":"https:\/\/colligatum.com\/en\/wp-json\/wp\/v2\/product\/12165","targetHints":{"allow":["GET"]}}],"collection":[{"href":"https:\/\/colligatum.com\/en\/wp-json\/wp\/v2\/product"}],"about":[{"href":"https:\/\/colligatum.com\/en\/wp-json\/wp\/v2\/types\/product"}],"version-history":[{"count":1,"href":"https:\/\/colligatum.com\/en\/wp-json\/wp\/v2\/product\/12165\/revisions"}],"predecessor-version":[{"id":12166,"href":"https:\/\/colligatum.com\/en\/wp-json\/wp\/v2\/product\/12165\/revisions\/12166"}],"wp:featuredmedia":[{"embeddable":true,"href":"https:\/\/colligatum.com\/en\/wp-json\/wp\/v2\/media\/12112"}],"wp:attachment":[{"href":"https:\/\/colligatum.com\/en\/wp-json\/wp\/v2\/media?parent=12165"}],"wp:term":[{"taxonomy":"product_brand","embeddable":true,"href":"https:\/\/colligatum.com\/en\/wp-json\/wp\/v2\/product_brand?post=12165"},{"taxonomy":"product_cat","embeddable":true,"href":"https:\/\/colligatum.com\/en\/wp-json\/wp\/v2\/product_cat?post=12165"},{"taxonomy":"product_tag","embeddable":true,"href":"https:\/\/colligatum.com\/en\/wp-json\/wp\/v2\/product_tag?post=12165"}],"curies":[{"name":"wp","href":"https:\/\/api.w.org\/{rel}","templated":true}]}}