{"id":12182,"date":"2025-07-07T15:20:52","date_gmt":"2025-07-07T13:20:52","guid":{"rendered":"https:\/\/colligatum.com\/?post_type=product&#038;p=12182"},"modified":"2026-03-20T09:48:58","modified_gmt":"2026-03-20T07:48:58","slug":"silesia","status":"publish","type":"product","link":"https:\/\/colligatum.com\/en\/product\/silesia\/","title":{"rendered":"Silesia"},"content":{"rendered":"<p data-start=\"283\" data-end=\"807\"><strong data-start=\"283\" data-end=\"297\">Description:<\/strong><br data-start=\"297\" data-end=\"300\" \/>\u201eSilesia\u201c cigare\u010di\u0173 pakelis \u2013 tai klasikinis Lenkijos liaudies respublikos laik\u0173 produktas, i\u0161laikantis autenti\u0161k\u0105 retro estetik\u0105. Tamsiai violetin\u0117 spalva su did\u017eiule stilizuota \u201eS\u201c raide centre i\u0161 karto traukia ak\u012f. U\u017era\u0161as \u201e20 papieros\u00f3w z filtrem\u201c nurodo, kad tai \u2013 filtrin\u0117s cigaret\u0117s. Kaina \u201eCENA Z\u0141 10\u201c ant vir\u0161utin\u0117s dalies padeda datuoti pakel\u012f ir atspindi tuometin\u0117s rinkos ekonomikos realijas. \u0160is pakelis puikiai i\u0161saugojo savo originali\u0105 i\u0161vaizd\u0105 \u2013 \u012fpakuotas gamykliniame celofane, nepa\u017eeistas.<\/p>\n<hr data-start=\"809\" data-end=\"812\" \/>\n<p data-start=\"814\" data-end=\"837\"><strong data-start=\"814\" data-end=\"837\">Value assessment:<\/strong><\/p>\n<ul data-start=\"839\" data-end=\"1464\">\n<li data-start=\"839\" data-end=\"1139\">\n<p data-start=\"841\" data-end=\"1139\"><strong data-start=\"841\" data-end=\"861\">Collectible value:<\/strong> Vidutin\u0117\u2013auk\u0161ta. Nors \u201eSilesia\u201c cigaret\u0117s buvo pla\u010diai paplitusios Lenkijoje XX a. pabaigoje, \u0161iandien tokie nepa\u017eeisti, neatidaryti pakeliai yra vis retesni, ypa\u010d u\u017e Lenkijos rib\u0173. Pakelis turi istorin\u0119 ir estetin\u0119 vert\u0119 kaip PRL (Polska Rzeczpospolita Ludowa) laik\u0173 reliktas.<\/p>\n<\/li>\n<li data-start=\"1140\" data-end=\"1226\">\n<p data-start=\"1142\" data-end=\"1226\"><strong data-start=\"1142\" data-end=\"1164\">Condition assessment:<\/strong> Puikios b\u016bkl\u0117s, nepa\u017eeistas, originali pakuot\u0117, neatidarytas.<\/p>\n<\/li>\n<li data-start=\"1227\" data-end=\"1464\">\n<p data-start=\"1229\" data-end=\"1464\"><strong data-start=\"1229\" data-end=\"1269\">Historical data and popularity:<\/strong> \u201eSilesia\u201c buvo vienas i\u0161 vietini\u0173 preki\u0173 \u017eenkl\u0173 Lenkijoje, turintis savo auditorij\u0105. Pana\u0161i\u0173 pakeli\u0173 kainos kolekcinink\u0173 bendruomen\u0117se auga, ypa\u010d tarp PRL laikotarpio nostalgijos kolekcionieri\u0173.<\/p>\n<\/li>\n<\/ul>","protected":false},"excerpt":{"rendered":"<p data-start=\"103\" data-end=\"147\"><strong data-start=\"103\" data-end=\"137\">Brand and name:<\/strong> <em data-start=\"138\" data-end=\"147\">Silesia<\/em><\/p>\n<p data-start=\"149\" data-end=\"172\"><strong data-start=\"149\" data-end=\"159\">Size:<\/strong> 20 cigarettes<\/p>\n<p data-start=\"174\" data-end=\"200\"><strong data-start=\"174\" data-end=\"192\">Country of manufacture:<\/strong> Poland<\/p>\n<p data-start=\"202\" data-end=\"244\"><strong data-start=\"202\" data-end=\"226\">Production period:<\/strong> Around 1970-1980.<\/p>\n<p data-start=\"246\" data-end=\"281\"><strong data-start=\"246\" data-end=\"264\">Package type:<\/strong> Soft pack<\/p>","protected":false},"featured_media":12127,"template":"","meta":{"_surecart_dashboard_logo_width":"180px","_surecart_dashboard_show_logo":true,"_surecart_dashboard_navigation_orders":true,"_surecart_dashboard_navigation_invoices":true,"_surecart_dashboard_navigation_subscriptions":true,"_surecart_dashboard_navigation_downloads":true,"_surecart_dashboard_navigation_billing":true,"_surecart_dashboard_navigation_account":true,"site-sidebar-layout":"default","site-content-layout":"","ast-site-content-layout":"default","site-content-style":"default","site-sidebar-style":"default","ast-global-header-display":"","ast-banner-title-visibility":"","ast-main-header-display":"","ast-hfb-above-header-display":"","ast-hfb-below-header-display":"","ast-hfb-mobile-header-display":"","site-post-title":"","ast-breadcrumbs-content":"","ast-featured-img":"","footer-sml-layout":"","theme-transparent-header-meta":"default","adv-header-id-meta":"","stick-header-meta":"","header-above-stick-meta":"","header-main-stick-meta":"","header-below-stick-meta":"","astra-migrate-meta-layouts":"set","ast-page-background-enabled":"default","ast-page-background-meta":{"desktop":{"background-color":"","background-image":"","background-repeat":"repeat","background-position":"center center","background-size":"auto","background-attachment":"scroll","background-type":"","background-media":"","overlay-type":"","overlay-color":"","overlay-opacity":"","overlay-gradient":""},"tablet":{"background-color":"","background-image":"","background-repeat":"repeat","background-position":"center center","background-size":"auto","background-attachment":"scroll","background-type":"","background-media":"","overlay-type":"","overlay-color":"","overlay-opacity":"","overlay-gradient":""},"mobile":{"background-color":"","background-image":"","background-repeat":"repeat","background-position":"center center","background-size":"auto","background-attachment":"scroll","background-type":"","background-media":"","overlay-type":"","overlay-color":"","overlay-opacity":"","overlay-gradient":""}},"ast-content-background-meta":{"desktop":{"background-color":"var(--ast-global-color-5)","background-image":"","background-repeat":"repeat","background-position":"center center","background-size":"auto","background-attachment":"scroll","background-type":"","background-media":"","overlay-type":"","overlay-color":"","overlay-opacity":"","overlay-gradient":""},"tablet":{"background-color":"var(--ast-global-color-5)","background-image":"","background-repeat":"repeat","background-position":"center center","background-size":"auto","background-attachment":"scroll","background-type":"","background-media":"","overlay-type":"","overlay-color":"","overlay-opacity":"","overlay-gradient":""},"mobile":{"background-color":"var(--ast-global-color-5)","background-image":"","background-repeat":"repeat","background-position":"center center","background-size":"auto","background-attachment":"scroll","background-type":"","background-media":"","overlay-type":"","overlay-color":"","overlay-opacity":"","overlay-gradient":""}}},"product_brand":[],"product_cat":[182],"product_tag":[],"class_list":{"0":"post-12182","1":"product","2":"type-product","3":"status-publish","4":"has-post-thumbnail","6":"product_cat-poland","7":"desktop-align-left","8":"tablet-align-left","9":"mobile-align-left","11":"first","12":"outofstock","13":"sale","14":"shipping-taxable","15":"purchasable","16":"product-type-simple","17":"add-to-wishlist-before_image"},"_links":{"self":[{"href":"https:\/\/colligatum.com\/en\/wp-json\/wp\/v2\/product\/12182","targetHints":{"allow":["GET"]}}],"collection":[{"href":"https:\/\/colligatum.com\/en\/wp-json\/wp\/v2\/product"}],"about":[{"href":"https:\/\/colligatum.com\/en\/wp-json\/wp\/v2\/types\/product"}],"version-history":[{"count":1,"href":"https:\/\/colligatum.com\/en\/wp-json\/wp\/v2\/product\/12182\/revisions"}],"predecessor-version":[{"id":12183,"href":"https:\/\/colligatum.com\/en\/wp-json\/wp\/v2\/product\/12182\/revisions\/12183"}],"wp:featuredmedia":[{"embeddable":true,"href":"https:\/\/colligatum.com\/en\/wp-json\/wp\/v2\/media\/12127"}],"wp:attachment":[{"href":"https:\/\/colligatum.com\/en\/wp-json\/wp\/v2\/media?parent=12182"}],"wp:term":[{"taxonomy":"product_brand","embeddable":true,"href":"https:\/\/colligatum.com\/en\/wp-json\/wp\/v2\/product_brand?post=12182"},{"taxonomy":"product_cat","embeddable":true,"href":"https:\/\/colligatum.com\/en\/wp-json\/wp\/v2\/product_cat?post=12182"},{"taxonomy":"product_tag","embeddable":true,"href":"https:\/\/colligatum.com\/en\/wp-json\/wp\/v2\/product_tag?post=12182"}],"curies":[{"name":"wp","href":"https:\/\/api.w.org\/{rel}","templated":true}]}}