{"id":12190,"date":"2025-07-07T15:31:38","date_gmt":"2025-07-07T13:31:38","guid":{"rendered":"https:\/\/colligatum.com\/?post_type=product&#038;p=12190"},"modified":"2025-07-07T15:31:38","modified_gmt":"2025-07-07T13:31:38","slug":"rockets-white-american-blend","status":"publish","type":"product","link":"https:\/\/colligatum.com\/en\/product\/rockets-white-american-blend\/","title":{"rendered":"Rockets White (American Blend)"},"content":{"rendered":"<p data-start=\"296\" data-end=\"848\"><strong data-start=\"296\" data-end=\"310\">Description:<\/strong><br data-start=\"310\" data-end=\"313\" \/>\u201eRockets White\u201c \u2013 tai amerikieti\u0161ko tipo tabako mi\u0161in\u012f (American Blend) turin\u010dios cigaret\u0117s, gamintos ir pardavin\u0117tos Lietuvoje. Pakelis baltos spalvos, su dideliu skai\u010diumi \u201e20\u201c centre ir i\u0161rai\u0161kingu logotipu \u201eROCKETS\u201c. \u012esp\u0117jimai lietuvi\u0173 kalba, pavyzd\u017eiui, \u201eR\u016bkymas labai kenkia jums ir aplinkiniams\u201c bei \u201eR\u016bkymas pa\u017eeid\u017eia spermatozoidus ir ma\u017eina vaisingum\u0105\u201c, leid\u017eia tiksliai lokalizuoti gamyb\u0105. Kaina nurodyta ant akcizo lipduko \u2013 <strong data-start=\"750\" data-end=\"761\">2.89 Lt<\/strong>, o tai padeda datuoti pakel\u012f ma\u017edaug iki 2010 m., kuomet tokios kainos buvo aktualios.<\/p>\n<hr data-start=\"850\" data-end=\"853\" \/>\n<p data-start=\"855\" data-end=\"878\"><strong data-start=\"855\" data-end=\"878\">Value assessment:<\/strong><\/p>\n<ul data-start=\"880\" data-end=\"1572\">\n<li data-start=\"880\" data-end=\"1226\">\n<p data-start=\"882\" data-end=\"1226\"><strong data-start=\"882\" data-end=\"902\">Collectible value:<\/strong> \u017dema\u2013vidutin\u0117. Nors pakelis n\u0117ra itin senas, ta\u010diau tampa vis retesniu, ypa\u010d d\u0117l to, kad buvo vietin\u0117s gamybos ir skirtas vidaus rinkai. \u0160io tipo pakeliai n\u0117ra itin paklaus\u016bs tarptautiniu mastu, bet gali b\u016bti vertingi ni\u0161iniams kolekcininkams, renkantiems lietuvi\u0161k\u0105 tabako produkcij\u0105 ar \u201epereinamojo laikotarpio\u201c pakelius.<\/p>\n<\/li>\n<li data-start=\"1227\" data-end=\"1306\">\n<p data-start=\"1229\" data-end=\"1306\"><strong data-start=\"1229\" data-end=\"1251\">Condition assessment:<\/strong> Neatidarytas, puikios b\u016bkl\u0117s, akcizo lipdukas i\u0161lik\u0119s.<\/p>\n<\/li>\n<li data-start=\"1307\" data-end=\"1572\">\n<p data-start=\"1309\" data-end=\"1572\"><strong data-start=\"1309\" data-end=\"1349\">Historical data and popularity:<\/strong> \u201eRockets\u201c \u017eenklas nebuvo pla\u010diai eksportuojamas, jo i\u0161skirtinumas \u2013 lokalus dizainas ir trumpalaik\u0117 gamyba. Pakeli\u0173 su pana\u0161iomis kainomis ir \u017eenklais vis ma\u017e\u0117ja, tod\u0117l ilgalaik\u0117je perspektyvoje gali \u012fgyti simbolin\u0119 vert\u0119.<\/p>\n<\/li>\n<\/ul>","protected":false},"excerpt":{"rendered":"<p data-start=\"95\" data-end=\"162\"><strong data-start=\"95\" data-end=\"129\">Brand and name:<\/strong> <em data-start=\"130\" data-end=\"162\">Rockets White (American Blend)<\/em><\/p>\n<p data-start=\"164\" data-end=\"187\"><strong data-start=\"164\" data-end=\"174\">Size:<\/strong> 20 cigarettes<\/p>\n<p data-start=\"189\" data-end=\"215\"><strong data-start=\"189\" data-end=\"207\">Country of manufacture:<\/strong> Lithuania<\/p>\n<p data-start=\"217\" data-end=\"259\"><strong data-start=\"217\" data-end=\"241\">Production period:<\/strong> Around 2005\u20132010.<\/p>\n<p data-start=\"261\" data-end=\"294\"><strong data-start=\"261\" data-end=\"279\">Package type:<\/strong> Hard pack<\/p>","protected":false},"featured_media":12134,"template":"","meta":{"_surecart_dashboard_logo_width":"180px","_surecart_dashboard_show_logo":true,"_surecart_dashboard_navigation_orders":true,"_surecart_dashboard_navigation_invoices":true,"_surecart_dashboard_navigation_subscriptions":true,"_surecart_dashboard_navigation_downloads":true,"_surecart_dashboard_navigation_billing":true,"_surecart_dashboard_navigation_account":true,"site-sidebar-layout":"default","site-content-layout":"","ast-site-content-layout":"default","site-content-style":"default","site-sidebar-style":"default","ast-global-header-display":"","ast-banner-title-visibility":"","ast-main-header-display":"","ast-hfb-above-header-display":"","ast-hfb-below-header-display":"","ast-hfb-mobile-header-display":"","site-post-title":"","ast-breadcrumbs-content":"","ast-featured-img":"","footer-sml-layout":"","theme-transparent-header-meta":"default","adv-header-id-meta":"","stick-header-meta":"","header-above-stick-meta":"","header-main-stick-meta":"","header-below-stick-meta":"","astra-migrate-meta-layouts":"set","ast-page-background-enabled":"default","ast-page-background-meta":{"desktop":{"background-color":"","background-image":"","background-repeat":"repeat","background-position":"center center","background-size":"auto","background-attachment":"scroll","background-type":"","background-media":"","overlay-type":"","overlay-color":"","overlay-opacity":"","overlay-gradient":""},"tablet":{"background-color":"","background-image":"","background-repeat":"repeat","background-position":"center center","background-size":"auto","background-attachment":"scroll","background-type":"","background-media":"","overlay-type":"","overlay-color":"","overlay-opacity":"","overlay-gradient":""},"mobile":{"background-color":"","background-image":"","background-repeat":"repeat","background-position":"center center","background-size":"auto","background-attachment":"scroll","background-type":"","background-media":"","overlay-type":"","overlay-color":"","overlay-opacity":"","overlay-gradient":""}},"ast-content-background-meta":{"desktop":{"background-color":"var(--ast-global-color-5)","background-image":"","background-repeat":"repeat","background-position":"center center","background-size":"auto","background-attachment":"scroll","background-type":"","background-media":"","overlay-type":"","overlay-color":"","overlay-opacity":"","overlay-gradient":""},"tablet":{"background-color":"var(--ast-global-color-5)","background-image":"","background-repeat":"repeat","background-position":"center center","background-size":"auto","background-attachment":"scroll","background-type":"","background-media":"","overlay-type":"","overlay-color":"","overlay-opacity":"","overlay-gradient":""},"mobile":{"background-color":"var(--ast-global-color-5)","background-image":"","background-repeat":"repeat","background-position":"center center","background-size":"auto","background-attachment":"scroll","background-type":"","background-media":"","overlay-type":"","overlay-color":"","overlay-opacity":"","overlay-gradient":""}}},"product_brand":[],"product_cat":[85],"product_tag":[],"class_list":{"0":"post-12190","1":"product","2":"type-product","3":"status-publish","4":"has-post-thumbnail","6":"product_cat-lithuania","7":"desktop-align-left","8":"tablet-align-left","9":"mobile-align-left","11":"first","12":"instock","13":"sale","14":"shipping-taxable","15":"purchasable","16":"product-type-simple","17":"add-to-wishlist-before_image"},"_links":{"self":[{"href":"https:\/\/colligatum.com\/en\/wp-json\/wp\/v2\/product\/12190","targetHints":{"allow":["GET"]}}],"collection":[{"href":"https:\/\/colligatum.com\/en\/wp-json\/wp\/v2\/product"}],"about":[{"href":"https:\/\/colligatum.com\/en\/wp-json\/wp\/v2\/types\/product"}],"version-history":[{"count":1,"href":"https:\/\/colligatum.com\/en\/wp-json\/wp\/v2\/product\/12190\/revisions"}],"predecessor-version":[{"id":12191,"href":"https:\/\/colligatum.com\/en\/wp-json\/wp\/v2\/product\/12190\/revisions\/12191"}],"wp:featuredmedia":[{"embeddable":true,"href":"https:\/\/colligatum.com\/en\/wp-json\/wp\/v2\/media\/12134"}],"wp:attachment":[{"href":"https:\/\/colligatum.com\/en\/wp-json\/wp\/v2\/media?parent=12190"}],"wp:term":[{"taxonomy":"product_brand","embeddable":true,"href":"https:\/\/colligatum.com\/en\/wp-json\/wp\/v2\/product_brand?post=12190"},{"taxonomy":"product_cat","embeddable":true,"href":"https:\/\/colligatum.com\/en\/wp-json\/wp\/v2\/product_cat?post=12190"},{"taxonomy":"product_tag","embeddable":true,"href":"https:\/\/colligatum.com\/en\/wp-json\/wp\/v2\/product_tag?post=12190"}],"curies":[{"name":"wp","href":"https:\/\/api.w.org\/{rel}","templated":true}]}}