{"id":12195,"date":"2025-07-07T15:40:14","date_gmt":"2025-07-07T13:40:14","guid":{"rendered":"https:\/\/colligatum.com\/?post_type=product&#038;p=12195"},"modified":"2026-03-20T09:48:58","modified_gmt":"2026-03-20T07:48:58","slug":"herbowe-american-blend","status":"publish","type":"product","link":"https:\/\/colligatum.com\/en\/product\/herbowe-american-blend\/","title":{"rendered":"Herbowe American Blend"},"content":{"rendered":"<p data-start=\"237\" data-end=\"878\"><strong data-start=\"237\" data-end=\"251\">Description:<\/strong><br data-start=\"251\" data-end=\"254\" \/>\u201eHerbowe\u201c \u2013 tai cigare\u010di\u0173 prek\u0117s \u017eenklas, priklaus\u0119s pigesnio segmento gaminiams, gamintas Lenkijoje. Pavadinimas \u201eHerbowe\u201c rei\u0161kia \u201eherbin\u0117s\u201c \u2013 kas atspind\u0117ta herbo motyvu su raudonu skydu vir\u0161utin\u0117je dalyje. Pakelis klasikin\u0117s i\u0161vaizdos: raudonos ir baltos spalvos derinys, u\u017era\u0161ai \u201eAmerican Blend\u201c ir \u201eFilter Cigarettes\u201c, rodo tarptautin\u0119 produkto stilistik\u0105, orientuot\u0105 \u012f pirk\u0117j\u0105, ie\u0161kant\u012f amerikieti\u0161ko stiliaus cigare\u010di\u0173 u\u017e \u017eem\u0105 kain\u0105. Dizainas pana\u0161us \u012f klasikini\u0173 amerikieti\u0161k\u0173 cigare\u010di\u0173 (pvz., \u201eMarlboro\u201c), ta\u010diau su paprastesniu pateikimu. Pakelis originalioje celofanin\u0117je pakuot\u0117je, puikios b\u016bkl\u0117s, neatidarytas.<\/p>\n<hr data-start=\"880\" data-end=\"883\" \/>\n<p data-start=\"885\" data-end=\"908\"><strong data-start=\"885\" data-end=\"908\">Value assessment:<\/strong><\/p>\n<ul data-start=\"910\" data-end=\"1562\">\n<li data-start=\"910\" data-end=\"1246\">\n<p data-start=\"912\" data-end=\"1246\"><strong data-start=\"912\" data-end=\"932\">Collectible value:<\/strong> Vidutin\u0117. Nors tai n\u0117ra presti\u017einis ar retas \u017eenklas, \u201eHerbowe\u201c vert\u0119 didina faktas, kad \u0161io prekinio \u017eenklo pakeliai \u0161iandien beveik nepasitaiko rinkoje. Tokie ma\u017eai \u017einomi, ta\u010diau autenti\u0161ki XX a. pabaigos lenki\u0161ki pakeliai \u012fgyja kolekcin\u0119 vert\u0119 kaip dalis platesnio PRL ir pokomunistinio laikotarpio konteksto.<\/p>\n<\/li>\n<li data-start=\"1247\" data-end=\"1314\">\n<p data-start=\"1249\" data-end=\"1314\"><strong data-start=\"1249\" data-end=\"1271\">Condition assessment:<\/strong> Puiki, nepa\u017eeistas, originalus \u012fpakavimas.<\/p>\n<\/li>\n<li data-start=\"1315\" data-end=\"1562\">\n<p data-start=\"1317\" data-end=\"1562\"><strong data-start=\"1317\" data-end=\"1357\">Historical data and popularity:<\/strong> \u0160ios cigaret\u0117s buvo skirtos \u017eem\u0173 kain\u0173 segmentui ir netur\u0117jo reik\u0161mingos reklamin\u0117s kampanijos ar eksporto istorijos, tod\u0117l buvo trumpalaik\u0117s rinkoje. D\u0117l to jos yra retos \u0161iandienin\u0117je kolekcij\u0173 erdv\u0117je.<\/p>\n<\/li>\n<\/ul>","protected":false},"excerpt":{"rendered":"<p data-start=\"44\" data-end=\"103\"><strong data-start=\"44\" data-end=\"78\">Brand and name:<\/strong> <em data-start=\"79\" data-end=\"103\">Herbowe American Blend<\/em><\/p>\n<p data-start=\"105\" data-end=\"128\"><strong data-start=\"105\" data-end=\"115\">Size:<\/strong> 20 cigarettes<\/p>\n<p data-start=\"130\" data-end=\"156\"><strong data-start=\"130\" data-end=\"148\">Country of manufacture:<\/strong> Poland<\/p>\n<p data-start=\"158\" data-end=\"200\"><strong data-start=\"158\" data-end=\"182\">Production period:<\/strong> Around 1995\u20132005.<\/p>\n<p data-start=\"202\" data-end=\"235\"><strong data-start=\"202\" data-end=\"220\">Package type:<\/strong> Hard pack<\/p>","protected":false},"featured_media":12139,"template":"","meta":{"_surecart_dashboard_logo_width":"180px","_surecart_dashboard_show_logo":true,"_surecart_dashboard_navigation_orders":true,"_surecart_dashboard_navigation_invoices":true,"_surecart_dashboard_navigation_subscriptions":true,"_surecart_dashboard_navigation_downloads":true,"_surecart_dashboard_navigation_billing":true,"_surecart_dashboard_navigation_account":true,"site-sidebar-layout":"default","site-content-layout":"","ast-site-content-layout":"default","site-content-style":"default","site-sidebar-style":"default","ast-global-header-display":"","ast-banner-title-visibility":"","ast-main-header-display":"","ast-hfb-above-header-display":"","ast-hfb-below-header-display":"","ast-hfb-mobile-header-display":"","site-post-title":"","ast-breadcrumbs-content":"","ast-featured-img":"","footer-sml-layout":"","ast-disable-related-posts":"","theme-transparent-header-meta":"default","adv-header-id-meta":"","stick-header-meta":"","header-above-stick-meta":"","header-main-stick-meta":"","header-below-stick-meta":"","astra-migrate-meta-layouts":"set","ast-page-background-enabled":"default","ast-page-background-meta":{"desktop":{"background-color":"","background-image":"","background-repeat":"repeat","background-position":"center center","background-size":"auto","background-attachment":"scroll","background-type":"","background-media":"","overlay-type":"","overlay-color":"","overlay-opacity":"","overlay-gradient":""},"tablet":{"background-color":"","background-image":"","background-repeat":"repeat","background-position":"center center","background-size":"auto","background-attachment":"scroll","background-type":"","background-media":"","overlay-type":"","overlay-color":"","overlay-opacity":"","overlay-gradient":""},"mobile":{"background-color":"","background-image":"","background-repeat":"repeat","background-position":"center center","background-size":"auto","background-attachment":"scroll","background-type":"","background-media":"","overlay-type":"","overlay-color":"","overlay-opacity":"","overlay-gradient":""}},"ast-content-background-meta":{"desktop":{"background-color":"var(--ast-global-color-5)","background-image":"","background-repeat":"repeat","background-position":"center center","background-size":"auto","background-attachment":"scroll","background-type":"","background-media":"","overlay-type":"","overlay-color":"","overlay-opacity":"","overlay-gradient":""},"tablet":{"background-color":"var(--ast-global-color-5)","background-image":"","background-repeat":"repeat","background-position":"center center","background-size":"auto","background-attachment":"scroll","background-type":"","background-media":"","overlay-type":"","overlay-color":"","overlay-opacity":"","overlay-gradient":""},"mobile":{"background-color":"var(--ast-global-color-5)","background-image":"","background-repeat":"repeat","background-position":"center center","background-size":"auto","background-attachment":"scroll","background-type":"","background-media":"","overlay-type":"","overlay-color":"","overlay-opacity":"","overlay-gradient":""}}},"product_brand":[],"product_cat":[182],"product_tag":[],"class_list":{"0":"post-12195","1":"product","2":"type-product","3":"status-publish","4":"has-post-thumbnail","6":"product_cat-poland","7":"desktop-align-left","8":"tablet-align-left","9":"mobile-align-left","11":"first","12":"outofstock","13":"shipping-taxable","14":"purchasable","15":"product-type-simple","16":"add-to-wishlist-before_image"},"_links":{"self":[{"href":"https:\/\/colligatum.com\/en\/wp-json\/wp\/v2\/product\/12195","targetHints":{"allow":["GET"]}}],"collection":[{"href":"https:\/\/colligatum.com\/en\/wp-json\/wp\/v2\/product"}],"about":[{"href":"https:\/\/colligatum.com\/en\/wp-json\/wp\/v2\/types\/product"}],"version-history":[{"count":1,"href":"https:\/\/colligatum.com\/en\/wp-json\/wp\/v2\/product\/12195\/revisions"}],"predecessor-version":[{"id":12196,"href":"https:\/\/colligatum.com\/en\/wp-json\/wp\/v2\/product\/12195\/revisions\/12196"}],"wp:featuredmedia":[{"embeddable":true,"href":"https:\/\/colligatum.com\/en\/wp-json\/wp\/v2\/media\/12139"}],"wp:attachment":[{"href":"https:\/\/colligatum.com\/en\/wp-json\/wp\/v2\/media?parent=12195"}],"wp:term":[{"taxonomy":"product_brand","embeddable":true,"href":"https:\/\/colligatum.com\/en\/wp-json\/wp\/v2\/product_brand?post=12195"},{"taxonomy":"product_cat","embeddable":true,"href":"https:\/\/colligatum.com\/en\/wp-json\/wp\/v2\/product_cat?post=12195"},{"taxonomy":"product_tag","embeddable":true,"href":"https:\/\/colligatum.com\/en\/wp-json\/wp\/v2\/product_tag?post=12195"}],"curies":[{"name":"wp","href":"https:\/\/api.w.org\/{rel}","templated":true}]}}