{"id":12289,"date":"2025-07-08T07:36:33","date_gmt":"2025-07-08T05:36:33","guid":{"rendered":"https:\/\/colligatum.com\/?post_type=product&#038;p=12289"},"modified":"2026-03-20T09:48:58","modified_gmt":"2026-03-20T07:48:58","slug":"mewa-menthol-king-size","status":"publish","type":"product","link":"https:\/\/colligatum.com\/en\/product\/mewa-menthol-king-size\/","title":{"rendered":"MEWA Menthol King Size"},"content":{"rendered":"<p data-start=\"344\" data-end=\"879\"><strong data-start=\"344\" data-end=\"358\">Description:<\/strong><br data-start=\"358\" data-end=\"361\" \/>MEWA Menthol cigare\u010di\u0173 pakelis pasi\u017eymi ry\u0161kia \u017ealsvai m\u0117tine spalva, kuri i\u0161 karto nurodo mentolio skon\u012f. Dizainas minimalistinis, ta\u010diau ai\u0161kiai orientuotas \u012f voki\u0161ko\/lenki\u0161ko stiliaus paprastum\u0105 \u2013 baltos raid\u0117s ant \u017ealsvo fono, simbolinis logotipas su skrendan\u010dia \u017euv\u0117dra (MEWA rei\u0161kia \u201e\u017euv\u0117dra\u201c). Pakuot\u0117 plastikuota, su originaliu akcizo \u017eenklu (akivaizd\u017eiai 1999 met\u0173), liudijan\u010diu jos autenti\u0161kum\u0105. Ant pakelio \u2013 \u012fsp\u0117jimai lenk\u0173 kalba, tokie kaip <em data-start=\"815\" data-end=\"848\">\u201e&quot;Palenie tytoniu voodoo raka&quot;\u201d<\/em> and <em data-start=\"852\" data-end=\"878\">&#8222;powoduje choroby serca&#8221;<\/em>.<\/p>\n<hr data-start=\"881\" data-end=\"884\" \/>\n<h3 data-start=\"886\" data-end=\"913\"><strong data-start=\"890\" data-end=\"913\">Value assessment:<\/strong><\/h3>\n<ul data-start=\"915\" data-end=\"1462\">\n<li data-start=\"915\" data-end=\"1154\">\n<p data-start=\"917\" data-end=\"1154\"><strong data-start=\"917\" data-end=\"937\">Collectible value:<\/strong> Vidutin\u0117 \u2013 MEWA \u017eenklas n\u0117ra itin \u017einomas u\u017e Lenkijos rib\u0173, ta\u010diau mentolio variantas bei sena, puikios b\u016bkl\u0117s pakuot\u0117 padidina vert\u0119 tarp regionini\u0173 kolekcinink\u0173. Riboto prieinamumo pakelis, kuris jau nebegaminamas.<\/p>\n<\/li>\n<li data-start=\"1158\" data-end=\"1263\">\n<p data-start=\"1160\" data-end=\"1263\"><strong data-start=\"1160\" data-end=\"1182\">Condition assessment:<\/strong> Neatidarytas, su originaliu akcizo \u017eenklu, plastikuotas \u2013 puiki kolekcin\u0117 b\u016bkl\u0117.<\/p>\n<\/li>\n<li data-start=\"1265\" data-end=\"1462\">\n<p data-start=\"1267\" data-end=\"1462\"><strong data-start=\"1267\" data-end=\"1307\">Historical data and popularity:<\/strong> MEWA \u2013 regioninis prek\u0117s \u017eenklas, egzistav\u0119s 90-\u0173j\u0173 pabaigoje ir 2000-\u0173j\u0173 prad\u017eioje. \u0160iuo metu gamyba nutraukta, tod\u0117l pakeliai rinkoje tampa vis retesni.<\/p>\n<\/li>\n<\/ul>","protected":false},"excerpt":{"rendered":"<p data-start=\"153\" data-end=\"210\"><strong data-start=\"153\" data-end=\"187\">Brand and name:<\/strong> MEWA Menthol King Size<\/p>\n<p data-start=\"212\" data-end=\"235\"><strong data-start=\"212\" data-end=\"222\">Size:<\/strong> 20 cigarettes<\/p>\n<p data-start=\"237\" data-end=\"263\"><strong data-start=\"237\" data-end=\"255\">Country of manufacture:<\/strong> Poland<\/p>\n<p data-start=\"265\" data-end=\"307\"><strong data-start=\"265\" data-end=\"289\">Production period:<\/strong> Apie 1999\u20132004 m.<\/p>\n<p data-start=\"309\" data-end=\"342\"><strong data-start=\"309\" data-end=\"327\">Package type:<\/strong> Hard pack<\/p>","protected":false},"featured_media":12239,"template":"","meta":{"_surecart_dashboard_logo_width":"180px","_surecart_dashboard_show_logo":true,"_surecart_dashboard_navigation_orders":true,"_surecart_dashboard_navigation_invoices":true,"_surecart_dashboard_navigation_subscriptions":true,"_surecart_dashboard_navigation_downloads":true,"_surecart_dashboard_navigation_billing":true,"_surecart_dashboard_navigation_account":true,"site-sidebar-layout":"default","site-content-layout":"","ast-site-content-layout":"default","site-content-style":"default","site-sidebar-style":"default","ast-global-header-display":"","ast-banner-title-visibility":"","ast-main-header-display":"","ast-hfb-above-header-display":"","ast-hfb-below-header-display":"","ast-hfb-mobile-header-display":"","site-post-title":"","ast-breadcrumbs-content":"","ast-featured-img":"","footer-sml-layout":"","theme-transparent-header-meta":"default","adv-header-id-meta":"","stick-header-meta":"","header-above-stick-meta":"","header-main-stick-meta":"","header-below-stick-meta":"","astra-migrate-meta-layouts":"set","ast-page-background-enabled":"default","ast-page-background-meta":{"desktop":{"background-color":"","background-image":"","background-repeat":"repeat","background-position":"center center","background-size":"auto","background-attachment":"scroll","background-type":"","background-media":"","overlay-type":"","overlay-color":"","overlay-opacity":"","overlay-gradient":""},"tablet":{"background-color":"","background-image":"","background-repeat":"repeat","background-position":"center center","background-size":"auto","background-attachment":"scroll","background-type":"","background-media":"","overlay-type":"","overlay-color":"","overlay-opacity":"","overlay-gradient":""},"mobile":{"background-color":"","background-image":"","background-repeat":"repeat","background-position":"center center","background-size":"auto","background-attachment":"scroll","background-type":"","background-media":"","overlay-type":"","overlay-color":"","overlay-opacity":"","overlay-gradient":""}},"ast-content-background-meta":{"desktop":{"background-color":"var(--ast-global-color-5)","background-image":"","background-repeat":"repeat","background-position":"center center","background-size":"auto","background-attachment":"scroll","background-type":"","background-media":"","overlay-type":"","overlay-color":"","overlay-opacity":"","overlay-gradient":""},"tablet":{"background-color":"var(--ast-global-color-5)","background-image":"","background-repeat":"repeat","background-position":"center center","background-size":"auto","background-attachment":"scroll","background-type":"","background-media":"","overlay-type":"","overlay-color":"","overlay-opacity":"","overlay-gradient":""},"mobile":{"background-color":"var(--ast-global-color-5)","background-image":"","background-repeat":"repeat","background-position":"center center","background-size":"auto","background-attachment":"scroll","background-type":"","background-media":"","overlay-type":"","overlay-color":"","overlay-opacity":"","overlay-gradient":""}}},"product_brand":[],"product_cat":[182],"product_tag":[],"class_list":{"0":"post-12289","1":"product","2":"type-product","3":"status-publish","4":"has-post-thumbnail","6":"product_cat-poland","7":"desktop-align-left","8":"tablet-align-left","9":"mobile-align-left","11":"first","12":"outofstock","13":"sale","14":"shipping-taxable","15":"purchasable","16":"product-type-simple","17":"add-to-wishlist-before_image"},"_links":{"self":[{"href":"https:\/\/colligatum.com\/en\/wp-json\/wp\/v2\/product\/12289","targetHints":{"allow":["GET"]}}],"collection":[{"href":"https:\/\/colligatum.com\/en\/wp-json\/wp\/v2\/product"}],"about":[{"href":"https:\/\/colligatum.com\/en\/wp-json\/wp\/v2\/types\/product"}],"version-history":[{"count":1,"href":"https:\/\/colligatum.com\/en\/wp-json\/wp\/v2\/product\/12289\/revisions"}],"predecessor-version":[{"id":12290,"href":"https:\/\/colligatum.com\/en\/wp-json\/wp\/v2\/product\/12289\/revisions\/12290"}],"wp:featuredmedia":[{"embeddable":true,"href":"https:\/\/colligatum.com\/en\/wp-json\/wp\/v2\/media\/12239"}],"wp:attachment":[{"href":"https:\/\/colligatum.com\/en\/wp-json\/wp\/v2\/media?parent=12289"}],"wp:term":[{"taxonomy":"product_brand","embeddable":true,"href":"https:\/\/colligatum.com\/en\/wp-json\/wp\/v2\/product_brand?post=12289"},{"taxonomy":"product_cat","embeddable":true,"href":"https:\/\/colligatum.com\/en\/wp-json\/wp\/v2\/product_cat?post=12289"},{"taxonomy":"product_tag","embeddable":true,"href":"https:\/\/colligatum.com\/en\/wp-json\/wp\/v2\/product_tag?post=12289"}],"curies":[{"name":"wp","href":"https:\/\/api.w.org\/{rel}","templated":true}]}}