{"id":12293,"date":"2025-07-08T07:39:58","date_gmt":"2025-07-08T05:39:58","guid":{"rendered":"https:\/\/colligatum.com\/?post_type=product&#038;p=12293"},"modified":"2026-03-20T09:48:58","modified_gmt":"2026-03-20T07:48:58","slug":"huzar-king-size","status":"publish","type":"product","link":"https:\/\/colligatum.com\/en\/product\/huzar-king-size\/","title":{"rendered":"Huzar King Size"},"content":{"rendered":"<p data-start=\"347\" data-end=\"916\"><strong data-start=\"347\" data-end=\"361\">Description:<\/strong><br data-start=\"361\" data-end=\"364\" \/>Huzar \u2013 tai klasikinis lenki\u0161kas cigare\u010di\u0173 \u017eenklas, kurio pavadinimas rei\u0161kia \u201ehuzaras\u201c, nuoroda \u012f istorinius raitelius. Pakelis i\u0161siskiria eleganti\u0161ku m\u0117lynos ir aukso spalv\u0173 deriniu. Dizainas dominuoja \u012fstri\u017eomis juostomis, o centre pavaizduotas herbas su raiteliu, stiprinantis prek\u0117s \u017eenklo militaristin\u0119 tematik\u0105. Apatin\u0117je dalyje nurodyta, kad cigaret\u0117s su acetatiniu filtru (<em data-start=\"746\" data-end=\"770\">\u201ez filtrem acetatowym\u201c<\/em>), kas buvo laikoma auk\u0161tesn\u0117s kokyb\u0117s \u017eenklu laikotarpiu, kai daug cigare\u010di\u0173 dar buvo be filtro. Pakuot\u0117 \u2013 sandariai plastikuota, puikios b\u016bkl\u0117s.<\/p>\n<hr data-start=\"918\" data-end=\"921\" \/>\n<h3 data-start=\"923\" data-end=\"950\"><strong data-start=\"927\" data-end=\"950\">Value assessment:<\/strong><\/h3>\n<ul data-start=\"952\" data-end=\"1620\">\n<li data-start=\"952\" data-end=\"1281\">\n<p data-start=\"954\" data-end=\"1281\"><strong data-start=\"954\" data-end=\"974\">Collectible value:<\/strong> Vidutin\u0117\u2013auk\u0161ta. \u0160is pakelis yra gana retas tarp i\u0161likusi\u0173 lenki\u0161k\u0173 cigare\u010di\u0173 i\u0161 socialistinio laikotarpio, ypa\u010d d\u0117l gerai i\u0161silaikiusio kieto pakelio ir esteti\u0161kai patrauklaus dizaino. Pavadinimas \u201eHuzar\u201c taip pat turi atpa\u017e\u012fstamum\u0105 Lenkijoje, o kai kurie kolekcininkai sieja j\u012f su patriotiniu simbolizmu.<\/p>\n<\/li>\n<li data-start=\"1283\" data-end=\"1383\">\n<p data-start=\"1285\" data-end=\"1383\"><strong data-start=\"1285\" data-end=\"1307\">Condition assessment:<\/strong> Neatidarytas, originali pakuot\u0117, plastikuotas \u2013 labai gera kolekcin\u0117 b\u016bkl\u0117.<\/p>\n<\/li>\n<li data-start=\"1385\" data-end=\"1620\">\n<p data-start=\"1387\" data-end=\"1620\"><strong data-start=\"1387\" data-end=\"1427\">Historical data and popularity:<\/strong> Gamybos \u0161altiniai rodo, kad \u0161is cigare\u010di\u0173 \u017eenklas buvo gaminamas Lenkijoje iki XX a. pabaigos. \u0160iuo metu nebegaminamas, tod\u0117l \u012fgauna vert\u0119 tarp Ryt\u0173 Europos cigare\u010di\u0173 istorijos kolekcionieri\u0173.<\/p>\n<\/li>\n<\/ul>","protected":false},"excerpt":{"rendered":"<p data-start=\"163\" data-end=\"213\"><strong data-start=\"163\" data-end=\"197\">Brand and name:<\/strong> Huzar King Size<\/p>\n<p data-start=\"215\" data-end=\"238\"><strong data-start=\"215\" data-end=\"225\">Size:<\/strong> 20 cigarettes<\/p>\n<p data-start=\"240\" data-end=\"266\"><strong data-start=\"240\" data-end=\"258\">Country of manufacture:<\/strong> Poland<\/p>\n<p data-start=\"268\" data-end=\"310\"><strong data-start=\"268\" data-end=\"292\">Production period:<\/strong> Around 1985\u20131995.<\/p>\n<p data-start=\"312\" data-end=\"345\"><strong data-start=\"312\" data-end=\"330\">Package type:<\/strong> Hard pack<\/p>","protected":false},"featured_media":12242,"template":"","meta":{"_surecart_dashboard_logo_width":"180px","_surecart_dashboard_show_logo":true,"_surecart_dashboard_navigation_orders":true,"_surecart_dashboard_navigation_invoices":true,"_surecart_dashboard_navigation_subscriptions":true,"_surecart_dashboard_navigation_downloads":true,"_surecart_dashboard_navigation_billing":true,"_surecart_dashboard_navigation_account":true,"site-sidebar-layout":"default","site-content-layout":"","ast-site-content-layout":"default","site-content-style":"default","site-sidebar-style":"default","ast-global-header-display":"","ast-banner-title-visibility":"","ast-main-header-display":"","ast-hfb-above-header-display":"","ast-hfb-below-header-display":"","ast-hfb-mobile-header-display":"","site-post-title":"","ast-breadcrumbs-content":"","ast-featured-img":"","footer-sml-layout":"","theme-transparent-header-meta":"default","adv-header-id-meta":"","stick-header-meta":"","header-above-stick-meta":"","header-main-stick-meta":"","header-below-stick-meta":"","astra-migrate-meta-layouts":"set","ast-page-background-enabled":"default","ast-page-background-meta":{"desktop":{"background-color":"","background-image":"","background-repeat":"repeat","background-position":"center center","background-size":"auto","background-attachment":"scroll","background-type":"","background-media":"","overlay-type":"","overlay-color":"","overlay-opacity":"","overlay-gradient":""},"tablet":{"background-color":"","background-image":"","background-repeat":"repeat","background-position":"center center","background-size":"auto","background-attachment":"scroll","background-type":"","background-media":"","overlay-type":"","overlay-color":"","overlay-opacity":"","overlay-gradient":""},"mobile":{"background-color":"","background-image":"","background-repeat":"repeat","background-position":"center center","background-size":"auto","background-attachment":"scroll","background-type":"","background-media":"","overlay-type":"","overlay-color":"","overlay-opacity":"","overlay-gradient":""}},"ast-content-background-meta":{"desktop":{"background-color":"var(--ast-global-color-5)","background-image":"","background-repeat":"repeat","background-position":"center center","background-size":"auto","background-attachment":"scroll","background-type":"","background-media":"","overlay-type":"","overlay-color":"","overlay-opacity":"","overlay-gradient":""},"tablet":{"background-color":"var(--ast-global-color-5)","background-image":"","background-repeat":"repeat","background-position":"center center","background-size":"auto","background-attachment":"scroll","background-type":"","background-media":"","overlay-type":"","overlay-color":"","overlay-opacity":"","overlay-gradient":""},"mobile":{"background-color":"var(--ast-global-color-5)","background-image":"","background-repeat":"repeat","background-position":"center center","background-size":"auto","background-attachment":"scroll","background-type":"","background-media":"","overlay-type":"","overlay-color":"","overlay-opacity":"","overlay-gradient":""}}},"product_brand":[],"product_cat":[182],"product_tag":[],"class_list":{"0":"post-12293","1":"product","2":"type-product","3":"status-publish","4":"has-post-thumbnail","6":"product_cat-poland","7":"desktop-align-left","8":"tablet-align-left","9":"mobile-align-left","11":"first","12":"outofstock","13":"sale","14":"shipping-taxable","15":"purchasable","16":"product-type-simple","17":"add-to-wishlist-before_image"},"_links":{"self":[{"href":"https:\/\/colligatum.com\/en\/wp-json\/wp\/v2\/product\/12293","targetHints":{"allow":["GET"]}}],"collection":[{"href":"https:\/\/colligatum.com\/en\/wp-json\/wp\/v2\/product"}],"about":[{"href":"https:\/\/colligatum.com\/en\/wp-json\/wp\/v2\/types\/product"}],"version-history":[{"count":1,"href":"https:\/\/colligatum.com\/en\/wp-json\/wp\/v2\/product\/12293\/revisions"}],"predecessor-version":[{"id":12294,"href":"https:\/\/colligatum.com\/en\/wp-json\/wp\/v2\/product\/12293\/revisions\/12294"}],"wp:featuredmedia":[{"embeddable":true,"href":"https:\/\/colligatum.com\/en\/wp-json\/wp\/v2\/media\/12242"}],"wp:attachment":[{"href":"https:\/\/colligatum.com\/en\/wp-json\/wp\/v2\/media?parent=12293"}],"wp:term":[{"taxonomy":"product_brand","embeddable":true,"href":"https:\/\/colligatum.com\/en\/wp-json\/wp\/v2\/product_brand?post=12293"},{"taxonomy":"product_cat","embeddable":true,"href":"https:\/\/colligatum.com\/en\/wp-json\/wp\/v2\/product_cat?post=12293"},{"taxonomy":"product_tag","embeddable":true,"href":"https:\/\/colligatum.com\/en\/wp-json\/wp\/v2\/product_tag?post=12293"}],"curies":[{"name":"wp","href":"https:\/\/api.w.org\/{rel}","templated":true}]}}