{"id":12309,"date":"2025-07-08T07:59:36","date_gmt":"2025-07-08T05:59:36","guid":{"rendered":"https:\/\/colligatum.com\/?post_type=product&#038;p=12309"},"modified":"2026-03-20T09:48:58","modified_gmt":"2026-03-20T07:48:58","slug":"alex-king-size","status":"publish","type":"product","link":"https:\/\/colligatum.com\/en\/product\/alex-king-size\/","title":{"rendered":"Alex King Size"},"content":{"rendered":"<p data-start=\"315\" data-end=\"823\"><strong data-start=\"315\" data-end=\"329\">Description:<\/strong><br data-start=\"329\" data-end=\"332\" \/>\u201eAlex King Size\u201c \u2013 klasikinis lenki\u0161kas cigare\u010di\u0173 pakelis, vizualiai primenantis tarptautini\u0173 preki\u0173 \u017eenkl\u0173 dizain\u0105. Vir\u0161utin\u0117 pakelio dalis \u2013 \u0161viesi, o apatin\u0117 \u2013 ry\u0161kiai raudona, su trimis subtiliomis horizontaliomis juostel\u0117mis. Centre dominuoja prekinis \u017eenklas <strong data-start=\"597\" data-end=\"605\">ALEX<\/strong>, apa\u010dioje \u2013 herbinis logotipas su inicialais \u201eRZS\u201c (galimas gamintojo identifikatorius), bei u\u017era\u0161as <em data-start=\"707\" data-end=\"734\">\u201e&quot;20 papieros\u00f3w z filtrem&quot;\u201c<\/em>. Pakelis plastikuotas, sandariai u\u017edarytas, su originaliu vir\u0161utiniu folijos u\u017espaudimu.<\/p>\n<hr data-start=\"825\" data-end=\"828\" \/>\n<h3 data-start=\"830\" data-end=\"857\"><strong data-start=\"834\" data-end=\"857\">Value assessment:<\/strong><\/h3>\n<ul data-start=\"859\" data-end=\"1447\">\n<li data-start=\"859\" data-end=\"1099\">\n<p data-start=\"861\" data-end=\"1099\"><strong data-start=\"861\" data-end=\"881\">Collectible value:<\/strong> Vidutin\u0117. \u201eAlex\u201c n\u0117ra pla\u010diai \u017einomas ar tarptautiniu mastu atpa\u017e\u012fstamas \u017eenklas, ta\u010diau pakelis yra tipi\u0161kas 90-\u0173j\u0173\u20132000-\u0173j\u0173 Lenkijos produkcijos pavyzdys. Vert\u0117 kyla, jei pakelis yra gerai i\u0161silaik\u0119s ir nepa\u017eeistas.<\/p>\n<\/li>\n<li data-start=\"1101\" data-end=\"1226\">\n<p data-start=\"1103\" data-end=\"1226\"><strong data-start=\"1103\" data-end=\"1125\">Condition assessment:<\/strong> Neatidarytas, plastikuotas, ne\u017eym\u016bs \u012fbr\u0117\u017eimai ir laikymo \u017eym\u0117s ant plastiko. Bendra i\u0161vaizda \u2013 gera.<\/p>\n<\/li>\n<li data-start=\"1228\" data-end=\"1447\">\n<p data-start=\"1230\" data-end=\"1447\"><strong data-start=\"1230\" data-end=\"1270\">Historical data and popularity:<\/strong> \u201eAlex\u201c buvo vidutin\u0117s klas\u0117s cigare\u010di\u0173 \u017eenklas, skirtas vidaus rinkai. N\u0117ra siejamas su \u017eymia gamykla ar eksporto programa, ta\u010diau vertinamas kaip tipi\u0161kas laikme\u010dio produktas.<\/p>\n<\/li>\n<\/ul>","protected":false},"excerpt":{"rendered":"<p data-start=\"130\" data-end=\"179\"><strong data-start=\"130\" data-end=\"164\">Brand and name:<\/strong> Alex King Size<\/p>\n<p data-start=\"181\" data-end=\"204\"><strong data-start=\"181\" data-end=\"191\">Size:<\/strong> 20 cigarettes<\/p>\n<p data-start=\"206\" data-end=\"232\"><strong data-start=\"206\" data-end=\"224\">Country of manufacture:<\/strong> Poland<\/p>\n<p data-start=\"234\" data-end=\"276\"><strong data-start=\"234\" data-end=\"258\">Production period:<\/strong> Around 1995\u20132005.<\/p>\n<p data-start=\"278\" data-end=\"313\"><strong data-start=\"278\" data-end=\"296\">Package type:<\/strong> Soft pack<\/p>","protected":false},"featured_media":12310,"template":"","meta":{"_surecart_dashboard_logo_width":"180px","_surecart_dashboard_show_logo":true,"_surecart_dashboard_navigation_orders":true,"_surecart_dashboard_navigation_invoices":true,"_surecart_dashboard_navigation_subscriptions":true,"_surecart_dashboard_navigation_downloads":true,"_surecart_dashboard_navigation_billing":true,"_surecart_dashboard_navigation_account":true,"site-sidebar-layout":"default","site-content-layout":"","ast-site-content-layout":"default","site-content-style":"default","site-sidebar-style":"default","ast-global-header-display":"","ast-banner-title-visibility":"","ast-main-header-display":"","ast-hfb-above-header-display":"","ast-hfb-below-header-display":"","ast-hfb-mobile-header-display":"","site-post-title":"","ast-breadcrumbs-content":"","ast-featured-img":"","footer-sml-layout":"","theme-transparent-header-meta":"default","adv-header-id-meta":"","stick-header-meta":"","header-above-stick-meta":"","header-main-stick-meta":"","header-below-stick-meta":"","astra-migrate-meta-layouts":"set","ast-page-background-enabled":"default","ast-page-background-meta":{"desktop":{"background-color":"","background-image":"","background-repeat":"repeat","background-position":"center center","background-size":"auto","background-attachment":"scroll","background-type":"","background-media":"","overlay-type":"","overlay-color":"","overlay-opacity":"","overlay-gradient":""},"tablet":{"background-color":"","background-image":"","background-repeat":"repeat","background-position":"center center","background-size":"auto","background-attachment":"scroll","background-type":"","background-media":"","overlay-type":"","overlay-color":"","overlay-opacity":"","overlay-gradient":""},"mobile":{"background-color":"","background-image":"","background-repeat":"repeat","background-position":"center center","background-size":"auto","background-attachment":"scroll","background-type":"","background-media":"","overlay-type":"","overlay-color":"","overlay-opacity":"","overlay-gradient":""}},"ast-content-background-meta":{"desktop":{"background-color":"var(--ast-global-color-5)","background-image":"","background-repeat":"repeat","background-position":"center center","background-size":"auto","background-attachment":"scroll","background-type":"","background-media":"","overlay-type":"","overlay-color":"","overlay-opacity":"","overlay-gradient":""},"tablet":{"background-color":"var(--ast-global-color-5)","background-image":"","background-repeat":"repeat","background-position":"center center","background-size":"auto","background-attachment":"scroll","background-type":"","background-media":"","overlay-type":"","overlay-color":"","overlay-opacity":"","overlay-gradient":""},"mobile":{"background-color":"var(--ast-global-color-5)","background-image":"","background-repeat":"repeat","background-position":"center center","background-size":"auto","background-attachment":"scroll","background-type":"","background-media":"","overlay-type":"","overlay-color":"","overlay-opacity":"","overlay-gradient":""}}},"product_brand":[],"product_cat":[182],"product_tag":[],"class_list":{"0":"post-12309","1":"product","2":"type-product","3":"status-publish","4":"has-post-thumbnail","6":"product_cat-poland","7":"desktop-align-left","8":"tablet-align-left","9":"mobile-align-left","11":"first","12":"outofstock","13":"sale","14":"shipping-taxable","15":"purchasable","16":"product-type-simple","17":"add-to-wishlist-before_image"},"_links":{"self":[{"href":"https:\/\/colligatum.com\/en\/wp-json\/wp\/v2\/product\/12309","targetHints":{"allow":["GET"]}}],"collection":[{"href":"https:\/\/colligatum.com\/en\/wp-json\/wp\/v2\/product"}],"about":[{"href":"https:\/\/colligatum.com\/en\/wp-json\/wp\/v2\/types\/product"}],"version-history":[{"count":1,"href":"https:\/\/colligatum.com\/en\/wp-json\/wp\/v2\/product\/12309\/revisions"}],"predecessor-version":[{"id":12380,"href":"https:\/\/colligatum.com\/en\/wp-json\/wp\/v2\/product\/12309\/revisions\/12380"}],"wp:featuredmedia":[{"embeddable":true,"href":"https:\/\/colligatum.com\/en\/wp-json\/wp\/v2\/media\/12310"}],"wp:attachment":[{"href":"https:\/\/colligatum.com\/en\/wp-json\/wp\/v2\/media?parent=12309"}],"wp:term":[{"taxonomy":"product_brand","embeddable":true,"href":"https:\/\/colligatum.com\/en\/wp-json\/wp\/v2\/product_brand?post=12309"},{"taxonomy":"product_cat","embeddable":true,"href":"https:\/\/colligatum.com\/en\/wp-json\/wp\/v2\/product_cat?post=12309"},{"taxonomy":"product_tag","embeddable":true,"href":"https:\/\/colligatum.com\/en\/wp-json\/wp\/v2\/product_tag?post=12309"}],"curies":[{"name":"wp","href":"https:\/\/api.w.org\/{rel}","templated":true}]}}