{"id":12404,"date":"2025-07-08T09:49:42","date_gmt":"2025-07-08T07:49:42","guid":{"rendered":"https:\/\/colligatum.com\/?post_type=product&#038;p=12404"},"modified":"2025-07-08T09:49:42","modified_gmt":"2025-07-08T07:49:42","slug":"ronson-special-white","status":"publish","type":"product","link":"https:\/\/colligatum.com\/en\/product\/ronson-special-white\/","title":{"rendered":"Ronson &quot;Special White&quot;\u201e"},"content":{"rendered":"<p data-start=\"349\" data-end=\"884\"><strong data-start=\"349\" data-end=\"363\">Description:<\/strong><br data-start=\"363\" data-end=\"366\" \/>\u0160is \u201eRonson Special White\u201c cigare\u010di\u0173 pakelis yra klasikinio dizaino, su dominuojan\u010diu baltos ir raudonos spalv\u0173 deriniu bei kar\u016bnos simbolika, pabr\u0117\u017eian\u010dia \u201eangli\u0161k\u0105\u201c stili\u0173 ir kokyb\u0119. Ant priekin\u0117s pus\u0117s matomas ai\u0161kus sveikatos \u012fsp\u0117jimas lietuvi\u0173 kalba \u2013 \u201eR\u016bkymas \u017eudo\u201c, o ant galin\u0117s \u2013 papildomas persp\u0117jimas apie plau\u010di\u0173 v\u0117\u017e\u012f. Pakelis skirtas Lietuvos rinkai, tai liudija tiek kalba, tiek galinis akcizo lipdukas su nominalia kaina litais. Ant \u0161ono pa\u017eym\u0117ta \u201eRonson London\u201c, ta\u010diau tai \u017eenklas, o ne gamybos vieta.<\/p>\n<hr data-start=\"886\" data-end=\"889\" \/>\n<p data-start=\"891\" data-end=\"914\"><strong data-start=\"891\" data-end=\"914\">Value assessment:<\/strong><\/p>\n<ul data-start=\"916\" data-end=\"1527\">\n<li data-start=\"916\" data-end=\"1177\">\n<p data-start=\"918\" data-end=\"1177\"><strong data-start=\"918\" data-end=\"938\">Collectible value:<\/strong> \u017dema\u2013vidutin\u0117. \u0160is pakelis n\u0117ra riboto leidimo, ta\u010diau vis ma\u017eiau aptinkamas d\u0117l lietuvi\u0161kos kilm\u0117s, specifinio laikotarpio (kai dar buvo naudojami litai) ir to, kad \u201eRonson\u201c kaip prek\u0117s \u017eenklas \u0161iuo metu nebenaudojamas cigare\u010di\u0173 rinkoje.<\/p>\n<\/li>\n<li data-start=\"1178\" data-end=\"1270\">\n<p data-start=\"1180\" data-end=\"1270\"><strong data-start=\"1180\" data-end=\"1202\">Condition assessment:<\/strong> Neatidarytas, originalus celofanas ir akcizo lipdukas. Puiki b\u016bkl\u0117.<\/p>\n<\/li>\n<li data-start=\"1271\" data-end=\"1527\">\n<p data-start=\"1273\" data-end=\"1527\"><strong data-start=\"1273\" data-end=\"1313\">Historical data and popularity:<\/strong> Lietuvoje buv\u0119s pla\u010diai prieinamas, ta\u010diau dabar prakti\u0161kai i\u0161nyk\u0119s. Kolekcinink\u0173 rinkoje \u0161is pakelis domint\u0173 tik tuos, kurie komplektuoja Lietuvos rinkos arba Baltijos \u0161ali\u0173 pokomunistinio laikotarpio kolekcijas.<\/p>\n<\/li>\n<\/ul>","protected":false},"excerpt":{"rendered":"<p data-start=\"96\" data-end=\"153\"><strong data-start=\"96\" data-end=\"130\">Brand and name:<\/strong> Ronson &quot;Special White&quot;\u201e<\/p>\n<p data-start=\"155\" data-end=\"178\"><strong data-start=\"155\" data-end=\"165\">Size:<\/strong> 20 cigarettes<\/p>\n<p data-start=\"180\" data-end=\"206\"><strong data-start=\"180\" data-end=\"198\">Country of manufacture:<\/strong> Lithuania<\/p>\n<p data-start=\"208\" data-end=\"312\"><strong data-start=\"208\" data-end=\"232\">Production period:<\/strong> Apytiksliai 2000\u20132005 m. (pagal lietuvi\u0161k\u0105 akcizo lipduk\u0105 su kaina <strong data-start=\"300\" data-end=\"311\">1.99 Lt<\/strong>)<\/p>\n<p data-start=\"314\" data-end=\"347\"><strong data-start=\"314\" data-end=\"332\">Package type:<\/strong> Hard pack<\/p>","protected":false},"featured_media":12334,"template":"","meta":{"_surecart_dashboard_logo_width":"180px","_surecart_dashboard_show_logo":true,"_surecart_dashboard_navigation_orders":true,"_surecart_dashboard_navigation_invoices":true,"_surecart_dashboard_navigation_subscriptions":true,"_surecart_dashboard_navigation_downloads":true,"_surecart_dashboard_navigation_billing":true,"_surecart_dashboard_navigation_account":true,"site-sidebar-layout":"default","site-content-layout":"","ast-site-content-layout":"default","site-content-style":"default","site-sidebar-style":"default","ast-global-header-display":"","ast-banner-title-visibility":"","ast-main-header-display":"","ast-hfb-above-header-display":"","ast-hfb-below-header-display":"","ast-hfb-mobile-header-display":"","site-post-title":"","ast-breadcrumbs-content":"","ast-featured-img":"","footer-sml-layout":"","theme-transparent-header-meta":"default","adv-header-id-meta":"","stick-header-meta":"","header-above-stick-meta":"","header-main-stick-meta":"","header-below-stick-meta":"","astra-migrate-meta-layouts":"set","ast-page-background-enabled":"default","ast-page-background-meta":{"desktop":{"background-color":"","background-image":"","background-repeat":"repeat","background-position":"center center","background-size":"auto","background-attachment":"scroll","background-type":"","background-media":"","overlay-type":"","overlay-color":"","overlay-opacity":"","overlay-gradient":""},"tablet":{"background-color":"","background-image":"","background-repeat":"repeat","background-position":"center center","background-size":"auto","background-attachment":"scroll","background-type":"","background-media":"","overlay-type":"","overlay-color":"","overlay-opacity":"","overlay-gradient":""},"mobile":{"background-color":"","background-image":"","background-repeat":"repeat","background-position":"center center","background-size":"auto","background-attachment":"scroll","background-type":"","background-media":"","overlay-type":"","overlay-color":"","overlay-opacity":"","overlay-gradient":""}},"ast-content-background-meta":{"desktop":{"background-color":"var(--ast-global-color-5)","background-image":"","background-repeat":"repeat","background-position":"center center","background-size":"auto","background-attachment":"scroll","background-type":"","background-media":"","overlay-type":"","overlay-color":"","overlay-opacity":"","overlay-gradient":""},"tablet":{"background-color":"var(--ast-global-color-5)","background-image":"","background-repeat":"repeat","background-position":"center center","background-size":"auto","background-attachment":"scroll","background-type":"","background-media":"","overlay-type":"","overlay-color":"","overlay-opacity":"","overlay-gradient":""},"mobile":{"background-color":"var(--ast-global-color-5)","background-image":"","background-repeat":"repeat","background-position":"center center","background-size":"auto","background-attachment":"scroll","background-type":"","background-media":"","overlay-type":"","overlay-color":"","overlay-opacity":"","overlay-gradient":""}}},"product_brand":[],"product_cat":[85],"product_tag":[],"class_list":{"0":"post-12404","1":"product","2":"type-product","3":"status-publish","4":"has-post-thumbnail","6":"product_cat-lithuania","7":"desktop-align-left","8":"tablet-align-left","9":"mobile-align-left","11":"first","12":"instock","13":"sale","14":"shipping-taxable","15":"purchasable","16":"product-type-simple","17":"add-to-wishlist-before_image"},"_links":{"self":[{"href":"https:\/\/colligatum.com\/en\/wp-json\/wp\/v2\/product\/12404","targetHints":{"allow":["GET"]}}],"collection":[{"href":"https:\/\/colligatum.com\/en\/wp-json\/wp\/v2\/product"}],"about":[{"href":"https:\/\/colligatum.com\/en\/wp-json\/wp\/v2\/types\/product"}],"version-history":[{"count":1,"href":"https:\/\/colligatum.com\/en\/wp-json\/wp\/v2\/product\/12404\/revisions"}],"predecessor-version":[{"id":12405,"href":"https:\/\/colligatum.com\/en\/wp-json\/wp\/v2\/product\/12404\/revisions\/12405"}],"wp:featuredmedia":[{"embeddable":true,"href":"https:\/\/colligatum.com\/en\/wp-json\/wp\/v2\/media\/12334"}],"wp:attachment":[{"href":"https:\/\/colligatum.com\/en\/wp-json\/wp\/v2\/media?parent=12404"}],"wp:term":[{"taxonomy":"product_brand","embeddable":true,"href":"https:\/\/colligatum.com\/en\/wp-json\/wp\/v2\/product_brand?post=12404"},{"taxonomy":"product_cat","embeddable":true,"href":"https:\/\/colligatum.com\/en\/wp-json\/wp\/v2\/product_cat?post=12404"},{"taxonomy":"product_tag","embeddable":true,"href":"https:\/\/colligatum.com\/en\/wp-json\/wp\/v2\/product_tag?post=12404"}],"curies":[{"name":"wp","href":"https:\/\/api.w.org\/{rel}","templated":true}]}}