{"id":12420,"date":"2025-07-08T10:09:17","date_gmt":"2025-07-08T08:09:17","guid":{"rendered":"https:\/\/colligatum.com\/?post_type=product&#038;p=12420"},"modified":"2026-03-20T09:48:57","modified_gmt":"2026-03-20T07:48:57","slug":"level-green","status":"publish","type":"product","link":"https:\/\/colligatum.com\/en\/product\/level-green\/","title":{"rendered":"Level Green"},"content":{"rendered":"<p data-start=\"477\" data-end=\"911\"><strong data-start=\"477\" data-end=\"491\">Description:<\/strong><br data-start=\"491\" data-end=\"494\" \/>\u201eLevel Green\u201c \u2013 tai mentolio skonio cigaret\u0117s i\u0161 \u201eLevel\u201c serijos, pa\u017eym\u0117tos \u201eSelected Tobaccos\u201c ir briti\u0161ka kokyb\u0117s nuoroda \u012f Gallaher Ltd. Pakelio vir\u0161us \u017ealias, su paprastu baltu u\u017era\u0161u \u201eGREEN\u201c, o apatin\u0117 dalis tamsiai m\u0117lyna, su dideliu sveikatos \u012fsp\u0117jimu. Dizainas modernus, ta\u010diau tuo pa\u010diu atspindi 2000-\u0173j\u0173 prad\u017eios stili\u0173. Pakelis skirtas Lenkijos vidaus rinkai, kaip liudija 2004 m. lenki\u0161kas akcizo \u017eenklas.<\/p>\n<hr data-start=\"913\" data-end=\"916\" \/>\n<p data-start=\"918\" data-end=\"941\"><strong data-start=\"918\" data-end=\"941\">Value assessment:<\/strong><\/p>\n<ul data-start=\"943\" data-end=\"1465\">\n<li data-start=\"943\" data-end=\"1158\">\n<p data-start=\"945\" data-end=\"1158\"><strong data-start=\"945\" data-end=\"965\">Collectible value:<\/strong> Vidutin\u0117. Nors \u201eLevel\u201c n\u0117ra pla\u010diai \u017einomas ar presti\u017einis \u017eenklas, \u0161is variantas yra \u012fdomus d\u0117l <strong data-start=\"1063\" data-end=\"1097\">bendros brit\u0173 ir lenk\u0173 gamybos<\/strong> bei d\u0117l to, kad yra mentolio versija \u2013 \u0161iuo metu drausta ES.<\/p>\n<\/li>\n<li data-start=\"1159\" data-end=\"1259\">\n<p data-start=\"1161\" data-end=\"1259\"><strong data-start=\"1161\" data-end=\"1183\">Condition assessment:<\/strong> Neatidarytas, originalus celofanas, 2004 m. akcizo lipdukas. B\u016bkl\u0117 \u2013 puiki.<\/p>\n<\/li>\n<li data-start=\"1260\" data-end=\"1465\">\n<p data-start=\"1262\" data-end=\"1465\"><strong data-start=\"1262\" data-end=\"1302\">Historical data and popularity:<\/strong> \u201eLevel\u201c buvo vidutin\u0117s klas\u0117s \u017eenklas, trumpai gamintas Gallaher u\u017esakymu ir skirtas Ryt\u0173 Europos rinkoms. Retas, ta\u010diau nepaklausus kolekcionavimo bendruomen\u0117se.<\/p>\n<\/li>\n<\/ul>","protected":false},"excerpt":{"rendered":"<p data-start=\"124\" data-end=\"170\"><strong data-start=\"124\" data-end=\"158\">Brand and name:<\/strong> Level Green<\/p>\n<p data-start=\"172\" data-end=\"195\"><strong data-start=\"172\" data-end=\"182\">Size:<\/strong> 20 cigarettes<\/p>\n<p data-start=\"197\" data-end=\"359\"><strong data-start=\"197\" data-end=\"215\">Country of manufacture:<\/strong> Lenkija (pagal akcizo \u017eenkl\u0105), ta\u010diau pagaminta <strong data-start=\"264\" data-end=\"285\">Gallaher Ltd., UK<\/strong> (\u201eProduced under the authority of Gallaher Limited \u2013 Weybridge, England\u201c)<\/p>\n<p data-start=\"361\" data-end=\"440\"><strong data-start=\"361\" data-end=\"385\">Production period:<\/strong> 2004 m. (pagal akcizo \u017eenkl\u0105: \u201ePAPIEROSY KRAJ \u2013 2004\u201c)<\/p>\n<p data-start=\"442\" data-end=\"475\"><strong data-start=\"442\" data-end=\"460\">Package type:<\/strong> Hard pack<\/p>","protected":false},"featured_media":12350,"template":"","meta":{"_surecart_dashboard_logo_width":"180px","_surecart_dashboard_show_logo":true,"_surecart_dashboard_navigation_orders":true,"_surecart_dashboard_navigation_invoices":true,"_surecart_dashboard_navigation_subscriptions":true,"_surecart_dashboard_navigation_downloads":true,"_surecart_dashboard_navigation_billing":true,"_surecart_dashboard_navigation_account":true,"site-sidebar-layout":"default","site-content-layout":"","ast-site-content-layout":"default","site-content-style":"default","site-sidebar-style":"default","ast-global-header-display":"","ast-banner-title-visibility":"","ast-main-header-display":"","ast-hfb-above-header-display":"","ast-hfb-below-header-display":"","ast-hfb-mobile-header-display":"","site-post-title":"","ast-breadcrumbs-content":"","ast-featured-img":"","footer-sml-layout":"","theme-transparent-header-meta":"default","adv-header-id-meta":"","stick-header-meta":"","header-above-stick-meta":"","header-main-stick-meta":"","header-below-stick-meta":"","astra-migrate-meta-layouts":"set","ast-page-background-enabled":"default","ast-page-background-meta":{"desktop":{"background-color":"","background-image":"","background-repeat":"repeat","background-position":"center center","background-size":"auto","background-attachment":"scroll","background-type":"","background-media":"","overlay-type":"","overlay-color":"","overlay-opacity":"","overlay-gradient":""},"tablet":{"background-color":"","background-image":"","background-repeat":"repeat","background-position":"center center","background-size":"auto","background-attachment":"scroll","background-type":"","background-media":"","overlay-type":"","overlay-color":"","overlay-opacity":"","overlay-gradient":""},"mobile":{"background-color":"","background-image":"","background-repeat":"repeat","background-position":"center center","background-size":"auto","background-attachment":"scroll","background-type":"","background-media":"","overlay-type":"","overlay-color":"","overlay-opacity":"","overlay-gradient":""}},"ast-content-background-meta":{"desktop":{"background-color":"var(--ast-global-color-5)","background-image":"","background-repeat":"repeat","background-position":"center center","background-size":"auto","background-attachment":"scroll","background-type":"","background-media":"","overlay-type":"","overlay-color":"","overlay-opacity":"","overlay-gradient":""},"tablet":{"background-color":"var(--ast-global-color-5)","background-image":"","background-repeat":"repeat","background-position":"center center","background-size":"auto","background-attachment":"scroll","background-type":"","background-media":"","overlay-type":"","overlay-color":"","overlay-opacity":"","overlay-gradient":""},"mobile":{"background-color":"var(--ast-global-color-5)","background-image":"","background-repeat":"repeat","background-position":"center center","background-size":"auto","background-attachment":"scroll","background-type":"","background-media":"","overlay-type":"","overlay-color":"","overlay-opacity":"","overlay-gradient":""}}},"product_brand":[],"product_cat":[182],"product_tag":[],"class_list":{"0":"post-12420","1":"product","2":"type-product","3":"status-publish","4":"has-post-thumbnail","6":"product_cat-poland","7":"desktop-align-left","8":"tablet-align-left","9":"mobile-align-left","11":"first","12":"outofstock","13":"sale","14":"shipping-taxable","15":"purchasable","16":"product-type-simple","17":"add-to-wishlist-before_image"},"_links":{"self":[{"href":"https:\/\/colligatum.com\/en\/wp-json\/wp\/v2\/product\/12420","targetHints":{"allow":["GET"]}}],"collection":[{"href":"https:\/\/colligatum.com\/en\/wp-json\/wp\/v2\/product"}],"about":[{"href":"https:\/\/colligatum.com\/en\/wp-json\/wp\/v2\/types\/product"}],"version-history":[{"count":1,"href":"https:\/\/colligatum.com\/en\/wp-json\/wp\/v2\/product\/12420\/revisions"}],"predecessor-version":[{"id":12421,"href":"https:\/\/colligatum.com\/en\/wp-json\/wp\/v2\/product\/12420\/revisions\/12421"}],"wp:featuredmedia":[{"embeddable":true,"href":"https:\/\/colligatum.com\/en\/wp-json\/wp\/v2\/media\/12350"}],"wp:attachment":[{"href":"https:\/\/colligatum.com\/en\/wp-json\/wp\/v2\/media?parent=12420"}],"wp:term":[{"taxonomy":"product_brand","embeddable":true,"href":"https:\/\/colligatum.com\/en\/wp-json\/wp\/v2\/product_brand?post=12420"},{"taxonomy":"product_cat","embeddable":true,"href":"https:\/\/colligatum.com\/en\/wp-json\/wp\/v2\/product_cat?post=12420"},{"taxonomy":"product_tag","embeddable":true,"href":"https:\/\/colligatum.com\/en\/wp-json\/wp\/v2\/product_tag?post=12420"}],"curies":[{"name":"wp","href":"https:\/\/api.w.org\/{rel}","templated":true}]}}