{"id":12426,"date":"2025-07-08T10:19:24","date_gmt":"2025-07-08T08:19:24","guid":{"rendered":"https:\/\/colligatum.com\/?post_type=product&#038;p=12426"},"modified":"2026-03-20T09:48:57","modified_gmt":"2026-03-20T07:48:57","slug":"jan-iii-sobieski-king-size-de-luxe","status":"publish","type":"product","link":"https:\/\/colligatum.com\/en\/product\/jan-iii-sobieski-king-size-de-luxe\/","title":{"rendered":"Jan III Sobieski King Size De Luxe"},"content":{"rendered":"<p data-start=\"0\" data-end=\"719\"><strong data-start=\"199\" data-end=\"213\">Description:<\/strong><br data-start=\"213\" data-end=\"216\" \/>Ry\u0161kiai raudonas cigare\u010di\u0173 pakelis, puo\u0161tas aukso spalvos u\u017era\u0161ais ir grafika. Vir\u0161uje \u012fspaustas tekstas \u201e20 PAPIEROS\u00d3W Z FILTREM DE LUXE\u201c, nurodantis, kad tai filtro cigaret\u0117s auk\u0161tesn\u0117s klas\u0117s (de luxe) kategorijoje. Pavadinimas \u201eJan III Sobieski\u201c referuoja \u012f istorin\u0119 Lenkijos fig\u016br\u0105 \u2013 karali\u0173 Jon\u0105 Sobiesk\u012f. \u017demiau logotipo \u2013 herbinio stiliaus simbolis su dviem li\u016btais, kar\u016bna ir raudonu skydeliu su raid\u0117mis \u201eJS\u201c. Matomas originalus lenki\u0161kas akcizo \u017eenklas, \u017eymintis oficial\u0173 platinim\u0105 Lenkijoje.<\/p>\n<p data-start=\"721\" data-end=\"744\"><strong data-start=\"721\" data-end=\"744\">Value assessment:<\/strong><\/p>\n<ul data-start=\"746\" data-end=\"1442\">\n<li data-start=\"746\" data-end=\"986\">\n<p data-start=\"748\" data-end=\"986\"><strong data-start=\"748\" data-end=\"768\">Collectible value:<\/strong> Vidutin\u0117. Tai n\u0117ra itin retas pakelis, ta\u010diau d\u0117l istorinio pavadinimo ir klasikini\u0173 lenki\u0161k\u0173 cigare\u010di\u0173 nostalgijos jis domina kai kuriuos kolekcininkus, ypa\u010d tuos, kurie specializuojasi lenki\u0161k\u0173 pakuo\u010di\u0173 kolekcijose.<\/p>\n<\/li>\n<li data-start=\"987\" data-end=\"1106\">\n<p data-start=\"989\" data-end=\"1106\"><strong data-start=\"989\" data-end=\"1011\">Condition assessment:<\/strong> Puikios b\u016bkl\u0117s, nepa\u017eeista pl\u0117vel\u0117, akcizo \u017eenklas vietoje, kampai ties\u016bs \u2013 idealu kolekcijai.<\/p>\n<\/li>\n<li data-start=\"1107\" data-end=\"1442\">\n<p data-start=\"1109\" data-end=\"1442\"><strong data-start=\"1109\" data-end=\"1149\">Historical data and popularity:<\/strong> \u0160is cigare\u010di\u0173 \u017eenklas buvo prieinamas Lenkijoje apie 10-ojo de\u0161imtme\u010dio pabaig\u0105 \u2013 2000-\u0173j\u0173 prad\u017ei\u0105. Tai labiau vidaus rinkai skirtas produktas, retai sutinkamas u\u017e Lenkijos rib\u0173. Rinkoje pastebimas nedidelis susidom\u0117jimas istoriniais lenki\u0161kais preki\u0173 \u017eenklais, ypa\u010d jei pakuot\u0117 geros b\u016bkl\u0117s.<\/p>\n<\/li>\n<\/ul>","protected":false},"excerpt":{"rendered":"<p><strong data-start=\"0\" data-end=\"34\">Brand and name:<\/strong> Jan III Sobieski King Size De Luxe<br data-start=\"69\" data-end=\"72\" \/><strong data-start=\"72\" data-end=\"82\">Size:<\/strong> 20 cigarettes<br data-start=\"95\" data-end=\"98\" data-is-only-node=\"\" \/><strong data-start=\"98\" data-end=\"115\">Country of origin:<\/strong> Poland<br data-start=\"123\" data-end=\"126\" \/><strong data-start=\"126\" data-end=\"150\">Production period:<\/strong> Around 1995\u20132005.<br data-start=\"168\" data-end=\"171\" \/><strong data-start=\"171\" data-end=\"189\">Package type:<\/strong> Hard<\/p>","protected":false},"featured_media":12356,"template":"","meta":{"_surecart_dashboard_logo_width":"180px","_surecart_dashboard_show_logo":true,"_surecart_dashboard_navigation_orders":true,"_surecart_dashboard_navigation_invoices":true,"_surecart_dashboard_navigation_subscriptions":true,"_surecart_dashboard_navigation_downloads":true,"_surecart_dashboard_navigation_billing":true,"_surecart_dashboard_navigation_account":true,"site-sidebar-layout":"default","site-content-layout":"","ast-site-content-layout":"default","site-content-style":"default","site-sidebar-style":"default","ast-global-header-display":"","ast-banner-title-visibility":"","ast-main-header-display":"","ast-hfb-above-header-display":"","ast-hfb-below-header-display":"","ast-hfb-mobile-header-display":"","site-post-title":"","ast-breadcrumbs-content":"","ast-featured-img":"","footer-sml-layout":"","theme-transparent-header-meta":"default","adv-header-id-meta":"","stick-header-meta":"","header-above-stick-meta":"","header-main-stick-meta":"","header-below-stick-meta":"","astra-migrate-meta-layouts":"set","ast-page-background-enabled":"default","ast-page-background-meta":{"desktop":{"background-color":"","background-image":"","background-repeat":"repeat","background-position":"center center","background-size":"auto","background-attachment":"scroll","background-type":"","background-media":"","overlay-type":"","overlay-color":"","overlay-opacity":"","overlay-gradient":""},"tablet":{"background-color":"","background-image":"","background-repeat":"repeat","background-position":"center center","background-size":"auto","background-attachment":"scroll","background-type":"","background-media":"","overlay-type":"","overlay-color":"","overlay-opacity":"","overlay-gradient":""},"mobile":{"background-color":"","background-image":"","background-repeat":"repeat","background-position":"center center","background-size":"auto","background-attachment":"scroll","background-type":"","background-media":"","overlay-type":"","overlay-color":"","overlay-opacity":"","overlay-gradient":""}},"ast-content-background-meta":{"desktop":{"background-color":"var(--ast-global-color-5)","background-image":"","background-repeat":"repeat","background-position":"center center","background-size":"auto","background-attachment":"scroll","background-type":"","background-media":"","overlay-type":"","overlay-color":"","overlay-opacity":"","overlay-gradient":""},"tablet":{"background-color":"var(--ast-global-color-5)","background-image":"","background-repeat":"repeat","background-position":"center center","background-size":"auto","background-attachment":"scroll","background-type":"","background-media":"","overlay-type":"","overlay-color":"","overlay-opacity":"","overlay-gradient":""},"mobile":{"background-color":"var(--ast-global-color-5)","background-image":"","background-repeat":"repeat","background-position":"center center","background-size":"auto","background-attachment":"scroll","background-type":"","background-media":"","overlay-type":"","overlay-color":"","overlay-opacity":"","overlay-gradient":""}}},"product_brand":[],"product_cat":[182],"product_tag":[],"class_list":{"0":"post-12426","1":"product","2":"type-product","3":"status-publish","4":"has-post-thumbnail","6":"product_cat-poland","7":"desktop-align-left","8":"tablet-align-left","9":"mobile-align-left","11":"first","12":"outofstock","13":"sale","14":"shipping-taxable","15":"purchasable","16":"product-type-simple","17":"add-to-wishlist-before_image"},"_links":{"self":[{"href":"https:\/\/colligatum.com\/en\/wp-json\/wp\/v2\/product\/12426","targetHints":{"allow":["GET"]}}],"collection":[{"href":"https:\/\/colligatum.com\/en\/wp-json\/wp\/v2\/product"}],"about":[{"href":"https:\/\/colligatum.com\/en\/wp-json\/wp\/v2\/types\/product"}],"version-history":[{"count":1,"href":"https:\/\/colligatum.com\/en\/wp-json\/wp\/v2\/product\/12426\/revisions"}],"predecessor-version":[{"id":12427,"href":"https:\/\/colligatum.com\/en\/wp-json\/wp\/v2\/product\/12426\/revisions\/12427"}],"wp:featuredmedia":[{"embeddable":true,"href":"https:\/\/colligatum.com\/en\/wp-json\/wp\/v2\/media\/12356"}],"wp:attachment":[{"href":"https:\/\/colligatum.com\/en\/wp-json\/wp\/v2\/media?parent=12426"}],"wp:term":[{"taxonomy":"product_brand","embeddable":true,"href":"https:\/\/colligatum.com\/en\/wp-json\/wp\/v2\/product_brand?post=12426"},{"taxonomy":"product_cat","embeddable":true,"href":"https:\/\/colligatum.com\/en\/wp-json\/wp\/v2\/product_cat?post=12426"},{"taxonomy":"product_tag","embeddable":true,"href":"https:\/\/colligatum.com\/en\/wp-json\/wp\/v2\/product_tag?post=12426"}],"curies":[{"name":"wp","href":"https:\/\/api.w.org\/{rel}","templated":true}]}}