{"id":12430,"date":"2025-07-08T10:39:33","date_gmt":"2025-07-08T08:39:33","guid":{"rendered":"https:\/\/colligatum.com\/?post_type=product&#038;p=12430"},"modified":"2026-03-20T09:48:57","modified_gmt":"2026-03-20T07:48:57","slug":"fortuna-sabor-de-espana-smak-hiszpanii","status":"publish","type":"product","link":"https:\/\/colligatum.com\/en\/product\/fortuna-sabor-de-espana-smak-hiszpanii\/","title":{"rendered":"Fortuna Sabor de Espa\u00f1a \/ Smak Hispani\u201e"},"content":{"rendered":"<p data-start=\"0\" data-end=\"906\"><strong data-start=\"248\" data-end=\"262\">Description:<\/strong><br data-start=\"262\" data-end=\"265\" \/>Raudonos spalvos cigare\u010di\u0173 pakelis su ry\u0161kiais geltonais ir juodais grafiniais elementais, vaizduojan\u010diais saul\u0119, \u0161okius ir ispan\u0173 kult\u016bros motyvus. Vir\u0161uje \u2013 u\u017era\u0161as \u201eFortuna\u201c ir \u0161\u016bkis \u201eSabor de Espa\u00f1a\u201c (isp. \u201eIspanijos skonis\u201c) priekyje, o galin\u0117je pus\u0117je \u2013 vertimas lenki\u0161kai: \u201eSmak Hiszpanii\u201c. Taip pat pateiktas prek\u0117s apra\u0161ymas: tai populiariausias Ispanijos cigare\u010di\u0173 \u017eenklas, skirtas tiems, \u201ekurie m\u0117gsta gyventi su aistra\u201c. \u012esp\u0117jimai apie r\u016bkymo \u017eal\u0105 pateikti lenk\u0173 kalba, pvz., \u201ePALENIE TYTONIU POWODUJE RAKA\u201c. Matomas 2004 m. lenki\u0161kas akcizo \u017eenklas, leid\u017eiantis daryti i\u0161vad\u0105, kad tai importuota partija, skirta Lenkijos rinkai.<\/p>\n<p data-start=\"908\" data-end=\"931\"><strong data-start=\"908\" data-end=\"931\">Value assessment:<\/strong><\/p>\n<ul data-start=\"933\" data-end=\"1660\">\n<li data-start=\"933\" data-end=\"1216\">\n<p data-start=\"935\" data-end=\"1216\"><strong data-start=\"935\" data-end=\"955\">Collectible value:<\/strong> Vidutin\u0117. Nors \u201eFortuna\u201c cigaret\u0117s yra pla\u010diai paplitusios Ispanijoje, \u0161i versija su lokalizuotu lenki\u0161ku dizainu (\u012fskaitant vertim\u0105 ir \u012fsp\u0117jimus) yra ma\u017eiau paplitusi ir tod\u0117l gali b\u016bti \u012fdomi kolekcininkams, ie\u0161kantiems riboto platinimo tarptautini\u0173 variant\u0173.<\/p>\n<\/li>\n<li data-start=\"1217\" data-end=\"1366\">\n<p data-start=\"1219\" data-end=\"1366\"><strong data-start=\"1219\" data-end=\"1241\">Condition assessment:<\/strong> Puikios b\u016bkl\u0117s \u2013 nepa\u017eeista originali pl\u0117vel\u0117, ai\u0161kiai \u012fskaitomi tekstai ir \u012fsp\u0117jimai, ry\u0161kios spalvos, kampai nei\u0161siklaip\u0119.<\/p>\n<\/li>\n<li data-start=\"1367\" data-end=\"1660\">\n<p data-start=\"1369\" data-end=\"1660\"><strong data-start=\"1369\" data-end=\"1409\">Historical data and popularity:<\/strong> \u0160i pakuot\u0117 pristatyta kaip \u201eispani\u0161ko skonio\u201c simbolis, bet pati cigaret\u0117 skirta Lenkijos rinkai. Tokio tipo riboto laikotarpio dizainai neretai tampa paklaus\u016bs tarp kolekcinink\u0173, ypa\u010d kai jie iliustruoja rinkodaros prisitaikym\u0105 prie skirting\u0173 \u0161ali\u0173.<\/p>\n<\/li>\n<\/ul>","protected":false},"excerpt":{"rendered":"<p><strong data-start=\"0\" data-end=\"34\">Brand and name:<\/strong> Fortuna Sabor de Espa\u00f1a \/ Smak Hispani\u201e<br data-start=\"79\" data-end=\"82\" \/><strong data-start=\"82\" data-end=\"92\">Size:<\/strong> 20 cigarettes<br data-start=\"105\" data-end=\"108\" data-is-only-node=\"\" \/><strong data-start=\"108\" data-end=\"125\">Country of origin:<\/strong> Ispanija (importuota \u012f Lenkij\u0105)<br data-start=\"157\" data-end=\"160\" \/><strong data-start=\"160\" data-end=\"184\">Production period:<\/strong> Apie 2004 m. (pagal akcizo \u017eym\u0105)<br data-start=\"217\" data-end=\"220\" \/><strong data-start=\"220\" data-end=\"238\">Package type:<\/strong> Hard<\/p>","protected":false},"featured_media":12360,"template":"","meta":{"_surecart_dashboard_logo_width":"180px","_surecart_dashboard_show_logo":true,"_surecart_dashboard_navigation_orders":true,"_surecart_dashboard_navigation_invoices":true,"_surecart_dashboard_navigation_subscriptions":true,"_surecart_dashboard_navigation_downloads":true,"_surecart_dashboard_navigation_billing":true,"_surecart_dashboard_navigation_account":true,"site-sidebar-layout":"default","site-content-layout":"","ast-site-content-layout":"default","site-content-style":"default","site-sidebar-style":"default","ast-global-header-display":"","ast-banner-title-visibility":"","ast-main-header-display":"","ast-hfb-above-header-display":"","ast-hfb-below-header-display":"","ast-hfb-mobile-header-display":"","site-post-title":"","ast-breadcrumbs-content":"","ast-featured-img":"","footer-sml-layout":"","theme-transparent-header-meta":"default","adv-header-id-meta":"","stick-header-meta":"","header-above-stick-meta":"","header-main-stick-meta":"","header-below-stick-meta":"","astra-migrate-meta-layouts":"set","ast-page-background-enabled":"default","ast-page-background-meta":{"desktop":{"background-color":"","background-image":"","background-repeat":"repeat","background-position":"center center","background-size":"auto","background-attachment":"scroll","background-type":"","background-media":"","overlay-type":"","overlay-color":"","overlay-opacity":"","overlay-gradient":""},"tablet":{"background-color":"","background-image":"","background-repeat":"repeat","background-position":"center center","background-size":"auto","background-attachment":"scroll","background-type":"","background-media":"","overlay-type":"","overlay-color":"","overlay-opacity":"","overlay-gradient":""},"mobile":{"background-color":"","background-image":"","background-repeat":"repeat","background-position":"center center","background-size":"auto","background-attachment":"scroll","background-type":"","background-media":"","overlay-type":"","overlay-color":"","overlay-opacity":"","overlay-gradient":""}},"ast-content-background-meta":{"desktop":{"background-color":"var(--ast-global-color-5)","background-image":"","background-repeat":"repeat","background-position":"center center","background-size":"auto","background-attachment":"scroll","background-type":"","background-media":"","overlay-type":"","overlay-color":"","overlay-opacity":"","overlay-gradient":""},"tablet":{"background-color":"var(--ast-global-color-5)","background-image":"","background-repeat":"repeat","background-position":"center center","background-size":"auto","background-attachment":"scroll","background-type":"","background-media":"","overlay-type":"","overlay-color":"","overlay-opacity":"","overlay-gradient":""},"mobile":{"background-color":"var(--ast-global-color-5)","background-image":"","background-repeat":"repeat","background-position":"center center","background-size":"auto","background-attachment":"scroll","background-type":"","background-media":"","overlay-type":"","overlay-color":"","overlay-opacity":"","overlay-gradient":""}}},"product_brand":[],"product_cat":[182],"product_tag":[],"class_list":{"0":"post-12430","1":"product","2":"type-product","3":"status-publish","4":"has-post-thumbnail","6":"product_cat-poland","7":"desktop-align-left","8":"tablet-align-left","9":"mobile-align-left","11":"first","12":"outofstock","13":"sale","14":"shipping-taxable","15":"purchasable","16":"product-type-simple","17":"add-to-wishlist-before_image"},"_links":{"self":[{"href":"https:\/\/colligatum.com\/en\/wp-json\/wp\/v2\/product\/12430","targetHints":{"allow":["GET"]}}],"collection":[{"href":"https:\/\/colligatum.com\/en\/wp-json\/wp\/v2\/product"}],"about":[{"href":"https:\/\/colligatum.com\/en\/wp-json\/wp\/v2\/types\/product"}],"version-history":[{"count":1,"href":"https:\/\/colligatum.com\/en\/wp-json\/wp\/v2\/product\/12430\/revisions"}],"predecessor-version":[{"id":12431,"href":"https:\/\/colligatum.com\/en\/wp-json\/wp\/v2\/product\/12430\/revisions\/12431"}],"wp:featuredmedia":[{"embeddable":true,"href":"https:\/\/colligatum.com\/en\/wp-json\/wp\/v2\/media\/12360"}],"wp:attachment":[{"href":"https:\/\/colligatum.com\/en\/wp-json\/wp\/v2\/media?parent=12430"}],"wp:term":[{"taxonomy":"product_brand","embeddable":true,"href":"https:\/\/colligatum.com\/en\/wp-json\/wp\/v2\/product_brand?post=12430"},{"taxonomy":"product_cat","embeddable":true,"href":"https:\/\/colligatum.com\/en\/wp-json\/wp\/v2\/product_cat?post=12430"},{"taxonomy":"product_tag","embeddable":true,"href":"https:\/\/colligatum.com\/en\/wp-json\/wp\/v2\/product_tag?post=12430"}],"curies":[{"name":"wp","href":"https:\/\/api.w.org\/{rel}","templated":true}]}}