{"id":12665,"date":"2025-07-10T11:33:50","date_gmt":"2025-07-10T09:33:50","guid":{"rendered":"https:\/\/colligatum.com\/?post_type=product&#038;p=12665"},"modified":"2025-07-10T11:33:51","modified_gmt":"2025-07-10T09:33:51","slug":"%d1%8f%d0%b2%d0%b0-%d0%b7%d0%be%d0%bb%d0%be%d1%82%d0%b0%d1%8f-%d1%82%d1%83%d1%80%d0%b1%d0%be-java-zolotaya-turbo","status":"publish","type":"product","link":"https:\/\/colligatum.com\/en\/product\/%d1%8f%d0%b2%d0%b0-%d0%b7%d0%be%d0%bb%d0%be%d1%82%d0%b0%d1%8f-%d1%82%d1%83%d1%80%d0%b1%d0%be-java-zolotaya-turbo\/","title":{"rendered":"\u042f\u0432\u0430 \u0417\u043e\u043b\u043e\u0442\u0430\u044f \u0422\u0443\u0440\u0431\u043e (Java Zolotaya Turbo)"},"content":{"rendered":"<p data-start=\"405\" data-end=\"722\"><strong data-start=\"405\" data-end=\"419\">Apra\u0161ymas:<\/strong> Tamsiai m\u0117lynas \u2013 auksinis pakuot\u0117s dizainas su \u201e\u042f\u0432\u0430\u201c logotipu aukso \u017eiedelyje vir\u0161uje ir u\u017era\u0161u \u201e\u0417\u043e\u043b\u043e\u0442\u0430\u044f \u0422\u0443\u0440\u0431\u043e\u201c. Matomas filtras (mini-vaizdas) priekin\u0117je dalyje. \u012esp\u0117jimas \u201e\u041a\u0443\u0440\u0435\u043d\u0438\u0435 \u0443\u0431\u0438\u0432\u0430\u0435\u0442 \/ \u0432\u044b\u0437\u044b\u0432\u0430\u0435\u0442 \u0431\u0435\u0441\u043f\u043b\u043e\u0434\u0438\u0435\u201c sodrus, ry\u0161kus rus\u0173 kalba. Pakelis nei\u0161pakuotas, su pl\u0117vele ir banderole, puikios b\u016bkl\u0117s.<\/p>\n<hr data-start=\"724\" data-end=\"727\" \/>\n<h3 data-start=\"729\" data-end=\"752\">Vert\u0117s \u012fvertinimas:<\/h3>\n<ul data-start=\"754\" data-end=\"833\">\n<li data-start=\"754\" data-end=\"793\">\n<p data-start=\"756\" data-end=\"793\"><span class=\"relative -mx-px my-[-0.2rem] rounded px-px py-[0.2rem] transition-colors duration-100 ease-in-out\"><strong data-start=\"0\" data-end=\"20\" data-is-only-node=\"\">Kolekcin\u0117 vert\u0117:<\/strong> Vidutin\u0117. \u201eZolotaya Turbo\u201c yra vidutin\u0117s klas\u0117s serija, ne riboto leidimo ir ne retro klasikos, ta\u010diau kietas, nei\u0161pakuotas pakelis su banderole suteikia papildomos vert\u0117s kolekcininkams.<\/span><\/p>\n<\/li>\n<li data-start=\"794\" data-end=\"833\">\n<p data-start=\"796\" data-end=\"833\"><span class=\"relative -mx-px my-[-0.2rem] rounded px-px py-[0.2rem] transition-colors duration-100 ease-in-out\"><strong data-start=\"0\" data-end=\"22\" data-is-only-node=\"\">B\u016bkl\u0117s vertinimas:<\/strong> Neatidarytas, su pl\u0117vele ir banderole \u2013 puiki b\u016bkl\u0117.<\/span><\/p>\n<\/li>\n<\/ul>\n","protected":false},"excerpt":{"rendered":"<p data-start=\"5\" data-end=\"79\"><strong data-start=\"5\" data-end=\"39\">Brand and name:<\/strong> \u042f\u0432\u0430 \u0417\u043e\u043b\u043e\u0442\u0430\u044f \u0422\u0443\u0440\u0431\u043e (Java Zolotaya Turbo)<\/p>\n<p data-start=\"81\" data-end=\"104\"><strong data-start=\"81\" data-end=\"91\">Size:<\/strong> 20 cigarettes<\/p>\n<p data-start=\"106\" data-end=\"185\"><strong data-start=\"106\" data-end=\"124\">Country of manufacture:<\/strong> Rusija (matyti rus\u0173 tekstas bei oficiali banderol\u0117 \u201e\u0420\u041e\u0421\u0421\u0418\u042f\u201c)<\/p>\n<p data-start=\"187\" data-end=\"324\"><strong data-start=\"187\" data-end=\"211\">Production period:<\/strong> Ma\u017edaug 2010\u20132017 m. (pagal model\u012f \u201eZolotaya Turbo\u201c, 2017 m. min. rinkoje)<\/p>\n<p data-start=\"326\" data-end=\"403\"><strong data-start=\"326\" data-end=\"344\">Package type:<\/strong> Kietas pakelis, su filtru (\u017er. vaizde \u2013 \u201e\u0422\u0443\u0440\u0431\u043e\u201c \u017eym\u0117jimas)<\/p>","protected":false},"featured_media":12589,"template":"","meta":{"_surecart_dashboard_logo_width":"180px","_surecart_dashboard_show_logo":true,"_surecart_dashboard_navigation_orders":true,"_surecart_dashboard_navigation_invoices":true,"_surecart_dashboard_navigation_subscriptions":true,"_surecart_dashboard_navigation_downloads":true,"_surecart_dashboard_navigation_billing":true,"_surecart_dashboard_navigation_account":true,"site-sidebar-layout":"default","site-content-layout":"","ast-site-content-layout":"default","site-content-style":"default","site-sidebar-style":"default","ast-global-header-display":"","ast-banner-title-visibility":"","ast-main-header-display":"","ast-hfb-above-header-display":"","ast-hfb-below-header-display":"","ast-hfb-mobile-header-display":"","site-post-title":"","ast-breadcrumbs-content":"","ast-featured-img":"","footer-sml-layout":"","theme-transparent-header-meta":"default","adv-header-id-meta":"","stick-header-meta":"","header-above-stick-meta":"","header-main-stick-meta":"","header-below-stick-meta":"","astra-migrate-meta-layouts":"set","ast-page-background-enabled":"default","ast-page-background-meta":{"desktop":{"background-color":"","background-image":"","background-repeat":"repeat","background-position":"center center","background-size":"auto","background-attachment":"scroll","background-type":"","background-media":"","overlay-type":"","overlay-color":"","overlay-opacity":"","overlay-gradient":""},"tablet":{"background-color":"","background-image":"","background-repeat":"repeat","background-position":"center center","background-size":"auto","background-attachment":"scroll","background-type":"","background-media":"","overlay-type":"","overlay-color":"","overlay-opacity":"","overlay-gradient":""},"mobile":{"background-color":"","background-image":"","background-repeat":"repeat","background-position":"center center","background-size":"auto","background-attachment":"scroll","background-type":"","background-media":"","overlay-type":"","overlay-color":"","overlay-opacity":"","overlay-gradient":""}},"ast-content-background-meta":{"desktop":{"background-color":"var(--ast-global-color-5)","background-image":"","background-repeat":"repeat","background-position":"center center","background-size":"auto","background-attachment":"scroll","background-type":"","background-media":"","overlay-type":"","overlay-color":"","overlay-opacity":"","overlay-gradient":""},"tablet":{"background-color":"var(--ast-global-color-5)","background-image":"","background-repeat":"repeat","background-position":"center center","background-size":"auto","background-attachment":"scroll","background-type":"","background-media":"","overlay-type":"","overlay-color":"","overlay-opacity":"","overlay-gradient":""},"mobile":{"background-color":"var(--ast-global-color-5)","background-image":"","background-repeat":"repeat","background-position":"center center","background-size":"auto","background-attachment":"scroll","background-type":"","background-media":"","overlay-type":"","overlay-color":"","overlay-opacity":"","overlay-gradient":""}}},"product_brand":[],"product_cat":[183],"product_tag":[],"class_list":{"0":"post-12665","1":"product","2":"type-product","3":"status-publish","4":"has-post-thumbnail","6":"product_cat-russia","7":"desktop-align-left","8":"tablet-align-left","9":"mobile-align-left","11":"first","12":"instock","13":"sale","14":"shipping-taxable","15":"purchasable","16":"product-type-simple","17":"add-to-wishlist-before_image"},"_links":{"self":[{"href":"https:\/\/colligatum.com\/en\/wp-json\/wp\/v2\/product\/12665","targetHints":{"allow":["GET"]}}],"collection":[{"href":"https:\/\/colligatum.com\/en\/wp-json\/wp\/v2\/product"}],"about":[{"href":"https:\/\/colligatum.com\/en\/wp-json\/wp\/v2\/types\/product"}],"version-history":[{"count":1,"href":"https:\/\/colligatum.com\/en\/wp-json\/wp\/v2\/product\/12665\/revisions"}],"predecessor-version":[{"id":12666,"href":"https:\/\/colligatum.com\/en\/wp-json\/wp\/v2\/product\/12665\/revisions\/12666"}],"wp:featuredmedia":[{"embeddable":true,"href":"https:\/\/colligatum.com\/en\/wp-json\/wp\/v2\/media\/12589"}],"wp:attachment":[{"href":"https:\/\/colligatum.com\/en\/wp-json\/wp\/v2\/media?parent=12665"}],"wp:term":[{"taxonomy":"product_brand","embeddable":true,"href":"https:\/\/colligatum.com\/en\/wp-json\/wp\/v2\/product_brand?post=12665"},{"taxonomy":"product_cat","embeddable":true,"href":"https:\/\/colligatum.com\/en\/wp-json\/wp\/v2\/product_cat?post=12665"},{"taxonomy":"product_tag","embeddable":true,"href":"https:\/\/colligatum.com\/en\/wp-json\/wp\/v2\/product_tag?post=12665"}],"curies":[{"name":"wp","href":"https:\/\/api.w.org\/{rel}","templated":true}]}}