{"id":12671,"date":"2025-07-10T11:38:03","date_gmt":"2025-07-10T09:38:03","guid":{"rendered":"https:\/\/colligatum.com\/?post_type=product&#038;p=12671"},"modified":"2025-07-10T11:38:04","modified_gmt":"2025-07-10T09:38:04","slug":"%d1%8f%d0%b2%d0%b0-java-%d1%81%d1%83%d0%bf%d0%b5%d1%80%d0%bb%d0%b5%d0%b3%d0%ba%d0%b0%d1%8f-super%d0%bb%d0%b5%d0%b3%d0%ba%d0%b0%d1%8f","status":"publish","type":"product","link":"https:\/\/colligatum.com\/en\/product\/%d1%8f%d0%b2%d0%b0-java-%d1%81%d1%83%d0%bf%d0%b5%d1%80%d0%bb%d0%b5%d0%b3%d0%ba%d0%b0%d1%8f-super%d0%bb%d0%b5%d0%b3%d0%ba%d0%b0%d1%8f\/","title":{"rendered":"\u042f\u0432\u0430 (Java) \u0421\u0443\u043f\u0435\u0440\u043b\u0435\u0433\u043a\u0430\u044f (Super\u043b\u0435\u0433\u043a\u0430\u044f)"},"content":{"rendered":"<p data-start=\"573\" data-end=\"880\"><strong data-start=\"573\" data-end=\"587\">Apra\u0161ymas:<\/strong> Baltai pilka pakuot\u0117 su sidabriniu horizontal\u0173 dry\u017eu ir m\u0117lynu \u201eJava\u201c logotipu viduryje. U\u017era\u0161as \u201e\u0421\u0443\u043f\u0435\u0440\u043b\u0451\u0433\u043a\u0430\u044f\u201c ( labai lengva), vir\u0161uje \u2013 \u201e\u041d\u043e\u0432\u0430\u044f \u042f\u0432\u0430\u201c. Ant pakuot\u0117s \u2013 standartinis \u012fsp\u0117jimas apie r\u016bkymo \u017eal\u0105 rus\u0173 kalba. Neatidarytas, su pl\u0117vele ir banderole, b\u016bkl\u0117 \u2013 puiki (near new-old-stock).<\/p>\n<hr data-start=\"882\" data-end=\"885\" \/>\n<h3 data-start=\"887\" data-end=\"913\">Vert\u0117s \u012fvertinimas:<\/h3>\n<ul data-start=\"915\" data-end=\"994\">\n<li data-start=\"915\" data-end=\"954\">\n<p data-start=\"917\" data-end=\"954\"><span class=\"relative -mx-px my-[-0.2rem] rounded px-px py-[0.2rem] transition-colors duration-100 ease-in-out\"><strong data-start=\"0\" data-end=\"20\" data-is-only-node=\"\">Kolekcin\u0117 vert\u0117:<\/strong> Vidutin\u0117\u2013auk\u0161ta \u2013 \u0161is modelis retas, reprezentuoja naujesn\u0119 \u201eJava\u201c linij\u0105 i\u0161 BAT laikotarpio; patrauklus kolekcionieriams d\u0117l filtruotos modernios versijos ir b\u016bkl\u0117s.<\/span><\/p>\n<\/li>\n<li data-start=\"955\" data-end=\"994\">\n<p data-start=\"957\" data-end=\"994\"><span class=\"relative -mx-px my-[-0.2rem] rounded px-px py-[0.2rem] transition-colors duration-100 ease-in-out\"><strong data-start=\"0\" data-end=\"22\" data-is-only-node=\"\">B\u016bkl\u0117s vertinimas:<\/strong> Neatidarytas, su originalia pl\u0117vele bei banderole \u2013 ideali s\u0105lyga.<\/span><\/p>\n<\/li>\n<\/ul>\n","protected":false},"excerpt":{"rendered":"<p data-start=\"5\" data-end=\"76\"><strong data-start=\"5\" data-end=\"39\">Brand and name:<\/strong> \u042f\u0432\u0430 (Java) \u0421\u0443\u043f\u0435\u0440\u043b\u0435\u0433\u043a\u0430\u044f (Super\u043b\u0435\u0433\u043a\u0430\u044f)<\/p>\n<p data-start=\"78\" data-end=\"101\"><strong data-start=\"78\" data-end=\"88\">Size:<\/strong> 20 cigarettes<\/p>\n<p data-start=\"103\" data-end=\"230\"><strong data-start=\"103\" data-end=\"121\">Country of manufacture:<\/strong> Russia - Visible Russian text (&quot;\u041d\u043e\u0432\u0430\u044f \u042f\u0432\u0430&quot;, &quot;\u041a\u0423\u0420\u0415\u041d\u0418\u0415 \u0412\u0420\u0415\u0414\u0418\u0422 \u0412\u0410\u0428\u0415\u041c\u0423 \u0417\u0414\u041e\u0420\u041e\u0412\u042c\u042e&quot;) and official banner &quot;\u0420\u041e\u0421\u0421\u0418\u042f&quot;.<\/p>\n<p data-start=\"232\" data-end=\"477\"><strong data-start=\"232\" data-end=\"256\">Production period:<\/strong> Around 1997-2000, after British American Tobacco took over the &quot;\u042f\u0432\u0430&quot; brand and began releasing &quot;Zolotaya&quot; and variants like &quot;\u0421\u0443\u043f\u0435\u0440\u043b\u0451\u0433\u043a\u0430\u044f&quot; - it relied on a historical attempt in the early 2000s. .<\/p>\n<p data-start=\"479\" data-end=\"571\"><strong data-start=\"479\" data-end=\"497\">Package type:<\/strong> Solid package, with filter (the images show the stamp, the package is open).<\/p>","protected":false},"featured_media":12595,"template":"","meta":{"_surecart_dashboard_logo_width":"180px","_surecart_dashboard_show_logo":true,"_surecart_dashboard_navigation_orders":true,"_surecart_dashboard_navigation_invoices":true,"_surecart_dashboard_navigation_subscriptions":true,"_surecart_dashboard_navigation_downloads":true,"_surecart_dashboard_navigation_billing":true,"_surecart_dashboard_navigation_account":true,"site-sidebar-layout":"default","site-content-layout":"","ast-site-content-layout":"default","site-content-style":"default","site-sidebar-style":"default","ast-global-header-display":"","ast-banner-title-visibility":"","ast-main-header-display":"","ast-hfb-above-header-display":"","ast-hfb-below-header-display":"","ast-hfb-mobile-header-display":"","site-post-title":"","ast-breadcrumbs-content":"","ast-featured-img":"","footer-sml-layout":"","theme-transparent-header-meta":"default","adv-header-id-meta":"","stick-header-meta":"","header-above-stick-meta":"","header-main-stick-meta":"","header-below-stick-meta":"","astra-migrate-meta-layouts":"set","ast-page-background-enabled":"default","ast-page-background-meta":{"desktop":{"background-color":"","background-image":"","background-repeat":"repeat","background-position":"center center","background-size":"auto","background-attachment":"scroll","background-type":"","background-media":"","overlay-type":"","overlay-color":"","overlay-opacity":"","overlay-gradient":""},"tablet":{"background-color":"","background-image":"","background-repeat":"repeat","background-position":"center center","background-size":"auto","background-attachment":"scroll","background-type":"","background-media":"","overlay-type":"","overlay-color":"","overlay-opacity":"","overlay-gradient":""},"mobile":{"background-color":"","background-image":"","background-repeat":"repeat","background-position":"center center","background-size":"auto","background-attachment":"scroll","background-type":"","background-media":"","overlay-type":"","overlay-color":"","overlay-opacity":"","overlay-gradient":""}},"ast-content-background-meta":{"desktop":{"background-color":"var(--ast-global-color-5)","background-image":"","background-repeat":"repeat","background-position":"center center","background-size":"auto","background-attachment":"scroll","background-type":"","background-media":"","overlay-type":"","overlay-color":"","overlay-opacity":"","overlay-gradient":""},"tablet":{"background-color":"var(--ast-global-color-5)","background-image":"","background-repeat":"repeat","background-position":"center center","background-size":"auto","background-attachment":"scroll","background-type":"","background-media":"","overlay-type":"","overlay-color":"","overlay-opacity":"","overlay-gradient":""},"mobile":{"background-color":"var(--ast-global-color-5)","background-image":"","background-repeat":"repeat","background-position":"center center","background-size":"auto","background-attachment":"scroll","background-type":"","background-media":"","overlay-type":"","overlay-color":"","overlay-opacity":"","overlay-gradient":""}}},"product_brand":[],"product_cat":[183],"product_tag":[],"class_list":{"0":"post-12671","1":"product","2":"type-product","3":"status-publish","4":"has-post-thumbnail","6":"product_cat-russia","7":"desktop-align-left","8":"tablet-align-left","9":"mobile-align-left","11":"first","12":"instock","13":"sale","14":"shipping-taxable","15":"purchasable","16":"product-type-simple","17":"add-to-wishlist-before_image"},"_links":{"self":[{"href":"https:\/\/colligatum.com\/en\/wp-json\/wp\/v2\/product\/12671","targetHints":{"allow":["GET"]}}],"collection":[{"href":"https:\/\/colligatum.com\/en\/wp-json\/wp\/v2\/product"}],"about":[{"href":"https:\/\/colligatum.com\/en\/wp-json\/wp\/v2\/types\/product"}],"version-history":[{"count":1,"href":"https:\/\/colligatum.com\/en\/wp-json\/wp\/v2\/product\/12671\/revisions"}],"predecessor-version":[{"id":12672,"href":"https:\/\/colligatum.com\/en\/wp-json\/wp\/v2\/product\/12671\/revisions\/12672"}],"wp:featuredmedia":[{"embeddable":true,"href":"https:\/\/colligatum.com\/en\/wp-json\/wp\/v2\/media\/12595"}],"wp:attachment":[{"href":"https:\/\/colligatum.com\/en\/wp-json\/wp\/v2\/media?parent=12671"}],"wp:term":[{"taxonomy":"product_brand","embeddable":true,"href":"https:\/\/colligatum.com\/en\/wp-json\/wp\/v2\/product_brand?post=12671"},{"taxonomy":"product_cat","embeddable":true,"href":"https:\/\/colligatum.com\/en\/wp-json\/wp\/v2\/product_cat?post=12671"},{"taxonomy":"product_tag","embeddable":true,"href":"https:\/\/colligatum.com\/en\/wp-json\/wp\/v2\/product_tag?post=12671"}],"curies":[{"name":"wp","href":"https:\/\/api.w.org\/{rel}","templated":true}]}}