{"id":12688,"date":"2025-07-10T12:37:58","date_gmt":"2025-07-10T10:37:58","guid":{"rendered":"https:\/\/colligatum.com\/?post_type=product&#038;p=12688"},"modified":"2025-07-10T12:37:58","modified_gmt":"2025-07-10T10:37:58","slug":"%d1%81%d1%80%d0%b5%d0%b4%d0%b5%d1%86-sredets-blue-king-size","status":"publish","type":"product","link":"https:\/\/colligatum.com\/en\/product\/%d1%81%d1%80%d0%b5%d0%b4%d0%b5%d1%86-sredets-blue-king-size\/","title":{"rendered":"Sredets Blue King Size"},"content":{"rendered":"<p data-start=\"522\" data-end=\"576\"><strong data-start=\"522\" data-end=\"536\">Apra\u0161ymas:<\/strong><br data-start=\"536\" data-end=\"539\" \/><span class=\"relative -mx-px my-[-0.2rem] rounded px-px py-[0.2rem] transition-colors duration-100 ease-in-out\">Baltas paketas su subtiliu m\u0117lynu logotipu ir herbiniu \u017eenkliuku, \u017eemiau \u2013 \u201c\u0421\u0438\u043d\u044c\u043e\u201d \/ \u201cBlue\u201d bei stambus \u201cKing Size\u201d \u017eenklas. Virtuv\u0117je pastebimi vidutinio tvirtumo taro\/Nik. lygiai. Dizainas tvarkingas, skiriantis prek\u0117s \u017eenkl\u0105 i\u0161 Bulgarijos rinkos, orientuotas \u012f tradicin\u012f europieti\u0161k\u0105 vartotoj\u0105.<\/span><\/p>\n<hr data-start=\"578\" data-end=\"581\" \/>\n<h2 data-start=\"583\" data-end=\"604\">Vert\u0117s \u012fvertinimas<\/h2>\n<h3 data-start=\"606\" data-end=\"627\">Kolekcin\u0117 vert\u0117<\/h3>\n<p data-start=\"628\" data-end=\"653\"><strong data-start=\"628\" data-end=\"651\">Vidutin\u0117\u2013auk\u0161tesn\u0117.<\/strong><\/p>\n<ul data-start=\"654\" data-end=\"773\">\n<li data-start=\"654\" data-end=\"695\">\n<p data-start=\"656\" data-end=\"695\"><span class=\"relative -mx-px my-[-0.2rem] rounded px-px py-[0.2rem] transition-colors duration-100 ease-in-out\">Tai Bulgarijos vidutin\u0117s klas\u0117s cigare\u010di\u0173 serija, gaminama BulgarTabac.<\/span><\/p>\n<\/li>\n<li data-start=\"696\" data-end=\"773\">\n<p data-start=\"698\" data-end=\"773\"><span class=\"relative -mx-px my-[-0.2rem] rounded px-px py-[0.2rem] transition-colors duration-100 ease-in-out\">Nors n\u0117ra riboto leidimo, senstel\u0117jusi 2007 met\u0173 versija su specifin\u0117mis etiket\u0117mis \u2013 retesn\u0117 kolekcinink\u0173 atstov\u0173 rate.<\/span><\/p>\n<\/li>\n<\/ul>\n<h3 data-start=\"775\" data-end=\"798\">B\u016bkl\u0117s vertinimas<\/h3>\n<p data-start=\"799\" data-end=\"849\"><strong data-start=\"799\" data-end=\"809\">Puiki.<\/strong><br data-start=\"809\" data-end=\"812\" \/><span class=\"relative -mx-px my-[-0.2rem] rounded px-px py-[0.2rem] transition-colors duration-100 ease-in-out\">Neatidarytas pakelis, pl\u0117vel\u0117 sveika, kampai nesuplikdyti, etiket\u0117s \u2013 tvarkingos.<\/span><\/p>\n","protected":false},"excerpt":{"rendered":"<p data-start=\"0\" data-end=\"66\"><strong data-start=\"0\" data-end=\"34\">Brand and name:<\/strong> Sredets Blue King Size<\/p>\n<p data-start=\"68\" data-end=\"91\"><strong data-start=\"68\" data-end=\"78\">Size:<\/strong> 20 cigarettes<\/p>\n<p data-start=\"93\" data-end=\"189\"><strong data-start=\"93\" data-end=\"111\">Country of manufacture:<\/strong> Bulgaria (production \u2013 BulgarTabac, Sofia)<\/p>\n<p data-start=\"191\" data-end=\"355\"><strong data-start=\"191\" data-end=\"215\">Production period:<\/strong> Circa 2000-2010; this version (Blue, tar 6 mg, nicotine 0.6 mg) is listed as a 2007 model<\/p>\n<p data-start=\"357\" data-end=\"520\"><strong data-start=\"357\" data-end=\"375\">Package type:<\/strong> Hard pack (flip-top), wrapped in foil, Russian warning &quot;\u041f\u0443\u0448\u0435\u043d\u0435\u0442\u043e \u0443\u0431\u0438\u0432\u0430&quot; (Bulgarian version) \u2013 <strong data-start=\"487\" data-end=\"519\">unopened, in excellent condition<\/strong>.<\/p>","protected":false},"featured_media":12611,"template":"","meta":{"_surecart_dashboard_logo_width":"180px","_surecart_dashboard_show_logo":true,"_surecart_dashboard_navigation_orders":true,"_surecart_dashboard_navigation_invoices":true,"_surecart_dashboard_navigation_subscriptions":true,"_surecart_dashboard_navigation_downloads":true,"_surecart_dashboard_navigation_billing":true,"_surecart_dashboard_navigation_account":true,"site-sidebar-layout":"default","site-content-layout":"","ast-site-content-layout":"default","site-content-style":"default","site-sidebar-style":"default","ast-global-header-display":"","ast-banner-title-visibility":"","ast-main-header-display":"","ast-hfb-above-header-display":"","ast-hfb-below-header-display":"","ast-hfb-mobile-header-display":"","site-post-title":"","ast-breadcrumbs-content":"","ast-featured-img":"","footer-sml-layout":"","theme-transparent-header-meta":"default","adv-header-id-meta":"","stick-header-meta":"","header-above-stick-meta":"","header-main-stick-meta":"","header-below-stick-meta":"","astra-migrate-meta-layouts":"set","ast-page-background-enabled":"default","ast-page-background-meta":{"desktop":{"background-color":"","background-image":"","background-repeat":"repeat","background-position":"center center","background-size":"auto","background-attachment":"scroll","background-type":"","background-media":"","overlay-type":"","overlay-color":"","overlay-opacity":"","overlay-gradient":""},"tablet":{"background-color":"","background-image":"","background-repeat":"repeat","background-position":"center center","background-size":"auto","background-attachment":"scroll","background-type":"","background-media":"","overlay-type":"","overlay-color":"","overlay-opacity":"","overlay-gradient":""},"mobile":{"background-color":"","background-image":"","background-repeat":"repeat","background-position":"center center","background-size":"auto","background-attachment":"scroll","background-type":"","background-media":"","overlay-type":"","overlay-color":"","overlay-opacity":"","overlay-gradient":""}},"ast-content-background-meta":{"desktop":{"background-color":"var(--ast-global-color-5)","background-image":"","background-repeat":"repeat","background-position":"center center","background-size":"auto","background-attachment":"scroll","background-type":"","background-media":"","overlay-type":"","overlay-color":"","overlay-opacity":"","overlay-gradient":""},"tablet":{"background-color":"var(--ast-global-color-5)","background-image":"","background-repeat":"repeat","background-position":"center center","background-size":"auto","background-attachment":"scroll","background-type":"","background-media":"","overlay-type":"","overlay-color":"","overlay-opacity":"","overlay-gradient":""},"mobile":{"background-color":"var(--ast-global-color-5)","background-image":"","background-repeat":"repeat","background-position":"center center","background-size":"auto","background-attachment":"scroll","background-type":"","background-media":"","overlay-type":"","overlay-color":"","overlay-opacity":"","overlay-gradient":""}}},"product_brand":[],"product_cat":[135],"product_tag":[],"class_list":{"0":"post-12688","1":"product","2":"type-product","3":"status-publish","4":"has-post-thumbnail","6":"product_cat-bulgaria","7":"desktop-align-left","8":"tablet-align-left","9":"mobile-align-left","11":"first","12":"instock","13":"sale","14":"shipping-taxable","15":"purchasable","16":"product-type-simple","17":"add-to-wishlist-before_image"},"_links":{"self":[{"href":"https:\/\/colligatum.com\/en\/wp-json\/wp\/v2\/product\/12688","targetHints":{"allow":["GET"]}}],"collection":[{"href":"https:\/\/colligatum.com\/en\/wp-json\/wp\/v2\/product"}],"about":[{"href":"https:\/\/colligatum.com\/en\/wp-json\/wp\/v2\/types\/product"}],"version-history":[{"count":1,"href":"https:\/\/colligatum.com\/en\/wp-json\/wp\/v2\/product\/12688\/revisions"}],"predecessor-version":[{"id":12689,"href":"https:\/\/colligatum.com\/en\/wp-json\/wp\/v2\/product\/12688\/revisions\/12689"}],"wp:featuredmedia":[{"embeddable":true,"href":"https:\/\/colligatum.com\/en\/wp-json\/wp\/v2\/media\/12611"}],"wp:attachment":[{"href":"https:\/\/colligatum.com\/en\/wp-json\/wp\/v2\/media?parent=12688"}],"wp:term":[{"taxonomy":"product_brand","embeddable":true,"href":"https:\/\/colligatum.com\/en\/wp-json\/wp\/v2\/product_brand?post=12688"},{"taxonomy":"product_cat","embeddable":true,"href":"https:\/\/colligatum.com\/en\/wp-json\/wp\/v2\/product_cat?post=12688"},{"taxonomy":"product_tag","embeddable":true,"href":"https:\/\/colligatum.com\/en\/wp-json\/wp\/v2\/product_tag?post=12688"}],"curies":[{"name":"wp","href":"https:\/\/api.w.org\/{rel}","templated":true}]}}