{"id":12692,"date":"2025-07-10T12:42:42","date_gmt":"2025-07-10T10:42:42","guid":{"rendered":"https:\/\/colligatum.com\/?post_type=product&#038;p=12692"},"modified":"2025-07-10T12:42:42","modified_gmt":"2025-07-10T10:42:42","slug":"victory-1","status":"publish","type":"product","link":"https:\/\/colligatum.com\/en\/product\/victory-1\/","title":{"rendered":"Victory 1"},"content":{"rendered":"<p data-start=\"508\" data-end=\"562\"><strong data-start=\"508\" data-end=\"522\">Apra\u0161ymas:<\/strong><br data-start=\"522\" data-end=\"525\" \/><span class=\"relative -mx-px my-[-0.2rem] rounded px-px py-[0.2rem] transition-colors duration-100 ease-in-out\">Eleganti\u0161ko minimalistinio dizaino: vir\u0161uje \u2013 auk\u0161tos rai\u0161kos \u201e1\u201c logotipas, centre auksinis \u201eVictory\u201c tekstas bei horizontali apvija. Baltas fono tonas; rusi\u0161kas \u012fsp\u0117jimas liudija, kad tai formalus Bulgarijos rinkai skirtas paketas.<\/span><\/p>\n<hr data-start=\"564\" data-end=\"567\" \/>\n<h2 data-start=\"569\" data-end=\"590\">Vert\u0117s \u012fvertinimas<\/h2>\n<h3 data-start=\"592\" data-end=\"613\">Kolekcin\u0117 vert\u0117<\/h3>\n<p data-start=\"614\" data-end=\"809\"><strong data-start=\"614\" data-end=\"637\">Vidutin\u0117\u2013auk\u0161tesn\u0117.<\/strong> \u201eVictory 1\u201c variantas buvo prekyboje ribot\u0105 laik\u0105 (~2007\u20132010), tod\u0117l toks senesnis paketas yra \u012fdomus veng\u0117jams Bulgartabac serijai .<\/p>\n<h3 data-start=\"811\" data-end=\"834\">B\u016bkl\u0117s vertinimas<\/h3>\n<p data-start=\"835\" data-end=\"906\"><strong data-start=\"835\" data-end=\"845\">Puiki.<\/strong> Paketas sveikas, pl\u0117vel\u0117 be pa\u017eeidim\u0173, kampai nesulankstyti.<\/p>\n","protected":false},"excerpt":{"rendered":"<p data-start=\"0\" data-end=\"94\"><strong data-start=\"0\" data-end=\"34\">Brand and name:<\/strong> Victory 1 (Long Filter Cigarettes) - Bulgartabac, Bulgaria<\/p>\n<p data-start=\"96\" data-end=\"119\"><strong data-start=\"96\" data-end=\"106\">Size:<\/strong> 20 cigarettes<\/p>\n<p data-start=\"121\" data-end=\"176\"><strong data-start=\"121\" data-end=\"139\">Country of manufacture:<\/strong> Bulgaria (manufacturer \u2013 Bulgartabac)<\/p>\n<p data-start=\"178\" data-end=\"338\"><strong data-start=\"178\" data-end=\"202\">Production period:<\/strong> ~2007\u20132010 (according to ZIGSAM data, Victory 1 was released in 2007, then discontinued in 2010)<\/p>\n<p data-start=\"340\" data-end=\"506\"><strong data-start=\"340\" data-end=\"358\">Package type:<\/strong> A hard flip-top packet, with a film and a warning sticker standard on the Bulgarian market (\u201ePusheneto \u0443\u0431\u0438\u0432\u0430\u201c), \u2013 <strong data-start=\"473\" data-end=\"505\">unopened, in excellent condition<\/strong>.<\/p>","protected":false},"featured_media":12615,"template":"","meta":{"_surecart_dashboard_logo_width":"180px","_surecart_dashboard_show_logo":true,"_surecart_dashboard_navigation_orders":true,"_surecart_dashboard_navigation_invoices":true,"_surecart_dashboard_navigation_subscriptions":true,"_surecart_dashboard_navigation_downloads":true,"_surecart_dashboard_navigation_billing":true,"_surecart_dashboard_navigation_account":true,"site-sidebar-layout":"default","site-content-layout":"","ast-site-content-layout":"default","site-content-style":"default","site-sidebar-style":"default","ast-global-header-display":"","ast-banner-title-visibility":"","ast-main-header-display":"","ast-hfb-above-header-display":"","ast-hfb-below-header-display":"","ast-hfb-mobile-header-display":"","site-post-title":"","ast-breadcrumbs-content":"","ast-featured-img":"","footer-sml-layout":"","theme-transparent-header-meta":"default","adv-header-id-meta":"","stick-header-meta":"","header-above-stick-meta":"","header-main-stick-meta":"","header-below-stick-meta":"","astra-migrate-meta-layouts":"set","ast-page-background-enabled":"default","ast-page-background-meta":{"desktop":{"background-color":"","background-image":"","background-repeat":"repeat","background-position":"center center","background-size":"auto","background-attachment":"scroll","background-type":"","background-media":"","overlay-type":"","overlay-color":"","overlay-opacity":"","overlay-gradient":""},"tablet":{"background-color":"","background-image":"","background-repeat":"repeat","background-position":"center center","background-size":"auto","background-attachment":"scroll","background-type":"","background-media":"","overlay-type":"","overlay-color":"","overlay-opacity":"","overlay-gradient":""},"mobile":{"background-color":"","background-image":"","background-repeat":"repeat","background-position":"center center","background-size":"auto","background-attachment":"scroll","background-type":"","background-media":"","overlay-type":"","overlay-color":"","overlay-opacity":"","overlay-gradient":""}},"ast-content-background-meta":{"desktop":{"background-color":"var(--ast-global-color-5)","background-image":"","background-repeat":"repeat","background-position":"center center","background-size":"auto","background-attachment":"scroll","background-type":"","background-media":"","overlay-type":"","overlay-color":"","overlay-opacity":"","overlay-gradient":""},"tablet":{"background-color":"var(--ast-global-color-5)","background-image":"","background-repeat":"repeat","background-position":"center center","background-size":"auto","background-attachment":"scroll","background-type":"","background-media":"","overlay-type":"","overlay-color":"","overlay-opacity":"","overlay-gradient":""},"mobile":{"background-color":"var(--ast-global-color-5)","background-image":"","background-repeat":"repeat","background-position":"center center","background-size":"auto","background-attachment":"scroll","background-type":"","background-media":"","overlay-type":"","overlay-color":"","overlay-opacity":"","overlay-gradient":""}}},"product_brand":[],"product_cat":[135],"product_tag":[],"class_list":{"0":"post-12692","1":"product","2":"type-product","3":"status-publish","4":"has-post-thumbnail","6":"product_cat-bulgaria","7":"desktop-align-left","8":"tablet-align-left","9":"mobile-align-left","11":"first","12":"instock","13":"sale","14":"shipping-taxable","15":"purchasable","16":"product-type-simple","17":"add-to-wishlist-before_image"},"_links":{"self":[{"href":"https:\/\/colligatum.com\/en\/wp-json\/wp\/v2\/product\/12692","targetHints":{"allow":["GET"]}}],"collection":[{"href":"https:\/\/colligatum.com\/en\/wp-json\/wp\/v2\/product"}],"about":[{"href":"https:\/\/colligatum.com\/en\/wp-json\/wp\/v2\/types\/product"}],"version-history":[{"count":1,"href":"https:\/\/colligatum.com\/en\/wp-json\/wp\/v2\/product\/12692\/revisions"}],"predecessor-version":[{"id":12693,"href":"https:\/\/colligatum.com\/en\/wp-json\/wp\/v2\/product\/12692\/revisions\/12693"}],"wp:featuredmedia":[{"embeddable":true,"href":"https:\/\/colligatum.com\/en\/wp-json\/wp\/v2\/media\/12615"}],"wp:attachment":[{"href":"https:\/\/colligatum.com\/en\/wp-json\/wp\/v2\/media?parent=12692"}],"wp:term":[{"taxonomy":"product_brand","embeddable":true,"href":"https:\/\/colligatum.com\/en\/wp-json\/wp\/v2\/product_brand?post=12692"},{"taxonomy":"product_cat","embeddable":true,"href":"https:\/\/colligatum.com\/en\/wp-json\/wp\/v2\/product_cat?post=12692"},{"taxonomy":"product_tag","embeddable":true,"href":"https:\/\/colligatum.com\/en\/wp-json\/wp\/v2\/product_tag?post=12692"}],"curies":[{"name":"wp","href":"https:\/\/api.w.org\/{rel}","templated":true}]}}