{"id":12706,"date":"2025-07-10T13:00:47","date_gmt":"2025-07-10T11:00:47","guid":{"rendered":"https:\/\/colligatum.com\/?post_type=product&#038;p=12706"},"modified":"2025-07-10T13:00:47","modified_gmt":"2025-07-10T11:00:47","slug":"golden-gate-by-ps-blue-american-blend","status":"publish","type":"product","link":"https:\/\/colligatum.com\/en\/product\/golden-gate-by-ps-blue-american-blend\/","title":{"rendered":"Golden Gate by PS \u2013 Blue (American Blend)"},"content":{"rendered":"<p data-start=\"279\" data-end=\"333\"><strong data-start=\"279\" data-end=\"293\">Apra\u0161ymas:<\/strong><br data-start=\"293\" data-end=\"296\" \/><span class=\"relative -mx-px my-[-0.2rem] rounded px-px py-[0.2rem] transition-colors duration-100 ease-in-out\">\u0160is \u201eGolden Gate Blue\u201c \u2013 \u0161viesiai ir tamsiai m\u0117lynas minimalistinis dizainas, vir\u0161uje su u\u017era\u0161u \u201eBlue American Blend\u201c ir tilto grafika, primenan\u010dia San Fransisko Golden Gate. Priekyje \u2013 standartinis ES sveikatos persp\u0117jimas angl\u0173 kalba. Dizainas stilingas, \u0161iuolaiki\u0161kas, be regionini\u0173 kalb\u0173 \u2013 galimai skirtas eksportui. Pl\u0117vel\u0117 tinkama, be pa\u017eeidim\u0173.<\/span><\/p>\n<hr data-start=\"335\" data-end=\"338\" \/>\n<h2 data-start=\"340\" data-end=\"361\">Vert\u0117s \u012fvertinimas<\/h2>\n<p data-start=\"363\" data-end=\"461\"><strong data-start=\"363\" data-end=\"383\">Kolekcin\u0117 vert\u0117:<\/strong><br data-start=\"383\" data-end=\"386\" \/><span class=\"relative -mx-px my-[-0.2rem] rounded px-px py-[0.2rem] transition-colors duration-100 ease-in-out\">\u017dema\u2013vidutin\u0117. Ne ribotas leidimas, ta\u010diau \u0161is retas u\u017esieninis variantas, suderintas su modernia grafika, gali sudominti tabako paket\u0173 entuziastus (ypa\u010d Golden Gate rinkoje vis da\u017enai renkam\u0173). Zigsam rodo senesnius leidimus (~2\u20132.3\u202f\u20ac), <span class=\"katex\"><span class=\"katex-mathml\">panas\u02c7ioskainosSlovakijoje\u2013Vengrijoje2010m.pana\u0161ios kainos Slovakijoje\u2013Vengrijoje 2010 m.<\/span><span class=\"katex-html\" aria-hidden=\"true\"><span class=\"base\"><span class=\"mord mathnormal\">p<\/span><span class=\"mord mathnormal\">ana<\/span><span class=\"mord accent\"><span class=\"vlist-t\"><span class=\"vlist-r\"><span class=\"vlist\"><span class=\"mord mathnormal\">s<\/span><span class=\"accent-body\"><span class=\"mord\">\u02c7<\/span><\/span><\/span><\/span><\/span><\/span><span class=\"mord mathnormal\">i<\/span><span class=\"mord mathnormal\">os<\/span><span class=\"mord mathnormal\">kain<\/span><span class=\"mord mathnormal\">os<\/span><span class=\"mord mathnormal\">Sl<\/span><span class=\"mord mathnormal\">o<\/span><span class=\"mord mathnormal\">v<\/span><span class=\"mord mathnormal\">akij<\/span><span class=\"mord mathnormal\">o<\/span><span class=\"mord mathnormal\">j<\/span><span class=\"mord mathnormal\">e<\/span><span class=\"mord\">\u2013<\/span><span class=\"mord mathnormal\">V<\/span><span class=\"mord mathnormal\">e<\/span><span class=\"mord mathnormal\">n<\/span><span class=\"mord mathnormal\">g<\/span><span class=\"mord mathnormal\">r<\/span><span class=\"mord mathnormal\">ij<\/span><span class=\"mord mathnormal\">o<\/span><span class=\"mord mathnormal\">j<\/span><span class=\"mord mathnormal\">e<\/span><span class=\"mord\">2010<\/span><span class=\"mord mathnormal\">m<\/span><span class=\"mord\">.<\/span><\/span><\/span><\/span>\u202f<\/span>.<\/p>\n<p data-start=\"463\" data-end=\"527\"><strong data-start=\"463\" data-end=\"485\">B\u016bkl\u0117s vertinimas:<\/strong><br data-start=\"485\" data-end=\"488\" \/><span class=\"relative -mx-px my-[-0.2rem] rounded px-px py-[0.2rem] transition-colors duration-100 ease-in-out\">Neatidarytas, pl\u0117vel\u0117 \u2013 puikios b\u016bkl\u0117s. 10\/10.<\/span><\/p>\n","protected":false},"excerpt":{"rendered":"<p data-start=\"42\" data-end=\"79\"><span class=\"relative -mx-px my-[-0.2rem] rounded px-px py-[0.2rem] transition-colors duration-100 ease-in-out\">Prek\u0117s \u017eenklas ir pavadinimas: <strong data-start=\"31\" data-end=\"76\" data-is-last-node=\"\">Golden Gate by PS \u2013 Blue (American Blend)<\/strong><\/span><\/p>\n<p data-start=\"81\" data-end=\"118\"><span class=\"relative -mx-px my-[-0.2rem] rounded px-px py-[0.2rem] transition-colors duration-100 ease-in-out\">Dydis: 20 cigare\u010di\u0173<\/span><\/p>\n<p data-start=\"120\" data-end=\"194\"><span class=\"relative -mx-px my-[-0.2rem] rounded px-px py-[0.2rem] transition-colors duration-100 ease-in-out\">Gamybos \u0161alis: Europa (Reemtsma\/Imperial Tobacco gaminio dalis; konkretus leidimas gali b\u016bti Vokietijos, Lenkijos ar Baltarusijos)\u202f<\/span><span class=\"\" data-state=\"closed\"><span class=\"ms-1 inline-flex max-w-full items-center relative top-[-0.094rem] animate-[show_150ms_ease-in]\"><a class=\"flex h-4.5 overflow-hidden rounded-xl px-2 text-[9px] font-medium text-token-text-secondary! bg-[#F4F4F4]! dark:bg-[#303030]! transition-colors duration-150 ease-in-out\" href=\"https:\/\/www.cigarettes-mart.com\/golden-gate-german-version-design-1-american-blend-blue-hard-box-cigarettes-p-918.html?utm_source=chatgpt.com\" target=\"_blank\" rel=\"noopener\"><span class=\"relative start-0 bottom-0 flex h-full w-full items-center\"><span class=\"flex h-4 w-full items-center justify-between overflow-hidden\"><span class=\"max-w-full grow truncate overflow-hidden text-center\">cigarettes-mart.com<\/span><\/span><\/span><\/a><\/span><\/span><span class=\"\" data-state=\"closed\"><span class=\"ms-1 inline-flex max-w-full items-center relative top-[-0.094rem] animate-[show_150ms_ease-in]\"><a class=\"flex h-4.5 overflow-hidden rounded-xl px-2 text-[9px] font-medium text-token-text-secondary! bg-[#F4F4F4]! dark:bg-[#303030]! transition-colors duration-150 ease-in-out\" href=\"https:\/\/www.zigsam.at\/B_GoldenGate.htm?utm_source=chatgpt.com\" target=\"_blank\" rel=\"noopener\"><span class=\"relative start-0 bottom-0 flex h-full w-full items-center\"><span class=\"flex h-4 w-full items-center justify-between absolute\"><span class=\"max-w-full grow truncate overflow-hidden text-center\">dutyfreepro.com<\/span><span class=\"-me-1 flex h-full items-center rounded-full px-1 text-[#8F8F8F]\">+9<\/span><\/span><span class=\"flex h-4 w-full items-center justify-between\"><span class=\"max-w-full grow truncate overflow-hidden text-center\">zigsam.at<\/span><span class=\"-me-1 flex h-full items-center rounded-full px-1 text-[#8F8F8F]\">+9<\/span><\/span><span class=\"flex h-4 w-full items-center justify-between absolute\"><span class=\"max-w-full grow truncate overflow-hidden text-center\">Cigars of Dubai \u2023<\/span><span class=\"-me-1 flex h-full items-center rounded-full px-1 text-[#8F8F8F]\">+9<\/span><\/span><\/span><\/a><\/span><\/span><\/p>\n<p data-start=\"196\" data-end=\"233\"><span class=\"relative -mx-px my-[-0.2rem] rounded px-px py-[0.2rem] transition-colors duration-100 ease-in-out\">Gamybos laikotarpis: Modernus, v\u0117lesn\u0117 karta (plastikin\u0117 sandari pl\u0117vel\u0117, angli\u0161kas \u012fsp\u0117jimas angl\u0173 kalba \u201cSmoking causes fatal lung cancer\u201d)<\/span><\/p>\n<p data-start=\"235\" data-end=\"272\"><span class=\"relative -mx-px my-[-0.2rem] rounded px-px py-[0.2rem] transition-colors duration-100 ease-in-out\">Pakeli\u0173 tipas: Kietas pakelis, neatidarytas, vakuumuotas<\/span><\/p>\n","protected":false},"featured_media":12629,"template":"","meta":{"_surecart_dashboard_logo_width":"180px","_surecart_dashboard_show_logo":true,"_surecart_dashboard_navigation_orders":true,"_surecart_dashboard_navigation_invoices":true,"_surecart_dashboard_navigation_subscriptions":true,"_surecart_dashboard_navigation_downloads":true,"_surecart_dashboard_navigation_billing":true,"_surecart_dashboard_navigation_account":true,"site-sidebar-layout":"default","site-content-layout":"","ast-site-content-layout":"default","site-content-style":"default","site-sidebar-style":"default","ast-global-header-display":"","ast-banner-title-visibility":"","ast-main-header-display":"","ast-hfb-above-header-display":"","ast-hfb-below-header-display":"","ast-hfb-mobile-header-display":"","site-post-title":"","ast-breadcrumbs-content":"","ast-featured-img":"","footer-sml-layout":"","theme-transparent-header-meta":"default","adv-header-id-meta":"","stick-header-meta":"","header-above-stick-meta":"","header-main-stick-meta":"","header-below-stick-meta":"","astra-migrate-meta-layouts":"set","ast-page-background-enabled":"default","ast-page-background-meta":{"desktop":{"background-color":"","background-image":"","background-repeat":"repeat","background-position":"center center","background-size":"auto","background-attachment":"scroll","background-type":"","background-media":"","overlay-type":"","overlay-color":"","overlay-opacity":"","overlay-gradient":""},"tablet":{"background-color":"","background-image":"","background-repeat":"repeat","background-position":"center center","background-size":"auto","background-attachment":"scroll","background-type":"","background-media":"","overlay-type":"","overlay-color":"","overlay-opacity":"","overlay-gradient":""},"mobile":{"background-color":"","background-image":"","background-repeat":"repeat","background-position":"center center","background-size":"auto","background-attachment":"scroll","background-type":"","background-media":"","overlay-type":"","overlay-color":"","overlay-opacity":"","overlay-gradient":""}},"ast-content-background-meta":{"desktop":{"background-color":"var(--ast-global-color-5)","background-image":"","background-repeat":"repeat","background-position":"center center","background-size":"auto","background-attachment":"scroll","background-type":"","background-media":"","overlay-type":"","overlay-color":"","overlay-opacity":"","overlay-gradient":""},"tablet":{"background-color":"var(--ast-global-color-5)","background-image":"","background-repeat":"repeat","background-position":"center center","background-size":"auto","background-attachment":"scroll","background-type":"","background-media":"","overlay-type":"","overlay-color":"","overlay-opacity":"","overlay-gradient":""},"mobile":{"background-color":"var(--ast-global-color-5)","background-image":"","background-repeat":"repeat","background-position":"center center","background-size":"auto","background-attachment":"scroll","background-type":"","background-media":"","overlay-type":"","overlay-color":"","overlay-opacity":"","overlay-gradient":""}}},"product_brand":[],"product_cat":[151],"product_tag":[],"class_list":{"0":"post-12706","1":"product","2":"type-product","3":"status-publish","4":"has-post-thumbnail","6":"product_cat-germany","7":"desktop-align-left","8":"tablet-align-left","9":"mobile-align-left","11":"first","12":"instock","13":"sale","14":"shipping-taxable","15":"purchasable","16":"product-type-simple","17":"add-to-wishlist-before_image"},"_links":{"self":[{"href":"https:\/\/colligatum.com\/en\/wp-json\/wp\/v2\/product\/12706","targetHints":{"allow":["GET"]}}],"collection":[{"href":"https:\/\/colligatum.com\/en\/wp-json\/wp\/v2\/product"}],"about":[{"href":"https:\/\/colligatum.com\/en\/wp-json\/wp\/v2\/types\/product"}],"version-history":[{"count":1,"href":"https:\/\/colligatum.com\/en\/wp-json\/wp\/v2\/product\/12706\/revisions"}],"predecessor-version":[{"id":12707,"href":"https:\/\/colligatum.com\/en\/wp-json\/wp\/v2\/product\/12706\/revisions\/12707"}],"wp:featuredmedia":[{"embeddable":true,"href":"https:\/\/colligatum.com\/en\/wp-json\/wp\/v2\/media\/12629"}],"wp:attachment":[{"href":"https:\/\/colligatum.com\/en\/wp-json\/wp\/v2\/media?parent=12706"}],"wp:term":[{"taxonomy":"product_brand","embeddable":true,"href":"https:\/\/colligatum.com\/en\/wp-json\/wp\/v2\/product_brand?post=12706"},{"taxonomy":"product_cat","embeddable":true,"href":"https:\/\/colligatum.com\/en\/wp-json\/wp\/v2\/product_cat?post=12706"},{"taxonomy":"product_tag","embeddable":true,"href":"https:\/\/colligatum.com\/en\/wp-json\/wp\/v2\/product_tag?post=12706"}],"curies":[{"name":"wp","href":"https:\/\/api.w.org\/{rel}","templated":true}]}}