{"id":12714,"date":"2025-07-10T13:12:33","date_gmt":"2025-07-10T11:12:33","guid":{"rendered":"https:\/\/colligatum.com\/?post_type=product&#038;p=12714"},"modified":"2025-07-10T13:12:33","modified_gmt":"2025-07-10T11:12:33","slug":"%d0%bf%d1%80%d0%b5%d0%bc%d1%8c%d0%b5%d1%80-premier","status":"publish","type":"product","link":"https:\/\/colligatum.com\/en\/product\/%d0%bf%d1%80%d0%b5%d0%bc%d1%8c%d0%b5%d1%80-premier\/","title":{"rendered":"Premier"},"content":{"rendered":"<p data-start=\"200\" data-end=\"254\"><strong data-start=\"200\" data-end=\"214\">Apra\u0161ymas:<\/strong><br data-start=\"214\" data-end=\"217\" \/><span class=\"relative -mx-px my-[-0.2rem] rounded px-px py-[0.2rem] transition-colors duration-100 ease-in-out\">\u201ePremier\u201c \u2013 tradicinis Baltarusijos gamintojas. Pakuot\u0117 \u2013 minimalistin\u0117, vir\u0161uje i\u0161laikytas eleganti\u0161kas dizainas su emblema ir u\u017era\u0161u \u201eamerican blend\u201c. Apvyniota skaidria pl\u0117vele, visi \u012fsp\u0117jimai ir banderol\u0117 sveiki ir atitinka dabar galiojan\u010dias taisykles.<\/span><\/p>\n<hr data-start=\"256\" data-end=\"259\" \/>\n<h2 data-start=\"261\" data-end=\"282\">Vert\u0117s \u012fvertinimas<\/h2>\n<p data-start=\"284\" data-end=\"344\"><strong data-start=\"284\" data-end=\"304\">Kolekcin\u0117 vert\u0117:<\/strong><br data-start=\"304\" data-end=\"307\" \/><span class=\"relative -mx-px my-[-0.2rem] rounded px-px py-[0.2rem] transition-colors duration-100 ease-in-out\">Labai \u017eema \u2013 standartinis Baltarusijos prekybinis variantas. N\u0117ra riboto leidimo ar nostalginio dizaino.<\/span><\/p>\n<p data-start=\"346\" data-end=\"408\"><strong data-start=\"346\" data-end=\"368\">B\u016bkl\u0117s vertinimas:<\/strong><br data-start=\"368\" data-end=\"371\" \/><span class=\"relative -mx-px my-[-0.2rem] rounded px-px py-[0.2rem] transition-colors duration-100 ease-in-out\">Puiki \u2013 nepa\u017eeista pl\u0117vel\u0117, tvarkinga, 10\/10.<\/span><\/p>\n","protected":false},"excerpt":{"rendered":"<p data-start=\"0\" data-end=\"37\"><span class=\"relative -mx-px my-[-0.2rem] rounded px-px py-[0.2rem] transition-colors duration-100 ease-in-out\">Prek\u0117s \u017eenklas ir pavadinimas: <strong data-start=\"31\" data-end=\"52\" data-is-last-node=\"\">\u041f\u0440\u0435\u043c\u044c\u0435\u0440 (Premier)<\/strong><\/span><\/p>\n<p data-start=\"39\" data-end=\"76\"><span class=\"relative -mx-px my-[-0.2rem] rounded px-px py-[0.2rem] transition-colors duration-100 ease-in-out\">Dydis: 20 cigare\u010di\u0173<\/span><\/p>\n<p data-start=\"78\" data-end=\"115\"><span class=\"relative -mx-px my-[-0.2rem] rounded px-px py-[0.2rem] transition-colors duration-100 ease-in-out\">Gamybos \u0161alis: Belarusija (matoma rus\u0173 kalba ant paketo ir oficiali Baltarusijos banderol\u0117 \u2013 \u201e\u0410\u043a\u0446\u0438\u0437\u044b \u041c\u0438\u043d\u0438\u0441\u0442\u0435\u0440\u0441\u0442\u0432\u0430 \u0444\u0438\u043d\u0430\u043d\u0441\u043e\u0432 \u0420\u0411\u201c)<\/span><\/p>\n<p data-start=\"117\" data-end=\"154\"><span class=\"relative -mx-px my-[-0.2rem] rounded px-px py-[0.2rem] transition-colors duration-100 ease-in-out\">Gamybos laikotarpis: Modernus leidimas, kietas pakelis su vakuumuota pl\u0117vele \u2013 grei\u010diausiai pagamintas 2023\u20132025 m. (remiantis banderol\u0117s dizainu ir dabartine Baltarusijos PVM\/akcizo sistema)<\/span><\/p>\n<p data-start=\"156\" data-end=\"193\"><span class=\"relative -mx-px my-[-0.2rem] rounded px-px py-[0.2rem] transition-colors duration-100 ease-in-out\">Pakeli\u0173 tipas: Kietas flip-top pakelis, neatidarytas, puikios b\u016bkl\u0117s.<\/span><\/p>\n","protected":false},"featured_media":12715,"template":"","meta":{"_surecart_dashboard_logo_width":"180px","_surecart_dashboard_show_logo":true,"_surecart_dashboard_navigation_orders":true,"_surecart_dashboard_navigation_invoices":true,"_surecart_dashboard_navigation_subscriptions":true,"_surecart_dashboard_navigation_downloads":true,"_surecart_dashboard_navigation_billing":true,"_surecart_dashboard_navigation_account":true,"site-sidebar-layout":"default","site-content-layout":"","ast-site-content-layout":"default","site-content-style":"default","site-sidebar-style":"default","ast-global-header-display":"","ast-banner-title-visibility":"","ast-main-header-display":"","ast-hfb-above-header-display":"","ast-hfb-below-header-display":"","ast-hfb-mobile-header-display":"","site-post-title":"","ast-breadcrumbs-content":"","ast-featured-img":"","footer-sml-layout":"","ast-disable-related-posts":"","theme-transparent-header-meta":"default","adv-header-id-meta":"","stick-header-meta":"","header-above-stick-meta":"","header-main-stick-meta":"","header-below-stick-meta":"","astra-migrate-meta-layouts":"set","ast-page-background-enabled":"default","ast-page-background-meta":{"desktop":{"background-color":"","background-image":"","background-repeat":"repeat","background-position":"center center","background-size":"auto","background-attachment":"scroll","background-type":"","background-media":"","overlay-type":"","overlay-color":"","overlay-opacity":"","overlay-gradient":""},"tablet":{"background-color":"","background-image":"","background-repeat":"repeat","background-position":"center center","background-size":"auto","background-attachment":"scroll","background-type":"","background-media":"","overlay-type":"","overlay-color":"","overlay-opacity":"","overlay-gradient":""},"mobile":{"background-color":"","background-image":"","background-repeat":"repeat","background-position":"center center","background-size":"auto","background-attachment":"scroll","background-type":"","background-media":"","overlay-type":"","overlay-color":"","overlay-opacity":"","overlay-gradient":""}},"ast-content-background-meta":{"desktop":{"background-color":"var(--ast-global-color-5)","background-image":"","background-repeat":"repeat","background-position":"center center","background-size":"auto","background-attachment":"scroll","background-type":"","background-media":"","overlay-type":"","overlay-color":"","overlay-opacity":"","overlay-gradient":""},"tablet":{"background-color":"var(--ast-global-color-5)","background-image":"","background-repeat":"repeat","background-position":"center center","background-size":"auto","background-attachment":"scroll","background-type":"","background-media":"","overlay-type":"","overlay-color":"","overlay-opacity":"","overlay-gradient":""},"mobile":{"background-color":"var(--ast-global-color-5)","background-image":"","background-repeat":"repeat","background-position":"center center","background-size":"auto","background-attachment":"scroll","background-type":"","background-media":"","overlay-type":"","overlay-color":"","overlay-opacity":"","overlay-gradient":""}}},"product_brand":[],"product_cat":[81],"product_tag":[],"class_list":{"0":"post-12714","1":"product","2":"type-product","3":"status-publish","4":"has-post-thumbnail","6":"product_cat-belarus","7":"desktop-align-left","8":"tablet-align-left","9":"mobile-align-left","11":"first","12":"instock","13":"shipping-taxable","14":"purchasable","15":"product-type-simple","16":"add-to-wishlist-before_image"},"_links":{"self":[{"href":"https:\/\/colligatum.com\/en\/wp-json\/wp\/v2\/product\/12714","targetHints":{"allow":["GET"]}}],"collection":[{"href":"https:\/\/colligatum.com\/en\/wp-json\/wp\/v2\/product"}],"about":[{"href":"https:\/\/colligatum.com\/en\/wp-json\/wp\/v2\/types\/product"}],"version-history":[{"count":1,"href":"https:\/\/colligatum.com\/en\/wp-json\/wp\/v2\/product\/12714\/revisions"}],"predecessor-version":[{"id":12770,"href":"https:\/\/colligatum.com\/en\/wp-json\/wp\/v2\/product\/12714\/revisions\/12770"}],"wp:featuredmedia":[{"embeddable":true,"href":"https:\/\/colligatum.com\/en\/wp-json\/wp\/v2\/media\/12715"}],"wp:attachment":[{"href":"https:\/\/colligatum.com\/en\/wp-json\/wp\/v2\/media?parent=12714"}],"wp:term":[{"taxonomy":"product_brand","embeddable":true,"href":"https:\/\/colligatum.com\/en\/wp-json\/wp\/v2\/product_brand?post=12714"},{"taxonomy":"product_cat","embeddable":true,"href":"https:\/\/colligatum.com\/en\/wp-json\/wp\/v2\/product_cat?post=12714"},{"taxonomy":"product_tag","embeddable":true,"href":"https:\/\/colligatum.com\/en\/wp-json\/wp\/v2\/product_tag?post=12714"}],"curies":[{"name":"wp","href":"https:\/\/api.w.org\/{rel}","templated":true}]}}