{"id":12813,"date":"2025-07-10T15:42:21","date_gmt":"2025-07-10T13:42:21","guid":{"rendered":"https:\/\/colligatum.com\/?post_type=product&#038;p=12813"},"modified":"2025-07-10T15:42:21","modified_gmt":"2025-07-10T13:42:21","slug":"queen-superslims","status":"publish","type":"product","link":"https:\/\/colligatum.com\/en\/product\/queen-superslims\/","title":{"rendered":"Queen SuperSlims"},"content":{"rendered":"<h3 data-start=\"422\" data-end=\"437\">Apra\u0161ymas<\/h3>\n<p data-start=\"438\" data-end=\"475\"><span class=\"relative -mx-px my-[-0.2rem] rounded px-px py-[0.2rem] transition-colors duration-100 ease-in-out\">\u0160is Queen SuperSlims paketas i\u0161siskiria plonu ir eleganti\u0161ku dizainu \u2013 kremin\u0117s pastel\u0117s su subtiliu raudonu pauk\u0161\u010dio simboliu, dizaino tekstais \u201eQueen SuperSlims\u201c. Priekyje \u2013 rusi\u0161kas \u012fsp\u0117jimas \u201e\u041a\u0443\u0440\u0435\u043d\u0438\u0435 \u2013 \u043f\u0440\u0438\u0447\u0438\u043d\u0430 \u0440\u0430\u043a\u043e\u0432\u044b\u0445 \u0437\u0430\u0431\u043e\u043b\u0435\u0432\u0430\u043d\u0438\u0439\u201c, gale \u2013 akcizin\u0117 Baltarusijos juostel\u0117 su numeriu ir Baltarusijos \u017eenklu \u201e\u041c\u0438\u043d\u0441\u0442\u0435\u0440\u0441\u0442\u0432\u0430 \u0444\u0438\u043d\u0430\u043d\u0441\u043e\u0432\u201c. Paketas \u2013 pilnai sandarus, originalios pl\u0117vel\u0117s nepa\u017eeistos, i\u0161laikytas auk\u0161tos kokyb\u0117s b\u016bkl\u0117je.<\/span><\/p>\n<hr data-start=\"477\" data-end=\"480\" \/>\n<h3 data-start=\"482\" data-end=\"504\">Vert\u0117s \u012fvertinimas<\/h3>\n<ul data-start=\"506\" data-end=\"865\">\n<li data-start=\"506\" data-end=\"663\">\n<p data-start=\"508\" data-end=\"663\"><span class=\"relative -mx-px my-[-0.2rem] rounded px-px py-[0.2rem] transition-colors duration-100 ease-in-out\"><strong data-start=\"0\" data-end=\"20\" data-is-only-node=\"\">Kolekcin\u0117 vert\u0117:<\/strong>\u202fVidutin\u0117\u2013auk\u0161ta.<\/span><br data-start=\"545\" data-end=\"548\" \/><span class=\"relative -mx-px my-[-0.2rem] rounded px-px py-[0.2rem] transition-colors duration-100 ease-in-out\">Queen SuperSlims \u2013 vienas i\u0161 penki\u0173 SuperSlims format\u0173, i\u0161leisti 2009 m. per Grodno fabrik\u0105 \u201eNeman\u201c\u202f<\/span><span class=\"\" data-state=\"closed\"><span class=\"ms-1 inline-flex max-w-full items-center relative top-[-0.094rem] animate-[show_150ms_ease-in]\"><a class=\"flex h-4.5 overflow-hidden rounded-xl px-2 text-[9px] font-medium text-token-text-secondary! bg-[#F4F4F4]! dark:bg-[#303030]! transition-colors duration-150 ease-in-out\" href=\"https:\/\/uk.mfa.gov.by\/uploademb\/uk\/Downloads\/tabak2.pdf?utm_source=chatgpt.com\" target=\"_blank\" rel=\"noopener\"><span class=\"relative start-0 bottom-0 flex h-full w-full items-center\"><span class=\"flex h-4 w-full items-center justify-between overflow-hidden\"><span class=\"max-w-full grow truncate overflow-hidden text-center\">uk.mfa.gov.by<\/span><\/span><\/span><\/a><\/span><\/span><span class=\"\" data-state=\"closed\"><span class=\"ms-1 inline-flex max-w-full items-center relative top-[-0.094rem] animate-[show_150ms_ease-in]\"><a class=\"flex h-4.5 overflow-hidden rounded-xl px-2 text-[9px] font-medium text-token-text-secondary! bg-[#F4F4F4]! dark:bg-[#303030]! transition-colors duration-150 ease-in-out\" href=\"https:\/\/www.tabak.by\/en\/our-business\/nashi-marki\/?utm_source=chatgpt.com\" target=\"_blank\" rel=\"noopener\"><span class=\"relative start-0 bottom-0 flex h-full w-full items-center\"><span class=\"flex h-4 w-full items-center justify-between\"><span class=\"max-w-full grow truncate overflow-hidden text-center\">tabak.by<\/span><span class=\"-me-1 flex h-full items-center rounded-full px-1 text-[#8F8F8F]\">+1<\/span><\/span><span class=\"flex h-4 w-full items-center justify-between absolute\"><span class=\"max-w-full grow truncate overflow-hidden text-center\">uk.mfa.gov.by<\/span><span class=\"-me-1 flex h-full items-center rounded-full px-1 text-[#8F8F8F]\">+1<\/span><\/span><\/span><\/a><\/span><\/span>. <span class=\"relative -mx-px my-[-0.2rem] rounded px-px py-[0.2rem] transition-colors duration-100 ease-in-out\">\u0160is tipas nebuvo eksportuojamas pla\u010diai, tod\u0117l yra retas tarp kolekcionieri\u0173.<\/span><\/p>\n<\/li>\n<li data-start=\"665\" data-end=\"704\">\n<p data-start=\"667\" data-end=\"704\"><span class=\"relative -mx-px my-[-0.2rem] rounded px-px py-[0.2rem] transition-colors duration-100 ease-in-out\"><strong data-start=\"0\" data-end=\"10\" data-is-only-node=\"\">B\u016bkl\u0117:<\/strong>\u202fNeatidarytas, puikios b\u016bkl\u0117s \u2013 tai \u017eenkliai padidina vert\u0119.<\/span><\/p>\n<\/li>\n<li data-start=\"706\" data-end=\"865\">\n<p data-start=\"708\" data-end=\"865\"><span class=\"relative -mx-px my-[-0.2rem] rounded px-px py-[0.2rem] transition-colors duration-100 ease-in-out\"><strong data-start=\"0\" data-end=\"40\" data-is-last-node=\"\" data-is-only-node=\"\">Istoriniai duomenys ir populiarumas:<\/strong><\/span><br data-start=\"745\" data-end=\"748\" \/><span class=\"relative -mx-px my-[-0.2rem] rounded px-px py-[0.2rem] transition-colors duration-100 ease-in-out\">Queen linija buvo \u012fvesta siekiant patenkinti l\u0117t\u0117jan\u010di\u0105 Ryt\u0173 Europos tabako rinkos paklaus\u0105 ma\u017eioms ir kompakti\u0161koms pakuot\u0117ms\u202f<\/span><span class=\"\" data-state=\"closed\"><span class=\"ms-1 inline-flex max-w-full items-center relative top-[-0.094rem] animate-[show_150ms_ease-in]\"><a class=\"flex h-4.5 overflow-hidden rounded-xl px-2 text-[9px] font-medium text-token-text-secondary! bg-[#F4F4F4]! dark:bg-[#303030]! transition-colors duration-150 ease-in-out\" href=\"https:\/\/www.tabak.by\/en\/our-business\/nashi-marki\/?utm_source=chatgpt.com\" target=\"_blank\" rel=\"noopener\"><span class=\"relative start-0 bottom-0 flex h-full w-full items-center\"><span class=\"flex h-4 w-full items-center justify-between overflow-hidden\"><span class=\"max-w-full grow truncate overflow-hidden text-center\">tabak.by<\/span><\/span><\/span><\/a><\/span><\/span>. <span class=\"relative -mx-px my-[-0.2rem] rounded px-px py-[0.2rem] transition-colors duration-100 ease-in-out\">Queen SuperSlims \u2013 antra pagal d\u016bmingum\u0105 (0,5 tar \/ 0,5 nikotino) tarp 2009 m. i\u0161leist\u0173 variant\u0173, o jo dizainas ir retumas j\u012f daro \u012fdomiu pasirinkimu kolekcininkams.<\/span><\/p>\n<\/li>\n<\/ul>\n","protected":false},"excerpt":{"rendered":"<p data-start=\"0\" data-end=\"97\"><strong data-start=\"0\" data-end=\"34\">Brand and name:<\/strong>Queen SuperSlims (Grodno Tobacco Factory &quot;Neman&quot;, Belarus)<\/p>\n<p data-start=\"99\" data-end=\"144\"><strong data-start=\"99\" data-end=\"109\">Size:<\/strong> 20 cigarettes (SuperSlims format)<\/p>\n<p data-start=\"146\" data-end=\"176\"><strong data-start=\"146\" data-end=\"164\">Country of manufacture:<\/strong> Belarus<\/p>\n<p data-start=\"178\" data-end=\"362\"><strong data-start=\"178\" data-end=\"202\">Production period:<\/strong> Around 2013, based on information from a Belarusian tobacco manufacturer about the Queen line &quot;SuperSlims&quot; as an expansion of the 2009-2014.<\/p>\n<p data-start=\"364\" data-end=\"415\"><strong data-start=\"364\" data-end=\"382\">Package type:<\/strong> Hard pack, factory sealed<\/p>","protected":false},"featured_media":12756,"template":"","meta":{"_surecart_dashboard_logo_width":"180px","_surecart_dashboard_show_logo":true,"_surecart_dashboard_navigation_orders":true,"_surecart_dashboard_navigation_invoices":true,"_surecart_dashboard_navigation_subscriptions":true,"_surecart_dashboard_navigation_downloads":true,"_surecart_dashboard_navigation_billing":true,"_surecart_dashboard_navigation_account":true,"site-sidebar-layout":"default","site-content-layout":"","ast-site-content-layout":"default","site-content-style":"default","site-sidebar-style":"default","ast-global-header-display":"","ast-banner-title-visibility":"","ast-main-header-display":"","ast-hfb-above-header-display":"","ast-hfb-below-header-display":"","ast-hfb-mobile-header-display":"","site-post-title":"","ast-breadcrumbs-content":"","ast-featured-img":"","footer-sml-layout":"","ast-disable-related-posts":"","theme-transparent-header-meta":"default","adv-header-id-meta":"","stick-header-meta":"","header-above-stick-meta":"","header-main-stick-meta":"","header-below-stick-meta":"","astra-migrate-meta-layouts":"set","ast-page-background-enabled":"default","ast-page-background-meta":{"desktop":{"background-color":"","background-image":"","background-repeat":"repeat","background-position":"center center","background-size":"auto","background-attachment":"scroll","background-type":"","background-media":"","overlay-type":"","overlay-color":"","overlay-opacity":"","overlay-gradient":""},"tablet":{"background-color":"","background-image":"","background-repeat":"repeat","background-position":"center center","background-size":"auto","background-attachment":"scroll","background-type":"","background-media":"","overlay-type":"","overlay-color":"","overlay-opacity":"","overlay-gradient":""},"mobile":{"background-color":"","background-image":"","background-repeat":"repeat","background-position":"center center","background-size":"auto","background-attachment":"scroll","background-type":"","background-media":"","overlay-type":"","overlay-color":"","overlay-opacity":"","overlay-gradient":""}},"ast-content-background-meta":{"desktop":{"background-color":"var(--ast-global-color-5)","background-image":"","background-repeat":"repeat","background-position":"center center","background-size":"auto","background-attachment":"scroll","background-type":"","background-media":"","overlay-type":"","overlay-color":"","overlay-opacity":"","overlay-gradient":""},"tablet":{"background-color":"var(--ast-global-color-5)","background-image":"","background-repeat":"repeat","background-position":"center center","background-size":"auto","background-attachment":"scroll","background-type":"","background-media":"","overlay-type":"","overlay-color":"","overlay-opacity":"","overlay-gradient":""},"mobile":{"background-color":"var(--ast-global-color-5)","background-image":"","background-repeat":"repeat","background-position":"center center","background-size":"auto","background-attachment":"scroll","background-type":"","background-media":"","overlay-type":"","overlay-color":"","overlay-opacity":"","overlay-gradient":""}}},"product_brand":[],"product_cat":[81],"product_tag":[],"class_list":{"0":"post-12813","1":"product","2":"type-product","3":"status-publish","4":"has-post-thumbnail","6":"product_cat-belarus","7":"desktop-align-left","8":"tablet-align-left","9":"mobile-align-left","11":"first","12":"instock","13":"shipping-taxable","14":"purchasable","15":"product-type-simple","16":"add-to-wishlist-before_image"},"_links":{"self":[{"href":"https:\/\/colligatum.com\/en\/wp-json\/wp\/v2\/product\/12813","targetHints":{"allow":["GET"]}}],"collection":[{"href":"https:\/\/colligatum.com\/en\/wp-json\/wp\/v2\/product"}],"about":[{"href":"https:\/\/colligatum.com\/en\/wp-json\/wp\/v2\/types\/product"}],"version-history":[{"count":1,"href":"https:\/\/colligatum.com\/en\/wp-json\/wp\/v2\/product\/12813\/revisions"}],"predecessor-version":[{"id":12814,"href":"https:\/\/colligatum.com\/en\/wp-json\/wp\/v2\/product\/12813\/revisions\/12814"}],"wp:featuredmedia":[{"embeddable":true,"href":"https:\/\/colligatum.com\/en\/wp-json\/wp\/v2\/media\/12756"}],"wp:attachment":[{"href":"https:\/\/colligatum.com\/en\/wp-json\/wp\/v2\/media?parent=12813"}],"wp:term":[{"taxonomy":"product_brand","embeddable":true,"href":"https:\/\/colligatum.com\/en\/wp-json\/wp\/v2\/product_brand?post=12813"},{"taxonomy":"product_cat","embeddable":true,"href":"https:\/\/colligatum.com\/en\/wp-json\/wp\/v2\/product_cat?post=12813"},{"taxonomy":"product_tag","embeddable":true,"href":"https:\/\/colligatum.com\/en\/wp-json\/wp\/v2\/product_tag?post=12813"}],"curies":[{"name":"wp","href":"https:\/\/api.w.org\/{rel}","templated":true}]}}