{"id":12890,"date":"2025-07-10T16:12:57","date_gmt":"2025-07-10T14:12:57","guid":{"rendered":"https:\/\/colligatum.com\/?post_type=product&#038;p=12890"},"modified":"2025-07-10T16:12:57","modified_gmt":"2025-07-10T14:12:57","slug":"daqianmen-da-qian-men-%e5%a4%a7%e5%89%8d%e9%97%a8-king-size","status":"publish","type":"product","link":"https:\/\/colligatum.com\/en\/product\/daqianmen-da-qian-men-%e5%a4%a7%e5%89%8d%e9%97%a8-king-size\/","title":{"rendered":"Daqianmen &quot;Da Qian Men&quot; (\u5927\u524d\u95e8), King Size"},"content":{"rendered":"<p data-start=\"414\" data-end=\"468\"><strong data-start=\"414\" data-end=\"428\">Apra\u0161ymas:<\/strong><br data-start=\"428\" data-end=\"431\" \/><span class=\"relative -mx-px my-[-0.2rem] rounded px-px py-[0.2rem] transition-colors duration-100 ease-in-out\">\u0160viesiai kreminis kietas pakelis su auksiniu kont\u016bru ir tradiciniu kin\u0173 paveikslu centre (Pekino vartai). Ant vir\u0161aus u\u017era\u0161yta \u201eDAQIANMEN King Size\u201c, apa\u010dioje \u2013 kin\u0173 sveikatos \u012fsp\u0117jimas. B\u016bkl\u0117 \u2013 puiki, pl\u0117vel\u0117 nepa\u017eeista, kra\u0161tai tvarkingi.<\/span><\/p>\n<hr data-start=\"470\" data-end=\"473\" \/>\n<p data-start=\"475\" data-end=\"498\"><strong data-start=\"475\" data-end=\"498\">Vert\u0117s \u012fvertinimas:<\/strong><\/p>\n<ul data-start=\"500\" data-end=\"698\">\n<li data-start=\"500\" data-end=\"539\">\n<p data-start=\"502\" data-end=\"539\"><span class=\"relative -mx-px my-[-0.2rem] rounded px-px py-[0.2rem] transition-colors duration-100 ease-in-out\"><strong data-start=\"0\" data-end=\"20\" data-is-only-node=\"\">Kolekcin\u0117 vert\u0117:<\/strong> <strong data-start=\"21\" data-end=\"42\">Vidutin\u0117\u2013\u017eemesn\u0117.<\/strong> Tai n\u0117ra riboto leidimo ar jubiliejinis leidimas, bet d\u0117l tradicin\u0117s estetikos ir istorinio dizaino gali sudominti Azijos prekyboje besidomin\u010dius kolekcininkus.<\/span><\/p>\n<\/li>\n<li data-start=\"541\" data-end=\"580\">\n<p data-start=\"543\" data-end=\"580\"><span class=\"relative -mx-px my-[-0.2rem] rounded px-px py-[0.2rem] transition-colors duration-100 ease-in-out\"><strong data-start=\"0\" data-end=\"22\" data-is-only-node=\"\">B\u016bkl\u0117s vertinimas:<\/strong> <strong data-start=\"23\" data-end=\"43\">Neatidarytas, A+<\/strong> \u2013 pl\u0117vel\u0117 ir paketas nepriekai\u0161tingoje b\u016bkl\u0117je.<\/span><\/p>\n<\/li>\n<\/ul>\n","protected":false},"excerpt":{"rendered":"<p data-start=\"2\" data-end=\"81\"><strong data-start=\"2\" data-end=\"36\">Brand and name:<\/strong> <strong data-start=\"37\" data-end=\"81\">Daqianmen &quot;Da Qian Men&quot; (\u5927\u524d\u95e8), King Size<\/strong><\/p>\n<p data-start=\"83\" data-end=\"110\"><strong data-start=\"83\" data-end=\"93\">Size:<\/strong> <strong data-start=\"94\" data-end=\"110\">20 cigarettes<\/strong><\/p>\n<p data-start=\"112\" data-end=\"206\"><strong data-start=\"112\" data-end=\"130\">Country of manufacture:<\/strong> <strong data-start=\"131\" data-end=\"141\">China<\/strong> (Shanghai Tobacco Group, likely production in Beijing or Shanghai)<\/p>\n<p data-start=\"208\" data-end=\"350\"><strong data-start=\"208\" data-end=\"232\">Production period:<\/strong> <strong data-start=\"233\" data-end=\"302\">Unknown, but similar variants were identified in 2013\u20132017.<\/strong> in the data<\/p>\n<p data-start=\"352\" data-end=\"412\"><strong data-start=\"352\" data-end=\"370\">Package type:<\/strong> <strong data-start=\"371\" data-end=\"412\">Hard pack, in film<\/strong><\/p>","protected":false},"featured_media":12837,"template":"","meta":{"_surecart_dashboard_logo_width":"180px","_surecart_dashboard_show_logo":true,"_surecart_dashboard_navigation_orders":true,"_surecart_dashboard_navigation_invoices":true,"_surecart_dashboard_navigation_subscriptions":true,"_surecart_dashboard_navigation_downloads":true,"_surecart_dashboard_navigation_billing":true,"_surecart_dashboard_navigation_account":true,"site-sidebar-layout":"default","site-content-layout":"","ast-site-content-layout":"default","site-content-style":"default","site-sidebar-style":"default","ast-global-header-display":"","ast-banner-title-visibility":"","ast-main-header-display":"","ast-hfb-above-header-display":"","ast-hfb-below-header-display":"","ast-hfb-mobile-header-display":"","site-post-title":"","ast-breadcrumbs-content":"","ast-featured-img":"","footer-sml-layout":"","theme-transparent-header-meta":"default","adv-header-id-meta":"","stick-header-meta":"","header-above-stick-meta":"","header-main-stick-meta":"","header-below-stick-meta":"","astra-migrate-meta-layouts":"set","ast-page-background-enabled":"default","ast-page-background-meta":{"desktop":{"background-color":"","background-image":"","background-repeat":"repeat","background-position":"center center","background-size":"auto","background-attachment":"scroll","background-type":"","background-media":"","overlay-type":"","overlay-color":"","overlay-opacity":"","overlay-gradient":""},"tablet":{"background-color":"","background-image":"","background-repeat":"repeat","background-position":"center center","background-size":"auto","background-attachment":"scroll","background-type":"","background-media":"","overlay-type":"","overlay-color":"","overlay-opacity":"","overlay-gradient":""},"mobile":{"background-color":"","background-image":"","background-repeat":"repeat","background-position":"center center","background-size":"auto","background-attachment":"scroll","background-type":"","background-media":"","overlay-type":"","overlay-color":"","overlay-opacity":"","overlay-gradient":""}},"ast-content-background-meta":{"desktop":{"background-color":"var(--ast-global-color-5)","background-image":"","background-repeat":"repeat","background-position":"center center","background-size":"auto","background-attachment":"scroll","background-type":"","background-media":"","overlay-type":"","overlay-color":"","overlay-opacity":"","overlay-gradient":""},"tablet":{"background-color":"var(--ast-global-color-5)","background-image":"","background-repeat":"repeat","background-position":"center center","background-size":"auto","background-attachment":"scroll","background-type":"","background-media":"","overlay-type":"","overlay-color":"","overlay-opacity":"","overlay-gradient":""},"mobile":{"background-color":"var(--ast-global-color-5)","background-image":"","background-repeat":"repeat","background-position":"center center","background-size":"auto","background-attachment":"scroll","background-type":"","background-media":"","overlay-type":"","overlay-color":"","overlay-opacity":"","overlay-gradient":""}}},"product_brand":[],"product_cat":[138],"product_tag":[],"class_list":{"0":"post-12890","1":"product","2":"type-product","3":"status-publish","4":"has-post-thumbnail","6":"product_cat-china","7":"desktop-align-left","8":"tablet-align-left","9":"mobile-align-left","11":"first","12":"instock","13":"sale","14":"shipping-taxable","15":"purchasable","16":"product-type-simple","17":"add-to-wishlist-before_image"},"_links":{"self":[{"href":"https:\/\/colligatum.com\/en\/wp-json\/wp\/v2\/product\/12890","targetHints":{"allow":["GET"]}}],"collection":[{"href":"https:\/\/colligatum.com\/en\/wp-json\/wp\/v2\/product"}],"about":[{"href":"https:\/\/colligatum.com\/en\/wp-json\/wp\/v2\/types\/product"}],"version-history":[{"count":1,"href":"https:\/\/colligatum.com\/en\/wp-json\/wp\/v2\/product\/12890\/revisions"}],"predecessor-version":[{"id":12891,"href":"https:\/\/colligatum.com\/en\/wp-json\/wp\/v2\/product\/12890\/revisions\/12891"}],"wp:featuredmedia":[{"embeddable":true,"href":"https:\/\/colligatum.com\/en\/wp-json\/wp\/v2\/media\/12837"}],"wp:attachment":[{"href":"https:\/\/colligatum.com\/en\/wp-json\/wp\/v2\/media?parent=12890"}],"wp:term":[{"taxonomy":"product_brand","embeddable":true,"href":"https:\/\/colligatum.com\/en\/wp-json\/wp\/v2\/product_brand?post=12890"},{"taxonomy":"product_cat","embeddable":true,"href":"https:\/\/colligatum.com\/en\/wp-json\/wp\/v2\/product_cat?post=12890"},{"taxonomy":"product_tag","embeddable":true,"href":"https:\/\/colligatum.com\/en\/wp-json\/wp\/v2\/product_tag?post=12890"}],"curies":[{"name":"wp","href":"https:\/\/api.w.org\/{rel}","templated":true}]}}