{"id":12897,"date":"2025-07-10T16:25:41","date_gmt":"2025-07-10T14:25:41","guid":{"rendered":"https:\/\/colligatum.com\/?post_type=product&#038;p=12897"},"modified":"2026-04-16T16:52:08","modified_gmt":"2026-04-16T14:52:08","slug":"pall-mall-filter-tipped","status":"publish","type":"product","link":"https:\/\/colligatum.com\/en\/product\/pall-mall-filter-tipped\/","title":{"rendered":"Pall Mall Filter Tipped"},"content":{"rendered":"<p data-start=\"448\" data-end=\"502\"><strong data-start=\"448\" data-end=\"462\">Apra\u0161ymas:<\/strong><br data-start=\"462\" data-end=\"465\" \/><span class=\"relative -mx-px my-[-0.2rem] rounded px-px py-[0.2rem] transition-colors duration-100 ease-in-out\">Aukso ir ruda spalvos pakuot\u0117 su baltu \u201ePall Mall Famous Cigarettes\u201c tekstu vir\u0161uje, viduryje \u2013 herbas su li\u016btais. Apa\u010dioje \u2013 \u201eFilter Tipped\u201c \u017eym\u0117jimas. Pl\u0117vel\u0117 d\u017ei\u016bvanti, \u0161iek tiek supl\u0117\u0161yta \u017eemiau, kampai spausti.<\/span><\/p>\n<hr data-start=\"504\" data-end=\"507\" \/>\n<p data-start=\"509\" data-end=\"532\"><strong data-start=\"509\" data-end=\"532\">Vert\u0117s \u012fvertinimas:<\/strong><\/p>\n<ul data-start=\"534\" data-end=\"1076\">\n<li data-start=\"534\" data-end=\"573\">\n<p data-start=\"536\" data-end=\"573\"><span class=\"relative -mx-px my-[-0.2rem] rounded px-px py-[0.2rem] transition-colors duration-100 ease-in-out\"><strong data-start=\"0\" data-end=\"20\" data-is-only-node=\"\">Kolekcin\u0117 vert\u0117:<\/strong> <strong data-start=\"21\" data-end=\"44\">Vidutin\u0117\u2013auk\u0161tesn\u0117.<\/strong> Retro stiliaus, klasikinis JAV \u201eFilter Tipped\u201c modelis. Vintage kolekcininkams, renkamantiems tabako reklamin\u0119 memorabilij\u0105, tai domina. Da\u017enai parduodami be pl\u0117vel\u0117s \u2013 \u0161is su pl\u0117vele \u2192 prideda vert\u0117s.<\/span><\/p>\n<\/li>\n<li data-start=\"575\" data-end=\"614\">\n<p data-start=\"577\" data-end=\"614\"><span class=\"relative -mx-px my-[-0.2rem] rounded px-px py-[0.2rem] transition-colors duration-100 ease-in-out\"><strong data-start=\"0\" data-end=\"22\" data-is-only-node=\"\">B\u016bkl\u0117s vertinimas:<\/strong> <strong data-start=\"23\" data-end=\"37\">B\u016bkl\u0117 A\u2013B.<\/strong> Neatidarytas, ta\u010diau pa\u017eeidimai pl\u0117vel\u0117je (ypa\u010d apa\u010dioje) ma\u017eina ideali\u0105 b\u016bkl\u0119.<\/span><\/p>\n<\/li>\n<\/ul>\n","protected":false},"excerpt":{"rendered":"<p data-start=\"42\" data-end=\"127\"><strong data-start=\"42\" data-end=\"76\">Brand and name:<\/strong> <strong data-start=\"77\" data-end=\"106\">Pall Mall \u201cFilter Tipped\u201d<\/strong> (possibly Gold 100&#039;s)<\/p>\n<p data-start=\"129\" data-end=\"204\"><strong data-start=\"129\" data-end=\"139\">Size:<\/strong> <strong data-start=\"140\" data-end=\"204\">20 cigarettes, Filter Tipped \u2013 longer format (from 100&#039;)<\/strong><\/p>\n<p data-start=\"206\" data-end=\"286\"><strong data-start=\"206\" data-end=\"224\">Country of manufacture:<\/strong> probably <strong data-start=\"238\" data-end=\"261\">United States<\/strong> (classic US style)<\/p>\n<p data-start=\"288\" data-end=\"375\"><strong data-start=\"288\" data-end=\"312\">Production period:<\/strong> ** ~1970-1980**, based on style and typical retro packaging<\/p>\n<p data-start=\"377\" data-end=\"446\"><strong data-start=\"377\" data-end=\"395\">Package type:<\/strong> <strong data-start=\"396\" data-end=\"414\">Soft pack<\/strong>, in film (slightly damaged)<\/p>","protected":false},"featured_media":12844,"template":"","meta":{"_surecart_dashboard_logo_width":"180px","_surecart_dashboard_show_logo":true,"_surecart_dashboard_navigation_orders":true,"_surecart_dashboard_navigation_invoices":true,"_surecart_dashboard_navigation_subscriptions":true,"_surecart_dashboard_navigation_downloads":true,"_surecart_dashboard_navigation_billing":true,"_surecart_dashboard_navigation_account":true,"site-sidebar-layout":"default","site-content-layout":"","ast-site-content-layout":"default","site-content-style":"default","site-sidebar-style":"default","ast-global-header-display":"","ast-banner-title-visibility":"","ast-main-header-display":"","ast-hfb-above-header-display":"","ast-hfb-below-header-display":"","ast-hfb-mobile-header-display":"","site-post-title":"","ast-breadcrumbs-content":"","ast-featured-img":"","footer-sml-layout":"","theme-transparent-header-meta":"default","adv-header-id-meta":"","stick-header-meta":"","header-above-stick-meta":"","header-main-stick-meta":"","header-below-stick-meta":"","astra-migrate-meta-layouts":"set","ast-page-background-enabled":"default","ast-page-background-meta":{"desktop":{"background-color":"","background-image":"","background-repeat":"repeat","background-position":"center center","background-size":"auto","background-attachment":"scroll","background-type":"","background-media":"","overlay-type":"","overlay-color":"","overlay-opacity":"","overlay-gradient":""},"tablet":{"background-color":"","background-image":"","background-repeat":"repeat","background-position":"center center","background-size":"auto","background-attachment":"scroll","background-type":"","background-media":"","overlay-type":"","overlay-color":"","overlay-opacity":"","overlay-gradient":""},"mobile":{"background-color":"","background-image":"","background-repeat":"repeat","background-position":"center center","background-size":"auto","background-attachment":"scroll","background-type":"","background-media":"","overlay-type":"","overlay-color":"","overlay-opacity":"","overlay-gradient":""}},"ast-content-background-meta":{"desktop":{"background-color":"var(--ast-global-color-5)","background-image":"","background-repeat":"repeat","background-position":"center center","background-size":"auto","background-attachment":"scroll","background-type":"","background-media":"","overlay-type":"","overlay-color":"","overlay-opacity":"","overlay-gradient":""},"tablet":{"background-color":"var(--ast-global-color-5)","background-image":"","background-repeat":"repeat","background-position":"center center","background-size":"auto","background-attachment":"scroll","background-type":"","background-media":"","overlay-type":"","overlay-color":"","overlay-opacity":"","overlay-gradient":""},"mobile":{"background-color":"var(--ast-global-color-5)","background-image":"","background-repeat":"repeat","background-position":"center center","background-size":"auto","background-attachment":"scroll","background-type":"","background-media":"","overlay-type":"","overlay-color":"","overlay-opacity":"","overlay-gradient":""}}},"product_brand":[],"product_cat":[202],"product_tag":[],"class_list":{"0":"post-12897","1":"product","2":"type-product","3":"status-publish","4":"has-post-thumbnail","6":"product_cat-united-states","7":"desktop-align-left","8":"tablet-align-left","9":"mobile-align-left","11":"first","12":"outofstock","13":"sale","14":"shipping-taxable","15":"purchasable","16":"product-type-simple","17":"add-to-wishlist-before_image"},"_links":{"self":[{"href":"https:\/\/colligatum.com\/en\/wp-json\/wp\/v2\/product\/12897","targetHints":{"allow":["GET"]}}],"collection":[{"href":"https:\/\/colligatum.com\/en\/wp-json\/wp\/v2\/product"}],"about":[{"href":"https:\/\/colligatum.com\/en\/wp-json\/wp\/v2\/types\/product"}],"version-history":[{"count":1,"href":"https:\/\/colligatum.com\/en\/wp-json\/wp\/v2\/product\/12897\/revisions"}],"predecessor-version":[{"id":12898,"href":"https:\/\/colligatum.com\/en\/wp-json\/wp\/v2\/product\/12897\/revisions\/12898"}],"wp:featuredmedia":[{"embeddable":true,"href":"https:\/\/colligatum.com\/en\/wp-json\/wp\/v2\/media\/12844"}],"wp:attachment":[{"href":"https:\/\/colligatum.com\/en\/wp-json\/wp\/v2\/media?parent=12897"}],"wp:term":[{"taxonomy":"product_brand","embeddable":true,"href":"https:\/\/colligatum.com\/en\/wp-json\/wp\/v2\/product_brand?post=12897"},{"taxonomy":"product_cat","embeddable":true,"href":"https:\/\/colligatum.com\/en\/wp-json\/wp\/v2\/product_cat?post=12897"},{"taxonomy":"product_tag","embeddable":true,"href":"https:\/\/colligatum.com\/en\/wp-json\/wp\/v2\/product_tag?post=12897"}],"curies":[{"name":"wp","href":"https:\/\/api.w.org\/{rel}","templated":true}]}}