{"id":12909,"date":"2025-07-10T17:42:51","date_gmt":"2025-07-10T15:42:51","guid":{"rendered":"https:\/\/colligatum.com\/?post_type=product&#038;p=12909"},"modified":"2025-07-10T17:42:52","modified_gmt":"2025-07-10T15:42:52","slug":"pall-mall-pallmpac-famous-american-cigarettes","status":"publish","type":"product","link":"https:\/\/colligatum.com\/en\/product\/pall-mall-pallmpac-famous-american-cigarettes\/","title":{"rendered":"Pall Mall &quot;PallmPac&quot; Famous American Cigarettes"},"content":{"rendered":"<p data-start=\"195\" data-end=\"232\"><span class=\"relative -mx-px my-[-0.2rem] rounded px-px py-[0.2rem] transition-colors duration-100 ease-in-out\">Apra\u0161ymas: \u0160is pakelis turi balto-raudono derinio dizain\u0105 su \u201ePall Mall\u201c vir\u0161uje ir li\u016btais-herbais bei \u0161\u016bkiu \u201cFamous American Cigarettes\u201d. Vir\u0161utin\u0117 dalis pa\u017eym\u0117ta \u201ePallmPac\u2122\u201c. Ant galin\u0117s sienel\u0117s matomas ispan\u0173 kalbos \u012fsp\u0117jimas apie r\u016bkomos \u017ealos. Pl\u0117vel\u0117 geros b\u016bkl\u0117s, vietomis \u0161iek tiek \u012fply\u0161usi \u0161onuose, bet i\u0161lieka originali.<\/span><\/p>\n<hr data-start=\"234\" data-end=\"237\" \/>\n<p data-start=\"239\" data-end=\"262\"><strong data-start=\"239\" data-end=\"262\">Vert\u0117s \u012fvertinimas:<\/strong><\/p>\n<ul data-start=\"264\" data-end=\"603\">\n<li data-start=\"264\" data-end=\"328\">\n<p data-start=\"266\" data-end=\"328\"><strong data-start=\"266\" data-end=\"286\">Kolekcin\u0117 vert\u0117:<\/strong><br data-start=\"286\" data-end=\"289\" \/><span class=\"relative -mx-px my-[-0.2rem] rounded px-px py-[0.2rem] transition-colors duration-100 ease-in-out\">Vidutini\u0161ka. N\u0117ra riboto leidimo ar senovinio, ta\u010diau \u012fdomu regionini\u0173 variant\u0173 rink\u0117jams, ypa\u010d Lotyn\u0173 Amerikos versijai su \u201ePallmPac\u201c \u017eyme.<\/span><\/p>\n<\/li>\n<li data-start=\"330\" data-end=\"396\">\n<p data-start=\"332\" data-end=\"396\"><strong data-start=\"332\" data-end=\"354\">B\u016bkl\u0117s vertinimas:<\/strong><br data-start=\"354\" data-end=\"357\" \/><span class=\"relative -mx-px my-[-0.2rem] rounded px-px py-[0.2rem] transition-colors duration-100 ease-in-out\">Neatidarytas, su autenti\u0161ka pl\u0117vele (\u0161iek tiek pa\u017eeista, bet visumoje tvarkingas).<\/span><\/p>\n<\/li>\n<\/ul>\n","protected":false},"excerpt":{"rendered":"<p data-start=\"0\" data-end=\"37\"><span class=\"relative -mx-px my-[-0.2rem] rounded px-px py-[0.2rem] transition-colors duration-100 ease-in-out\">Prek\u0117s \u017eenklas ir pavadinimas: <strong data-start=\"31\" data-end=\"82\" data-is-last-node=\"\">Pall Mall \u201cPallmPac\u201d Famous American Cigarettes<\/strong><\/span><\/p>\n<p data-start=\"39\" data-end=\"76\"><span class=\"relative -mx-px my-[-0.2rem] rounded px-px py-[0.2rem] transition-colors duration-100 ease-in-out\">Dydis: 20 cigare\u010di\u0173<\/span><\/p>\n<p data-start=\"78\" data-end=\"115\"><span class=\"relative -mx-px my-[-0.2rem] rounded px-px py-[0.2rem] transition-colors duration-100 ease-in-out\">Gamybos \u0161alis: Grei\u010diausiai Lotyn\u0173 Amerika (spauda ispan\u0173 kalba: \u201eEl fumar es perjudicial para la salud\u201c + regionin\u0117 akcizo etiket\u0117)<\/span><\/p>\n<p data-start=\"117\" data-end=\"154\"><span class=\"relative -mx-px my-[-0.2rem] rounded px-px py-[0.2rem] transition-colors duration-100 ease-in-out\">Gamybos laikotarpis: XX\u2013XXI a. sand\u016bra (apie 1990\u20132005\u202fm.), \u012fvertinus dizain\u0105 ir spaudos stili\u0173 bei Lotyn\u0173 Amerikos poveik\u012f.<\/span><\/p>\n<p data-start=\"156\" data-end=\"193\"><span class=\"relative -mx-px my-[-0.2rem] rounded px-px py-[0.2rem] transition-colors duration-100 ease-in-out\">Pakeli\u0173 tipas: Kietas pakelis, originali pl\u0117vel\u0117, neatidarytas.<\/span><\/p>\n","protected":false},"featured_media":12855,"template":"","meta":{"_surecart_dashboard_logo_width":"180px","_surecart_dashboard_show_logo":true,"_surecart_dashboard_navigation_orders":true,"_surecart_dashboard_navigation_invoices":true,"_surecart_dashboard_navigation_subscriptions":true,"_surecart_dashboard_navigation_downloads":true,"_surecart_dashboard_navigation_billing":true,"_surecart_dashboard_navigation_account":true,"site-sidebar-layout":"default","site-content-layout":"","ast-site-content-layout":"default","site-content-style":"default","site-sidebar-style":"default","ast-global-header-display":"","ast-banner-title-visibility":"","ast-main-header-display":"","ast-hfb-above-header-display":"","ast-hfb-below-header-display":"","ast-hfb-mobile-header-display":"","site-post-title":"","ast-breadcrumbs-content":"","ast-featured-img":"","footer-sml-layout":"","theme-transparent-header-meta":"default","adv-header-id-meta":"","stick-header-meta":"","header-above-stick-meta":"","header-main-stick-meta":"","header-below-stick-meta":"","astra-migrate-meta-layouts":"set","ast-page-background-enabled":"default","ast-page-background-meta":{"desktop":{"background-color":"","background-image":"","background-repeat":"repeat","background-position":"center center","background-size":"auto","background-attachment":"scroll","background-type":"","background-media":"","overlay-type":"","overlay-color":"","overlay-opacity":"","overlay-gradient":""},"tablet":{"background-color":"","background-image":"","background-repeat":"repeat","background-position":"center center","background-size":"auto","background-attachment":"scroll","background-type":"","background-media":"","overlay-type":"","overlay-color":"","overlay-opacity":"","overlay-gradient":""},"mobile":{"background-color":"","background-image":"","background-repeat":"repeat","background-position":"center center","background-size":"auto","background-attachment":"scroll","background-type":"","background-media":"","overlay-type":"","overlay-color":"","overlay-opacity":"","overlay-gradient":""}},"ast-content-background-meta":{"desktop":{"background-color":"var(--ast-global-color-5)","background-image":"","background-repeat":"repeat","background-position":"center center","background-size":"auto","background-attachment":"scroll","background-type":"","background-media":"","overlay-type":"","overlay-color":"","overlay-opacity":"","overlay-gradient":""},"tablet":{"background-color":"var(--ast-global-color-5)","background-image":"","background-repeat":"repeat","background-position":"center center","background-size":"auto","background-attachment":"scroll","background-type":"","background-media":"","overlay-type":"","overlay-color":"","overlay-opacity":"","overlay-gradient":""},"mobile":{"background-color":"var(--ast-global-color-5)","background-image":"","background-repeat":"repeat","background-position":"center center","background-size":"auto","background-attachment":"scroll","background-type":"","background-media":"","overlay-type":"","overlay-color":"","overlay-opacity":"","overlay-gradient":""}}},"product_brand":[],"product_cat":[227],"product_tag":[],"class_list":{"0":"post-12909","1":"product","2":"type-product","3":"status-publish","4":"has-post-thumbnail","6":"product_cat-argentina","7":"desktop-align-left","8":"tablet-align-left","9":"mobile-align-left","11":"first","12":"instock","13":"sale","14":"shipping-taxable","15":"purchasable","16":"product-type-simple","17":"add-to-wishlist-before_image"},"_links":{"self":[{"href":"https:\/\/colligatum.com\/en\/wp-json\/wp\/v2\/product\/12909","targetHints":{"allow":["GET"]}}],"collection":[{"href":"https:\/\/colligatum.com\/en\/wp-json\/wp\/v2\/product"}],"about":[{"href":"https:\/\/colligatum.com\/en\/wp-json\/wp\/v2\/types\/product"}],"version-history":[{"count":1,"href":"https:\/\/colligatum.com\/en\/wp-json\/wp\/v2\/product\/12909\/revisions"}],"predecessor-version":[{"id":12910,"href":"https:\/\/colligatum.com\/en\/wp-json\/wp\/v2\/product\/12909\/revisions\/12910"}],"wp:featuredmedia":[{"embeddable":true,"href":"https:\/\/colligatum.com\/en\/wp-json\/wp\/v2\/media\/12855"}],"wp:attachment":[{"href":"https:\/\/colligatum.com\/en\/wp-json\/wp\/v2\/media?parent=12909"}],"wp:term":[{"taxonomy":"product_brand","embeddable":true,"href":"https:\/\/colligatum.com\/en\/wp-json\/wp\/v2\/product_brand?post=12909"},{"taxonomy":"product_cat","embeddable":true,"href":"https:\/\/colligatum.com\/en\/wp-json\/wp\/v2\/product_cat?post=12909"},{"taxonomy":"product_tag","embeddable":true,"href":"https:\/\/colligatum.com\/en\/wp-json\/wp\/v2\/product_tag?post=12909"}],"curies":[{"name":"wp","href":"https:\/\/api.w.org\/{rel}","templated":true}]}}