{"id":12913,"date":"2025-07-10T17:48:35","date_gmt":"2025-07-10T15:48:35","guid":{"rendered":"https:\/\/colligatum.com\/?post_type=product&#038;p=12913"},"modified":"2026-04-08T14:47:00","modified_gmt":"2026-04-08T12:47:00","slug":"pall-mall-lights-vokietija","status":"publish","type":"product","link":"https:\/\/colligatum.com\/en\/product\/pall-mall-lights-vokietija\/","title":{"rendered":"Pall Mall Lights (Germany)"},"content":{"rendered":"<p data-start=\"195\" data-end=\"243\">Apra\u0161ymas:<br \/>\n<span class=\"relative -mx-px my-[-0.2rem] rounded px-px py-[0.2rem] transition-colors duration-100 ease-in-out\">\u0160is Pall Mall Lights pakelis pasi\u017eymi tamsiai m\u0117lynu gradientu su nat\u016bralaus baltumo tekstais. Ant vir\u0161utin\u0117s dalies ry\u0161kiai vaisiakis \u201ePall Mall Lights\u201c, apa\u010dioje \u2013 vokie\u010di\u0173 kalbos sveikatos \u012fsp\u0117jimas. Pl\u0117vel\u0117 \u2013 nesudraskyta, \u0161e\u0161\u0117li\u0173 \u017eymi\u0173 \u2013 labai nedaug, laikoma puikios b\u016bkl\u0117s sealed.<\/span><\/p>\n<hr data-start=\"245\" data-end=\"248\" \/>\n<p data-start=\"250\" data-end=\"273\"><strong data-start=\"250\" data-end=\"273\">Vert\u0117s \u012fvertinimas:<\/strong><\/p>\n<ul data-start=\"275\" data-end=\"707\">\n<li data-start=\"275\" data-end=\"339\">\n<p data-start=\"277\" data-end=\"339\"><strong data-start=\"277\" data-end=\"297\">Kolekcin\u0117 vert\u0117:<\/strong><br data-start=\"297\" data-end=\"300\" \/><span class=\"relative -mx-px my-[-0.2rem] rounded px-px py-[0.2rem] transition-colors duration-100 ease-in-out\">Vidutin\u0117. Tai n\u0117ra jubiliejinis ar riboto tira\u017eo leidimas, ta\u010diau vokiet\u0161ka versija pakankamai reta tarp standartini\u0173 sealed \u201eLights\u201c variant\u0173, tad pritraukia Europos kolekcionerius.<\/span><\/p>\n<\/li>\n<li data-start=\"341\" data-end=\"407\">\n<p data-start=\"343\" data-end=\"407\"><strong data-start=\"343\" data-end=\"365\">B\u016bkl\u0117s vertinimas:<\/strong><br data-start=\"365\" data-end=\"368\" \/><span class=\"relative -mx-px my-[-0.2rem] rounded px-px py-[0.2rem] transition-colors duration-100 ease-in-out\">Originali pl\u0117vel\u0117 puikios b\u016bkl\u0117s, be ai\u0161ki\u0173 pa\u017eeidim\u0173 \u2013 i\u0161vaizda tinka sale\u2019d kategorijai.<\/span><\/p>\n<\/li>\n<li data-start=\"409\" data-end=\"707\">\n<p data-start=\"411\" data-end=\"450\">\n<\/li>\n<\/ul>\n","protected":false},"excerpt":{"rendered":"<p data-start=\"0\" data-end=\"37\"><span class=\"relative -mx-px my-[-0.2rem] rounded px-px py-[0.2rem] transition-colors duration-100 ease-in-out\">Prek\u0117s \u017eenklas ir pavadinimas: <strong data-start=\"31\" data-end=\"63\" data-is-last-node=\"\">Pall Mall Lights (Vokietija)<\/strong><\/span><\/p>\n<p data-start=\"39\" data-end=\"76\"><span class=\"relative -mx-px my-[-0.2rem] rounded px-px py-[0.2rem] transition-colors duration-100 ease-in-out\">Dydis: 20 cigare\u010di\u0173<\/span><\/p>\n<p data-start=\"78\" data-end=\"115\"><span class=\"relative -mx-px my-[-0.2rem] rounded px-px py-[0.2rem] transition-colors duration-100 ease-in-out\">Gamybos \u0161alis: Vokietija \u2013 matosi vokie\u010di\u0173 \u012fsp\u0117jimas prie\u0161ai (\u201eDie EU\u2011Gesundheitsminister: Rauchen verursacht&#8230;\u201c), taip pat \u0161iek tiek ma\u017eesnis \u201e20\u201c skai\u010dius vir\u0161uje (paprastai europos variantai turi 19\u201320) ir kaina.<\/span><\/p>\n<p data-start=\"117\" data-end=\"154\"><span class=\"relative -mx-px my-[-0.2rem] rounded px-px py-[0.2rem] transition-colors duration-100 ease-in-out\">Gamybos laikotarpis: XXI a. de\u0161imtmetis \u2013 \u0161iuolaikin\u0117 \u201eLights\u201c serija (filterin\u0117s, \u0161viesios).<\/span><\/p>\n<p data-start=\"156\" data-end=\"193\"><span class=\"relative -mx-px my-[-0.2rem] rounded px-px py-[0.2rem] transition-colors duration-100 ease-in-out\">Pakeli\u0173 tipas: kietas pakelis, originali pl\u0117vel\u0117, neatidarytas.<\/span><\/p>\n","protected":false},"featured_media":12859,"template":"","meta":{"_surecart_dashboard_logo_width":"180px","_surecart_dashboard_show_logo":true,"_surecart_dashboard_navigation_orders":true,"_surecart_dashboard_navigation_invoices":true,"_surecart_dashboard_navigation_subscriptions":true,"_surecart_dashboard_navigation_downloads":true,"_surecart_dashboard_navigation_billing":true,"_surecart_dashboard_navigation_account":true,"site-sidebar-layout":"default","site-content-layout":"","ast-site-content-layout":"default","site-content-style":"default","site-sidebar-style":"default","ast-global-header-display":"","ast-banner-title-visibility":"","ast-main-header-display":"","ast-hfb-above-header-display":"","ast-hfb-below-header-display":"","ast-hfb-mobile-header-display":"","site-post-title":"","ast-breadcrumbs-content":"","ast-featured-img":"","footer-sml-layout":"","theme-transparent-header-meta":"default","adv-header-id-meta":"","stick-header-meta":"","header-above-stick-meta":"","header-main-stick-meta":"","header-below-stick-meta":"","astra-migrate-meta-layouts":"set","ast-page-background-enabled":"default","ast-page-background-meta":{"desktop":{"background-color":"","background-image":"","background-repeat":"repeat","background-position":"center center","background-size":"auto","background-attachment":"scroll","background-type":"","background-media":"","overlay-type":"","overlay-color":"","overlay-opacity":"","overlay-gradient":""},"tablet":{"background-color":"","background-image":"","background-repeat":"repeat","background-position":"center center","background-size":"auto","background-attachment":"scroll","background-type":"","background-media":"","overlay-type":"","overlay-color":"","overlay-opacity":"","overlay-gradient":""},"mobile":{"background-color":"","background-image":"","background-repeat":"repeat","background-position":"center center","background-size":"auto","background-attachment":"scroll","background-type":"","background-media":"","overlay-type":"","overlay-color":"","overlay-opacity":"","overlay-gradient":""}},"ast-content-background-meta":{"desktop":{"background-color":"var(--ast-global-color-5)","background-image":"","background-repeat":"repeat","background-position":"center center","background-size":"auto","background-attachment":"scroll","background-type":"","background-media":"","overlay-type":"","overlay-color":"","overlay-opacity":"","overlay-gradient":""},"tablet":{"background-color":"var(--ast-global-color-5)","background-image":"","background-repeat":"repeat","background-position":"center center","background-size":"auto","background-attachment":"scroll","background-type":"","background-media":"","overlay-type":"","overlay-color":"","overlay-opacity":"","overlay-gradient":""},"mobile":{"background-color":"var(--ast-global-color-5)","background-image":"","background-repeat":"repeat","background-position":"center center","background-size":"auto","background-attachment":"scroll","background-type":"","background-media":"","overlay-type":"","overlay-color":"","overlay-opacity":"","overlay-gradient":""}}},"product_brand":[],"product_cat":[151],"product_tag":[],"class_list":{"0":"post-12913","1":"product","2":"type-product","3":"status-publish","4":"has-post-thumbnail","6":"product_cat-germany","7":"desktop-align-left","8":"tablet-align-left","9":"mobile-align-left","11":"first","12":"outofstock","13":"sale","14":"shipping-taxable","15":"purchasable","16":"product-type-simple","17":"add-to-wishlist-before_image"},"_links":{"self":[{"href":"https:\/\/colligatum.com\/en\/wp-json\/wp\/v2\/product\/12913","targetHints":{"allow":["GET"]}}],"collection":[{"href":"https:\/\/colligatum.com\/en\/wp-json\/wp\/v2\/product"}],"about":[{"href":"https:\/\/colligatum.com\/en\/wp-json\/wp\/v2\/types\/product"}],"version-history":[{"count":1,"href":"https:\/\/colligatum.com\/en\/wp-json\/wp\/v2\/product\/12913\/revisions"}],"predecessor-version":[{"id":12914,"href":"https:\/\/colligatum.com\/en\/wp-json\/wp\/v2\/product\/12913\/revisions\/12914"}],"wp:featuredmedia":[{"embeddable":true,"href":"https:\/\/colligatum.com\/en\/wp-json\/wp\/v2\/media\/12859"}],"wp:attachment":[{"href":"https:\/\/colligatum.com\/en\/wp-json\/wp\/v2\/media?parent=12913"}],"wp:term":[{"taxonomy":"product_brand","embeddable":true,"href":"https:\/\/colligatum.com\/en\/wp-json\/wp\/v2\/product_brand?post=12913"},{"taxonomy":"product_cat","embeddable":true,"href":"https:\/\/colligatum.com\/en\/wp-json\/wp\/v2\/product_cat?post=12913"},{"taxonomy":"product_tag","embeddable":true,"href":"https:\/\/colligatum.com\/en\/wp-json\/wp\/v2\/product_tag?post=12913"}],"curies":[{"name":"wp","href":"https:\/\/api.w.org\/{rel}","templated":true}]}}