{"id":12936,"date":"2025-07-11T06:26:38","date_gmt":"2025-07-11T04:26:38","guid":{"rendered":"https:\/\/colligatum.com\/?post_type=product&#038;p=12936"},"modified":"2026-03-20T09:48:57","modified_gmt":"2026-03-20T07:48:57","slug":"viva-special-lights-exclusive-slim-120","status":"publish","type":"product","link":"https:\/\/colligatum.com\/en\/product\/viva-special-lights-exclusive-slim-120\/","title":{"rendered":"Viva &quot;Special Lights Exclusive Slim 120&quot;\u201e"},"content":{"rendered":"<p data-start=\"256\" data-end=\"667\"><strong data-start=\"256\" data-end=\"270\">Description:<\/strong> Viva \u201eSpecial Lights Exclusive\u201c \u2013 tai eleganti\u0161kas lenki\u0161kas slim formato cigare\u010di\u0173 pakelis, skirtas moter\u0173 segmentui. Pakelis baltos spalvos, puo\u0161tas subtiliais ro\u017einiais akcentais, i\u0161laikantis \u0161var\u0173, neperkraut\u0105 dizain\u0105. Vir\u0161uje pateiktas logotipas su kar\u016bna ir \u017eod\u017eiu \u201eExclusive\u201c, pabr\u0117\u017eiantis produkto pozicionavim\u0105 kaip i\u0161skirtin\u012f. Pakelis i\u0161lik\u0119s originalioje pakuot\u0117je, su mokes\u010di\u0173 \u017eenklu.<\/p>\n<p data-start=\"669\" data-end=\"692\"><strong data-start=\"669\" data-end=\"692\">Value assessment:<\/strong><\/p>\n<ul data-start=\"694\" data-end=\"1173\">\n<li data-start=\"694\" data-end=\"892\">\n<p data-start=\"696\" data-end=\"892\"><strong data-start=\"696\" data-end=\"716\">Collectible value:<\/strong> Vidutin\u0117 \u2013 pakelis yra riboto pasirodymo produktas prie\u0161 skonini\u0173 cigare\u010di\u0173 draudim\u0105, tad \u0161iandien jo i\u0161likimas originalioje pakuot\u0117je suteikia tam tikr\u0105 vert\u0119 kolekcininkams.<\/p>\n<\/li>\n<li data-start=\"893\" data-end=\"973\">\n<p data-start=\"895\" data-end=\"973\"><strong data-start=\"895\" data-end=\"917\">Condition assessment:<\/strong> Neatidarytas, puikiai i\u0161silaik\u0119s, be pastebim\u0173 defekt\u0173.<\/p>\n<\/li>\n<li data-start=\"974\" data-end=\"1173\">\n<p data-start=\"976\" data-end=\"1173\"><strong data-start=\"976\" data-end=\"1016\">Historical data and popularity:<\/strong> Lenkijoje gamintas Viva prek\u0117s \u017eenklas buvo \u017einomas, ta\u010diau \u0161is modelis buvo trumpalaikis ir n\u0117ra pla\u010diai paplit\u0119s, tod\u0117l tampa ni\u0161iniu objektu kolekcijose.<\/p>\n<\/li>\n<\/ul>","protected":false},"excerpt":{"rendered":"<p data-start=\"0\" data-end=\"75\"><strong data-start=\"0\" data-end=\"34\">Brand and name:<\/strong> Viva &quot;Special Lights Exclusive Slim 120&quot;\u201e<\/p>\n<p data-start=\"77\" data-end=\"129\"><strong data-start=\"77\" data-end=\"87\">Size:<\/strong> 20 cigarettes (120 mm long, Slim format)<\/p>\n<p data-start=\"131\" data-end=\"157\"><strong data-start=\"131\" data-end=\"149\">Country of manufacture:<\/strong> Poland<\/p>\n<p data-start=\"159\" data-end=\"219\"><strong data-start=\"159\" data-end=\"183\">Production period:<\/strong> Around 2003 (according to excise sticker)<\/p>\n<p data-start=\"221\" data-end=\"254\"><strong data-start=\"221\" data-end=\"239\">Package type:<\/strong> Hard pack<\/p>","protected":false},"featured_media":12992,"template":"","meta":{"_surecart_dashboard_logo_width":"180px","_surecart_dashboard_show_logo":true,"_surecart_dashboard_navigation_orders":true,"_surecart_dashboard_navigation_invoices":true,"_surecart_dashboard_navigation_subscriptions":true,"_surecart_dashboard_navigation_downloads":true,"_surecart_dashboard_navigation_billing":true,"_surecart_dashboard_navigation_account":true,"site-sidebar-layout":"default","site-content-layout":"","ast-site-content-layout":"default","site-content-style":"default","site-sidebar-style":"default","ast-global-header-display":"","ast-banner-title-visibility":"","ast-main-header-display":"","ast-hfb-above-header-display":"","ast-hfb-below-header-display":"","ast-hfb-mobile-header-display":"","site-post-title":"","ast-breadcrumbs-content":"","ast-featured-img":"","footer-sml-layout":"","theme-transparent-header-meta":"default","adv-header-id-meta":"","stick-header-meta":"","header-above-stick-meta":"","header-main-stick-meta":"","header-below-stick-meta":"","astra-migrate-meta-layouts":"set","ast-page-background-enabled":"default","ast-page-background-meta":{"desktop":{"background-color":"","background-image":"","background-repeat":"repeat","background-position":"center center","background-size":"auto","background-attachment":"scroll","background-type":"","background-media":"","overlay-type":"","overlay-color":"","overlay-opacity":"","overlay-gradient":""},"tablet":{"background-color":"","background-image":"","background-repeat":"repeat","background-position":"center center","background-size":"auto","background-attachment":"scroll","background-type":"","background-media":"","overlay-type":"","overlay-color":"","overlay-opacity":"","overlay-gradient":""},"mobile":{"background-color":"","background-image":"","background-repeat":"repeat","background-position":"center center","background-size":"auto","background-attachment":"scroll","background-type":"","background-media":"","overlay-type":"","overlay-color":"","overlay-opacity":"","overlay-gradient":""}},"ast-content-background-meta":{"desktop":{"background-color":"var(--ast-global-color-5)","background-image":"","background-repeat":"repeat","background-position":"center center","background-size":"auto","background-attachment":"scroll","background-type":"","background-media":"","overlay-type":"","overlay-color":"","overlay-opacity":"","overlay-gradient":""},"tablet":{"background-color":"var(--ast-global-color-5)","background-image":"","background-repeat":"repeat","background-position":"center center","background-size":"auto","background-attachment":"scroll","background-type":"","background-media":"","overlay-type":"","overlay-color":"","overlay-opacity":"","overlay-gradient":""},"mobile":{"background-color":"var(--ast-global-color-5)","background-image":"","background-repeat":"repeat","background-position":"center center","background-size":"auto","background-attachment":"scroll","background-type":"","background-media":"","overlay-type":"","overlay-color":"","overlay-opacity":"","overlay-gradient":""}}},"product_brand":[],"product_cat":[182],"product_tag":[],"class_list":{"0":"post-12936","1":"product","2":"type-product","3":"status-publish","4":"has-post-thumbnail","6":"product_cat-poland","7":"desktop-align-left","8":"tablet-align-left","9":"mobile-align-left","11":"first","12":"outofstock","13":"sale","14":"shipping-taxable","15":"purchasable","16":"product-type-simple","17":"add-to-wishlist-before_image"},"_links":{"self":[{"href":"https:\/\/colligatum.com\/en\/wp-json\/wp\/v2\/product\/12936","targetHints":{"allow":["GET"]}}],"collection":[{"href":"https:\/\/colligatum.com\/en\/wp-json\/wp\/v2\/product"}],"about":[{"href":"https:\/\/colligatum.com\/en\/wp-json\/wp\/v2\/types\/product"}],"version-history":[{"count":1,"href":"https:\/\/colligatum.com\/en\/wp-json\/wp\/v2\/product\/12936\/revisions"}],"predecessor-version":[{"id":12993,"href":"https:\/\/colligatum.com\/en\/wp-json\/wp\/v2\/product\/12936\/revisions\/12993"}],"wp:featuredmedia":[{"embeddable":true,"href":"https:\/\/colligatum.com\/en\/wp-json\/wp\/v2\/media\/12992"}],"wp:attachment":[{"href":"https:\/\/colligatum.com\/en\/wp-json\/wp\/v2\/media?parent=12936"}],"wp:term":[{"taxonomy":"product_brand","embeddable":true,"href":"https:\/\/colligatum.com\/en\/wp-json\/wp\/v2\/product_brand?post=12936"},{"taxonomy":"product_cat","embeddable":true,"href":"https:\/\/colligatum.com\/en\/wp-json\/wp\/v2\/product_cat?post=12936"},{"taxonomy":"product_tag","embeddable":true,"href":"https:\/\/colligatum.com\/en\/wp-json\/wp\/v2\/product_tag?post=12936"}],"curies":[{"name":"wp","href":"https:\/\/api.w.org\/{rel}","templated":true}]}}