{"id":13038,"date":"2025-07-11T09:28:07","date_gmt":"2025-07-11T07:28:07","guid":{"rendered":"https:\/\/colligatum.com\/?post_type=product&#038;p=13038"},"modified":"2025-07-11T09:31:16","modified_gmt":"2025-07-11T07:31:16","slug":"kopi-kapas-super-kretek","status":"publish","type":"product","link":"https:\/\/colligatum.com\/en\/product\/kopi-kapas-super-kretek\/","title":{"rendered":"Kopi Kapas Super Kretek"},"content":{"rendered":"<p data-start=\"246\" data-end=\"700\"><strong data-start=\"246\" data-end=\"260\">Description:<\/strong><br data-start=\"260\" data-end=\"263\" \/>Kopi Kapas Super Kretek \u2013 tai tradicin\u0117s indonezieti\u0161kos kretek cigaret\u0117s, kuri\u0173 sud\u0117tyje yra tabako, gvazdik\u0117li\u0173 ir aromatizuoto pada\u017eo. Pakelis yra juodos spalvos su auksiniu u\u017era\u0161u ir \u201eKK King Size\u201c logotipu. Ant nugar\u0117l\u0117s nurodoma produkto kokyb\u0117 ir skonis, pabr\u0117\u017eiant auk\u0161t\u0105 gamybos standart\u0105 ir i\u0161skirtin\u012f kvap\u0105. D\u0117l specifin\u0117s sud\u0117ties ir gamybos \u0161alis \u0161is pakelis \u012fdomus kolekcionieriams besidomintiems Azijos regiono produktais.<\/p>\n<p data-start=\"702\" data-end=\"727\"><strong data-start=\"702\" data-end=\"725\">Value assessment:<\/strong><\/p>\n<ul data-start=\"728\" data-end=\"1147\">\n<li data-start=\"728\" data-end=\"884\">\n<p data-start=\"730\" data-end=\"884\"><strong data-start=\"730\" data-end=\"750\">Collectible value:<\/strong> Vidutin\u0117. Kretek cigare\u010di\u0173 pakeliai i\u0161 Indonezijos n\u0117ra itin pla\u010diai paplit\u0119 Europoje, ta\u010diau gali b\u016bti geid\u017eiami ni\u0161in\u0117je rinkoje.<\/p>\n<\/li>\n<li data-start=\"885\" data-end=\"943\">\n<p data-start=\"887\" data-end=\"943\"><strong data-start=\"887\" data-end=\"909\">Condition assessment:<\/strong> Unopened, very good condition.<\/p>\n<\/li>\n<li data-start=\"944\" data-end=\"1147\">\n<p data-start=\"946\" data-end=\"1147\"><strong data-start=\"946\" data-end=\"986\">Historical data and popularity:<\/strong> Kretek cigaret\u0117s turi stipri\u0105 kult\u016brin\u0119 reik\u0161m\u0119 Indonezijoje, ta\u010diau tarptautin\u0117je kolekcionavimo rinkoje Kopi Kapas prek\u0117s \u017eenklas n\u0117ra tarp pa\u010di\u0173 \u017einomiausi\u0173.<\/p>\n<\/li>\n<\/ul>","protected":false},"excerpt":{"rendered":"<p data-start=\"0\" data-end=\"58\"><strong data-start=\"0\" data-end=\"34\">Brand and name:<\/strong> Kopi Kapas Super Kretek<\/p>\n<p data-start=\"60\" data-end=\"90\"><strong data-start=\"60\" data-end=\"70\">Size:<\/strong> 12 kretek cigarettes<\/p>\n<p data-start=\"92\" data-end=\"121\"><strong data-start=\"92\" data-end=\"110\">Country of manufacture:<\/strong> Indonesia<\/p>\n<p data-start=\"123\" data-end=\"209\"><strong data-start=\"123\" data-end=\"147\">Production period:<\/strong> Ne\u017einomas (\u0161iuolaikinis arba paskutini\u0173 de\u0161imtme\u010di\u0173 leidimas)<\/p>\n<p data-start=\"211\" data-end=\"244\"><strong data-start=\"211\" data-end=\"229\">Package type:<\/strong> Hard pack<\/p>","protected":false},"featured_media":12984,"template":"","meta":{"_surecart_dashboard_logo_width":"180px","_surecart_dashboard_show_logo":true,"_surecart_dashboard_navigation_orders":true,"_surecart_dashboard_navigation_invoices":true,"_surecart_dashboard_navigation_subscriptions":true,"_surecart_dashboard_navigation_downloads":true,"_surecart_dashboard_navigation_billing":true,"_surecart_dashboard_navigation_account":true,"site-sidebar-layout":"default","site-content-layout":"","ast-site-content-layout":"default","site-content-style":"default","site-sidebar-style":"default","ast-global-header-display":"","ast-banner-title-visibility":"","ast-main-header-display":"","ast-hfb-above-header-display":"","ast-hfb-below-header-display":"","ast-hfb-mobile-header-display":"","site-post-title":"","ast-breadcrumbs-content":"","ast-featured-img":"","footer-sml-layout":"","ast-disable-related-posts":"","theme-transparent-header-meta":"default","adv-header-id-meta":"","stick-header-meta":"","header-above-stick-meta":"","header-main-stick-meta":"","header-below-stick-meta":"","astra-migrate-meta-layouts":"set","ast-page-background-enabled":"default","ast-page-background-meta":{"desktop":{"background-color":"","background-image":"","background-repeat":"repeat","background-position":"center center","background-size":"auto","background-attachment":"scroll","background-type":"","background-media":"","overlay-type":"","overlay-color":"","overlay-opacity":"","overlay-gradient":""},"tablet":{"background-color":"","background-image":"","background-repeat":"repeat","background-position":"center center","background-size":"auto","background-attachment":"scroll","background-type":"","background-media":"","overlay-type":"","overlay-color":"","overlay-opacity":"","overlay-gradient":""},"mobile":{"background-color":"","background-image":"","background-repeat":"repeat","background-position":"center center","background-size":"auto","background-attachment":"scroll","background-type":"","background-media":"","overlay-type":"","overlay-color":"","overlay-opacity":"","overlay-gradient":""}},"ast-content-background-meta":{"desktop":{"background-color":"var(--ast-global-color-5)","background-image":"","background-repeat":"repeat","background-position":"center center","background-size":"auto","background-attachment":"scroll","background-type":"","background-media":"","overlay-type":"","overlay-color":"","overlay-opacity":"","overlay-gradient":""},"tablet":{"background-color":"var(--ast-global-color-5)","background-image":"","background-repeat":"repeat","background-position":"center center","background-size":"auto","background-attachment":"scroll","background-type":"","background-media":"","overlay-type":"","overlay-color":"","overlay-opacity":"","overlay-gradient":""},"mobile":{"background-color":"var(--ast-global-color-5)","background-image":"","background-repeat":"repeat","background-position":"center center","background-size":"auto","background-attachment":"scroll","background-type":"","background-media":"","overlay-type":"","overlay-color":"","overlay-opacity":"","overlay-gradient":""}}},"product_brand":[],"product_cat":[207],"product_tag":[],"class_list":{"0":"post-13038","1":"product","2":"type-product","3":"status-publish","4":"has-post-thumbnail","6":"product_cat-indonesia","7":"desktop-align-left","8":"tablet-align-left","9":"mobile-align-left","11":"first","12":"instock","13":"sale","14":"shipping-taxable","15":"purchasable","16":"product-type-simple","17":"add-to-wishlist-before_image"},"_links":{"self":[{"href":"https:\/\/colligatum.com\/en\/wp-json\/wp\/v2\/product\/13038","targetHints":{"allow":["GET"]}}],"collection":[{"href":"https:\/\/colligatum.com\/en\/wp-json\/wp\/v2\/product"}],"about":[{"href":"https:\/\/colligatum.com\/en\/wp-json\/wp\/v2\/types\/product"}],"version-history":[{"count":1,"href":"https:\/\/colligatum.com\/en\/wp-json\/wp\/v2\/product\/13038\/revisions"}],"predecessor-version":[{"id":13039,"href":"https:\/\/colligatum.com\/en\/wp-json\/wp\/v2\/product\/13038\/revisions\/13039"}],"wp:featuredmedia":[{"embeddable":true,"href":"https:\/\/colligatum.com\/en\/wp-json\/wp\/v2\/media\/12984"}],"wp:attachment":[{"href":"https:\/\/colligatum.com\/en\/wp-json\/wp\/v2\/media?parent=13038"}],"wp:term":[{"taxonomy":"product_brand","embeddable":true,"href":"https:\/\/colligatum.com\/en\/wp-json\/wp\/v2\/product_brand?post=13038"},{"taxonomy":"product_cat","embeddable":true,"href":"https:\/\/colligatum.com\/en\/wp-json\/wp\/v2\/product_cat?post=13038"},{"taxonomy":"product_tag","embeddable":true,"href":"https:\/\/colligatum.com\/en\/wp-json\/wp\/v2\/product_tag?post=13038"}],"curies":[{"name":"wp","href":"https:\/\/api.w.org\/{rel}","templated":true}]}}