{"id":13116,"date":"2025-07-11T10:37:14","date_gmt":"2025-07-11T08:37:14","guid":{"rendered":"https:\/\/colligatum.com\/?post_type=product&#038;p=13116"},"modified":"2025-07-11T10:37:14","modified_gmt":"2025-07-11T08:37:14","slug":"fress-mayda-java-12-class-a-king-size-kretek","status":"publish","type":"product","link":"https:\/\/colligatum.com\/en\/product\/fress-mayda-java-12-class-a-king-size-kretek\/","title":{"rendered":"Fress Mayda Java 12 Class A King Size Kretek"},"content":{"rendered":"<p data-start=\"365\" data-end=\"722\"><strong data-start=\"365\" data-end=\"379\">Description:<\/strong><br data-start=\"379\" data-end=\"382\" \/>Pakuot\u0117 pasi\u017eymi balta\u2013oran\u017eine spalv\u0173 skal\u0117, dideliu vertikaliu u\u017era\u0161u \u201eFress Mayda\u201c, apa\u010dioje \u2013 \u201e12 Class A King Size Kretek\u201c. Indonez\u0173 kalbos \u012fsp\u0117jimas \u201eMerokok dapat menyebabkan kanker\u2026\u201c ai\u0161kiai matomas priekyje. Pakelis \u2013 neatidarytas, su pl\u0117vele, \u0161iek tiek d\u0117m\u0117tas\/buv\u0119s \u0161velniai spaustas kra\u0161tuose, bet vis dar strukt\u016bri\u0161kai sveikas.<\/p>\n<hr data-start=\"724\" data-end=\"727\" \/>\n<h2 data-start=\"729\" data-end=\"750\">Value assessment<\/h2>\n<p data-start=\"752\" data-end=\"966\"><strong data-start=\"752\" data-end=\"772\">Collectible value:<\/strong><br data-start=\"772\" data-end=\"775\" \/>\u017dema\u2013vidutin\u0117. Tai n\u0117ra riboto leidimo paketas ar su ypatingomis detal\u0117mis, kuri\u0173 ie\u0161kot\u0173 kolekcininkai, ta\u010diau gali sudominti tuos, kurie renkasi regionines Indonezijos gamybos kretek r\u016b\u0161is.<\/p>\n<p data-start=\"968\" data-end=\"1128\"><strong data-start=\"968\" data-end=\"990\">Condition assessment:<\/strong><br data-start=\"990\" data-end=\"993\" \/>Neatidarytas, vidutini\u0161kos\u2013geros b\u016bkl\u0117s: folija intakta, ta\u010diau pakelio kampai ir kra\u0161tai \u0161iek tiek paspausti, su pavien\u0117mis d\u0117mel\u0117mis.<\/p>\n<p data-start=\"1130\" data-end=\"1309\"><strong data-start=\"1130\" data-end=\"1159\">Istorija ir populiarumas:<\/strong><br data-start=\"1159\" data-end=\"1162\" \/>\u201eFress Mayda\u201c n\u0117ra gerai \u017einomas prek\u0117s \u017eenklas, nei pla\u010diai minimas bent Indonezijos kontekste. Neatrodo, kad tai komerci\u0161kai garsi kretek linija.<\/p>","protected":false},"excerpt":{"rendered":"<p data-start=\"0\" data-end=\"79\">Brand and name: <strong data-start=\"31\" data-end=\"79\">Fress Mayda Java 12 Class A King Size Kretek<\/strong><\/p>\n<p data-start=\"81\" data-end=\"128\">Dydis: 12 cigare\u010di\u0173 (kretek), \u201eKing Size\u201c ilgio<\/p>\n<p data-start=\"130\" data-end=\"209\">Gamybos \u0161alis: grei\u010diausiai Indonezija (pagal \u201ekretek\u201c vertim\u0105 ir tekst\u0105 kalba)<\/p>\n<p data-start=\"211\" data-end=\"299\">Gamybos laikotarpis: Ne\u017einomas (grei\u010diausiai 2000\u20132010 m. \u2013 paimta i\u0161 pakuot\u0117s stiliaus)<\/p>\n<p data-start=\"301\" data-end=\"363\">Pakeli\u0173 tipas: Kietas pakelis (plastikin\u0117 folija, ne mink\u0161tas)<\/p>","protected":false},"featured_media":13067,"template":"","meta":{"_surecart_dashboard_logo_width":"180px","_surecart_dashboard_show_logo":true,"_surecart_dashboard_navigation_orders":true,"_surecart_dashboard_navigation_invoices":true,"_surecart_dashboard_navigation_subscriptions":true,"_surecart_dashboard_navigation_downloads":true,"_surecart_dashboard_navigation_billing":true,"_surecart_dashboard_navigation_account":true,"site-sidebar-layout":"default","site-content-layout":"","ast-site-content-layout":"default","site-content-style":"default","site-sidebar-style":"default","ast-global-header-display":"","ast-banner-title-visibility":"","ast-main-header-display":"","ast-hfb-above-header-display":"","ast-hfb-below-header-display":"","ast-hfb-mobile-header-display":"","site-post-title":"","ast-breadcrumbs-content":"","ast-featured-img":"","footer-sml-layout":"","theme-transparent-header-meta":"default","adv-header-id-meta":"","stick-header-meta":"","header-above-stick-meta":"","header-main-stick-meta":"","header-below-stick-meta":"","astra-migrate-meta-layouts":"set","ast-page-background-enabled":"default","ast-page-background-meta":{"desktop":{"background-color":"","background-image":"","background-repeat":"repeat","background-position":"center center","background-size":"auto","background-attachment":"scroll","background-type":"","background-media":"","overlay-type":"","overlay-color":"","overlay-opacity":"","overlay-gradient":""},"tablet":{"background-color":"","background-image":"","background-repeat":"repeat","background-position":"center center","background-size":"auto","background-attachment":"scroll","background-type":"","background-media":"","overlay-type":"","overlay-color":"","overlay-opacity":"","overlay-gradient":""},"mobile":{"background-color":"","background-image":"","background-repeat":"repeat","background-position":"center center","background-size":"auto","background-attachment":"scroll","background-type":"","background-media":"","overlay-type":"","overlay-color":"","overlay-opacity":"","overlay-gradient":""}},"ast-content-background-meta":{"desktop":{"background-color":"var(--ast-global-color-5)","background-image":"","background-repeat":"repeat","background-position":"center center","background-size":"auto","background-attachment":"scroll","background-type":"","background-media":"","overlay-type":"","overlay-color":"","overlay-opacity":"","overlay-gradient":""},"tablet":{"background-color":"var(--ast-global-color-5)","background-image":"","background-repeat":"repeat","background-position":"center center","background-size":"auto","background-attachment":"scroll","background-type":"","background-media":"","overlay-type":"","overlay-color":"","overlay-opacity":"","overlay-gradient":""},"mobile":{"background-color":"var(--ast-global-color-5)","background-image":"","background-repeat":"repeat","background-position":"center center","background-size":"auto","background-attachment":"scroll","background-type":"","background-media":"","overlay-type":"","overlay-color":"","overlay-opacity":"","overlay-gradient":""}}},"product_brand":[],"product_cat":[207],"product_tag":[],"class_list":{"0":"post-13116","1":"product","2":"type-product","3":"status-publish","4":"has-post-thumbnail","6":"product_cat-indonesia","7":"desktop-align-left","8":"tablet-align-left","9":"mobile-align-left","11":"first","12":"instock","13":"sale","14":"shipping-taxable","15":"purchasable","16":"product-type-simple","17":"add-to-wishlist-before_image"},"_links":{"self":[{"href":"https:\/\/colligatum.com\/en\/wp-json\/wp\/v2\/product\/13116","targetHints":{"allow":["GET"]}}],"collection":[{"href":"https:\/\/colligatum.com\/en\/wp-json\/wp\/v2\/product"}],"about":[{"href":"https:\/\/colligatum.com\/en\/wp-json\/wp\/v2\/types\/product"}],"version-history":[{"count":1,"href":"https:\/\/colligatum.com\/en\/wp-json\/wp\/v2\/product\/13116\/revisions"}],"predecessor-version":[{"id":13117,"href":"https:\/\/colligatum.com\/en\/wp-json\/wp\/v2\/product\/13116\/revisions\/13117"}],"wp:featuredmedia":[{"embeddable":true,"href":"https:\/\/colligatum.com\/en\/wp-json\/wp\/v2\/media\/13067"}],"wp:attachment":[{"href":"https:\/\/colligatum.com\/en\/wp-json\/wp\/v2\/media?parent=13116"}],"wp:term":[{"taxonomy":"product_brand","embeddable":true,"href":"https:\/\/colligatum.com\/en\/wp-json\/wp\/v2\/product_brand?post=13116"},{"taxonomy":"product_cat","embeddable":true,"href":"https:\/\/colligatum.com\/en\/wp-json\/wp\/v2\/product_cat?post=13116"},{"taxonomy":"product_tag","embeddable":true,"href":"https:\/\/colligatum.com\/en\/wp-json\/wp\/v2\/product_tag?post=13116"}],"curies":[{"name":"wp","href":"https:\/\/api.w.org\/{rel}","templated":true}]}}