{"id":13126,"date":"2025-07-11T10:57:22","date_gmt":"2025-07-11T08:57:22","guid":{"rendered":"https:\/\/colligatum.com\/?post_type=product&#038;p=13126"},"modified":"2025-07-16T07:59:49","modified_gmt":"2025-07-16T05:59:49","slug":"eve-120","status":"publish","type":"product","link":"https:\/\/colligatum.com\/en\/product\/eve-120\/","title":{"rendered":"EVE 120"},"content":{"rendered":"<p data-start=\"277\" data-end=\"331\"><strong data-start=\"277\" data-end=\"291\">Apra\u0161ymas:<\/strong><br data-start=\"291\" data-end=\"294\" \/><span class=\"relative -mx-px my-[-0.2rem] rounded px-px py-[0.2rem] transition-colors duration-100 ease-in-out\">Pakelis pasi\u017eymi eleganti\u0161ku \u0161viesiu fonu su subtilia g\u0117li\u0173 grafika kra\u0161te, vir\u0161uje \u2013 \u201eEVE &gt;120&lt;\u201c, apa\u010dioje \u2013 angl\u0173 kalbos \u012fsp\u0117jimas \u201eSmoking causes heart disease\u201c. Gali b\u016bti Duty\u202fFree skirta, dizaineri\u0161kai i\u0161leista versija.<\/span><\/p>\n<hr data-start=\"333\" data-end=\"336\" \/>\n<h2 data-start=\"338\" data-end=\"359\">Vert\u0117s \u012fvertinimas<\/h2>\n<p data-start=\"361\" data-end=\"500\"><strong data-start=\"361\" data-end=\"381\">Kolekcin\u0117 vert\u0117:<\/strong><br data-start=\"381\" data-end=\"384\" \/><span class=\"relative -mx-px my-[-0.2rem] rounded px-px py-[0.2rem] transition-colors duration-100 ease-in-out\">Vidutin\u0117\u2013auk\u0161tesn\u0117. Vintage EVE 120\u2019s pakeliai i\u0161 1970\u201380\u2011\u0173j\u0173 da\u017enai vertinami kolekcinink\u0173 (esantys eBay s\u0105ra\u0161uose, pavyzd\u017eiui: EVE vintage 120\u2019s \u2013 tu\u0161\u010dias pakelis \u2013 parduodamas u\u017e ~10\u202fUSD)<\/span> .\u00a0<span class=\"relative -mx-px my-[-0.2rem] rounded px-px py-[0.2rem] transition-colors duration-100 ease-in-out\">Pilni, nei\u0161kirsti pakuot\u0117s pavyzd\u017eiai \u2013 retesni ir gali tur\u0117ti didesn\u0119 vert\u0119.<\/span><\/p>\n<p data-start=\"502\" data-end=\"566\"><strong data-start=\"502\" data-end=\"524\">B\u016bkl\u0117s vertinimas:<\/strong><br data-start=\"524\" data-end=\"527\" \/><span class=\"relative -mx-px my-[-0.2rem] rounded px-px py-[0.2rem] transition-colors duration-100 ease-in-out\">Neatidarytas, celofanas originalus. Yra \u0161velni\u0173 kra\u0161t\u0173 spaudim\u0173 \u2013 ta\u010diau i\u0161laiko strukt\u016br\u0105. B\u016bkl\u0117 \u2013 gera, ta\u010diau ne ideali.<\/span><\/p>\n<p data-start=\"568\" data-end=\"731\"><strong data-start=\"568\" data-end=\"608\">Istoriniai duomenys ir populiarumas:<\/strong><br data-start=\"608\" data-end=\"611\" \/><span class=\"relative -mx-px my-[-0.2rem] rounded px-px py-[0.2rem] transition-colors duration-100 ease-in-out\">Liggett &amp; Myers (EVE prekinis \u017eenklas) naudojo 120\u2019s serijas 1970\u201390\u2011aisiais, i\u0161leid\u017eiant \u012fvairius variantus (Amethyst, Sapphire etc.)<\/span> \u00a0<span class=\"relative -mx-px my-[-0.2rem] rounded px-px py-[0.2rem] transition-colors duration-100 ease-in-out\">Kolekcininkai renkasi tokius variantus kaip \u201edesigner box\u201c ir retro pakuotes.<\/span><\/p>\n","protected":false},"excerpt":{"rendered":"<p data-start=\"0\" data-end=\"37\"><span class=\"relative -mx-px my-[-0.2rem] rounded px-px py-[0.2rem] transition-colors duration-100 ease-in-out\">Prek\u0117s \u017eenklas ir pavadinimas: <strong data-start=\"31\" data-end=\"80\" data-is-last-node=\"\">EVE\u202f&gt;120 (Duty\u202fFree \/ Designer 120\u202fs pakelis)<\/strong><\/span><\/p>\n<p data-start=\"39\" data-end=\"76\"><span class=\"relative -mx-px my-[-0.2rem] rounded px-px py-[0.2rem] transition-colors duration-100 ease-in-out\">Dydis: ilgintasis (120\u202fmm ar \u201e120\u2019s\u201c) \u2013 tik\u0117tina, kad 20 cigare\u010di\u0173 stora pakelio versija.<\/span><\/p>\n<p data-start=\"78\" data-end=\"154\"><span class=\"relative -mx-px my-[-0.2rem] rounded px-px py-[0.2rem] transition-colors duration-100 ease-in-out\">Gamybos \u0161alis: gali b\u016bti JAV, Argentinai\/gamt Duty\u202fFree skirta partija arba kitai eksporto rinkai \u2013 remiantis Liggett &amp;\u202fMyers \/ Philip\u202fMorris istorija.<\/span><\/p>\n<p data-start=\"156\" data-end=\"231\"><span class=\"relative -mx-px my-[-0.2rem] rounded px-px py-[0.2rem] transition-colors duration-100 ease-in-out\">Gamybos laikotarpis: grei\u010diausiai 1980\u20132000\u202fm., nes modernaus dizaino kolekcin\u0117s serijos 120\u2019s versijos gamintos nuo 1980\u202fm.<\/span><\/p>\n<p data-start=\"233\" data-end=\"270\"><span class=\"relative -mx-px my-[-0.2rem] rounded px-px py-[0.2rem] transition-colors duration-100 ease-in-out\">Pakeli\u0173 tipas: kietas pakelis (\u201eflip\u2011top\u201c) su celofanu; pl\u0117vel\u0117 intakta, \u0161iek tiek spaust\u0173 kamp\u0173.<\/span><\/p>\n","protected":false},"featured_media":13077,"template":"","meta":{"_surecart_dashboard_logo_width":"180px","_surecart_dashboard_show_logo":true,"_surecart_dashboard_navigation_orders":true,"_surecart_dashboard_navigation_invoices":true,"_surecart_dashboard_navigation_subscriptions":true,"_surecart_dashboard_navigation_downloads":true,"_surecart_dashboard_navigation_billing":true,"_surecart_dashboard_navigation_account":true,"site-sidebar-layout":"default","site-content-layout":"","ast-site-content-layout":"default","site-content-style":"default","site-sidebar-style":"default","ast-global-header-display":"","ast-banner-title-visibility":"","ast-main-header-display":"","ast-hfb-above-header-display":"","ast-hfb-below-header-display":"","ast-hfb-mobile-header-display":"","site-post-title":"","ast-breadcrumbs-content":"","ast-featured-img":"","footer-sml-layout":"","theme-transparent-header-meta":"default","adv-header-id-meta":"","stick-header-meta":"","header-above-stick-meta":"","header-main-stick-meta":"","header-below-stick-meta":"","astra-migrate-meta-layouts":"set","ast-page-background-enabled":"default","ast-page-background-meta":{"desktop":{"background-color":"","background-image":"","background-repeat":"repeat","background-position":"center center","background-size":"auto","background-attachment":"scroll","background-type":"","background-media":"","overlay-type":"","overlay-color":"","overlay-opacity":"","overlay-gradient":""},"tablet":{"background-color":"","background-image":"","background-repeat":"repeat","background-position":"center center","background-size":"auto","background-attachment":"scroll","background-type":"","background-media":"","overlay-type":"","overlay-color":"","overlay-opacity":"","overlay-gradient":""},"mobile":{"background-color":"","background-image":"","background-repeat":"repeat","background-position":"center center","background-size":"auto","background-attachment":"scroll","background-type":"","background-media":"","overlay-type":"","overlay-color":"","overlay-opacity":"","overlay-gradient":""}},"ast-content-background-meta":{"desktop":{"background-color":"var(--ast-global-color-5)","background-image":"","background-repeat":"repeat","background-position":"center center","background-size":"auto","background-attachment":"scroll","background-type":"","background-media":"","overlay-type":"","overlay-color":"","overlay-opacity":"","overlay-gradient":""},"tablet":{"background-color":"var(--ast-global-color-5)","background-image":"","background-repeat":"repeat","background-position":"center center","background-size":"auto","background-attachment":"scroll","background-type":"","background-media":"","overlay-type":"","overlay-color":"","overlay-opacity":"","overlay-gradient":""},"mobile":{"background-color":"var(--ast-global-color-5)","background-image":"","background-repeat":"repeat","background-position":"center center","background-size":"auto","background-attachment":"scroll","background-type":"","background-media":"","overlay-type":"","overlay-color":"","overlay-opacity":"","overlay-gradient":""}}},"product_brand":[],"product_cat":[202],"product_tag":[],"class_list":{"0":"post-13126","1":"product","2":"type-product","3":"status-publish","4":"has-post-thumbnail","6":"product_cat-united-states","7":"desktop-align-left","8":"tablet-align-left","9":"mobile-align-left","11":"first","12":"instock","13":"sale","14":"shipping-taxable","15":"purchasable","16":"product-type-simple","17":"add-to-wishlist-before_image"},"_links":{"self":[{"href":"https:\/\/colligatum.com\/en\/wp-json\/wp\/v2\/product\/13126","targetHints":{"allow":["GET"]}}],"collection":[{"href":"https:\/\/colligatum.com\/en\/wp-json\/wp\/v2\/product"}],"about":[{"href":"https:\/\/colligatum.com\/en\/wp-json\/wp\/v2\/types\/product"}],"version-history":[{"count":1,"href":"https:\/\/colligatum.com\/en\/wp-json\/wp\/v2\/product\/13126\/revisions"}],"predecessor-version":[{"id":13127,"href":"https:\/\/colligatum.com\/en\/wp-json\/wp\/v2\/product\/13126\/revisions\/13127"}],"wp:featuredmedia":[{"embeddable":true,"href":"https:\/\/colligatum.com\/en\/wp-json\/wp\/v2\/media\/13077"}],"wp:attachment":[{"href":"https:\/\/colligatum.com\/en\/wp-json\/wp\/v2\/media?parent=13126"}],"wp:term":[{"taxonomy":"product_brand","embeddable":true,"href":"https:\/\/colligatum.com\/en\/wp-json\/wp\/v2\/product_brand?post=13126"},{"taxonomy":"product_cat","embeddable":true,"href":"https:\/\/colligatum.com\/en\/wp-json\/wp\/v2\/product_cat?post=13126"},{"taxonomy":"product_tag","embeddable":true,"href":"https:\/\/colligatum.com\/en\/wp-json\/wp\/v2\/product_tag?post=13126"}],"curies":[{"name":"wp","href":"https:\/\/api.w.org\/{rel}","templated":true}]}}