{"id":13148,"date":"2025-07-11T12:57:15","date_gmt":"2025-07-11T10:57:15","guid":{"rendered":"https:\/\/colligatum.com\/?post_type=product&#038;p=13148"},"modified":"2026-03-31T19:06:56","modified_gmt":"2026-03-31T17:06:56","slug":"more-silver-american-blend","status":"publish","type":"product","link":"https:\/\/colligatum.com\/en\/product\/more-silver-american-blend\/","title":{"rendered":"More Silver American Blend"},"content":{"rendered":"<p data-start=\"202\" data-end=\"632\"><strong data-start=\"202\" data-end=\"216\">Description:<\/strong><br data-start=\"216\" data-end=\"219\" \/>More Silver \u2013 tai lengvesn\u0117 klasikin\u0117s More linijos versija, skirta Lietuvos rinkai. Pakelis pasi\u017eymi \u0161viesiu, beveik baltu fonu, ry\u0161kiu m\u0117lynu logotipu ir moderniu \u012fstri\u017eain\u0117s dizainu. Ant pakuot\u0117s yra ai\u0161k\u016bs lietuvi\u0161ki sveikatos \u012fsp\u0117jimai bei 2,90 Lt akcizo lipdukas. Vir\u0161uje pa\u017eym\u0117ta \u201eEst. 1975\u201c, nurodant \u0161io prek\u0117s \u017eenklo i\u0161takas. Tai vienas i\u0161 v\u0117lesni\u0173 leidim\u0173 prie\u0161 bendr\u0105 dizaino suvienodinim\u0105 ES rinkose.<\/p>\n<p data-start=\"634\" data-end=\"657\"><strong data-start=\"634\" data-end=\"657\">Value assessment:<\/strong><\/p>\n<ul data-start=\"659\" data-end=\"1142\">\n<li data-start=\"659\" data-end=\"830\">\n<p data-start=\"661\" data-end=\"830\"><strong data-start=\"661\" data-end=\"681\">Collectible value:<\/strong> Vidutin\u0117. Nors tai n\u0117ra retas pakelis, lietuvi\u0161kas \u017eenklinimas ir lit\u0173 valiutos laikotarpio autenti\u0161kumas suteikia jam papildomos kolekcin\u0117s vert\u0117s.<\/p>\n<\/li>\n<li data-start=\"831\" data-end=\"936\">\n<p data-start=\"833\" data-end=\"936\"><strong data-start=\"833\" data-end=\"855\">Condition assessment:<\/strong> Neatidarytas, puikios b\u016bkl\u0117s, su i\u0161likusia originalia pl\u0117vele ir akcizo lipduku.<\/p>\n<\/li>\n<li data-start=\"937\" data-end=\"1142\">\n<p data-start=\"939\" data-end=\"1142\"><strong data-start=\"939\" data-end=\"979\">Historical data and popularity:<\/strong> More prek\u0117s \u017eenklas ilg\u0105 laik\u0105 buvo populiarus Ryt\u0173 Europoje, o \u201eSilver\u201c versija skirta r\u016bkantiems lengvesnes cigaretes. \u0160iuo metu \u0161ie leidimai tampa vis retesni.<\/p>\n<\/li>\n<\/ul>","protected":false},"excerpt":{"rendered":"<p data-start=\"0\" data-end=\"61\"><strong data-start=\"0\" data-end=\"34\">Brand and name:<\/strong> More Silver American Blend<\/p>\n<p data-start=\"63\" data-end=\"86\"><strong data-start=\"63\" data-end=\"73\">Size:<\/strong> 20 cigarettes<\/p>\n<p data-start=\"88\" data-end=\"114\"><strong data-start=\"88\" data-end=\"106\">Country of manufacture:<\/strong> Lithuania<\/p>\n<p data-start=\"116\" data-end=\"165\"><strong data-start=\"116\" data-end=\"140\">Production period:<\/strong> Approximately 2005\u20132010.<\/p>\n<p data-start=\"167\" data-end=\"200\"><strong data-start=\"167\" data-end=\"185\">Package type:<\/strong> Hard pack<\/p>","protected":false},"featured_media":13149,"template":"","meta":{"_surecart_dashboard_logo_width":"180px","_surecart_dashboard_show_logo":true,"_surecart_dashboard_navigation_orders":true,"_surecart_dashboard_navigation_invoices":true,"_surecart_dashboard_navigation_subscriptions":true,"_surecart_dashboard_navigation_downloads":true,"_surecart_dashboard_navigation_billing":true,"_surecart_dashboard_navigation_account":true,"site-sidebar-layout":"default","site-content-layout":"","ast-site-content-layout":"default","site-content-style":"default","site-sidebar-style":"default","ast-global-header-display":"","ast-banner-title-visibility":"","ast-main-header-display":"","ast-hfb-above-header-display":"","ast-hfb-below-header-display":"","ast-hfb-mobile-header-display":"","site-post-title":"","ast-breadcrumbs-content":"","ast-featured-img":"","footer-sml-layout":"","theme-transparent-header-meta":"default","adv-header-id-meta":"","stick-header-meta":"","header-above-stick-meta":"","header-main-stick-meta":"","header-below-stick-meta":"","astra-migrate-meta-layouts":"set","ast-page-background-enabled":"default","ast-page-background-meta":{"desktop":{"background-color":"","background-image":"","background-repeat":"repeat","background-position":"center center","background-size":"auto","background-attachment":"scroll","background-type":"","background-media":"","overlay-type":"","overlay-color":"","overlay-opacity":"","overlay-gradient":""},"tablet":{"background-color":"","background-image":"","background-repeat":"repeat","background-position":"center center","background-size":"auto","background-attachment":"scroll","background-type":"","background-media":"","overlay-type":"","overlay-color":"","overlay-opacity":"","overlay-gradient":""},"mobile":{"background-color":"","background-image":"","background-repeat":"repeat","background-position":"center center","background-size":"auto","background-attachment":"scroll","background-type":"","background-media":"","overlay-type":"","overlay-color":"","overlay-opacity":"","overlay-gradient":""}},"ast-content-background-meta":{"desktop":{"background-color":"var(--ast-global-color-5)","background-image":"","background-repeat":"repeat","background-position":"center center","background-size":"auto","background-attachment":"scroll","background-type":"","background-media":"","overlay-type":"","overlay-color":"","overlay-opacity":"","overlay-gradient":""},"tablet":{"background-color":"var(--ast-global-color-5)","background-image":"","background-repeat":"repeat","background-position":"center center","background-size":"auto","background-attachment":"scroll","background-type":"","background-media":"","overlay-type":"","overlay-color":"","overlay-opacity":"","overlay-gradient":""},"mobile":{"background-color":"var(--ast-global-color-5)","background-image":"","background-repeat":"repeat","background-position":"center center","background-size":"auto","background-attachment":"scroll","background-type":"","background-media":"","overlay-type":"","overlay-color":"","overlay-opacity":"","overlay-gradient":""}}},"product_brand":[],"product_cat":[85],"product_tag":[],"class_list":{"0":"post-13148","1":"product","2":"type-product","3":"status-publish","4":"has-post-thumbnail","6":"product_cat-lithuania","7":"desktop-align-left","8":"tablet-align-left","9":"mobile-align-left","11":"first","12":"outofstock","13":"sale","14":"shipping-taxable","15":"purchasable","16":"product-type-simple","17":"add-to-wishlist-before_image"},"_links":{"self":[{"href":"https:\/\/colligatum.com\/en\/wp-json\/wp\/v2\/product\/13148","targetHints":{"allow":["GET"]}}],"collection":[{"href":"https:\/\/colligatum.com\/en\/wp-json\/wp\/v2\/product"}],"about":[{"href":"https:\/\/colligatum.com\/en\/wp-json\/wp\/v2\/types\/product"}],"version-history":[{"count":1,"href":"https:\/\/colligatum.com\/en\/wp-json\/wp\/v2\/product\/13148\/revisions"}],"predecessor-version":[{"id":13203,"href":"https:\/\/colligatum.com\/en\/wp-json\/wp\/v2\/product\/13148\/revisions\/13203"}],"wp:featuredmedia":[{"embeddable":true,"href":"https:\/\/colligatum.com\/en\/wp-json\/wp\/v2\/media\/13149"}],"wp:attachment":[{"href":"https:\/\/colligatum.com\/en\/wp-json\/wp\/v2\/media?parent=13148"}],"wp:term":[{"taxonomy":"product_brand","embeddable":true,"href":"https:\/\/colligatum.com\/en\/wp-json\/wp\/v2\/product_brand?post=13148"},{"taxonomy":"product_cat","embeddable":true,"href":"https:\/\/colligatum.com\/en\/wp-json\/wp\/v2\/product_cat?post=13148"},{"taxonomy":"product_tag","embeddable":true,"href":"https:\/\/colligatum.com\/en\/wp-json\/wp\/v2\/product_tag?post=13148"}],"curies":[{"name":"wp","href":"https:\/\/api.w.org\/{rel}","templated":true}]}}