{"id":13204,"date":"2025-07-11T13:09:59","date_gmt":"2025-07-11T11:09:59","guid":{"rendered":"https:\/\/colligatum.com\/?post_type=product&#038;p=13204"},"modified":"2026-04-14T05:33:57","modified_gmt":"2026-04-14T03:33:57","slug":"astra-lights","status":"publish","type":"product","link":"https:\/\/colligatum.com\/en\/product\/astra-lights\/","title":{"rendered":"Astra Lights"},"content":{"rendered":"<p data-start=\"195\" data-end=\"245\">Apra\u0161ymas:<br data-start=\"205\" data-end=\"208\" \/><span class=\"relative -mx-px my-[-0.2rem] rounded px-px py-[0.2rem] transition-colors duration-100 ease-in-out\">\u0160is \u201eAstra Lights\u201c pakelis pasi\u017eymi sant\u016briu dizainu \u2013 vir\u0161utin\u0117 dalis tamsiai m\u0117lyna su baltais u\u017era\u0161ais \u201eASTRA LIGHTS\u201c, apatin\u0117 \u2013 balk\u0161va su stilizuotu herbiniu logotipu. Ant apatin\u0117s dalies nurodyta \u201e20 FILTER CIGARETTES\u201c. \u012esp\u0117jimas apie r\u016bki\u00admo \u017eal\u0105 matomas ant galin\u0117s pakelio pus\u0117s. Plastikin\u0117 pl\u0117vel\u0117 i\u0161ori\u0161kai intakta.<\/span><\/p>\n<p data-start=\"247\" data-end=\"266\">Vert\u0117s \u012fvertinimas:<\/p>\n<ul data-start=\"268\" data-end=\"347\">\n<li data-start=\"268\" data-end=\"307\">\n<p data-start=\"270\" data-end=\"307\"><span class=\"relative -mx-px my-[-0.2rem] rounded px-px py-[0.2rem] transition-colors duration-100 ease-in-out\"><strong data-start=\"0\" data-end=\"19\" data-is-only-node=\"\">Kolekcin\u0117 vert\u0117<\/strong>: \u017eema\u2013vidutin\u0117 \u2013 \u201eAstra\u201c n\u0117ra \u017einomas ribotais leidimais, negausiai randamas tarp kolekcionieri\u0173.<\/span><\/p>\n<\/li>\n<li data-start=\"308\" data-end=\"347\">\n<p data-start=\"310\" data-end=\"347\"><span class=\"relative -mx-px my-[-0.2rem] rounded px-px py-[0.2rem] transition-colors duration-100 ease-in-out\"><strong data-start=\"0\" data-end=\"21\" data-is-only-node=\"\">B\u016bkl\u0117s vertinimas<\/strong>: neatidarytas, puikios b\u016bkl\u0117s \u2013 idealiai tinka kolekcijai.<\/span><\/p>\n<\/li>\n<\/ul>\n<p data-start=\"349\" data-end=\"467\"><span class=\"relative -mx-px my-[-0.2rem] rounded px-px py-[0.2rem] transition-colors duration-100 ease-in-out\">Istoriniai duomenys ir populiarumas:<\/span><br data-start=\"386\" data-end=\"389\" \/><span class=\"relative -mx-px my-[-0.2rem] rounded px-px py-[0.2rem] transition-colors duration-100 ease-in-out\">\u201eAstra\u201c (ne filtruotos) vyravo 1990\u20132000 m. Centrin\u0117je Azijoje, ta\u010diau \u0161is \u201eLights\u201c variantas nedomina kolekcinink\u0173 pla\u010diau. D\u0117l regionin\u0117s gamybos gal\u0117jo b\u016bti platinama Baltijos \u0161alyse, ta\u010diau informacijos stokojama.<\/span><\/p>\n","protected":false},"excerpt":{"rendered":"<p data-start=\"0\" data-end=\"37\"><span class=\"relative -mx-px my-[-0.2rem] rounded px-px py-[0.2rem] transition-colors duration-100 ease-in-out\">Prek\u0117s \u017eenklas ir pavadinimas: <strong data-start=\"31\" data-end=\"47\" data-is-last-node=\"\">Astra Lights<\/strong><\/span><\/p>\n<p data-start=\"39\" data-end=\"76\"><span class=\"relative -mx-px my-[-0.2rem] rounded px-px py-[0.2rem] transition-colors duration-100 ease-in-out\">Dydis: 20 cigare\u010di\u0173<\/span><\/p>\n<p data-start=\"78\" data-end=\"115\"><span class=\"relative -mx-px my-[-0.2rem] rounded px-px py-[0.2rem] transition-colors duration-100 ease-in-out\">Gamybos \u0161alis: manoma \u2013 Turkija<\/span><\/p>\n<p data-start=\"117\" data-end=\"154\"><span class=\"relative -mx-px my-[-0.2rem] rounded px-px py-[0.2rem] transition-colors duration-100 ease-in-out\">Gamybos laikotarpis: \u0161iuolaikinis (pagal dizain\u0105 \u2013 XXI a. prad\u017eia)<\/span><\/p>\n<p data-start=\"156\" data-end=\"193\"><span class=\"relative -mx-px my-[-0.2rem] rounded px-px py-[0.2rem] transition-colors duration-100 ease-in-out\">Pakelio tipas: kietas pakelis<\/span><\/p>\n","protected":false},"featured_media":13152,"template":"","meta":{"_surecart_dashboard_logo_width":"180px","_surecart_dashboard_show_logo":true,"_surecart_dashboard_navigation_orders":true,"_surecart_dashboard_navigation_invoices":true,"_surecart_dashboard_navigation_subscriptions":true,"_surecart_dashboard_navigation_downloads":true,"_surecart_dashboard_navigation_billing":true,"_surecart_dashboard_navigation_account":true,"site-sidebar-layout":"default","site-content-layout":"","ast-site-content-layout":"default","site-content-style":"default","site-sidebar-style":"default","ast-global-header-display":"","ast-banner-title-visibility":"","ast-main-header-display":"","ast-hfb-above-header-display":"","ast-hfb-below-header-display":"","ast-hfb-mobile-header-display":"","site-post-title":"","ast-breadcrumbs-content":"","ast-featured-img":"","footer-sml-layout":"","theme-transparent-header-meta":"default","adv-header-id-meta":"","stick-header-meta":"","header-above-stick-meta":"","header-main-stick-meta":"","header-below-stick-meta":"","astra-migrate-meta-layouts":"set","ast-page-background-enabled":"default","ast-page-background-meta":{"desktop":{"background-color":"","background-image":"","background-repeat":"repeat","background-position":"center center","background-size":"auto","background-attachment":"scroll","background-type":"","background-media":"","overlay-type":"","overlay-color":"","overlay-opacity":"","overlay-gradient":""},"tablet":{"background-color":"","background-image":"","background-repeat":"repeat","background-position":"center center","background-size":"auto","background-attachment":"scroll","background-type":"","background-media":"","overlay-type":"","overlay-color":"","overlay-opacity":"","overlay-gradient":""},"mobile":{"background-color":"","background-image":"","background-repeat":"repeat","background-position":"center center","background-size":"auto","background-attachment":"scroll","background-type":"","background-media":"","overlay-type":"","overlay-color":"","overlay-opacity":"","overlay-gradient":""}},"ast-content-background-meta":{"desktop":{"background-color":"var(--ast-global-color-5)","background-image":"","background-repeat":"repeat","background-position":"center center","background-size":"auto","background-attachment":"scroll","background-type":"","background-media":"","overlay-type":"","overlay-color":"","overlay-opacity":"","overlay-gradient":""},"tablet":{"background-color":"var(--ast-global-color-5)","background-image":"","background-repeat":"repeat","background-position":"center center","background-size":"auto","background-attachment":"scroll","background-type":"","background-media":"","overlay-type":"","overlay-color":"","overlay-opacity":"","overlay-gradient":""},"mobile":{"background-color":"var(--ast-global-color-5)","background-image":"","background-repeat":"repeat","background-position":"center center","background-size":"auto","background-attachment":"scroll","background-type":"","background-media":"","overlay-type":"","overlay-color":"","overlay-opacity":"","overlay-gradient":""}}},"product_brand":[],"product_cat":[198],"product_tag":[],"class_list":{"0":"post-13204","1":"product","2":"type-product","3":"status-publish","4":"has-post-thumbnail","6":"product_cat-turkey","7":"desktop-align-left","8":"tablet-align-left","9":"mobile-align-left","11":"first","12":"instock","13":"sale","14":"shipping-taxable","15":"purchasable","16":"product-type-simple","17":"add-to-wishlist-before_image"},"_links":{"self":[{"href":"https:\/\/colligatum.com\/en\/wp-json\/wp\/v2\/product\/13204","targetHints":{"allow":["GET"]}}],"collection":[{"href":"https:\/\/colligatum.com\/en\/wp-json\/wp\/v2\/product"}],"about":[{"href":"https:\/\/colligatum.com\/en\/wp-json\/wp\/v2\/types\/product"}],"version-history":[{"count":1,"href":"https:\/\/colligatum.com\/en\/wp-json\/wp\/v2\/product\/13204\/revisions"}],"predecessor-version":[{"id":13205,"href":"https:\/\/colligatum.com\/en\/wp-json\/wp\/v2\/product\/13204\/revisions\/13205"}],"wp:featuredmedia":[{"embeddable":true,"href":"https:\/\/colligatum.com\/en\/wp-json\/wp\/v2\/media\/13152"}],"wp:attachment":[{"href":"https:\/\/colligatum.com\/en\/wp-json\/wp\/v2\/media?parent=13204"}],"wp:term":[{"taxonomy":"product_brand","embeddable":true,"href":"https:\/\/colligatum.com\/en\/wp-json\/wp\/v2\/product_brand?post=13204"},{"taxonomy":"product_cat","embeddable":true,"href":"https:\/\/colligatum.com\/en\/wp-json\/wp\/v2\/product_cat?post=13204"},{"taxonomy":"product_tag","embeddable":true,"href":"https:\/\/colligatum.com\/en\/wp-json\/wp\/v2\/product_tag?post=13204"}],"curies":[{"name":"wp","href":"https:\/\/api.w.org\/{rel}","templated":true}]}}