{"id":13206,"date":"2025-07-11T13:16:03","date_gmt":"2025-07-11T11:16:03","guid":{"rendered":"https:\/\/colligatum.com\/?post_type=product&#038;p=13206"},"modified":"2025-07-11T13:16:04","modified_gmt":"2025-07-11T11:16:04","slug":"samsun-216","status":"publish","type":"product","link":"https:\/\/colligatum.com\/en\/product\/samsun-216\/","title":{"rendered":"Samsun 216"},"content":{"rendered":"<p data-start=\"309\" data-end=\"359\">Apra\u0161ymas:<br data-start=\"319\" data-end=\"322\" \/><span class=\"relative -mx-px my-[-0.2rem] rounded px-px py-[0.2rem] transition-colors duration-100 ease-in-out\">Baltai\u2013raudonas dizainas: apa\u010dioje ry\u0161kiai raudona juosta su dideliu baltu u\u017era\u0161u <strong data-start=\"82\" data-end=\"96\">SAMSUN 216<\/strong>, vir\u0161uje \u2013 auksinis herbini\u0173 detali\u0173 \u017eenklas. Standus flip\u2011top pakelis su pl\u0117vele, vir\u0161utin\u0117je dalyje plona apsaugin\u0117 juostel\u0117 su metais (\u201e2005\u20132007\u201c). B\u016bkl\u0117 atrodo nei\u0161pakuota, pl\u0117vel\u0117 intakta.<\/span><\/p>\n<p data-start=\"361\" data-end=\"380\">Vert\u0117s \u012fvertinimas:<\/p>\n<ul data-start=\"381\" data-end=\"666\">\n<li data-start=\"381\" data-end=\"460\">\n<p data-start=\"383\" data-end=\"460\"><span class=\"relative -mx-px my-[-0.2rem] rounded px-px py-[0.2rem] transition-colors duration-100 ease-in-out\"><strong data-start=\"0\" data-end=\"19\" data-is-only-node=\"\">Kolekcin\u0117 vert\u0117<\/strong>: vidutin\u0117 \u2013 \u201eSamsun 216\u201c yra populiari tarp Turkijos kolekcinink\u0173, ypa\u010d senesni leidimai (1970\u201380 m.), ta\u010diau \u0161is XXI a. vidurio variantas n\u0117ra labai retas.<\/span><\/p>\n<\/li>\n<li data-start=\"461\" data-end=\"502\">\n<p data-start=\"463\" data-end=\"502\"><span class=\"relative -mx-px my-[-0.2rem] rounded px-px py-[0.2rem] transition-colors duration-100 ease-in-out\"><strong data-start=\"0\" data-end=\"21\" data-is-only-node=\"\">B\u016bkl\u0117s vertinimas<\/strong>: neatidarytas, puikios s\u0105lygos.<\/span><\/p>\n<\/li>\n<li data-start=\"503\" data-end=\"666\">\n<p data-start=\"505\" data-end=\"666\"><span class=\"relative -mx-px my-[-0.2rem] rounded px-px py-[0.2rem] transition-colors duration-100 ease-in-out\"><strong data-start=\"0\" data-end=\"39\" data-is-only-node=\"\">Istoriniai duomenys ir populiarumas<\/strong>: gaminta Tekel\/Tabacs Turcs\/\u2011 \u0160veicarijoj pagal ZigSam, su pl\u0117vele 2004\u20132007 metais; cigaret\u0117s tur\u0117jo 10\u202fmg deguonies, 0,8\u20130,7\u202fmg nikotino \u2013 standartin\u0117s tuometinems filtrin\u0117ms cigaret\u0117ms.<\/span><br \/>\n<span class=\"relative -mx-px my-[-0.2rem] rounded px-px py-[0.2rem] transition-colors duration-100 ease-in-out\">Turki\u0161ki \u0161altiniai (Cigarettes Pedia) mini populiari\u0105 kain\u0105 svetur: mink\u0161tas pakelis ~2,75\u202fTL, kietas ~3\u202fTL (~0,15\u202fEUR)<\/span><\/p>\n<\/li>\n<\/ul>\n","protected":false},"excerpt":{"rendered":"<p data-start=\"0\" data-end=\"37\"><span class=\"relative -mx-px my-[-0.2rem] rounded px-px py-[0.2rem] transition-colors duration-100 ease-in-out\">Prek\u0117s \u017eenklas ir pavadinimas: <strong data-start=\"31\" data-end=\"45\" data-is-last-node=\"\">Samsun 216<\/strong><\/span><\/p>\n<p data-start=\"39\" data-end=\"76\"><span class=\"relative -mx-px my-[-0.2rem] rounded px-px py-[0.2rem] transition-colors duration-100 ease-in-out\">Dydis: 20 cigare\u010di\u0173 (King Size, ~85\u202fmm)<\/span><\/p>\n<p data-start=\"78\" data-end=\"153\"><span class=\"relative -mx-px my-[-0.2rem] rounded px-px py-[0.2rem] transition-colors duration-100 ease-in-out\">Gamybos \u0161alis: Turkija (gali b\u016bti gaminta \u0160veicarijoje \u2013 Tekel\/Tabacs Turcs S.A.)<\/span><\/p>\n<p data-start=\"155\" data-end=\"230\"><span class=\"relative -mx-px my-[-0.2rem] rounded px-px py-[0.2rem] transition-colors duration-100 ease-in-out\">Gamybos laikotarpis: apie 2005\u20132007 m. (remiantis ZigSam duomenimis apie tokio leidimo pack&#8217;us)<\/span><\/p>\n<p data-start=\"232\" data-end=\"307\"><span class=\"relative -mx-px my-[-0.2rem] rounded px-px py-[0.2rem] transition-colors duration-100 ease-in-out\">Pakelio tipas: mink\u0161tas<strong data-start=\"15\" data-end=\"33\"> pakelis<\/strong>\u00a0(flip\u2011top box) su pl\u0117vele<\/span><\/p>\n","protected":false},"featured_media":13153,"template":"","meta":{"_surecart_dashboard_logo_width":"180px","_surecart_dashboard_show_logo":true,"_surecart_dashboard_navigation_orders":true,"_surecart_dashboard_navigation_invoices":true,"_surecart_dashboard_navigation_subscriptions":true,"_surecart_dashboard_navigation_downloads":true,"_surecart_dashboard_navigation_billing":true,"_surecart_dashboard_navigation_account":true,"site-sidebar-layout":"default","site-content-layout":"","ast-site-content-layout":"default","site-content-style":"default","site-sidebar-style":"default","ast-global-header-display":"","ast-banner-title-visibility":"","ast-main-header-display":"","ast-hfb-above-header-display":"","ast-hfb-below-header-display":"","ast-hfb-mobile-header-display":"","site-post-title":"","ast-breadcrumbs-content":"","ast-featured-img":"","footer-sml-layout":"","theme-transparent-header-meta":"default","adv-header-id-meta":"","stick-header-meta":"","header-above-stick-meta":"","header-main-stick-meta":"","header-below-stick-meta":"","astra-migrate-meta-layouts":"set","ast-page-background-enabled":"default","ast-page-background-meta":{"desktop":{"background-color":"","background-image":"","background-repeat":"repeat","background-position":"center center","background-size":"auto","background-attachment":"scroll","background-type":"","background-media":"","overlay-type":"","overlay-color":"","overlay-opacity":"","overlay-gradient":""},"tablet":{"background-color":"","background-image":"","background-repeat":"repeat","background-position":"center center","background-size":"auto","background-attachment":"scroll","background-type":"","background-media":"","overlay-type":"","overlay-color":"","overlay-opacity":"","overlay-gradient":""},"mobile":{"background-color":"","background-image":"","background-repeat":"repeat","background-position":"center center","background-size":"auto","background-attachment":"scroll","background-type":"","background-media":"","overlay-type":"","overlay-color":"","overlay-opacity":"","overlay-gradient":""}},"ast-content-background-meta":{"desktop":{"background-color":"var(--ast-global-color-5)","background-image":"","background-repeat":"repeat","background-position":"center center","background-size":"auto","background-attachment":"scroll","background-type":"","background-media":"","overlay-type":"","overlay-color":"","overlay-opacity":"","overlay-gradient":""},"tablet":{"background-color":"var(--ast-global-color-5)","background-image":"","background-repeat":"repeat","background-position":"center center","background-size":"auto","background-attachment":"scroll","background-type":"","background-media":"","overlay-type":"","overlay-color":"","overlay-opacity":"","overlay-gradient":""},"mobile":{"background-color":"var(--ast-global-color-5)","background-image":"","background-repeat":"repeat","background-position":"center center","background-size":"auto","background-attachment":"scroll","background-type":"","background-media":"","overlay-type":"","overlay-color":"","overlay-opacity":"","overlay-gradient":""}}},"product_brand":[],"product_cat":[198],"product_tag":[],"class_list":{"0":"post-13206","1":"product","2":"type-product","3":"status-publish","4":"has-post-thumbnail","6":"product_cat-turkey","7":"desktop-align-left","8":"tablet-align-left","9":"mobile-align-left","11":"first","12":"instock","13":"sale","14":"shipping-taxable","15":"purchasable","16":"product-type-simple","17":"add-to-wishlist-before_image"},"_links":{"self":[{"href":"https:\/\/colligatum.com\/en\/wp-json\/wp\/v2\/product\/13206","targetHints":{"allow":["GET"]}}],"collection":[{"href":"https:\/\/colligatum.com\/en\/wp-json\/wp\/v2\/product"}],"about":[{"href":"https:\/\/colligatum.com\/en\/wp-json\/wp\/v2\/types\/product"}],"version-history":[{"count":1,"href":"https:\/\/colligatum.com\/en\/wp-json\/wp\/v2\/product\/13206\/revisions"}],"predecessor-version":[{"id":13207,"href":"https:\/\/colligatum.com\/en\/wp-json\/wp\/v2\/product\/13206\/revisions\/13207"}],"wp:featuredmedia":[{"embeddable":true,"href":"https:\/\/colligatum.com\/en\/wp-json\/wp\/v2\/media\/13153"}],"wp:attachment":[{"href":"https:\/\/colligatum.com\/en\/wp-json\/wp\/v2\/media?parent=13206"}],"wp:term":[{"taxonomy":"product_brand","embeddable":true,"href":"https:\/\/colligatum.com\/en\/wp-json\/wp\/v2\/product_brand?post=13206"},{"taxonomy":"product_cat","embeddable":true,"href":"https:\/\/colligatum.com\/en\/wp-json\/wp\/v2\/product_cat?post=13206"},{"taxonomy":"product_tag","embeddable":true,"href":"https:\/\/colligatum.com\/en\/wp-json\/wp\/v2\/product_tag?post=13206"}],"curies":[{"name":"wp","href":"https:\/\/api.w.org\/{rel}","templated":true}]}}