{"id":13245,"date":"2025-07-12T05:50:46","date_gmt":"2025-07-12T03:50:46","guid":{"rendered":"https:\/\/colligatum.com\/?post_type=product&#038;p=13245"},"modified":"2025-07-12T05:50:47","modified_gmt":"2025-07-12T03:50:47","slug":"turkiye-emekli-subaylar-dernegi-tesud-filtreli","status":"publish","type":"product","link":"https:\/\/colligatum.com\/en\/product\/turkiye-emekli-subaylar-dernegi-tesud-filtreli\/","title":{"rendered":"T\u00fcrkiye Emekli Subaylar Derne\u011fi (TESUD) filters"},"content":{"rendered":"<p data-start=\"239\" data-end=\"293\"><strong data-start=\"239\" data-end=\"253\">pra\u0161ymas:<\/strong><br data-start=\"253\" data-end=\"256\" \/><span class=\"relative -mx-px my-[-0.2rem] rounded px-px py-[0.2rem] transition-colors duration-100 ease-in-out\">Apa\u010dioje para\u0161yta \u201eFiat\u0131 110 TL\u201c \u2013 tai aukcionuose jau aptiktas modelis, parduotas su \u201eGokce Muzayede\u201c (Turkija) internetin\u0117je aukcijoje kaip pilnas, neatidarytas pakelis, minint, kad leidimas \u2013 1984 m. (\u201eKurulus Yili\u201c)<\/span><\/p>\n<hr data-start=\"295\" data-end=\"298\" \/>\n<p data-start=\"300\" data-end=\"323\"><strong data-start=\"300\" data-end=\"323\">Vert\u0117s \u012fvertinimas:<\/strong><\/p>\n<p data-start=\"325\" data-end=\"543\"><strong data-start=\"325\" data-end=\"345\">Kolekcin\u0117 vert\u0117:<\/strong> <strong data-start=\"346\" data-end=\"366\">Vidutin\u0117\u2013auk\u0161ta.<\/strong> \u0160is pakelis \u2013 teminis leidimas, skirtas karin\u0117s organizacijos jubiliejui. Reti paketai \u0161iam dernegui tampa nostalgi\u0161kais ir turi kelis analogus Turkijos kolekcionavimo rinkose.<\/p>\n<p data-start=\"545\" data-end=\"704\"><strong data-start=\"545\" data-end=\"567\">B\u016bkl\u0117s vertinimas:<\/strong> <strong data-start=\"568\" data-end=\"588\">Gera\u2013labai gera.<\/strong> Celofanas su\u017ealotas vir\u0161uje, bet pakelis vientisas, be dideli\u0173 pa\u017eeidim\u0173. Kaina ant celofano originali, autenti\u0161ka.<\/p>\n","protected":false},"excerpt":{"rendered":"<p data-start=\"2\" data-end=\"89\"><strong data-start=\"2\" data-end=\"36\">Brand and name:<\/strong> <strong data-start=\"37\" data-end=\"89\">T\u00fcrkiye Emekli Subaylar Derne\u011fi (TESUD) filters<\/strong><\/p>\n<p data-start=\"91\" data-end=\"118\"><strong data-start=\"91\" data-end=\"101\">Size:<\/strong> <strong data-start=\"102\" data-end=\"118\">20 cigarettes<\/strong><\/p>\n<p data-start=\"120\" data-end=\"150\"><strong data-start=\"120\" data-end=\"138\">Country of manufacture:<\/strong> <strong data-start=\"139\" data-end=\"150\">Turkey<\/strong><\/p>\n<p data-start=\"152\" data-end=\"193\"><strong data-start=\"152\" data-end=\"176\">Production period:<\/strong> <strong data-start=\"177\" data-end=\"193\">Around 1984.<\/strong><\/p>\n<p data-start=\"195\" data-end=\"232\"><strong data-start=\"195\" data-end=\"213\">Package type:<\/strong> <strong data-start=\"214\" data-end=\"232\">Soft pack<\/strong><\/p>","protected":false},"featured_media":13191,"template":"","meta":{"_surecart_dashboard_logo_width":"180px","_surecart_dashboard_show_logo":true,"_surecart_dashboard_navigation_orders":true,"_surecart_dashboard_navigation_invoices":true,"_surecart_dashboard_navigation_subscriptions":true,"_surecart_dashboard_navigation_downloads":true,"_surecart_dashboard_navigation_billing":true,"_surecart_dashboard_navigation_account":true,"site-sidebar-layout":"default","site-content-layout":"","ast-site-content-layout":"default","site-content-style":"default","site-sidebar-style":"default","ast-global-header-display":"","ast-banner-title-visibility":"","ast-main-header-display":"","ast-hfb-above-header-display":"","ast-hfb-below-header-display":"","ast-hfb-mobile-header-display":"","site-post-title":"","ast-breadcrumbs-content":"","ast-featured-img":"","footer-sml-layout":"","theme-transparent-header-meta":"default","adv-header-id-meta":"","stick-header-meta":"","header-above-stick-meta":"","header-main-stick-meta":"","header-below-stick-meta":"","astra-migrate-meta-layouts":"set","ast-page-background-enabled":"default","ast-page-background-meta":{"desktop":{"background-color":"","background-image":"","background-repeat":"repeat","background-position":"center center","background-size":"auto","background-attachment":"scroll","background-type":"","background-media":"","overlay-type":"","overlay-color":"","overlay-opacity":"","overlay-gradient":""},"tablet":{"background-color":"","background-image":"","background-repeat":"repeat","background-position":"center center","background-size":"auto","background-attachment":"scroll","background-type":"","background-media":"","overlay-type":"","overlay-color":"","overlay-opacity":"","overlay-gradient":""},"mobile":{"background-color":"","background-image":"","background-repeat":"repeat","background-position":"center center","background-size":"auto","background-attachment":"scroll","background-type":"","background-media":"","overlay-type":"","overlay-color":"","overlay-opacity":"","overlay-gradient":""}},"ast-content-background-meta":{"desktop":{"background-color":"var(--ast-global-color-5)","background-image":"","background-repeat":"repeat","background-position":"center center","background-size":"auto","background-attachment":"scroll","background-type":"","background-media":"","overlay-type":"","overlay-color":"","overlay-opacity":"","overlay-gradient":""},"tablet":{"background-color":"var(--ast-global-color-5)","background-image":"","background-repeat":"repeat","background-position":"center center","background-size":"auto","background-attachment":"scroll","background-type":"","background-media":"","overlay-type":"","overlay-color":"","overlay-opacity":"","overlay-gradient":""},"mobile":{"background-color":"var(--ast-global-color-5)","background-image":"","background-repeat":"repeat","background-position":"center center","background-size":"auto","background-attachment":"scroll","background-type":"","background-media":"","overlay-type":"","overlay-color":"","overlay-opacity":"","overlay-gradient":""}}},"product_brand":[],"product_cat":[198],"product_tag":[],"class_list":{"0":"post-13245","1":"product","2":"type-product","3":"status-publish","4":"has-post-thumbnail","6":"product_cat-turkey","7":"desktop-align-left","8":"tablet-align-left","9":"mobile-align-left","11":"first","12":"instock","13":"sale","14":"shipping-taxable","15":"purchasable","16":"product-type-simple","17":"add-to-wishlist-before_image"},"_links":{"self":[{"href":"https:\/\/colligatum.com\/en\/wp-json\/wp\/v2\/product\/13245","targetHints":{"allow":["GET"]}}],"collection":[{"href":"https:\/\/colligatum.com\/en\/wp-json\/wp\/v2\/product"}],"about":[{"href":"https:\/\/colligatum.com\/en\/wp-json\/wp\/v2\/types\/product"}],"version-history":[{"count":1,"href":"https:\/\/colligatum.com\/en\/wp-json\/wp\/v2\/product\/13245\/revisions"}],"predecessor-version":[{"id":13246,"href":"https:\/\/colligatum.com\/en\/wp-json\/wp\/v2\/product\/13245\/revisions\/13246"}],"wp:featuredmedia":[{"embeddable":true,"href":"https:\/\/colligatum.com\/en\/wp-json\/wp\/v2\/media\/13191"}],"wp:attachment":[{"href":"https:\/\/colligatum.com\/en\/wp-json\/wp\/v2\/media?parent=13245"}],"wp:term":[{"taxonomy":"product_brand","embeddable":true,"href":"https:\/\/colligatum.com\/en\/wp-json\/wp\/v2\/product_brand?post=13245"},{"taxonomy":"product_cat","embeddable":true,"href":"https:\/\/colligatum.com\/en\/wp-json\/wp\/v2\/product_cat?post=13245"},{"taxonomy":"product_tag","embeddable":true,"href":"https:\/\/colligatum.com\/en\/wp-json\/wp\/v2\/product_tag?post=13245"}],"curies":[{"name":"wp","href":"https:\/\/api.w.org\/{rel}","templated":true}]}}