{"id":13249,"date":"2025-07-12T05:53:36","date_gmt":"2025-07-12T03:53:36","guid":{"rendered":"https:\/\/colligatum.com\/?post_type=product&#038;p=13249"},"modified":"2025-07-12T05:53:37","modified_gmt":"2025-07-12T03:53:37","slug":"lark-slims","status":"publish","type":"product","link":"https:\/\/colligatum.com\/en\/product\/lark-slims\/","title":{"rendered":"Lark Slims"},"content":{"rendered":"<p data-start=\"201\" data-end=\"255\"><strong data-start=\"201\" data-end=\"215\">Apra\u0161ymas:<\/strong><br data-start=\"215\" data-end=\"218\" \/><span class=\"relative -mx-px my-[-0.2rem] rounded px-px py-[0.2rem] transition-colors duration-100 ease-in-out\">Pagaminta Turkijoje \u2013 regioninis leidimas, ta\u010diau n\u0117ra riboto leidimo ar \u201eDuty\u2011Free\u201c varianto. D\u0117l standartin\u0117s Lark gamybos ir masin\u0117s apyvartos kolekcininkams tai n\u0117ra skiriamas objektas.<\/span><\/p>\n<hr data-start=\"257\" data-end=\"260\" \/>\n<p data-start=\"262\" data-end=\"285\"><strong data-start=\"262\" data-end=\"285\">Vert\u0117s \u012fvertinimas:<\/strong><\/p>\n<p data-start=\"287\" data-end=\"366\"><strong data-start=\"287\" data-end=\"307\">Kolekcin\u0117 vert\u0117:<\/strong> <strong data-start=\"308\" data-end=\"326\">\u017dema\u2013vidutin\u0117.<\/strong><br data-start=\"326\" data-end=\"329\" \/><span class=\"relative -mx-px my-[-0.2rem] rounded px-px py-[0.2rem] transition-colors duration-100 ease-in-out\">Lark pakeliai Turkijoje yra gana da\u017eni ir turi standartin\u0119 vert\u0119 apie 6.50\u202fTRY (~3.24\u202f\u20ac) pagal rinkos vertinim\u0105 i\u0161 \u201eTPackSS\u201c tyrim\u0173 2013 m.<\/span><\/p>\n<p data-start=\"368\" data-end=\"474\"><strong data-start=\"368\" data-end=\"390\">B\u016bkl\u0117s vertinimas:<\/strong> <strong data-start=\"391\" data-end=\"422\">Neatidarytas, geros b\u016bkl\u0117s.<\/strong> Celofanas nei\u0161p\u016bstas, kampai tvarkingi, n\u0117ra peni\u0173.<\/p>\n<p data-start=\"476\" data-end=\"635\"><strong data-start=\"476\" data-end=\"516\">Istoriniai duomenys ir populiarumas:<\/strong><br data-start=\"516\" data-end=\"519\" \/><span class=\"\" data-state=\"closed\"><span class=\"ms-1 inline-flex max-w-full items-center relative top-[-0.094rem] animate-[show_150ms_ease-in]\"><a class=\"flex h-4.5 overflow-hidden rounded-xl px-2 text-[9px] font-medium text-token-text-secondary! bg-[#F4F4F4]! dark:bg-[#303030]! transition-colors duration-150 ease-in-out\" href=\"https:\/\/tpackss.globaltobaccocontrol.org\/pack-search\/pack\/9110\/lark-turkey-w1-01?utm_source=chatgpt.com\" target=\"_blank\" rel=\"noopener\"><span class=\"relative start-0 bottom-0 flex h-full w-full items-center\"><span class=\"flex h-4 w-full items-center justify-between\"><span class=\"max-w-full grow truncate overflow-hidden text-center\">TPackSS<\/span><span class=\"-me-1 flex h-full items-center rounded-full px-1 text-[#8F8F8F]\">+1<\/span><\/span><span class=\"flex h-4 w-full items-center justify-between absolute\"><span class=\"max-w-full grow truncate overflow-hidden text-center\">TPackSS<\/span><span class=\"-me-1 flex h-full items-center rounded-full px-1 text-[#8F8F8F]\">+1<\/span><\/span><\/span><\/a><\/span><\/span> <span class=\"relative -mx-px my-[-0.2rem] rounded px-px py-[0.2rem] transition-colors duration-100 ease-in-out\">\u0160is konkretus \u201eSlims\u201c formatas neatskirtas nuo analog\u0173, ta\u010diau sveikatos \u012fsp\u0117jimas rodo standardin\u0119 fabrikacij\u0105 tuo laikotarpiu.<\/span>.<br data-start=\"595\" data-end=\"598\" \/><span class=\"relative -mx-px my-[-0.2rem] rounded px-px py-[0.2rem] transition-colors duration-100 ease-in-out\"><strong data-start=\"0\" data-end=\"41\" data-is-only-node=\"\">Registruot\u0173 identi\u0161k\u0173 sandori\u0173 \u2013 n\u0117ra<\/strong>, tik informacija i\u0161 surinkimo duomen\u0173.<\/span><\/p>\n","protected":false},"excerpt":{"rendered":"<p data-start=\"2\" data-end=\"51\"><strong data-start=\"2\" data-end=\"36\">Brand and name:<\/strong> <strong data-start=\"37\" data-end=\"51\">Lark Slims<\/strong><\/p>\n<p data-start=\"53\" data-end=\"80\"><strong data-start=\"53\" data-end=\"63\">Size:<\/strong> <strong data-start=\"64\" data-end=\"80\">20 cigarettes<\/strong><\/p>\n<p data-start=\"82\" data-end=\"112\"><strong data-start=\"82\" data-end=\"100\">Country of manufacture:<\/strong> <strong data-start=\"101\" data-end=\"112\">Turkey<\/strong><\/p>\n<p data-start=\"114\" data-end=\"155\"><strong data-start=\"114\" data-end=\"138\">Production period:<\/strong> <strong data-start=\"139\" data-end=\"155\">Around 2013.<\/strong><\/p>\n<p data-start=\"157\" data-end=\"194\"><strong data-start=\"157\" data-end=\"175\">Package type:<\/strong> <strong data-start=\"176\" data-end=\"194\">Hard pack<\/strong><\/p>","protected":false},"featured_media":13195,"template":"","meta":{"_surecart_dashboard_logo_width":"180px","_surecart_dashboard_show_logo":true,"_surecart_dashboard_navigation_orders":true,"_surecart_dashboard_navigation_invoices":true,"_surecart_dashboard_navigation_subscriptions":true,"_surecart_dashboard_navigation_downloads":true,"_surecart_dashboard_navigation_billing":true,"_surecart_dashboard_navigation_account":true,"site-sidebar-layout":"default","site-content-layout":"","ast-site-content-layout":"default","site-content-style":"default","site-sidebar-style":"default","ast-global-header-display":"","ast-banner-title-visibility":"","ast-main-header-display":"","ast-hfb-above-header-display":"","ast-hfb-below-header-display":"","ast-hfb-mobile-header-display":"","site-post-title":"","ast-breadcrumbs-content":"","ast-featured-img":"","footer-sml-layout":"","theme-transparent-header-meta":"default","adv-header-id-meta":"","stick-header-meta":"","header-above-stick-meta":"","header-main-stick-meta":"","header-below-stick-meta":"","astra-migrate-meta-layouts":"set","ast-page-background-enabled":"default","ast-page-background-meta":{"desktop":{"background-color":"","background-image":"","background-repeat":"repeat","background-position":"center center","background-size":"auto","background-attachment":"scroll","background-type":"","background-media":"","overlay-type":"","overlay-color":"","overlay-opacity":"","overlay-gradient":""},"tablet":{"background-color":"","background-image":"","background-repeat":"repeat","background-position":"center center","background-size":"auto","background-attachment":"scroll","background-type":"","background-media":"","overlay-type":"","overlay-color":"","overlay-opacity":"","overlay-gradient":""},"mobile":{"background-color":"","background-image":"","background-repeat":"repeat","background-position":"center center","background-size":"auto","background-attachment":"scroll","background-type":"","background-media":"","overlay-type":"","overlay-color":"","overlay-opacity":"","overlay-gradient":""}},"ast-content-background-meta":{"desktop":{"background-color":"var(--ast-global-color-5)","background-image":"","background-repeat":"repeat","background-position":"center center","background-size":"auto","background-attachment":"scroll","background-type":"","background-media":"","overlay-type":"","overlay-color":"","overlay-opacity":"","overlay-gradient":""},"tablet":{"background-color":"var(--ast-global-color-5)","background-image":"","background-repeat":"repeat","background-position":"center center","background-size":"auto","background-attachment":"scroll","background-type":"","background-media":"","overlay-type":"","overlay-color":"","overlay-opacity":"","overlay-gradient":""},"mobile":{"background-color":"var(--ast-global-color-5)","background-image":"","background-repeat":"repeat","background-position":"center center","background-size":"auto","background-attachment":"scroll","background-type":"","background-media":"","overlay-type":"","overlay-color":"","overlay-opacity":"","overlay-gradient":""}}},"product_brand":[],"product_cat":[198],"product_tag":[],"class_list":{"0":"post-13249","1":"product","2":"type-product","3":"status-publish","4":"has-post-thumbnail","6":"product_cat-turkey","7":"desktop-align-left","8":"tablet-align-left","9":"mobile-align-left","11":"first","12":"instock","13":"sale","14":"shipping-taxable","15":"purchasable","16":"product-type-simple","17":"add-to-wishlist-before_image"},"_links":{"self":[{"href":"https:\/\/colligatum.com\/en\/wp-json\/wp\/v2\/product\/13249","targetHints":{"allow":["GET"]}}],"collection":[{"href":"https:\/\/colligatum.com\/en\/wp-json\/wp\/v2\/product"}],"about":[{"href":"https:\/\/colligatum.com\/en\/wp-json\/wp\/v2\/types\/product"}],"version-history":[{"count":1,"href":"https:\/\/colligatum.com\/en\/wp-json\/wp\/v2\/product\/13249\/revisions"}],"predecessor-version":[{"id":13250,"href":"https:\/\/colligatum.com\/en\/wp-json\/wp\/v2\/product\/13249\/revisions\/13250"}],"wp:featuredmedia":[{"embeddable":true,"href":"https:\/\/colligatum.com\/en\/wp-json\/wp\/v2\/media\/13195"}],"wp:attachment":[{"href":"https:\/\/colligatum.com\/en\/wp-json\/wp\/v2\/media?parent=13249"}],"wp:term":[{"taxonomy":"product_brand","embeddable":true,"href":"https:\/\/colligatum.com\/en\/wp-json\/wp\/v2\/product_brand?post=13249"},{"taxonomy":"product_cat","embeddable":true,"href":"https:\/\/colligatum.com\/en\/wp-json\/wp\/v2\/product_cat?post=13249"},{"taxonomy":"product_tag","embeddable":true,"href":"https:\/\/colligatum.com\/en\/wp-json\/wp\/v2\/product_tag?post=13249"}],"curies":[{"name":"wp","href":"https:\/\/api.w.org\/{rel}","templated":true}]}}